{"id":62,"date":"2017-09-16T23:09:28","date_gmt":"2017-09-16T21:09:28","guid":{"rendered":"http:\/\/localhost:8888\/wordpress\/?page_id=62"},"modified":"2025-03-04T10:24:21","modified_gmt":"2025-03-04T09:24:21","slug":"therapies","status":"publish","type":"page","link":"https:\/\/www.pure-motivation.ch\/wordpress\/therapies\/","title":{"rendered":"Th\u00e9rapies"},"content":{"rendered":"\t\t<div data-elementor-type=\"wp-page\" data-elementor-id=\"62\" class=\"elementor elementor-62\">\n\t\t\t\t<div class=\"elementor-element elementor-element-45414f99 e-flex e-con-boxed e-con e-parent\" data-id=\"45414f99\" data-element_type=\"container\">\n\t\t\t\t\t<div class=\"e-con-inner\">\n\t\t\t\t<div class=\"elementor-element elementor-element-a9a3af8 elementor-widget elementor-widget-heading\" data-id=\"a9a3af8\" data-element_type=\"widget\" data-widget_type=\"heading.default\">\n\t\t\t\t<div class=\"elementor-widget-container\">\n\t\t\t<h2 class=\"elementor-heading-title elementor-size-default\">Th\u00e9rapies Naturelles<\/h2>\t\t<\/div>\n\t\t\t\t<\/div>\n\t\t\t\t\t<\/div>\n\t\t\t\t<\/div>\n\t\t<div class=\"elementor-element elementor-element-b7c0046 e-flex e-con-boxed e-con e-parent\" data-id=\"b7c0046\" data-element_type=\"container\">\n\t\t\t\t\t<div class=\"e-con-inner\">\n\t\t\t\t<div class=\"elementor-element elementor-element-62b9988 elementor-widget elementor-widget-text-editor\" data-id=\"62b9988\" data-element_type=\"widget\" data-widget_type=\"text-editor.default\">\n\t\t\t\t<div class=\"elementor-widget-container\">\n\t\t\t\t\t\t\t<p style=\"font-weight: 400;\">Nos exp\u00e9riences de vie difficiles \u2013 d\u00e9pression, burn-out, abus, accidents \u2013 laissent des empreintes profondes dans nos corps et nos esprits. Ces marques, souvent invisibles, s&rsquo;accumulent sous forme de tensions physiques et psychiques.<\/p><p style=\"font-weight: 400;\">Gr\u00e2ce \u00e0 l\u2019<strong>harmonisation<\/strong>\u00a0et \u00e0 la\u00a0<strong>revitalisation du corps \u00e9nerg\u00e9tique<\/strong>, ces th\u00e9rapies visent \u00e0 lib\u00e9rer les blocages, \u00e0 activer les capacit\u00e9s naturelles d\u2019auto-gu\u00e9rison et \u00e0 offrir une v\u00e9ritable sensation de bien-\u00eatre. Elles permettent de s\u2019attaquer directement aux causes sous-jacentes des d\u00e9s\u00e9quilibres, cr\u00e9ant ainsi un espace propice \u00e0 une gu\u00e9rison profonde et durable.<\/p><h3 style=\"font-weight: 400;\"><span style=\"color: #6ec1e4;\"><strong>Quels b\u00e9n\u00e9fices pouvez-vous attendre ?<\/strong><\/span><\/h3><p style=\"font-weight: 400;\">Ces pratiques peuvent aider \u00e0 soulager :<\/p><ul style=\"font-weight: 400;\"><li>Les\u00a0<strong>douleurs chroniques<\/strong><\/li><li>Les\u00a0<strong>\u00e9tats d\u00e9pressifs<\/strong><\/li><li>Le\u00a0<strong>stress<\/strong>\u00a0et les\u00a0<strong>peurs<\/strong><\/li><li>La\u00a0<strong>fatigue<\/strong>\u00a0et l\u2019<strong>hyperactivit\u00e9<\/strong><\/li><li>Les\u00a0<strong>difficult\u00e9s relationnelles<\/strong><\/li><li>Les troubles li\u00e9s \u00e0 la\u00a0<strong>libido<\/strong><\/li><li>Et d&rsquo;autres\u00a0<strong>traumatismes<\/strong>\u00a0physiques ou \u00e9motionnels<\/li><\/ul><p style=\"font-weight: 400;\">En vous lib\u00e9rant de vos peurs et de vos blocages, vous d\u00e9couvrirez votre capacit\u00e9 \u00e0 transformer votre vie et \u00e0 r\u00e9aliser vos aspirations. Mon objectif est de vous accompagner dans cette\u00a0<strong>transformation int\u00e9rieure<\/strong>, pour que vous puissiez atteindre votre plein potentiel et devenir la meilleure version de vous-m\u00eame.<\/p><h3 style=\"font-weight: 400;\"><span style=\"color: #6ec1e4;\"><strong>Une approche enrichie par 12 ann\u00e9es en Asie<\/strong><\/span><\/h3><p style=\"font-weight: 400;\">Mon parcours a \u00e9t\u00e9 profond\u00e9ment influenc\u00e9 par les 12 ann\u00e9es que j\u2019ai pass\u00e9es en Asie, o\u00f9 j\u2019ai eu la chance de rencontrer des th\u00e9rapeutes et des praticiens de traditions vari\u00e9es :<\/p><ul style=\"font-weight: 400;\"><li>Les\u00a0<strong>Amchis<\/strong>\u00a0dans l\u2019Himalaya<\/li><li>Les <strong>M\u00e9decins Ayurv\u00e9diques<\/strong>\u00a0en Inde<\/li><li>Les <strong>M\u00e9decins Traditionnels Chinois<\/strong>\u00a0\u00e0 Hong Kong et Singapour<\/li><li>Les\u00a0<strong>Faith healers<\/strong> Philippins<\/li><\/ul><p style=\"font-weight: 400;\">Ces rencontres ont transform\u00e9 ma vision de la th\u00e9rapie, m\u2019amenant \u00e0 consid\u00e9rer chaque personne dans sa globalit\u00e9 \u2013 corps, esprit et \u00e9nergie. C&rsquo;est ce qui m&rsquo;a amen\u00e9 \u00e0 faire ces diverses formations pour contribuer humblement au bien-\u00eatre des autres.<\/p><p style=\"font-weight: 400;\">\u00c0 travers ces th\u00e9rapies naturelles, mon souhait est de vous accompagner vers un \u00e9tat d\u2019<strong>\u00e9quilibre<\/strong>\u00a0et de\u00a0<strong>stabilit\u00e9<\/strong>, tant physique que mental. Ensemble, nous cr\u00e9erons un chemin vers une vie plus align\u00e9e, plus sereine et plus \u00e9panouissante.<\/p>\t\t\t\t\t\t<\/div>\n\t\t\t\t<\/div>\n\t\t\t\t\t<\/div>\n\t\t\t\t<\/div>\n\t\t<div class=\"elementor-element elementor-element-62c0859 e-grid e-con-full e-con e-parent\" data-id=\"62c0859\" data-element_type=\"container\">\n\t\t\t\t<div class=\"elementor-element elementor-element-3031bfe elementor-widget elementor-widget-image\" data-id=\"3031bfe\" data-element_type=\"widget\" data-widget_type=\"image.default\">\n\t\t\t\t<div class=\"elementor-widget-container\">\n\t\t\t\t\t\t\t\t\t\t\t\t\t\t<a href=\"https:\/\/www.pure-motivation.ch\/wordpress\/energetique-traditionnelle-chinoise\/\">\n\t\t\t\t\t\t\t<img fetchpriority=\"high\" decoding=\"async\" width=\"505\" height=\"337\" src=\"https:\/\/www.pure-motivation.ch\/wordpress\/wp-content\/uploads\/2024\/12\/Energetique-traditionnelle-chinoise.png\" class=\"elementor-animation-grow attachment-large size-large wp-image-2255\" alt=\"\" srcset=\"https:\/\/www.pure-motivation.ch\/wordpress\/wp-content\/uploads\/2024\/12\/Energetique-traditionnelle-chinoise.png 505w, https:\/\/www.pure-motivation.ch\/wordpress\/wp-content\/uploads\/2024\/12\/Energetique-traditionnelle-chinoise-300x200.png 300w, https:\/\/www.pure-motivation.ch\/wordpress\/wp-content\/uploads\/2024\/12\/Energetique-traditionnelle-chinoise-476x318.png 476w\" sizes=\"(max-width: 505px) 100vw, 505px\" \/>\t\t\t\t\t\t\t\t<\/a>\n\t\t\t\t\t\t\t\t\t\t\t\t\t<\/div>\n\t\t\t\t<\/div>\n\t\t\t\t<div class=\"elementor-element elementor-element-5d4516a elementor-widget elementor-widget-image\" data-id=\"5d4516a\" data-element_type=\"widget\" data-widget_type=\"image.default\">\n\t\t\t\t<div class=\"elementor-widget-container\">\n\t\t\t\t\t\t\t\t\t\t\t\t\t\t<a href=\"https:\/\/www.pure-motivation.ch\/wordpress\/resolution-des-traumatismes\/\">\n\t\t\t\t\t\t\t<img decoding=\"async\" width=\"500\" height=\"333\" src=\"https:\/\/www.pure-motivation.ch\/wordpress\/wp-content\/uploads\/2024\/12\/Resolution-des-traumas.png\" class=\"elementor-animation-grow attachment-large size-large wp-image-2257\" alt=\"\" srcset=\"https:\/\/www.pure-motivation.ch\/wordpress\/wp-content\/uploads\/2024\/12\/Resolution-des-traumas.png 500w, https:\/\/www.pure-motivation.ch\/wordpress\/wp-content\/uploads\/2024\/12\/Resolution-des-traumas-300x200.png 300w, https:\/\/www.pure-motivation.ch\/wordpress\/wp-content\/uploads\/2024\/12\/Resolution-des-traumas-476x317.png 476w\" sizes=\"(max-width: 500px) 100vw, 500px\" \/>\t\t\t\t\t\t\t\t<\/a>\n\t\t\t\t\t\t\t\t\t\t\t\t\t<\/div>\n\t\t\t\t<\/div>\n\t\t\t\t<div class=\"elementor-element elementor-element-33dccb9 elementor-widget elementor-widget-image\" data-id=\"33dccb9\" data-element_type=\"widget\" data-widget_type=\"image.default\">\n\t\t\t\t<div class=\"elementor-widget-container\">\n\t\t\t\t\t\t\t\t\t\t\t\t\t\t<a href=\"https:\/\/www.pure-motivation.ch\/wordpress\/le-shiatsu-assis\/\">\n\t\t\t\t\t\t\t<img decoding=\"async\" width=\"507\" height=\"335\" src=\"https:\/\/www.pure-motivation.ch\/wordpress\/wp-content\/uploads\/2024\/12\/Shiatsu.png\" class=\"elementor-animation-grow attachment-large size-large wp-image-2258\" alt=\"\" srcset=\"https:\/\/www.pure-motivation.ch\/wordpress\/wp-content\/uploads\/2024\/12\/Shiatsu.png 507w, https:\/\/www.pure-motivation.ch\/wordpress\/wp-content\/uploads\/2024\/12\/Shiatsu-300x198.png 300w, https:\/\/www.pure-motivation.ch\/wordpress\/wp-content\/uploads\/2024\/12\/Shiatsu-476x315.png 476w\" sizes=\"(max-width: 507px) 100vw, 507px\" \/>\t\t\t\t\t\t\t\t<\/a>\n\t\t\t\t\t\t\t\t\t\t\t\t\t<\/div>\n\t\t\t\t<\/div>\n\t\t\t\t<div class=\"elementor-element elementor-element-f3fd5b9 elementor-widget elementor-widget-image\" data-id=\"f3fd5b9\" data-element_type=\"widget\" data-widget_type=\"image.default\">\n\t\t\t\t<div class=\"elementor-widget-container\">\n\t\t\t\t\t\t\t\t\t\t\t\t\t\t<a href=\"https:\/\/www.pure-motivation.ch\/wordpress\/massage-suedois\/\">\n\t\t\t\t\t\t\t<img loading=\"lazy\" decoding=\"async\" width=\"501\" height=\"338\" src=\"https:\/\/www.pure-motivation.ch\/wordpress\/wp-content\/uploads\/2024\/12\/massage-suedois.png\" class=\"elementor-animation-grow attachment-large size-large wp-image-2256\" alt=\"\" srcset=\"https:\/\/www.pure-motivation.ch\/wordpress\/wp-content\/uploads\/2024\/12\/massage-suedois.png 501w, https:\/\/www.pure-motivation.ch\/wordpress\/wp-content\/uploads\/2024\/12\/massage-suedois-300x202.png 300w, https:\/\/www.pure-motivation.ch\/wordpress\/wp-content\/uploads\/2024\/12\/massage-suedois-476x321.png 476w\" sizes=\"(max-width: 501px) 100vw, 501px\" \/>\t\t\t\t\t\t\t\t<\/a>\n\t\t\t\t\t\t\t\t\t\t\t\t\t<\/div>\n\t\t\t\t<\/div>\n\t\t\t\t<\/div>\n\t\t\t\t<\/div>\n\t\t","protected":false},"excerpt":{"rendered":"<p>Th\u00e9rapies Naturelles Nos exp\u00e9riences de vie difficiles \u2013 d\u00e9pression, burn-out, abus, accidents \u2013 laissent des empreintes profondes dans nos corps et nos esprits. Ces marques, souvent invisibles, s&rsquo;accumulent sous forme de tensions physiques et psychiques. Gr\u00e2ce \u00e0 l\u2019harmonisation\u00a0et \u00e0 la\u00a0revitalisation du corps \u00e9nerg\u00e9tique, ces th\u00e9rapies visent \u00e0 lib\u00e9rer les blocages, \u2026<\/p>\n","protected":false},"author":1,"featured_media":2026,"parent":0,"menu_order":0,"comment_status":"closed","ping_status":"closed","template":"","meta":{"footnotes":""},"class_list":["post-62","page","type-page","status-publish","has-post-thumbnail","hentry"],"_links":{"self":[{"href":"https:\/\/www.pure-motivation.ch\/wordpress\/wp-json\/wp\/v2\/pages\/62","targetHints":{"allow":["GET"]}}],"collection":[{"href":"https:\/\/www.pure-motivation.ch\/wordpress\/wp-json\/wp\/v2\/pages"}],"about":[{"href":"https:\/\/www.pure-motivation.ch\/wordpress\/wp-json\/wp\/v2\/types\/page"}],"author":[{"embeddable":true,"href":"https:\/\/www.pure-motivation.ch\/wordpress\/wp-json\/wp\/v2\/users\/1"}],"replies":[{"embeddable":true,"href":"https:\/\/www.pure-motivation.ch\/wordpress\/wp-json\/wp\/v2\/comments?post=62"}],"version-history":[{"count":38,"href":"https:\/\/www.pure-motivation.ch\/wordpress\/wp-json\/wp\/v2\/pages\/62\/revisions"}],"predecessor-version":[{"id":3871,"href":"https:\/\/www.pure-motivation.ch\/wordpress\/wp-json\/wp\/v2\/pages\/62\/revisions\/3871"}],"wp:featuredmedia":[{"embeddable":true,"href":"https:\/\/www.pure-motivation.ch\/wordpress\/wp-json\/wp\/v2\/media\/2026"}],"wp:attachment":[{"href":"https:\/\/www.pure-motivation.ch\/wordpress\/wp-json\/wp\/v2\/media?parent=62"}],"curies":[{"name":"wp","href":"https:\/\/api.w.org\/{rel}","templated":true}]}}