{"id":4389,"date":"2026-04-20T18:54:32","date_gmt":"2026-04-20T16:54:32","guid":{"rendered":"https:\/\/www.pure-motivation.ch\/wordpress\/?page_id=4389"},"modified":"2026-04-20T18:55:06","modified_gmt":"2026-04-20T16:55:06","slug":"retraite-de-yoga","status":"publish","type":"page","link":"https:\/\/www.pure-motivation.ch\/wordpress\/retraite-de-yoga\/","title":{"rendered":"Retraite de Yoga"},"content":{"rendered":"\t\t<div data-elementor-type=\"wp-page\" data-elementor-id=\"4389\" class=\"elementor elementor-4389\">\n\t\t\t\t<div class=\"elementor-element elementor-element-48515cb e-flex e-con-boxed e-con e-parent\" data-id=\"48515cb\" data-element_type=\"container\">\n\t\t\t\t\t<div class=\"e-con-inner\">\n\t\t\t\t<div class=\"elementor-element elementor-element-ac3367d elementor-widget elementor-widget-heading\" data-id=\"ac3367d\" data-element_type=\"widget\" data-widget_type=\"heading.default\">\n\t\t\t\t<div class=\"elementor-widget-container\">\n\t\t\t<h2 class=\"elementor-heading-title elementor-size-default\">Retraite Yoga, respiration et introspection<\/h2>\t\t<\/div>\n\t\t\t\t<\/div>\n\t\t\t\t\t<\/div>\n\t\t\t\t<\/div>\n\t\t<div class=\"elementor-element elementor-element-0066d5c e-flex e-con-boxed e-con e-parent\" data-id=\"0066d5c\" data-element_type=\"container\">\n\t\t\t\t\t<div class=\"e-con-inner\">\n\t\t\t\t<div class=\"elementor-element elementor-element-d2a6a4d elementor-widget elementor-widget-text-editor\" data-id=\"d2a6a4d\" data-element_type=\"widget\" data-widget_type=\"text-editor.default\">\n\t\t\t\t<div class=\"elementor-widget-container\">\n\t\t\t\t\t\t\t<div class=\"elementor-element elementor-element-5bcaa649 e-flex e-con-boxed e-con e-parent e-lazyloaded\" data-id=\"5bcaa649\" data-element_type=\"container\"><div class=\"e-con-inner\"><div class=\"elementor-element elementor-element-1671fb53 elementor-widget elementor-widget-text-editor\" data-id=\"1671fb53\" data-element_type=\"widget\" data-widget_type=\"text-editor.default\"><div class=\"elementor-widget-container\"><p><strong>Du 10 au 14 juin 2026<\/strong>, nous vous proposons une <strong>retraite bien-\u00eatre de 5 jours sur la C\u00f4te d\u2019Azur.<\/strong><\/p><\/div><\/div><\/div><\/div><div class=\"elementor-element elementor-element-eb4c59e e-flex e-con-boxed e-con e-parent e-lazyloaded\" data-id=\"eb4c59e\" data-element_type=\"container\"><div class=\"e-con-inner\"><div class=\"elementor-element elementor-element-dc6214c elementor-widget elementor-widget-text-editor\" data-id=\"dc6214c\" data-element_type=\"widget\" data-widget_type=\"text-editor.default\"><div class=\"elementor-widget-container\"><p>Et si vous vous accordiez une vrai parenth\u00e8se pour ralentir, respirer et vous recentrer ?<\/p><p>En partenariat avec <a href=\"http:\/\/www.emyana.com\">Emyana<\/a>, nous sommes heureux de vous proposer une exp\u00e9rience unique en petit groupe (max. 10 personnes) dans une magnifique bastide Proven\u00e7ale de 300m2 avec piscine.<\/p><\/div><\/div><\/div><\/div><div class=\"elementor-element elementor-element-c8b95bd e-flex e-con-boxed e-con e-parent e-lazyloaded\" data-id=\"c8b95bd\" data-element_type=\"container\"><div class=\"e-con-inner\"><div class=\"elementor-element elementor-element-15bc660 elementor-widget elementor-widget-heading\" data-id=\"15bc660\" data-element_type=\"widget\" data-widget_type=\"heading.default\"><div class=\"elementor-widget-container\"><h2 class=\"elementor-heading-title elementor-size-default\">Au programme :<\/h2><\/div><\/div><\/div><\/div><div class=\"elementor-element elementor-element-1d25cab e-flex e-con-boxed e-con e-parent e-lazyloaded\" data-id=\"1d25cab\" data-element_type=\"container\"><div class=\"e-con-inner\"><div class=\"elementor-element elementor-element-493b5b7 elementor-widget elementor-widget-text-editor\" data-id=\"493b5b7\" data-element_type=\"widget\" data-widget_type=\"text-editor.default\"><div class=\"elementor-widget-container\"><ul><li>2 S\u00e9ances de Yoga et Pranayama quotidiennes<\/li><li>M\u00e9ditations sur le th\u00e8me de l\u2019introspection<\/li><li>Balades et d\u00e9couverte des Calanques<\/li><li>Temps de repos et de d\u00e9tente<\/li><li>Massage, Kin\u00e9siologie ou soin \u00e9nerg\u00e9tique en option<\/li><\/ul><p>Cette retraite est pens\u00e9e comme une bulle hors du temps, pour prendre soin de vous, retrouver de l\u2019\u00e9nergie et repartir align\u00e9(e), apais\u00e9(e) et inspir\u00e9(e).<\/p><\/div><\/div><\/div><\/div><div class=\"elementor-element elementor-element-6985bbd e-flex e-con-boxed e-con e-parent e-lazyloaded\" data-id=\"6985bbd\" data-element_type=\"container\"><div class=\"e-con-inner\"><div class=\"elementor-element elementor-element-9f547cb elementor-widget elementor-widget-text-editor\" data-id=\"9f547cb\" data-element_type=\"widget\" data-widget_type=\"text-editor.default\"><div class=\"elementor-widget-container\"><div><h3><span style=\"color: #6ec1e4;\"><strong>Prix :<\/strong><\/span><\/h3><p class=\"cvGsUA direction-ltr align-start para-style-body\"><span class=\"a_GcMg font-feature-liga-off font-feature-clig-off font-feature-calt-off text-decoration-none text-strikethrough-none\">Le prix du stage est de 900.- par personne et comprend :<\/span><\/p><ul><li><span class=\"a_GcMg font-feature-liga-off font-feature-clig-off font-feature-calt-off text-decoration-none text-strikethrough-none\">Cours de Yoga, Pranayama et M\u00e9ditation<\/span><\/li><li><span class=\"a_GcMg font-feature-liga-off font-feature-clig-off font-feature-calt-off text-decoration-none text-strikethrough-none\">4 nuits en chambre double avec draps et serviettes de toilette inclus<\/span><\/li><li><span class=\"a_GcMg font-feature-liga-off font-feature-clig-off font-feature-calt-off text-decoration-none text-strikethrough-none\">Les repas et collations ainsi que th\u00e9, tisane et caf\u00e9 (veuillez nous informer en cas d\u2019intol\u00e9rances, d\u2019allergies ou si vous \u00eates v\u00e9g\u00e9tarien)<\/span><\/li><\/ul><h3 class=\"cvGsUA direction-ltr align-start para-style-body\"><span style=\"color: #6ec1e4;\"><strong><span class=\"a_GcMg font-feature-liga-off font-feature-clig-off font-feature-calt-off text-decoration-none text-strikethrough-none\">Non inclus :<\/span><\/strong><\/span><\/h3><ul><li><span class=\"a_GcMg font-feature-liga-off font-feature-clig-off font-feature-calt-off text-decoration-none text-strikethrough-none\">Tous les d\u00e9placements (du covoiturage peut \u00eatre organis\u00e9 entre participants)<\/span><\/li><li><span class=\"a_GcMg font-feature-liga-off font-feature-clig-off font-feature-calt-off text-decoration-none text-strikethrough-none\">D\u00e9penses personnelles<\/span><\/li><\/ul><h3 class=\"cvGsUA direction-ltr align-start para-style-body\"><span class=\"a_GcMg font-feature-liga-off font-feature-clig-off font-feature-calt-off text-decoration-none text-strikethrough-none\" style=\"color: #6ec1e4;\"><strong>En option :<\/strong><\/span><\/h3><ul><li><span class=\"a_GcMg font-feature-liga-off font-feature-clig-off font-feature-calt-off text-decoration-none text-strikethrough-none\">Pour plus de bien-\u00eatre et de d\u00e9tente, nous proposons \u00e9galement des massages.<\/span><\/li><li><span class=\"a_GcMg font-feature-liga-off font-feature-clig-off font-feature-calt-off text-decoration-none text-strikethrough-none\">Si vous souhaitez aller plus loin dans l\u2019introspection, des s\u00e9ances de kin\u00e9siologie et des soins \u00e9nerg\u00e9tiques seront possibles sur place<\/span><\/li><\/ul><\/div><div><article id=\"post-1820\" class=\"post-1820 post type-post status-publish format-standard has-post-thumbnail hentry category-non-classe\"><div class=\"article-inner\"><div class=\"entry-content\"><p><strong>Renseignements et inscriptions :<\/strong><\/p><p>Laurent : 079 922 24 94<\/p><p>info@pure-motivation.ch<\/p><\/div><\/div><\/article><\/div><\/div><\/div><\/div><\/div>\t\t\t\t\t\t<\/div>\n\t\t\t\t<\/div>\n\t\t\t\t\t<\/div>\n\t\t\t\t<\/div>\n\t\t\t\t<\/div>\n\t\t","protected":false},"excerpt":{"rendered":"<p>Retraite Yoga, respiration et introspection Du 10 au 14 juin 2026, nous vous proposons une retraite bien-\u00eatre de 5 jours sur la C\u00f4te d\u2019Azur. Et si vous vous accordiez une vrai parenth\u00e8se pour ralentir, respirer et vous recentrer ? En partenariat avec Emyana, nous sommes heureux de vous proposer une \u2026<\/p>\n","protected":false},"author":1,"featured_media":3029,"parent":0,"menu_order":0,"comment_status":"closed","ping_status":"closed","template":"","meta":{"footnotes":""},"class_list":["post-4389","page","type-page","status-publish","has-post-thumbnail","hentry"],"_links":{"self":[{"href":"https:\/\/www.pure-motivation.ch\/wordpress\/wp-json\/wp\/v2\/pages\/4389","targetHints":{"allow":["GET"]}}],"collection":[{"href":"https:\/\/www.pure-motivation.ch\/wordpress\/wp-json\/wp\/v2\/pages"}],"about":[{"href":"https:\/\/www.pure-motivation.ch\/wordpress\/wp-json\/wp\/v2\/types\/page"}],"author":[{"embeddable":true,"href":"https:\/\/www.pure-motivation.ch\/wordpress\/wp-json\/wp\/v2\/users\/1"}],"replies":[{"embeddable":true,"href":"https:\/\/www.pure-motivation.ch\/wordpress\/wp-json\/wp\/v2\/comments?post=4389"}],"version-history":[{"count":3,"href":"https:\/\/www.pure-motivation.ch\/wordpress\/wp-json\/wp\/v2\/pages\/4389\/revisions"}],"predecessor-version":[{"id":4392,"href":"https:\/\/www.pure-motivation.ch\/wordpress\/wp-json\/wp\/v2\/pages\/4389\/revisions\/4392"}],"wp:featuredmedia":[{"embeddable":true,"href":"https:\/\/www.pure-motivation.ch\/wordpress\/wp-json\/wp\/v2\/media\/3029"}],"wp:attachment":[{"href":"https:\/\/www.pure-motivation.ch\/wordpress\/wp-json\/wp\/v2\/media?parent=4389"}],"curies":[{"name":"wp","href":"https:\/\/api.w.org\/{rel}","templated":true}]}}