{"id":4281,"date":"2026-04-12T19:39:07","date_gmt":"2026-04-12T17:39:07","guid":{"rendered":"https:\/\/www.pure-motivation.ch\/wordpress\/?page_id=4281"},"modified":"2026-04-12T19:50:11","modified_gmt":"2026-04-12T17:50:11","slug":"elementor-4281","status":"publish","type":"page","link":"https:\/\/www.pure-motivation.ch\/wordpress\/elementor-4281\/","title":{"rendered":"Entrainements d&rsquo;Apn\u00e9e"},"content":{"rendered":"\t\t<div data-elementor-type=\"wp-page\" data-elementor-id=\"4281\" class=\"elementor elementor-4281\">\n\t\t\t\t<div class=\"elementor-element elementor-element-0107a40 e-flex e-con-boxed e-con e-parent\" data-id=\"0107a40\" data-element_type=\"container\">\n\t\t\t\t\t<div class=\"e-con-inner\">\n\t\t\t\t<div class=\"elementor-element elementor-element-54af3ec elementor-widget elementor-widget-heading\" data-id=\"54af3ec\" data-element_type=\"widget\" data-widget_type=\"heading.default\">\n\t\t\t\t<div class=\"elementor-widget-container\">\n\t\t\t<h2 class=\"elementor-heading-title elementor-size-default\">Entrainements d'apn\u00e9e en lac<\/h2>\t\t<\/div>\n\t\t\t\t<\/div>\n\t\t\t\t\t<\/div>\n\t\t\t\t<\/div>\n\t\t<div class=\"elementor-element elementor-element-95090f0 e-flex e-con-boxed e-con e-parent\" data-id=\"95090f0\" data-element_type=\"container\">\n\t\t\t\t\t<div class=\"e-con-inner\">\n\t\t<div class=\"elementor-element elementor-element-f29846c e-con-full e-flex e-con e-child\" data-id=\"f29846c\" data-element_type=\"container\">\n\t\t\t\t<div class=\"elementor-element elementor-element-be0be0b elementor-widget elementor-widget-text-editor\" data-id=\"be0be0b\" data-element_type=\"widget\" data-widget_type=\"text-editor.default\">\n\t\t\t\t<div class=\"elementor-widget-container\">\n\t\t\t\t\t\t\t<p>Chaque mois, nous vous proposons un entrainement d&rsquo;apn\u00e9e dans le L\u00e9man \u00e0 Hermance et \u00e0 Saint Prex.<\/p><p>Pour participer, il faut \u00eatre au minimum titulaire d&rsquo;un brevet PADI Freediver ou certification \u00e9quivalente.<\/p><p><strong>Deux lundis par mois<\/strong>, de 18h00 \u00e0 20h00 nous aborderons les pratiques suivantes :<\/p><ul><li><strong>S\u00e9curit\u00e9 \u00a0et secourisme <\/strong><\/li><li><strong>Immersion libre<\/strong><\/li><li><strong>Poids constant avec ou sans palmes<\/strong><\/li><\/ul><p>Notre objectif est de vous offrir un moment agr\u00e9able pour revoir et pratiquer les diff\u00e9rentes techniques acquises lors de votre formation de base en toute s\u00e9curit\u00e9.<\/p>\t\t\t\t\t\t<\/div>\n\t\t\t\t<\/div>\n\t\t\t\t<\/div>\n\t\t\t\t\t<\/div>\n\t\t\t\t<\/div>\n\t\t<div class=\"elementor-element elementor-element-468ef5a e-flex e-con-boxed e-con e-parent\" data-id=\"468ef5a\" data-element_type=\"container\">\n\t\t\t\t\t<div class=\"e-con-inner\">\n\t\t<div class=\"elementor-element elementor-element-badfaa7 e-con-full e-flex e-con e-child\" data-id=\"badfaa7\" data-element_type=\"container\">\n\t\t\t\t<div class=\"elementor-element elementor-element-5fc7436 elementor-widget elementor-widget-text-editor\" data-id=\"5fc7436\" data-element_type=\"widget\" data-widget_type=\"text-editor.default\">\n\t\t\t\t<div class=\"elementor-widget-container\">\n\t\t\t\t\t\t\t<div style=\"box-sizing: inherit; counter-reset: footnotes 0;\"><h3><span style=\"color: #6ec1e4;\"><strong>Dates des entrainements 2026<\/strong><\/span><\/h3><p><strong>A Hermance (GE)<\/strong><\/p><ul><li>lundi 22 Juin de 18h00 \u00e0 20h00<\/li><li>lundi 27 Juillet de 18h00 \u00e0 20h00<\/li><li>lundi 24 Ao\u00fbt de 18h00 \u00e0 20h00<\/li><li>lundi 28 Septembre de 18h00 \u00e0 20h00<\/li><\/ul><p><strong>A Saint Prex (VD)<\/strong><\/p><ul><li>lundi 13 Juillet de 18h00 \u00e0 20h00<\/li><li>lundi 17 Ao\u00fbt de 18h00 \u00e0 20h00<\/li><li>lundi 21 Septembre de 18h00 \u00e0 20h00<\/li><\/ul><h3><span style=\"color: #6ec1e4;\"><strong>Prix :<\/strong><\/span><\/h3><ul><li>\u00a080.- par personne<\/li><\/ul><p><span style=\"color: #ff0000;\"><strong>Les entrainements sont confirm\u00e9s \u00e0 partir de 3 personnes\u00a0<\/strong><\/span><\/p><\/div><p>\u00a0<\/p><div style=\"box-sizing: inherit; counter-reset: footnotes 0;\"><article id=\"post-1820\" class=\"post-1820 post type-post status-publish format-standard has-post-thumbnail hentry category-non-classe\"><div class=\"article-inner\"><div class=\"entry-content\"><p><strong>Renseignements et inscriptions :<\/strong><\/p><p>Laurent : 079 922 24 94<\/p><p>info@pure-motivation.ch<\/p><\/div><\/div><\/article><\/div>\t\t\t\t\t\t<\/div>\n\t\t\t\t<\/div>\n\t\t\t\t<\/div>\n\t\t\t\t\t<\/div>\n\t\t\t\t<\/div>\n\t\t\t\t<\/div>\n\t\t","protected":false},"excerpt":{"rendered":"<p>Entrainements d&rsquo;apn\u00e9e en lac Chaque mois, nous vous proposons un entrainement d&rsquo;apn\u00e9e dans le L\u00e9man \u00e0 Hermance et \u00e0 Saint Prex. Pour participer, il faut \u00eatre au minimum titulaire d&rsquo;un brevet PADI Freediver ou certification \u00e9quivalente. Deux lundis par mois, de 18h00 \u00e0 20h00 nous aborderons les pratiques suivantes : \u2026<\/p>\n","protected":false},"author":1,"featured_media":3027,"parent":0,"menu_order":0,"comment_status":"closed","ping_status":"closed","template":"","meta":{"footnotes":""},"class_list":["post-4281","page","type-page","status-publish","has-post-thumbnail","hentry"],"_links":{"self":[{"href":"https:\/\/www.pure-motivation.ch\/wordpress\/wp-json\/wp\/v2\/pages\/4281","targetHints":{"allow":["GET"]}}],"collection":[{"href":"https:\/\/www.pure-motivation.ch\/wordpress\/wp-json\/wp\/v2\/pages"}],"about":[{"href":"https:\/\/www.pure-motivation.ch\/wordpress\/wp-json\/wp\/v2\/types\/page"}],"author":[{"embeddable":true,"href":"https:\/\/www.pure-motivation.ch\/wordpress\/wp-json\/wp\/v2\/users\/1"}],"replies":[{"embeddable":true,"href":"https:\/\/www.pure-motivation.ch\/wordpress\/wp-json\/wp\/v2\/comments?post=4281"}],"version-history":[{"count":11,"href":"https:\/\/www.pure-motivation.ch\/wordpress\/wp-json\/wp\/v2\/pages\/4281\/revisions"}],"predecessor-version":[{"id":4295,"href":"https:\/\/www.pure-motivation.ch\/wordpress\/wp-json\/wp\/v2\/pages\/4281\/revisions\/4295"}],"wp:featuredmedia":[{"embeddable":true,"href":"https:\/\/www.pure-motivation.ch\/wordpress\/wp-json\/wp\/v2\/media\/3027"}],"wp:attachment":[{"href":"https:\/\/www.pure-motivation.ch\/wordpress\/wp-json\/wp\/v2\/media?parent=4281"}],"curies":[{"name":"wp","href":"https:\/\/api.w.org\/{rel}","templated":true}]}}