{"id":3875,"date":"2025-03-07T11:13:54","date_gmt":"2025-03-07T10:13:54","guid":{"rendered":"https:\/\/www.pure-motivation.ch\/wordpress\/?page_id=3875"},"modified":"2025-03-07T14:50:21","modified_gmt":"2025-03-07T13:50:21","slug":"massages-en-entreprise","status":"publish","type":"page","link":"https:\/\/www.pure-motivation.ch\/wordpress\/massages-en-entreprise\/","title":{"rendered":"Massages en entreprise"},"content":{"rendered":"\t\t<div data-elementor-type=\"wp-page\" data-elementor-id=\"3875\" class=\"elementor elementor-3875\">\n\t\t\t\t<div class=\"elementor-element elementor-element-824d34a e-flex e-con-boxed e-con e-parent\" data-id=\"824d34a\" data-element_type=\"container\">\n\t\t\t\t\t<div class=\"e-con-inner\">\n\t\t\t\t<div class=\"elementor-element elementor-element-8e07213 elementor-widget elementor-widget-heading\" data-id=\"8e07213\" data-element_type=\"widget\" data-widget_type=\"heading.default\">\n\t\t\t\t<div class=\"elementor-widget-container\">\n\t\t\t<h2 class=\"elementor-heading-title elementor-size-default\"> Les Bienfaits des Massages en Entreprise<\/h2>\t\t<\/div>\n\t\t\t\t<\/div>\n\t\t\t\t\t<\/div>\n\t\t\t\t<\/div>\n\t\t<div class=\"elementor-element elementor-element-d0ed4a0 e-flex e-con-boxed e-con e-parent\" data-id=\"d0ed4a0\" data-element_type=\"container\">\n\t\t\t\t\t<div class=\"e-con-inner\">\n\t\t\t\t<div class=\"elementor-element elementor-element-223ca20 elementor-widget elementor-widget-text-editor\" data-id=\"223ca20\" data-element_type=\"widget\" data-widget_type=\"text-editor.default\">\n\t\t\t\t<div class=\"elementor-widget-container\">\n\t\t\t\t\t\t\t<p>Int\u00e9grer des massages au sein de votre environnement de travail offre des avantages significatifs pour le bien-\u00eatre et la productivit\u00e9 de vos collaborateurs. Voici les principaux bienfaits observ\u00e9s par les entreprises ayant adopt\u00e9 cette pratique :<\/p><ul><li><p><strong>Am\u00e9lioration de la sant\u00e9 et du bien-\u00eatre<\/strong> : Les massages r\u00e9guliers contribuent \u00e0 une meilleure sant\u00e9 physique et mentale, r\u00e9duisant les effets du stress au travail.<\/p><\/li><li><p><strong>Diminution du stress et de l\u2019anxi\u00e9t\u00e9<\/strong> : Gr\u00e2ce \u00e0 des techniques de relaxation cibl\u00e9es, les massages aident \u00e0 g\u00e9rer le stress quotidien et favorisent un environnement plus serein.<\/p><\/li><li><p><strong>Soulagement des tensions musculaires<\/strong> : Les massages, notamment le shiatsu assis et le su\u00e9dois, lib\u00e8rent les tensions accumul\u00e9es, en particulier dans les zones sollicit\u00e9s comme le dos et les \u00e9paules.<\/p><\/li><li><p><strong>Am\u00e9lioration de la concentration<\/strong> : En favorisant la d\u00e9tente et en r\u00e9duisant les douleurs, les massages permettent de retrouver une meilleure clart\u00e9 d&rsquo;esprit, am\u00e9liorant ainsi la productivit\u00e9.<\/p><\/li><li><p><strong>Renforcement du moral et de la coh\u00e9sion d\u2019\u00e9quipe<\/strong> : Offrir des s\u00e9ances de massage en groupe cr\u00e9e un lien entre les collaborateurs, favorisant un climat de travail positif et collaboratif.<\/p><\/li><\/ul><p>En r\u00e9sum\u00e9, proposer des massages \u00e0 vos \u00e9quipes transforme la culture d\u2019entreprise, en mettant en avant le bien-\u00eatre des collaborateurs et cr\u00e9ant un espace de travail plus sain et productif.<\/p>\t\t\t\t\t\t<\/div>\n\t\t\t\t<\/div>\n\t\t\t\t\t<\/div>\n\t\t\t\t<\/div>\n\t\t<div class=\"elementor-element elementor-element-8fa5c97 e-flex e-con-boxed e-con e-parent\" data-id=\"8fa5c97\" data-element_type=\"container\">\n\t\t\t\t\t<div class=\"e-con-inner\">\n\t\t\t\t<div class=\"elementor-element elementor-element-af5b862 elementor-widget elementor-widget-heading\" data-id=\"af5b862\" data-element_type=\"widget\" data-widget_type=\"heading.default\">\n\t\t\t\t<div class=\"elementor-widget-container\">\n\t\t\t<h2 class=\"elementor-heading-title elementor-size-default\">Nos Diff\u00e9rents Types de Massages en Entreprise<\/h2>\t\t<\/div>\n\t\t\t\t<\/div>\n\t\t\t\t\t<\/div>\n\t\t\t\t<\/div>\n\t\t<div class=\"elementor-element elementor-element-2cb89f0 e-flex e-con-boxed e-con e-parent\" data-id=\"2cb89f0\" data-element_type=\"container\">\n\t\t\t\t\t<div class=\"e-con-inner\">\n\t\t\t\t<div class=\"elementor-element elementor-element-9239ba0 elementor-widget elementor-widget-text-editor\" data-id=\"9239ba0\" data-element_type=\"widget\" data-widget_type=\"text-editor.default\">\n\t\t\t\t<div class=\"elementor-widget-container\">\n\t\t\t\t\t\t\t<p>Nous proposons des formules flexibles et adapt\u00e9es aux besoins de chaque entreprise. Voici nos principales options :<\/p>\t\t\t\t\t\t<\/div>\n\t\t\t\t<\/div>\n\t\t\t\t\t<\/div>\n\t\t\t\t<\/div>\n\t\t<div class=\"elementor-element elementor-element-5667968 e-flex e-con-boxed e-con e-parent\" data-id=\"5667968\" data-element_type=\"container\">\n\t\t\t\t\t<div class=\"e-con-inner\">\n\t\t\t\t<div class=\"elementor-element elementor-element-514149e elementor-widget elementor-widget-text-editor\" data-id=\"514149e\" data-element_type=\"widget\" data-widget_type=\"text-editor.default\">\n\t\t\t\t<div class=\"elementor-widget-container\">\n\t\t\t\t\t\t\t<h4><span style=\"color: #6ec1e4;\"><strong>Massage Shiatsu assis<\/strong><\/span><\/h4>\t\t\t\t\t\t<\/div>\n\t\t\t\t<\/div>\n\t\t\t\t\t<\/div>\n\t\t\t\t<\/div>\n\t\t<div class=\"elementor-element elementor-element-5af9250 e-grid e-con-boxed e-con e-parent\" data-id=\"5af9250\" data-element_type=\"container\">\n\t\t\t\t\t<div class=\"e-con-inner\">\n\t\t\t\t<div class=\"elementor-element elementor-element-a70cda9 elementor-widget elementor-widget-text-editor\" data-id=\"a70cda9\" data-element_type=\"widget\" data-widget_type=\"text-editor.default\">\n\t\t\t\t<div class=\"elementor-widget-container\">\n\t\t\t\t\t\t\t<p>Le massage shiatsu assis, pratique et sans huile, se r\u00e9alise sur une chaise ergonomique. Il stimule les points d\u2019acupuncture pour r\u00e9duire le stress, soulager les douleurs musculaires et am\u00e9liorer la circulation sanguine. Id\u00e9al pour des s\u00e9ances rapides, il favorise une concentration accrue et un bien-\u00eatre global.<\/p><p><strong>Bienfaits :<\/strong><\/p><ul><li>R\u00e9duction du stress et des tensions<\/li><li>Soulagement des douleurs (dos, \u00e9paules, nuque)<\/li><li>Am\u00e9lioration de la circulation sanguine<\/li><li>Accroissement de la concentration et de l&rsquo;\u00e9nergie<\/li><\/ul><p><strong>Quand \u00e9viter :<\/strong><\/p><ul><li>Probl\u00e8mes de dos s\u00e9v\u00e8res<\/li><li>Blessures r\u00e9centes ou inflammations<\/li><li>Grossesse (avis m\u00e9dical recommand\u00e9)<\/li><\/ul>\t\t\t\t\t\t<\/div>\n\t\t\t\t<\/div>\n\t\t\t\t<div class=\"elementor-element elementor-element-dd23bb7 elementor-widget elementor-widget-image\" data-id=\"dd23bb7\" data-element_type=\"widget\" data-widget_type=\"image.default\">\n\t\t\t\t<div class=\"elementor-widget-container\">\n\t\t\t\t\t\t\t\t\t\t\t\t\t<img fetchpriority=\"high\" decoding=\"async\" width=\"1024\" height=\"680\" src=\"https:\/\/www.pure-motivation.ch\/wordpress\/wp-content\/uploads\/2024\/12\/Massage-Shiatsu-Assis-Geneve-Pure-Motivation-1024x680.png\" class=\"attachment-large size-large wp-image-2186\" alt=\"\" srcset=\"https:\/\/www.pure-motivation.ch\/wordpress\/wp-content\/uploads\/2024\/12\/Massage-Shiatsu-Assis-Geneve-Pure-Motivation-1024x680.png 1024w, https:\/\/www.pure-motivation.ch\/wordpress\/wp-content\/uploads\/2024\/12\/Massage-Shiatsu-Assis-Geneve-Pure-Motivation-300x199.png 300w, https:\/\/www.pure-motivation.ch\/wordpress\/wp-content\/uploads\/2024\/12\/Massage-Shiatsu-Assis-Geneve-Pure-Motivation-768x510.png 768w, https:\/\/www.pure-motivation.ch\/wordpress\/wp-content\/uploads\/2024\/12\/Massage-Shiatsu-Assis-Geneve-Pure-Motivation-476x316.png 476w, https:\/\/www.pure-motivation.ch\/wordpress\/wp-content\/uploads\/2024\/12\/Massage-Shiatsu-Assis-Geneve-Pure-Motivation.png 1143w\" sizes=\"(max-width: 1024px) 100vw, 1024px\" \/>\t\t\t\t\t\t\t\t\t\t\t\t\t<\/div>\n\t\t\t\t<\/div>\n\t\t\t\t\t<\/div>\n\t\t\t\t<\/div>\n\t\t<div class=\"elementor-element elementor-element-b53a5fa e-flex e-con-boxed e-con e-parent\" data-id=\"b53a5fa\" data-element_type=\"container\">\n\t\t\t\t\t<div class=\"e-con-inner\">\n\t\t\t\t<div class=\"elementor-element elementor-element-0b72fe0 elementor-widget elementor-widget-text-editor\" data-id=\"0b72fe0\" data-element_type=\"widget\" data-widget_type=\"text-editor.default\">\n\t\t\t\t<div class=\"elementor-widget-container\">\n\t\t\t\t\t\t\t<h4><span style=\"color: #6ec1e4;\"><strong>Massage Su\u00e9dois<\/strong><\/span><\/h4>\t\t\t\t\t\t<\/div>\n\t\t\t\t<\/div>\n\t\t\t\t\t<\/div>\n\t\t\t\t<\/div>\n\t\t<div class=\"elementor-element elementor-element-5898a75 e-grid e-con-boxed e-con e-parent\" data-id=\"5898a75\" data-element_type=\"container\">\n\t\t\t\t\t<div class=\"e-con-inner\">\n\t\t\t\t<div class=\"elementor-element elementor-element-c64c16c elementor-widget elementor-widget-text-editor\" data-id=\"c64c16c\" data-element_type=\"widget\" data-widget_type=\"text-editor.default\">\n\t\t\t\t<div class=\"elementor-widget-container\">\n\t\t\t\t\t\t\t<p>Le massage su\u00e9dois est une m\u00e9thode relaxante qui utilise des huiles essentielles pour d\u00e9tendre les muscles et apaiser l&rsquo;esprit. Il se pratique allong\u00e9 et est parfait pour r\u00e9duire le stress, soulager les douleurs et am\u00e9liorer la circulation.<\/p><p><strong>Bienfaits :<\/strong><\/p><ul><li>Relaxation profonde et r\u00e9duction du stress<\/li><li>Soulagement des douleurs musculaires<\/li><li>Assouplissement des articulations<\/li><li>Renforcement du syst\u00e8me immunitaire<\/li><\/ul><p><strong>Quand \u00e9viter :<\/strong><\/p><ul><li>Infections ou inflammations aigu\u00ebs<\/li><li>Probl\u00e8mes cardiaques graves<\/li><li>Grossesse (avec avis m\u00e9dical)<\/li><\/ul>\t\t\t\t\t\t<\/div>\n\t\t\t\t<\/div>\n\t\t\t\t<div class=\"elementor-element elementor-element-bd551a1 elementor-widget elementor-widget-image\" data-id=\"bd551a1\" data-element_type=\"widget\" data-widget_type=\"image.default\">\n\t\t\t\t<div class=\"elementor-widget-container\">\n\t\t\t\t\t\t\t\t\t\t\t\t\t<img decoding=\"async\" width=\"1024\" height=\"671\" src=\"https:\/\/www.pure-motivation.ch\/wordpress\/wp-content\/uploads\/2024\/12\/Massage-Suedois-Geneve-Pure-Motivation-1024x671.png\" class=\"attachment-large size-large wp-image-2192\" alt=\"\" srcset=\"https:\/\/www.pure-motivation.ch\/wordpress\/wp-content\/uploads\/2024\/12\/Massage-Suedois-Geneve-Pure-Motivation-1024x671.png 1024w, https:\/\/www.pure-motivation.ch\/wordpress\/wp-content\/uploads\/2024\/12\/Massage-Suedois-Geneve-Pure-Motivation-300x196.png 300w, https:\/\/www.pure-motivation.ch\/wordpress\/wp-content\/uploads\/2024\/12\/Massage-Suedois-Geneve-Pure-Motivation-768x503.png 768w, https:\/\/www.pure-motivation.ch\/wordpress\/wp-content\/uploads\/2024\/12\/Massage-Suedois-Geneve-Pure-Motivation-476x312.png 476w, https:\/\/www.pure-motivation.ch\/wordpress\/wp-content\/uploads\/2024\/12\/Massage-Suedois-Geneve-Pure-Motivation.png 1371w\" sizes=\"(max-width: 1024px) 100vw, 1024px\" \/>\t\t\t\t\t\t\t\t\t\t\t\t\t<\/div>\n\t\t\t\t<\/div>\n\t\t\t\t\t<\/div>\n\t\t\t\t<\/div>\n\t\t<div class=\"elementor-element elementor-element-17f9be3 e-flex e-con-boxed e-con e-parent\" data-id=\"17f9be3\" data-element_type=\"container\">\n\t\t\t\t\t<div class=\"e-con-inner\">\n\t\t\t\t<div class=\"elementor-element elementor-element-b1bb33f elementor-widget elementor-widget-heading\" data-id=\"b1bb33f\" data-element_type=\"widget\" data-widget_type=\"heading.default\">\n\t\t\t\t<div class=\"elementor-widget-container\">\n\t\t\t<h2 class=\"elementor-heading-title elementor-size-default\">Pourquoi Choisir Nos Massages en Entreprise ?<\/h2>\t\t<\/div>\n\t\t\t\t<\/div>\n\t\t\t\t\t<\/div>\n\t\t\t\t<\/div>\n\t\t<div class=\"elementor-element elementor-element-1f9d11a e-flex e-con-boxed e-con e-parent\" data-id=\"1f9d11a\" data-element_type=\"container\">\n\t\t\t\t\t<div class=\"e-con-inner\">\n\t\t\t\t<div class=\"elementor-element elementor-element-bd9db00 elementor-widget elementor-widget-text-editor\" data-id=\"bd9db00\" data-element_type=\"widget\" data-widget_type=\"text-editor.default\">\n\t\t\t\t<div class=\"elementor-widget-container\">\n\t\t\t\t\t\t\t<p>Avec une exp\u00e9rience approfondie dans l&rsquo;accompagnement des entreprises, nous offrons une approche personnalis\u00e9e pour r\u00e9pondre aux besoins sp\u00e9cifiques de votre soci\u00e9t\u00e9. Nous \u00e9laborons des programmes respectant vos contraintes d\u2019espace et de temps, tout en permettant d\u2019atteindre des b\u00e9n\u00e9fices tangibles.<\/p><p>Notre \u00e9quipe de praticiens qualifi\u00e9s s&rsquo;engage \u00e0 cr\u00e9er une exp\u00e9rience positive et b\u00e9n\u00e9fique pour l&rsquo;ensemble de vos collaborateurs. Offrez-leur l\u2019opportunit\u00e9 de se d\u00e9tendre, de se ressourcer et ainsi de revenir au travail avec plus d&rsquo;\u00e9nergie et de concentration.<\/p>\t\t\t\t\t\t<\/div>\n\t\t\t\t<\/div>\n\t\t\t\t\t<\/div>\n\t\t\t\t<\/div>\n\t\t<div class=\"elementor-element elementor-element-955f90f e-flex e-con-boxed e-con e-parent\" data-id=\"955f90f\" data-element_type=\"container\">\n\t\t\t\t\t<div class=\"e-con-inner\">\n\t\t\t\t<div class=\"elementor-element elementor-element-aec32e7 elementor-widget elementor-widget-heading\" data-id=\"aec32e7\" data-element_type=\"widget\" data-widget_type=\"heading.default\">\n\t\t\t\t<div class=\"elementor-widget-container\">\n\t\t\t<h2 class=\"elementor-heading-title elementor-size-default\">Nos Diff\u00e9rentes Formules de Massages en Entreprise<\/h2>\t\t<\/div>\n\t\t\t\t<\/div>\n\t\t\t\t\t<\/div>\n\t\t\t\t<\/div>\n\t\t<div class=\"elementor-element elementor-element-55a5d3c e-flex e-con-boxed e-con e-parent\" data-id=\"55a5d3c\" data-element_type=\"container\">\n\t\t\t\t\t<div class=\"e-con-inner\">\n\t\t\t\t<div class=\"elementor-element elementor-element-f3fbd70 elementor-widget elementor-widget-text-editor\" data-id=\"f3fbd70\" data-element_type=\"widget\" data-widget_type=\"text-editor.default\">\n\t\t\t\t<div class=\"elementor-widget-container\">\n\t\t\t\t\t\t\t<p>Nous proposons des formules flexibles pour r\u00e9pondre \u00e0 vos besoins :<\/p><ul><li><p><strong>S\u00e9ances Ponctuelles<\/strong> : Massages uniques adapt\u00e9es \u00e0 vos besoins imm\u00e9diats, id\u00e9ales pour des \u00e9v\u00e9nements bien-\u00eatre ou des pauses revitalisantes.<\/p><\/li><li><p><strong>Programmes Trimestriels<\/strong> : Massages r\u00e9guliers pendant 3 mois pour int\u00e9grer la pratique dans la routine de vos \u00e9quipes et en mesurer les impacts.<\/p><\/li><li><p><strong>Programmes Semestriels<\/strong> : Des s\u00e9ances hebdomadaires sur 6 mois pour soutenir la dynamique de groupe et ajuster continuellement les objectifs.<\/p><\/li><li><p><strong>Programmes Annuels<\/strong> : Un accompagnement sur toute l\u2019ann\u00e9e avec des s\u00e9ances hebdomadaires pour int\u00e9grer durablement le bien-\u00eatre au travail.<\/p><\/li><\/ul><p>Les s\u00e9ances peuvent durer 30 minutes \u00e0 1 heure, selon vos pr\u00e9f\u00e9rences et contraintes d\u2019emploi du temps.<\/p>\t\t\t\t\t\t<\/div>\n\t\t\t\t<\/div>\n\t\t\t\t\t<\/div>\n\t\t\t\t<\/div>\n\t\t<div class=\"elementor-element elementor-element-bb1fbfb e-flex e-con-boxed e-con e-parent\" data-id=\"bb1fbfb\" data-element_type=\"container\">\n\t\t\t\t\t<div class=\"e-con-inner\">\n\t\t\t\t<div class=\"elementor-element elementor-element-b1e4df7 elementor-widget elementor-widget-heading\" data-id=\"b1e4df7\" data-element_type=\"widget\" data-widget_type=\"heading.default\">\n\t\t\t\t<div class=\"elementor-widget-container\">\n\t\t\t<h2 class=\"elementor-heading-title elementor-size-default\">Tarifs sur demande<\/h2>\t\t<\/div>\n\t\t\t\t<\/div>\n\t\t\t\t\t<\/div>\n\t\t\t\t<\/div>\n\t\t<div class=\"elementor-element elementor-element-67bfd08 e-flex e-con-boxed e-con e-parent\" data-id=\"67bfd08\" data-element_type=\"container\">\n\t\t\t\t\t<div class=\"e-con-inner\">\n\t\t\t\t<div class=\"elementor-element elementor-element-628ef59 elementor-widget elementor-widget-text-editor\" data-id=\"628ef59\" data-element_type=\"widget\" data-widget_type=\"text-editor.default\">\n\t\t\t\t<div class=\"elementor-widget-container\">\n\t\t\t\t\t\t\t<p><strong>Vous pourriez aussi \u00eatre int\u00e9ress\u00e9s par les prestations en entreprise suivantes :\u00a0<\/strong><\/p>\t\t\t\t\t\t<\/div>\n\t\t\t\t<\/div>\n\t\t\t\t\t<\/div>\n\t\t\t\t<\/div>\n\t\t<div class=\"elementor-element elementor-element-0fea598 e-grid e-con-boxed e-con e-parent\" data-id=\"0fea598\" data-element_type=\"container\">\n\t\t\t\t\t<div class=\"e-con-inner\">\n\t\t\t\t<div class=\"elementor-element elementor-element-903fba7 elementor-widget elementor-widget-image\" data-id=\"903fba7\" data-element_type=\"widget\" data-widget_type=\"image.default\">\n\t\t\t\t<div class=\"elementor-widget-container\">\n\t\t\t\t\t\t\t\t\t\t\t\t\t\t<a href=\"https:\/\/www.pure-motivation.ch\/wordpress\/yoga-en-entreprise\/\">\n\t\t\t\t\t\t\t<img decoding=\"async\" width=\"440\" height=\"292\" src=\"https:\/\/www.pure-motivation.ch\/wordpress\/wp-content\/uploads\/2024\/11\/yoga-entreprise.png\" class=\"elementor-animation-grow attachment-large size-large wp-image-2051\" alt=\"\" srcset=\"https:\/\/www.pure-motivation.ch\/wordpress\/wp-content\/uploads\/2024\/11\/yoga-entreprise.png 440w, https:\/\/www.pure-motivation.ch\/wordpress\/wp-content\/uploads\/2024\/11\/yoga-entreprise-300x199.png 300w\" sizes=\"(max-width: 440px) 100vw, 440px\" \/>\t\t\t\t\t\t\t\t<\/a>\n\t\t\t\t\t\t\t\t\t\t\t\t\t<\/div>\n\t\t\t\t<\/div>\n\t\t\t\t<div class=\"elementor-element elementor-element-5924ca2 elementor-widget elementor-widget-image\" data-id=\"5924ca2\" data-element_type=\"widget\" data-widget_type=\"image.default\">\n\t\t\t\t<div class=\"elementor-widget-container\">\n\t\t\t\t\t\t\t\t\t\t\t\t\t\t<a href=\"https:\/\/www.pure-motivation.ch\/wordpress\/coaching-en-entreprise\/\">\n\t\t\t\t\t\t\t<img loading=\"lazy\" decoding=\"async\" width=\"437\" height=\"291\" src=\"https:\/\/www.pure-motivation.ch\/wordpress\/wp-content\/uploads\/2024\/11\/Coachin-sportif-entreprise.png\" class=\"elementor-animation-grow attachment-large size-large wp-image-2049\" alt=\"\" srcset=\"https:\/\/www.pure-motivation.ch\/wordpress\/wp-content\/uploads\/2024\/11\/Coachin-sportif-entreprise.png 437w, https:\/\/www.pure-motivation.ch\/wordpress\/wp-content\/uploads\/2024\/11\/Coachin-sportif-entreprise-300x200.png 300w\" sizes=\"(max-width: 437px) 100vw, 437px\" \/>\t\t\t\t\t\t\t\t<\/a>\n\t\t\t\t\t\t\t\t\t\t\t\t\t<\/div>\n\t\t\t\t<\/div>\n\t\t\t\t<div class=\"elementor-element elementor-element-ee9a546 elementor-widget elementor-widget-image\" data-id=\"ee9a546\" data-element_type=\"widget\" data-widget_type=\"image.default\">\n\t\t\t\t<div class=\"elementor-widget-container\">\n\t\t\t\t\t\t\t\t\t\t\t\t\t\t<a href=\"https:\/\/www.pure-motivation.ch\/wordpress\/seminaires-bien-etre-en-entreprise\/\">\n\t\t\t\t\t\t\t<img loading=\"lazy\" decoding=\"async\" width=\"440\" height=\"295\" src=\"https:\/\/www.pure-motivation.ch\/wordpress\/wp-content\/uploads\/2024\/11\/seminaire-entreprise.png\" class=\"elementor-animation-grow attachment-large size-large wp-image-2050\" alt=\"\" srcset=\"https:\/\/www.pure-motivation.ch\/wordpress\/wp-content\/uploads\/2024\/11\/seminaire-entreprise.png 440w, https:\/\/www.pure-motivation.ch\/wordpress\/wp-content\/uploads\/2024\/11\/seminaire-entreprise-300x201.png 300w\" sizes=\"(max-width: 440px) 100vw, 440px\" \/>\t\t\t\t\t\t\t\t<\/a>\n\t\t\t\t\t\t\t\t\t\t\t\t\t<\/div>\n\t\t\t\t<\/div>\n\t\t\t\t\t<\/div>\n\t\t\t\t<\/div>\n\t\t\t\t<\/div>\n\t\t","protected":false},"excerpt":{"rendered":"<p>Les Bienfaits des Massages en Entreprise Int\u00e9grer des massages au sein de votre environnement de travail offre des avantages significatifs pour le bien-\u00eatre et la productivit\u00e9 de vos collaborateurs. Voici les principaux bienfaits observ\u00e9s par les entreprises ayant adopt\u00e9 cette pratique : Am\u00e9lioration de la sant\u00e9 et du bien-\u00eatre : \u2026<\/p>\n","protected":false},"author":1,"featured_media":2249,"parent":0,"menu_order":0,"comment_status":"closed","ping_status":"closed","template":"","meta":{"footnotes":""},"class_list":["post-3875","page","type-page","status-publish","has-post-thumbnail","hentry"],"_links":{"self":[{"href":"https:\/\/www.pure-motivation.ch\/wordpress\/wp-json\/wp\/v2\/pages\/3875","targetHints":{"allow":["GET"]}}],"collection":[{"href":"https:\/\/www.pure-motivation.ch\/wordpress\/wp-json\/wp\/v2\/pages"}],"about":[{"href":"https:\/\/www.pure-motivation.ch\/wordpress\/wp-json\/wp\/v2\/types\/page"}],"author":[{"embeddable":true,"href":"https:\/\/www.pure-motivation.ch\/wordpress\/wp-json\/wp\/v2\/users\/1"}],"replies":[{"embeddable":true,"href":"https:\/\/www.pure-motivation.ch\/wordpress\/wp-json\/wp\/v2\/comments?post=3875"}],"version-history":[{"count":10,"href":"https:\/\/www.pure-motivation.ch\/wordpress\/wp-json\/wp\/v2\/pages\/3875\/revisions"}],"predecessor-version":[{"id":3908,"href":"https:\/\/www.pure-motivation.ch\/wordpress\/wp-json\/wp\/v2\/pages\/3875\/revisions\/3908"}],"wp:featuredmedia":[{"embeddable":true,"href":"https:\/\/www.pure-motivation.ch\/wordpress\/wp-json\/wp\/v2\/media\/2249"}],"wp:attachment":[{"href":"https:\/\/www.pure-motivation.ch\/wordpress\/wp-json\/wp\/v2\/media?parent=3875"}],"curies":[{"name":"wp","href":"https:\/\/api.w.org\/{rel}","templated":true}]}}