{"id":2962,"date":"2025-01-21T18:55:56","date_gmt":"2025-01-21T17:55:56","guid":{"rendered":"https:\/\/www.pure-motivation.ch\/wordpress\/?page_id=2962"},"modified":"2026-02-17T09:43:03","modified_gmt":"2026-02-17T08:43:03","slug":"stages-dapnee-en-valais","status":"publish","type":"page","link":"https:\/\/www.pure-motivation.ch\/wordpress\/stages-dapnee-en-valais\/","title":{"rendered":"Stages d&rsquo;apn\u00e9e en Valais"},"content":{"rendered":"\t\t<div data-elementor-type=\"wp-page\" data-elementor-id=\"2962\" class=\"elementor elementor-2962\">\n\t\t\t\t<div class=\"elementor-element elementor-element-3ac4bcc e-flex e-con-boxed e-con e-parent\" data-id=\"3ac4bcc\" data-element_type=\"container\">\n\t\t\t\t\t<div class=\"e-con-inner\">\n\t\t\t\t<div class=\"elementor-element elementor-element-4d4d8f8 elementor-widget elementor-widget-heading\" data-id=\"4d4d8f8\" data-element_type=\"widget\" data-widget_type=\"heading.default\">\n\t\t\t\t<div class=\"elementor-widget-container\">\n\t\t\t<h2 class=\"elementor-heading-title elementor-size-default\">Stages d'apn\u00e9e en Valais<\/h2>\t\t<\/div>\n\t\t\t\t<\/div>\n\t\t\t\t\t<\/div>\n\t\t\t\t<\/div>\n\t\t<div class=\"elementor-element elementor-element-a4add35 e-flex e-con-boxed e-con e-parent\" data-id=\"a4add35\" data-element_type=\"container\">\n\t\t\t\t\t<div class=\"e-con-inner\">\n\t\t\t\t<div class=\"elementor-element elementor-element-a657396 elementor-widget elementor-widget-text-editor\" data-id=\"a657396\" data-element_type=\"widget\" data-widget_type=\"text-editor.default\">\n\t\t\t\t<div class=\"elementor-widget-container\">\n\t\t\t\t\t\t\t<p><a href=\"http:\/\/www.emyana.com\"><strong>Emyana<\/strong><\/a> et Pure Motivation ont le plaisir d&rsquo;organiser chaque ann\u00e9e des stages d&rsquo;apn\u00e9e en collaboration avec <strong><a href=\"http:\/\/wsdiving.com\">Whale Shark Diving<\/a>.<\/strong><\/p><p>Nous proposons des <strong>initiations et entrainements d\u2019apn\u00e9e<\/strong> ainsi que la formation <strong>Basic Freediver<\/strong> en piscine et la formation <strong>Freediver<\/strong> aux \u00eeles de Sion.<\/p><p>Pour l\u2019ann\u00e9e <strong>2026, des initiations et entrainements <\/strong>d\u2019une dur\u00e9e de <strong>2h pour 80.-<\/strong> auront lieu en piscine aux dates suivantes :\u00a0<\/p><ul><li>Dimanche 15 F\u00e9vrier 2026 de 13h30 \u00e0 15h30<\/li><li>Dimanche 15 Mars 2026 de 13h30 \u00e0 15h30 <span style=\"color: #ff0000;\">(Complet)<\/span><\/li><li>Dimanche 26 Avril de 13h30 \u00e0 15h30<\/li><li>Dimanche 3 Mai de 13h30 \u00e0 15h30<\/li><\/ul><p><strong>La formation<\/strong> <strong>Basic Freediver<\/strong> aura lieu aux dates suivantes :\u00a0<\/p><ul><li>Dimanche 15 Mars 2026 de 13h30 \u00e0 17h30<\/li><\/ul><ul><li>Dimanche 26 Avril 2026 de 13h30 \u00e0 17h30<\/li><\/ul><p><strong style=\"text-indent: 0em;\">La formation Freediver<\/strong><span style=\"text-indent: 0em;\"> sera propos\u00e9 sur un week-end aux dates suivantes :\u00a0<\/span><\/p><ul><li>6 et 7 Juin 2026 \u00a0<\/li><li>25 et 26 Juillet 2026\u00a0<\/li><li>8 et 9 Ao\u00fbt 2026<\/li><li>26 et 27 Septembre 2026<\/li><\/ul>\t\t\t\t\t\t<\/div>\n\t\t\t\t<\/div>\n\t\t\t\t\t<\/div>\n\t\t\t\t<\/div>\n\t\t<div class=\"elementor-element elementor-element-16e73e2 e-flex e-con-boxed e-con e-parent\" data-id=\"16e73e2\" data-element_type=\"container\">\n\t\t\t\t\t<div class=\"e-con-inner\">\n\t\t<div class=\"elementor-element elementor-element-d268df4 e-con-full e-flex e-con e-child\" data-id=\"d268df4\" data-element_type=\"container\">\n\t\t\t\t<div class=\"elementor-element elementor-element-59eb2ed elementor-widget elementor-widget-heading\" data-id=\"59eb2ed\" data-element_type=\"widget\" data-widget_type=\"heading.default\">\n\t\t\t\t<div class=\"elementor-widget-container\">\n\t\t\t<h2 class=\"elementor-heading-title elementor-size-default\">Basic Freediver<\/h2>\t\t<\/div>\n\t\t\t\t<\/div>\n\t\t\t\t<\/div>\n\t\t\t\t\t<\/div>\n\t\t\t\t<\/div>\n\t\t<div class=\"elementor-element elementor-element-9c87466 e-flex e-con-boxed e-con e-parent\" data-id=\"9c87466\" data-element_type=\"container\">\n\t\t\t\t\t<div class=\"e-con-inner\">\n\t\t<div class=\"elementor-element elementor-element-818ecbc e-con-full e-flex e-con e-child\" data-id=\"818ecbc\" data-element_type=\"container\">\n\t\t\t\t<div class=\"elementor-element elementor-element-1800a73 elementor-widget elementor-widget-text-editor\" data-id=\"1800a73\" data-element_type=\"widget\" data-widget_type=\"text-editor.default\">\n\t\t\t\t<div class=\"elementor-widget-container\">\n\t\t\t\t\t\t\t<p>Faites vos premiers pas dans le monde fascinant de l\u2019apn\u00e9e gr\u00e2ce \u00e0 la formation <strong>Basic Freediver<\/strong>. Ce programme constitue \u00e9galement la premi\u00e8re partie du cours Freediver, vous offrant des bases solides pour explorer cette discipline en toute confiance.<\/p><h4><span style=\"color: #6ec1e4;\"><strong>Au programme :<\/strong><\/span><\/h4><ol><li><strong>Formation th\u00e9orique en ligne :<\/strong> D\u00e9couvrez les fondamentaux de l\u2019apn\u00e9e, incluant les techniques de relaxation, de respiration et les r\u00e8gles essentielles pour \u00e9voluer en s\u00e9curit\u00e9.<\/li><li><strong>Apn\u00e9e statique :<\/strong> Apprenez \u00e0 rester immobile sous l\u2019eau tout en ma\u00eetrisant votre respiration et en am\u00e9liorant votre confort.<\/li><li><strong>Apn\u00e9e dynamique :<\/strong> Perfectionnez vos mouvements sous l\u2019eau, avec ou sans palmes, pour parcourir des distances en apn\u00e9e.<\/li><li><strong>Techniques d\u2019immersion et de s\u00e9curit\u00e9 :<\/strong> Familiarisez-vous avec les m\u00e9thodes d\u2019entr\u00e9e dans l\u2019eau, de descente en apn\u00e9e, ainsi qu\u2019avec les gestes de s\u00e9curit\u00e9 et de secourisme.<\/li><\/ol><h4><span style=\"color: #6ec1e4;\"><strong>Pourquoi choisir la formation Basic Freediver ?<\/strong><\/span><\/h4><p>Ce cours complet et structur\u00e9 est id\u00e9al pour les d\u00e9butants ou ceux qui souhaitent approfondir leurs connaissances. Vous d\u00e9velopperez confiance et comp\u00e9tence dans un environnement s\u00e9curis\u00e9, que ce soit en piscine ou en milieu naturel prot\u00e9g\u00e9.<\/p><p>Faites le premier pas vers une nouvelle dimension aquatique et laissez-vous guider dans l\u2019univers unique de l\u2019apn\u00e9e. R\u00e9servez votre place d\u00e8s aujourd\u2019hui !<\/p>\t\t\t\t\t\t<\/div>\n\t\t\t\t<\/div>\n\t\t\t\t<\/div>\n\t\t\t\t\t<\/div>\n\t\t\t\t<\/div>\n\t\t<div class=\"elementor-element elementor-element-c088a3d e-grid e-con-full e-con e-parent\" data-id=\"c088a3d\" data-element_type=\"container\">\n\t\t\t\t<div class=\"elementor-element elementor-element-7f53ce4 elementor-widget elementor-widget-text-editor\" data-id=\"7f53ce4\" data-element_type=\"widget\" data-widget_type=\"text-editor.default\">\n\t\t\t\t<div class=\"elementor-widget-container\">\n\t\t\t\t\t\t\t<h4 style=\"text-align: center;\"><span style=\"color: #6ec1e4;\"><strong>Prix :<\/strong><\/span><\/h4><ul><li>Basic Freediver : 390.-<\/li><li>Inscription \u00e0 2 : 350.- \/pers.<\/li><\/ul>\t\t\t\t\t\t<\/div>\n\t\t\t\t<\/div>\n\t\t\t\t<div class=\"elementor-element elementor-element-e743c34 elementor-widget elementor-widget-text-editor\" data-id=\"e743c34\" data-element_type=\"widget\" data-widget_type=\"text-editor.default\">\n\t\t\t\t<div class=\"elementor-widget-container\">\n\t\t\t\t\t\t\t<h4 style=\"text-align: center;\"><span style=\"color: #6ec1e4;\"><strong>Conditions :<\/strong><\/span><\/h4><ul><li>Avoir 12 ans r\u00e9volus<\/li><li>Savoir nager<\/li><li>\u00catre en bonne sant\u00e9<\/li><\/ul>\t\t\t\t\t\t<\/div>\n\t\t\t\t<\/div>\n\t\t\t\t<div class=\"elementor-element elementor-element-6505ca0 elementor-widget elementor-widget-text-editor\" data-id=\"6505ca0\" data-element_type=\"widget\" data-widget_type=\"text-editor.default\">\n\t\t\t\t<div class=\"elementor-widget-container\">\n\t\t\t\t\t\t\t<h4 style=\"text-align: center;\"><span style=\"color: #6ec1e4;\"><strong>Tout inclus :<\/strong>\u00a0<\/span><\/h4><ul><li>E-learning<\/li><li>Pr\u00eat du mat\u00e9riel<\/li><li>Dur\u00e9e 4 heures<\/li><li>Certification\u00a0<\/li><\/ul>\t\t\t\t\t\t<\/div>\n\t\t\t\t<\/div>\n\t\t\t\t<\/div>\n\t\t<div class=\"elementor-element elementor-element-b69f44b e-flex e-con-boxed e-con e-parent\" data-id=\"b69f44b\" data-element_type=\"container\">\n\t\t\t\t\t<div class=\"e-con-inner\">\n\t\t\t\t<div class=\"elementor-element elementor-element-efd2e72 elementor-widget elementor-widget-heading\" data-id=\"efd2e72\" data-element_type=\"widget\" data-widget_type=\"heading.default\">\n\t\t\t\t<div class=\"elementor-widget-container\">\n\t\t\t<h2 class=\"elementor-heading-title elementor-size-default\">Freediver<\/h2>\t\t<\/div>\n\t\t\t\t<\/div>\n\t\t\t\t\t<\/div>\n\t\t\t\t<\/div>\n\t\t<div class=\"elementor-element elementor-element-82eb78c e-flex e-con-boxed e-con e-parent\" data-id=\"82eb78c\" data-element_type=\"container\">\n\t\t\t\t\t<div class=\"e-con-inner\">\n\t\t\t\t<div class=\"elementor-element elementor-element-e8840cd elementor-widget elementor-widget-text-editor\" data-id=\"e8840cd\" data-element_type=\"widget\" data-widget_type=\"text-editor.default\">\n\t\t\t\t<div class=\"elementor-widget-container\">\n\t\t\t\t\t\t\t<p>La formation <strong>Freediver<\/strong> est votre porte d\u2019entr\u00e9e vers les profondeurs et une exploration plus avanc\u00e9e de l\u2019apn\u00e9e. Que vous soyez d\u00e9butant ou d\u00e9j\u00e0 en possession du Basic Freediver, ce programme complet vous permettra d\u2019explorer diff\u00e9rentes facettes de cette discipline fascinante.<\/p><h4><span style=\"color: #6ec1e4;\"><strong>Au programme :<\/strong><\/span><\/h4><ol><li><strong>Formation th\u00e9orique compl\u00e8te :<\/strong><ul><li>Comprendre les m\u00e9canismes physiques et physiologiques de l\u2019apn\u00e9e.<\/li><li>D\u00e9couvrir les diff\u00e9rentes disciplines existantes.<\/li><li>Se familiariser avec le mat\u00e9riel sp\u00e9cifique et les connaissances li\u00e9es au milieu marin.<\/li><\/ul><\/li><li><strong>Pratique en milieu prot\u00e9g\u00e9 :<\/strong><br \/>Dans un environnement peu profond, vous apprendrez \u00e0 maitriser :<ul><li>Les diff\u00e9rents types de respiration.<\/li><li>L\u2019apn\u00e9e statique pour am\u00e9liorer votre confort et votre capacit\u00e9 d\u2019immobilit\u00e9 sous l\u2019eau.<\/li><li>L\u2019apn\u00e9e dynamique, avec ou sans palmes, pour perfectionner vos d\u00e9placements.<\/li><li>Les techniques d\u2019immersion et de descente.<\/li><li>Les techniques de s\u00e9curit\u00e9 et de secourisme.<\/li><\/ul><\/li><li><strong>Pratique en milieu naturel :<\/strong><br \/>En appliquant les techniques abord\u00e9es en piscine, vous d\u00e9couvrirez les sensations uniques de la plong\u00e9e en profondeur gr\u00e2ce \u00e0 :<ul><li>L\u2019apn\u00e9e en immersion libre.<\/li><li>L\u2019apn\u00e9e en poids constant.<\/li><li>Les pratiques de s\u00e9curit\u00e9 et de secourisme lors de plong\u00e9es profondes.<\/li><\/ul><\/li><\/ol><h4><span style=\"color: #6ec1e4;\"><strong>Pourquoi choisir la formation Freediver ?<\/strong><\/span><\/h4><p>Ce cours progressif et structur\u00e9 vous permettra de repousser vos limites tout en \u00e9voluant en toute s\u00e9curit\u00e9. Id\u00e9al pour explorer le milieu naturel, il vous offrira une ma\u00eetrise accrue et une confiance renforc\u00e9e gr\u00e2ce \u00e0 un encadrement professionnel.<\/p><p>Explorez vos limites, d\u00e9couvrez une nouvelle dimension aquatique et r\u00e9v\u00e9lez votre v\u00e9ritable potentiel avec la formation Freediver. R\u00e9servez d\u00e8s aujourd\u2019hui pour vivre une exp\u00e9rience inoubliable !<\/p>\t\t\t\t\t\t<\/div>\n\t\t\t\t<\/div>\n\t\t<div class=\"elementor-element elementor-element-fd0f9d8 e-con-full e-flex e-con e-child\" data-id=\"fd0f9d8\" data-element_type=\"container\">\n\t\t<div class=\"elementor-element elementor-element-1427a08 e-con-full e-flex e-con e-child\" data-id=\"1427a08\" data-element_type=\"container\">\n\t\t<div class=\"elementor-element elementor-element-2a95ac8 e-grid e-con-full e-con e-child\" data-id=\"2a95ac8\" data-element_type=\"container\">\n\t\t\t\t<div class=\"elementor-element elementor-element-8099340 elementor-widget elementor-widget-text-editor\" data-id=\"8099340\" data-element_type=\"widget\" data-widget_type=\"text-editor.default\">\n\t\t\t\t<div class=\"elementor-widget-container\">\n\t\t\t\t\t\t\t<h4>\u00a0<span style=\"color: #6ec1e4;\"><strong>Prix :<\/strong><\/span><\/h4><ul><li>Freediver : 590.-<\/li><li>Inscription \u00e0 2 : 550.- \/pers.<\/li><li>Si vous \u00eates d\u00e9j\u00e0 Basic Freediver : 260.- tout inclus<\/li><\/ul>\t\t\t\t\t\t<\/div>\n\t\t\t\t<\/div>\n\t\t\t\t<div class=\"elementor-element elementor-element-e239a4f elementor-widget elementor-widget-text-editor\" data-id=\"e239a4f\" data-element_type=\"widget\" data-widget_type=\"text-editor.default\">\n\t\t\t\t<div class=\"elementor-widget-container\">\n\t\t\t\t\t\t\t<h4 style=\"text-align: center;\"><span style=\"color: #6ec1e4;\"><strong>Conditions :<\/strong><\/span><\/h4><ul><li>Avoir 12 ans r\u00e9volus<\/li><li>Savoir nager<\/li><li>\u00catre en bonne sant\u00e9<\/li><\/ul>\t\t\t\t\t\t<\/div>\n\t\t\t\t<\/div>\n\t\t\t\t<div class=\"elementor-element elementor-element-6e5c6d9 elementor-widget elementor-widget-text-editor\" data-id=\"6e5c6d9\" data-element_type=\"widget\" data-widget_type=\"text-editor.default\">\n\t\t\t\t<div class=\"elementor-widget-container\">\n\t\t\t\t\t\t\t<h4 style=\"text-align: center;\"><span style=\"color: #6ec1e4;\"><strong>Tout inclus :<\/strong>\u00a0<\/span><\/h4><ul><li>E-learning<\/li><li>Pr\u00eat du mat\u00e9riel<\/li><li>Dur\u00e9e 2 jours<\/li><li>Certification\u00a0<\/li><\/ul>\t\t\t\t\t\t<\/div>\n\t\t\t\t<\/div>\n\t\t\t\t<\/div>\n\t\t\t\t<\/div>\n\t\t\t\t<\/div>\n\t\t\t\t\t<\/div>\n\t\t\t\t<\/div>\n\t\t\t\t<\/div>\n\t\t","protected":false},"excerpt":{"rendered":"<p>Stages d&rsquo;apn\u00e9e en Valais Emyana et Pure Motivation ont le plaisir d&rsquo;organiser chaque ann\u00e9e des stages d&rsquo;apn\u00e9e en collaboration avec Whale Shark Diving. Nous proposons des initiations et entrainements d\u2019apn\u00e9e ainsi que la formation Basic Freediver en piscine et la formation Freediver aux \u00eeles de Sion. Pour l\u2019ann\u00e9e 2026, des \u2026<\/p>\n","protected":false},"author":1,"featured_media":3027,"parent":0,"menu_order":0,"comment_status":"closed","ping_status":"closed","template":"","meta":{"footnotes":""},"class_list":["post-2962","page","type-page","status-publish","has-post-thumbnail","hentry"],"_links":{"self":[{"href":"https:\/\/www.pure-motivation.ch\/wordpress\/wp-json\/wp\/v2\/pages\/2962","targetHints":{"allow":["GET"]}}],"collection":[{"href":"https:\/\/www.pure-motivation.ch\/wordpress\/wp-json\/wp\/v2\/pages"}],"about":[{"href":"https:\/\/www.pure-motivation.ch\/wordpress\/wp-json\/wp\/v2\/types\/page"}],"author":[{"embeddable":true,"href":"https:\/\/www.pure-motivation.ch\/wordpress\/wp-json\/wp\/v2\/users\/1"}],"replies":[{"embeddable":true,"href":"https:\/\/www.pure-motivation.ch\/wordpress\/wp-json\/wp\/v2\/comments?post=2962"}],"version-history":[{"count":43,"href":"https:\/\/www.pure-motivation.ch\/wordpress\/wp-json\/wp\/v2\/pages\/2962\/revisions"}],"predecessor-version":[{"id":4230,"href":"https:\/\/www.pure-motivation.ch\/wordpress\/wp-json\/wp\/v2\/pages\/2962\/revisions\/4230"}],"wp:featuredmedia":[{"embeddable":true,"href":"https:\/\/www.pure-motivation.ch\/wordpress\/wp-json\/wp\/v2\/media\/3027"}],"wp:attachment":[{"href":"https:\/\/www.pure-motivation.ch\/wordpress\/wp-json\/wp\/v2\/media?parent=2962"}],"curies":[{"name":"wp","href":"https:\/\/api.w.org\/{rel}","templated":true}]}}