{"id":2946,"date":"2025-01-21T17:35:25","date_gmt":"2025-01-21T16:35:25","guid":{"rendered":"https:\/\/www.pure-motivation.ch\/wordpress\/?page_id=2946"},"modified":"2026-03-31T10:26:29","modified_gmt":"2026-03-31T08:26:29","slug":"stages-apnee-et-yoga-dans-les-calanques","status":"publish","type":"page","link":"https:\/\/www.pure-motivation.ch\/wordpress\/stages-apnee-et-yoga-dans-les-calanques\/","title":{"rendered":"Stages apn\u00e9e et Yoga dans les Calanques"},"content":{"rendered":"\t\t<div data-elementor-type=\"wp-page\" data-elementor-id=\"2946\" class=\"elementor elementor-2946\">\n\t\t\t\t<div class=\"elementor-element elementor-element-0488357 e-flex e-con-boxed e-con e-parent\" data-id=\"0488357\" data-element_type=\"container\">\n\t\t\t\t\t<div class=\"e-con-inner\">\n\t\t\t\t<div class=\"elementor-element elementor-element-3515ded elementor-widget elementor-widget-heading\" data-id=\"3515ded\" data-element_type=\"widget\" data-widget_type=\"heading.default\">\n\t\t\t\t<div class=\"elementor-widget-container\">\n\t\t\t<h2 class=\"elementor-heading-title elementor-size-default\">Stages apn\u00e9e et Yoga dans les Calanques<\/h2>\t\t<\/div>\n\t\t\t\t<\/div>\n\t\t\t\t\t<\/div>\n\t\t\t\t<\/div>\n\t\t<div class=\"elementor-element elementor-element-028e521 e-flex e-con-boxed e-con e-parent\" data-id=\"028e521\" data-element_type=\"container\">\n\t\t\t\t\t<div class=\"e-con-inner\">\n\t\t\t\t<div class=\"elementor-element elementor-element-1ac20eb elementor-widget elementor-widget-text-editor\" data-id=\"1ac20eb\" data-element_type=\"widget\" data-widget_type=\"text-editor.default\">\n\t\t\t\t<div class=\"elementor-widget-container\">\n\t\t\t\t\t\t\t<p>Chaque ann\u00e9e, en partenariat avec <a href=\"http:\/\/www.emyana.com\"><strong>Emyana<\/strong><\/a> nous organisons des stages d&rsquo;apn\u00e9e dans les Calanques <strong>en Juin et Septembre.<\/strong><\/p><p>C&rsquo;est l&rsquo;occasion de proposer <strong>la formation Freediver<\/strong> sous un autre format, sans \u00eatre press\u00e9s par le temps et surtout dans des lieux magiques qui me rappelent ce qui me pousse et me motive \u00e0 plonger.<\/p><p>Pour ceux qui sont <strong>d\u00e9j\u00e0 certifi\u00e9s<\/strong>, c&rsquo;est une opportunit\u00e9 pour revoir les bases et s&rsquo;entra\u00eener dans ce petit bout de paradis.<\/p>\t\t\t\t\t\t<\/div>\n\t\t\t\t<\/div>\n\t\t\t\t\t<\/div>\n\t\t\t\t<\/div>\n\t\t<div class=\"elementor-element elementor-element-de377a2 e-flex e-con-boxed e-con e-parent\" data-id=\"de377a2\" data-element_type=\"container\">\n\t\t\t\t\t<div class=\"e-con-inner\">\n\t\t<div class=\"elementor-element elementor-element-3a8eb9a e-con-full e-flex e-con e-child\" data-id=\"3a8eb9a\" data-element_type=\"container\">\n\t\t\t\t<div class=\"elementor-element elementor-element-6e4e071 elementor-widget elementor-widget-text-editor\" data-id=\"6e4e071\" data-element_type=\"widget\" data-widget_type=\"text-editor.default\">\n\t\t\t\t<div class=\"elementor-widget-container\">\n\t\t\t\t\t\t\t<p>Profitez d&rsquo;un s\u00e9jour de r\u00eave pour d\u00e9couvrir l&rsquo;apn\u00e9e et pratiquer le Yoga du <strong>10 au 14 juin 2026 <\/strong>ou du <strong>9 au 13 Septembre 2026.<\/strong><\/p><p>Nous serons log\u00e9s dans une magnifique Bastide proven\u00e7ale avec piscine o\u00f9 nous pourrons pratiquer l&rsquo;apn\u00e9e statique et dynamique, ainsi que le Yoga sur la terrasse.<\/p><p>La partie profonde s&rsquo;effectuera dans les Calanques de Cassis et de la Ciotat.<\/p>\t\t\t\t\t\t<\/div>\n\t\t\t\t<\/div>\n\t\t\t\t<\/div>\n\t\t<div class=\"elementor-element elementor-element-45eefcb e-con-full e-flex e-con e-child\" data-id=\"45eefcb\" data-element_type=\"container\">\n\t\t\t\t<div class=\"elementor-element elementor-element-62fb504 elementor-widget elementor-widget-video\" data-id=\"62fb504\" data-element_type=\"widget\" data-settings=\"{&quot;youtube_url&quot;:&quot;https:\\\/\\\/www.youtube.com\\\/watch?v=UNvE264QRSI&quot;,&quot;autoplay&quot;:&quot;yes&quot;,&quot;mute&quot;:&quot;yes&quot;,&quot;video_type&quot;:&quot;youtube&quot;,&quot;controls&quot;:&quot;yes&quot;}\" data-widget_type=\"video.default\">\n\t\t\t\t<div class=\"elementor-widget-container\">\n\t\t\t\t\t<div class=\"elementor-wrapper elementor-open-inline\">\n\t\t\t<div class=\"elementor-video\"><\/div>\t\t<\/div>\n\t\t\t\t<\/div>\n\t\t\t\t<\/div>\n\t\t\t\t<\/div>\n\t\t<div class=\"elementor-element elementor-element-7bb5824 e-con-full e-flex e-con e-child\" data-id=\"7bb5824\" data-element_type=\"container\">\n\t\t\t\t<div class=\"elementor-element elementor-element-ee65ea4 elementor-arrows-position-inside elementor-pagination-position-outside elementor-widget elementor-widget-image-carousel\" data-id=\"ee65ea4\" data-element_type=\"widget\" data-settings=\"{&quot;slides_to_show&quot;:&quot;1&quot;,&quot;navigation&quot;:&quot;both&quot;,&quot;autoplay&quot;:&quot;yes&quot;,&quot;pause_on_hover&quot;:&quot;yes&quot;,&quot;pause_on_interaction&quot;:&quot;yes&quot;,&quot;autoplay_speed&quot;:5000,&quot;infinite&quot;:&quot;yes&quot;,&quot;effect&quot;:&quot;slide&quot;,&quot;speed&quot;:500}\" data-widget_type=\"image-carousel.default\">\n\t\t\t\t<div class=\"elementor-widget-container\">\n\t\t\t\t\t<div class=\"elementor-image-carousel-wrapper swiper\" dir=\"ltr\">\n\t\t\t<div class=\"elementor-image-carousel swiper-wrapper\" aria-live=\"off\">\n\t\t\t\t\t\t\t\t<div class=\"swiper-slide\" role=\"group\" aria-roledescription=\"slide\" aria-label=\"1 sur 12\"><figure class=\"swiper-slide-inner\"><img decoding=\"async\" class=\"swiper-slide-image\" src=\"https:\/\/www.pure-motivation.ch\/wordpress\/wp-content\/uploads\/2023\/10\/SD_SCHLUP_APNEE_PUREMOTIVATION_156-1024x684.jpg\" alt=\"Cours de Yoga sur la terrasse\" \/><\/figure><\/div><div class=\"swiper-slide\" role=\"group\" aria-roledescription=\"slide\" aria-label=\"2 sur 12\"><figure class=\"swiper-slide-inner\"><img decoding=\"async\" class=\"swiper-slide-image\" src=\"https:\/\/www.pure-motivation.ch\/wordpress\/wp-content\/uploads\/2023\/10\/P9105700.jpg\" alt=\"P9105700\" \/><\/figure><\/div><div class=\"swiper-slide\" role=\"group\" aria-roledescription=\"slide\" aria-label=\"3 sur 12\"><figure class=\"swiper-slide-inner\"><img decoding=\"async\" class=\"swiper-slide-image\" src=\"https:\/\/www.pure-motivation.ch\/wordpress\/wp-content\/uploads\/2023\/02\/Screenshot_2023-02-27-20-34-05-48_99c04817c0de5652397fc8b56c3b3817-1024x768.jpg\" alt=\"Calanque de Port Pin\" \/><\/figure><\/div><div class=\"swiper-slide\" role=\"group\" aria-roledescription=\"slide\" aria-label=\"4 sur 12\"><figure class=\"swiper-slide-inner\"><img decoding=\"async\" class=\"swiper-slide-image\" src=\"https:\/\/www.pure-motivation.ch\/wordpress\/wp-content\/uploads\/2023\/10\/P8244131-1024x768.jpg\" alt=\"Calanque de Port Pin\" \/><\/figure><\/div><div class=\"swiper-slide\" role=\"group\" aria-roledescription=\"slide\" aria-label=\"5 sur 12\"><figure class=\"swiper-slide-inner\"><img decoding=\"async\" class=\"swiper-slide-image\" src=\"https:\/\/www.pure-motivation.ch\/wordpress\/wp-content\/uploads\/2023\/10\/P9095592.jpg\" alt=\"P9095592\" \/><\/figure><\/div><div class=\"swiper-slide\" role=\"group\" aria-roledescription=\"slide\" aria-label=\"6 sur 12\"><figure class=\"swiper-slide-inner\"><img decoding=\"async\" class=\"swiper-slide-image\" src=\"https:\/\/www.pure-motivation.ch\/wordpress\/wp-content\/uploads\/2023\/12\/GX010421_1691609339474-1024x576.jpg\" alt=\"GX010421_1691609339474\" \/><\/figure><\/div><div class=\"swiper-slide\" role=\"group\" aria-roledescription=\"slide\" aria-label=\"7 sur 12\"><figure class=\"swiper-slide-inner\"><img decoding=\"async\" class=\"swiper-slide-image\" src=\"https:\/\/www.pure-motivation.ch\/wordpress\/wp-content\/uploads\/2023\/10\/P9105623.jpg\" alt=\"P9105623\" \/><\/figure><\/div><div class=\"swiper-slide\" role=\"group\" aria-roledescription=\"slide\" aria-label=\"8 sur 12\"><figure class=\"swiper-slide-inner\"><img decoding=\"async\" class=\"swiper-slide-image\" src=\"https:\/\/www.pure-motivation.ch\/wordpress\/wp-content\/uploads\/2023\/10\/P9105658.jpg\" alt=\"P9105658\" \/><\/figure><\/div><div class=\"swiper-slide\" role=\"group\" aria-roledescription=\"slide\" aria-label=\"9 sur 12\"><figure class=\"swiper-slide-inner\"><img decoding=\"async\" class=\"swiper-slide-image\" src=\"https:\/\/www.pure-motivation.ch\/wordpress\/wp-content\/uploads\/2023\/12\/P9105679-1024x768.jpg\" alt=\"P9105679\" \/><\/figure><\/div><div class=\"swiper-slide\" role=\"group\" aria-roledescription=\"slide\" aria-label=\"10 sur 12\"><figure class=\"swiper-slide-inner\"><img decoding=\"async\" class=\"swiper-slide-image\" src=\"https:\/\/www.pure-motivation.ch\/wordpress\/wp-content\/uploads\/2023\/12\/P9095606-1024x768.jpg\" alt=\"P9095606\" \/><\/figure><\/div><div class=\"swiper-slide\" role=\"group\" aria-roledescription=\"slide\" aria-label=\"11 sur 12\"><figure class=\"swiper-slide-inner\"><img decoding=\"async\" class=\"swiper-slide-image\" src=\"https:\/\/www.pure-motivation.ch\/wordpress\/wp-content\/uploads\/2023\/12\/P9105647-1024x768.jpg\" alt=\"P9105647\" \/><\/figure><\/div><div class=\"swiper-slide\" role=\"group\" aria-roledescription=\"slide\" aria-label=\"12 sur 12\"><figure class=\"swiper-slide-inner\"><img decoding=\"async\" class=\"swiper-slide-image\" src=\"https:\/\/www.pure-motivation.ch\/wordpress\/wp-content\/uploads\/2023\/12\/GX010386_1691608325700-1024x576.jpg\" alt=\"GX010386_1691608325700\" \/><\/figure><\/div>\t\t\t<\/div>\n\t\t\t\t\t\t\t\t\t\t\t\t<div class=\"elementor-swiper-button elementor-swiper-button-prev\" role=\"button\" tabindex=\"0\">\n\t\t\t\t\t\t<svg aria-hidden=\"true\" class=\"e-font-icon-svg e-eicon-chevron-left\" viewBox=\"0 0 1000 1000\" xmlns=\"http:\/\/www.w3.org\/2000\/svg\"><path d=\"M646 125C629 125 613 133 604 142L308 442C296 454 292 471 292 487 292 504 296 521 308 533L604 854C617 867 629 875 646 875 663 875 679 871 692 858 704 846 713 829 713 812 713 796 708 779 692 767L438 487 692 225C700 217 708 204 708 187 708 171 704 154 692 142 675 129 663 125 646 125Z\"><\/path><\/svg>\t\t\t\t\t<\/div>\n\t\t\t\t\t<div class=\"elementor-swiper-button elementor-swiper-button-next\" role=\"button\" tabindex=\"0\">\n\t\t\t\t\t\t<svg aria-hidden=\"true\" class=\"e-font-icon-svg e-eicon-chevron-right\" viewBox=\"0 0 1000 1000\" xmlns=\"http:\/\/www.w3.org\/2000\/svg\"><path d=\"M696 533C708 521 713 504 713 487 713 471 708 454 696 446L400 146C388 133 375 125 354 125 338 125 325 129 313 142 300 154 292 171 292 187 292 204 296 221 308 233L563 492 304 771C292 783 288 800 288 817 288 833 296 850 308 863 321 871 338 875 354 875 371 875 388 867 400 854L696 533Z\"><\/path><\/svg>\t\t\t\t\t<\/div>\n\t\t\t\t\n\t\t\t\t\t\t\t\t\t<div class=\"swiper-pagination\"><\/div>\n\t\t\t\t\t\t\t\t\t<\/div>\n\t\t\t\t<\/div>\n\t\t\t\t<\/div>\n\t\t\t\t<\/div>\n\t\t<div class=\"elementor-element elementor-element-46ebfa8 e-con-full e-flex e-con e-child\" data-id=\"46ebfa8\" data-element_type=\"container\">\n\t\t\t\t<div class=\"elementor-element elementor-element-7cf16dd elementor-widget elementor-widget-text-editor\" data-id=\"7cf16dd\" data-element_type=\"widget\" data-widget_type=\"text-editor.default\">\n\t\t\t\t<div class=\"elementor-widget-container\">\n\t\t\t\t\t\t\t<p style=\"text-align: left;\">Stage limit\u00e9 \u00e0 <strong>10 participants<\/strong>.<\/p><p>Le prix pour <strong>5 jours<\/strong> de stage est de<strong> 1&rsquo;200.-<\/strong> ou <strong>1&rsquo;100.-<\/strong> par personne si vous vous inscrivez \u00e0 2 et comprend :\u00a0<\/p><ul><li>Formation th\u00e9orique en ligne<\/li><li>Formation pratique en piscine et en mer<\/li><li>Certification<\/li><li>S\u00e9ances de Yoga<\/li><li>4 nuits en chambre double<\/li><li>Pension compl\u00e8te (repas, collations, boissons sans alcool).<\/li><\/ul><div><strong>En option :\u00a0<\/strong>S\u00e9ances de Kin\u00e9siologie et massages bien-\u00eatre.<\/div><div>\u00a0<\/div><div style=\"text-align: center;\"><strong>Offre early bird jusqu&rsquo;au 16.02.2026 : Stage \u00e0 1&rsquo;000.- au lieu de 1&rsquo;200.-<\/strong><\/div>\t\t\t\t\t\t<\/div>\n\t\t\t\t<\/div>\n\t\t\t\t<\/div>\n\t\t\t\t\t<\/div>\n\t\t\t\t<\/div>\n\t\t<div class=\"elementor-element elementor-element-c7cea42 e-flex e-con-boxed e-con e-parent\" data-id=\"c7cea42\" data-element_type=\"container\">\n\t\t\t\t\t<div class=\"e-con-inner\">\n\t\t<div class=\"elementor-element elementor-element-b8d9ebb e-grid e-con-full e-con e-child\" data-id=\"b8d9ebb\" data-element_type=\"container\">\n\t\t\t\t<div class=\"elementor-element elementor-element-2e87c97 elementor-widget elementor-widget-text-editor\" data-id=\"2e87c97\" data-element_type=\"widget\" data-widget_type=\"text-editor.default\">\n\t\t\t\t<div class=\"elementor-widget-container\">\n\t\t\t\t\t\t\t<h4><strong><span style=\"color: #6ec1e4;\">Pourquoi faire de l&rsquo;apn\u00e9e ?<\/span><\/strong><\/h4><p>Sans le poids et l&rsquo;encombrement d&rsquo;un \u00e9quipement de plong\u00e9e, l&rsquo;apn\u00e9e offre une exp\u00e9rience unique d&rsquo;observer la faune et la flore sous marine de mani\u00e8re discr\u00e8te et immersive.<\/p><p>L&rsquo;apn\u00e9e permet \u00e9galement de d\u00e9passer ses propres limites tout en profitant d&rsquo;une sensation de libert\u00e9 et de connexion \u00e0 soi et \u00e0 la nature.<\/p>\t\t\t\t\t\t<\/div>\n\t\t\t\t<\/div>\n\t\t\t\t<div class=\"elementor-element elementor-element-3a25b8a elementor-widget elementor-widget-text-editor\" data-id=\"3a25b8a\" data-element_type=\"widget\" data-widget_type=\"text-editor.default\">\n\t\t\t\t<div class=\"elementor-widget-container\">\n\t\t\t\t\t\t\t<h4><strong><span style=\"color: #6ec1e4;\">Quels sont les bienfaits de l&rsquo;apn\u00e9e ?<\/span><\/strong><\/h4><ul style=\"font-style: normal; font-variant-ligatures: normal; font-variant-caps: normal; font-weight: 400; font-size: 15.2px; font-family: Roboto, sans-serif;\"><li>Apprendre \u00e0 se relaxer et \u00e0 se recentrer<\/li><li>D\u00e9veloppement de la ma\u00eetrise de soi<\/li><li>R\u00e9duction du stress<\/li><li>Am\u00e9lioration de la concentration<\/li><li>Augmentation de sa capacit\u00e9 pulmonaire<\/li><\/ul>\t\t\t\t\t\t<\/div>\n\t\t\t\t<\/div>\n\t\t\t\t<\/div>\n\t\t\t\t\t<\/div>\n\t\t\t\t<\/div>\n\t\t<div class=\"elementor-element elementor-element-7a82b84 e-flex e-con-boxed e-con e-parent\" data-id=\"7a82b84\" data-element_type=\"container\">\n\t\t\t\t\t<div class=\"e-con-inner\">\n\t\t\t\t<div class=\"elementor-element elementor-element-647980c elementor-widget elementor-widget-text-editor\" data-id=\"647980c\" data-element_type=\"widget\" data-widget_type=\"text-editor.default\">\n\t\t\t\t<div class=\"elementor-widget-container\">\n\t\t\t\t\t\t\t<p><strong>Renseignements et inscription :<\/strong><br \/>Laurent : + 41 79 922 24 94<br \/>info@pure-motivation.ch<\/p>\t\t\t\t\t\t<\/div>\n\t\t\t\t<\/div>\n\t\t\t\t\t<\/div>\n\t\t\t\t<\/div>\n\t\t\t\t<\/div>\n\t\t","protected":false},"excerpt":{"rendered":"<p>Stages apn\u00e9e et Yoga dans les Calanques Chaque ann\u00e9e, en partenariat avec Emyana nous organisons des stages d&rsquo;apn\u00e9e dans les Calanques en Juin et Septembre. C&rsquo;est l&rsquo;occasion de proposer la formation Freediver sous un autre format, sans \u00eatre press\u00e9s par le temps et surtout dans des lieux magiques qui me \u2026<\/p>\n","protected":false},"author":1,"featured_media":3022,"parent":0,"menu_order":0,"comment_status":"closed","ping_status":"closed","template":"","meta":{"footnotes":""},"class_list":["post-2946","page","type-page","status-publish","has-post-thumbnail","hentry"],"_links":{"self":[{"href":"https:\/\/www.pure-motivation.ch\/wordpress\/wp-json\/wp\/v2\/pages\/2946","targetHints":{"allow":["GET"]}}],"collection":[{"href":"https:\/\/www.pure-motivation.ch\/wordpress\/wp-json\/wp\/v2\/pages"}],"about":[{"href":"https:\/\/www.pure-motivation.ch\/wordpress\/wp-json\/wp\/v2\/types\/page"}],"author":[{"embeddable":true,"href":"https:\/\/www.pure-motivation.ch\/wordpress\/wp-json\/wp\/v2\/users\/1"}],"replies":[{"embeddable":true,"href":"https:\/\/www.pure-motivation.ch\/wordpress\/wp-json\/wp\/v2\/comments?post=2946"}],"version-history":[{"count":26,"href":"https:\/\/www.pure-motivation.ch\/wordpress\/wp-json\/wp\/v2\/pages\/2946\/revisions"}],"predecessor-version":[{"id":4278,"href":"https:\/\/www.pure-motivation.ch\/wordpress\/wp-json\/wp\/v2\/pages\/2946\/revisions\/4278"}],"wp:featuredmedia":[{"embeddable":true,"href":"https:\/\/www.pure-motivation.ch\/wordpress\/wp-json\/wp\/v2\/media\/3022"}],"wp:attachment":[{"href":"https:\/\/www.pure-motivation.ch\/wordpress\/wp-json\/wp\/v2\/media?parent=2946"}],"curies":[{"name":"wp","href":"https:\/\/api.w.org\/{rel}","templated":true}]}}