{"id":2749,"date":"2025-01-18T17:39:12","date_gmt":"2025-01-18T16:39:12","guid":{"rendered":"https:\/\/www.pure-motivation.ch\/wordpress\/?page_id=2749"},"modified":"2025-02-07T18:06:25","modified_gmt":"2025-02-07T17:06:25","slug":"tec-50","status":"publish","type":"page","link":"https:\/\/www.pure-motivation.ch\/wordpress\/tec-50\/","title":{"rendered":"TEC 50"},"content":{"rendered":"\t\t<div data-elementor-type=\"wp-page\" data-elementor-id=\"2749\" class=\"elementor elementor-2749\">\n\t\t\t\t<div class=\"elementor-element elementor-element-f30dc7d e-flex e-con-boxed e-con e-parent\" data-id=\"f30dc7d\" data-element_type=\"container\">\n\t\t\t\t\t<div class=\"e-con-inner\">\n\t\t\t\t<div class=\"elementor-element elementor-element-6c0eac1 elementor-widget elementor-widget-heading\" data-id=\"6c0eac1\" data-element_type=\"widget\" data-widget_type=\"heading.default\">\n\t\t\t\t<div class=\"elementor-widget-container\">\n\t\t\t<h2 class=\"elementor-heading-title elementor-size-default\">PADI TEC 50<\/h2>\t\t<\/div>\n\t\t\t\t<\/div>\n\t\t\t\t\t<\/div>\n\t\t\t\t<\/div>\n\t\t<div class=\"elementor-element elementor-element-b298beb e-flex e-con-boxed e-con e-parent\" data-id=\"b298beb\" data-element_type=\"container\">\n\t\t\t\t\t<div class=\"e-con-inner\">\n\t\t\t\t<div class=\"elementor-element elementor-element-4df3281 elementor-widget elementor-widget-text-editor\" data-id=\"4df3281\" data-element_type=\"widget\" data-widget_type=\"text-editor.default\">\n\t\t\t\t<div class=\"elementor-widget-container\">\n\t\t\t\t\t\t\t<p>Le cours <strong>TEC 50 de PADI<\/strong> est l\u2019\u00e9tape ultime avant de vous lancer dans des plong\u00e9es techniques encore plus complexes. Ce programme vous permettra d\u2019atteindre des profondeurs allant jusqu\u2019\u00e0 50 m\u00e8tres, avec des plong\u00e9es \u00e0 d\u00e9compression prolong\u00e9es, tout en perfectionnant vos comp\u00e9tences et votre ma\u00eetrise des proc\u00e9dures avanc\u00e9es.<\/p><h4><span style=\"color: #6ec1e4;\"><strong>Au programme :<\/strong><\/span><\/h4><ol><li><strong>Formation th\u00e9orique :<\/strong><ul><li>Compr\u00e9hension approfondie des plong\u00e9es multi-niveaux et multi-gaz.<\/li><li>Planification de plong\u00e9es techniques avec des m\u00e9langes gazeux enrichis et de l\u2019oxyg\u00e8ne pur.<\/li><li>Gestion des risques accrus li\u00e9s aux plong\u00e9es profondes et \u00e0 la d\u00e9compression avanc\u00e9e.<\/li><li>Analyse des sc\u00e9narios d\u2019urgence et planification des interventions adapt\u00e9es.<\/li><\/ul><\/li><li><strong>Pratique en milieu prot\u00e9g\u00e9 :<\/strong><ul><li>Perfectionnement des comp\u00e9tences acquises aux cours TEC 40 et TEC 45.<\/li><li>Entra\u00eenement \u00e0 la gestion de plusieurs blocs.<\/li><li>Simulations de sc\u00e9narios techniques complexes et gestion avanc\u00e9e des \u00e9quipements.<\/li><\/ul><\/li><li><strong>Plong\u00e9es en milieu naturel :<\/strong><ul><li>R\u00e9alisation de plong\u00e9es techniques jusqu\u2019\u00e0 une profondeur maximale de 50 m\u00e8tres.<\/li><li>Ex\u00e9cution de plong\u00e9es \u00e0 d\u00e9compression prolong\u00e9es en utilisant des m\u00e9langes gazeux adapt\u00e9s.<\/li><li>Pratique avanc\u00e9e des proc\u00e9dures de s\u00e9curit\u00e9 et des techniques de communication en \u00e9quipe.<\/li><\/ul><\/li><\/ol><h4><span style=\"color: #6ec1e4;\"><strong>Pourquoi choisir le cours TEC 50 ?<\/strong><\/span><\/h4><p>Ce cours vous offre une ma\u00eetrise compl\u00e8te des techniques de plong\u00e9e technique et constitue une pr\u00e9paration id\u00e9ale pour les environnements sous-marins les plus exigeants. Vous apprendrez \u00e0 planifier et \u00e0 ex\u00e9cuter des plong\u00e9es complexes tout en renfor\u00e7ant votre autonomie et votre confiance dans des conditions extr\u00eames.<\/p><p>Atteignez de nouvelles profondeurs et d\u00e9couvrez les possibilit\u00e9s infinies de la plong\u00e9e technique avec le cours TEC 50. R\u00e9servez votre place d\u00e8s maintenant pour repousser vos limites sous-marines !<\/p>\t\t\t\t\t\t<\/div>\n\t\t\t\t<\/div>\n\t\t\t\t\t<\/div>\n\t\t\t\t<\/div>\n\t\t<div class=\"elementor-element elementor-element-e191a1a e-flex e-con-boxed e-con e-parent\" data-id=\"e191a1a\" data-element_type=\"container\">\n\t\t\t\t\t<div class=\"e-con-inner\">\n\t\t<div class=\"elementor-element elementor-element-da2cba5 e-grid e-con-full e-con e-child\" data-id=\"da2cba5\" data-element_type=\"container\">\n\t\t\t\t<div class=\"elementor-element elementor-element-b8cf65d elementor-widget elementor-widget-text-editor\" data-id=\"b8cf65d\" data-element_type=\"widget\" data-widget_type=\"text-editor.default\">\n\t\t\t\t<div class=\"elementor-widget-container\">\n\t\t\t\t\t\t\t<h4 style=\"text-align: center;\"><span style=\"color: #6ec1e4;\"><strong>Prix :<\/strong><\/span><\/h4><ul><li>TEC 50 : 990.-<\/li><li>TEC 40 +45 + 50 : 2490.-<\/li><\/ul>\t\t\t\t\t\t<\/div>\n\t\t\t\t<\/div>\n\t\t\t\t<div class=\"elementor-element elementor-element-9310930 elementor-widget elementor-widget-text-editor\" data-id=\"9310930\" data-element_type=\"widget\" data-widget_type=\"text-editor.default\">\n\t\t\t\t<div class=\"elementor-widget-container\">\n\t\t\t\t\t\t\t<h4 style=\"text-align: center;\"><span style=\"color: #6ec1e4;\"><strong>Conditions :<\/strong><\/span><\/h4><ul><li>\u00c2ge : \u00e0 partir de 18 ans<\/li><li>\u00catre certifi\u00e9 TEC 45<\/li><li>Avoir effectu\u00e9 au moins 100 plong\u00e9es<\/li><li>Fournir un certificat m\u00e9dical .<\/li><\/ul>\t\t\t\t\t\t<\/div>\n\t\t\t\t<\/div>\n\t\t\t\t<div class=\"elementor-element elementor-element-1c5eb61 elementor-widget elementor-widget-text-editor\" data-id=\"1c5eb61\" data-element_type=\"widget\" data-widget_type=\"text-editor.default\">\n\t\t\t\t<div class=\"elementor-widget-container\">\n\t\t\t\t\t\t\t<h4 style=\"text-align: center;\"><span style=\"color: #6ec1e4;\"><strong>Tout inclus :<\/strong>\u00a0<\/span><\/h4><ul><li>Th\u00e9orie en ligne (E-learning)<\/li><li>Equipement Tec<\/li><li>Gaz<\/li><li>4 plong\u00e9es en milieu naturel<\/li><li>Certification<\/li><\/ul>\t\t\t\t\t\t<\/div>\n\t\t\t\t<\/div>\n\t\t\t\t<\/div>\n\t\t\t\t\t<\/div>\n\t\t\t\t<\/div>\n\t\t\t\t<\/div>\n\t\t","protected":false},"excerpt":{"rendered":"<p>PADI TEC 50 Le cours TEC 50 de PADI est l\u2019\u00e9tape ultime avant de vous lancer dans des plong\u00e9es techniques encore plus complexes. Ce programme vous permettra d\u2019atteindre des profondeurs allant jusqu\u2019\u00e0 50 m\u00e8tres, avec des plong\u00e9es \u00e0 d\u00e9compression prolong\u00e9es, tout en perfectionnant vos comp\u00e9tences et votre ma\u00eetrise des proc\u00e9dures \u2026<\/p>\n","protected":false},"author":1,"featured_media":2733,"parent":0,"menu_order":0,"comment_status":"closed","ping_status":"closed","template":"","meta":{"footnotes":""},"class_list":["post-2749","page","type-page","status-publish","has-post-thumbnail","hentry"],"_links":{"self":[{"href":"https:\/\/www.pure-motivation.ch\/wordpress\/wp-json\/wp\/v2\/pages\/2749","targetHints":{"allow":["GET"]}}],"collection":[{"href":"https:\/\/www.pure-motivation.ch\/wordpress\/wp-json\/wp\/v2\/pages"}],"about":[{"href":"https:\/\/www.pure-motivation.ch\/wordpress\/wp-json\/wp\/v2\/types\/page"}],"author":[{"embeddable":true,"href":"https:\/\/www.pure-motivation.ch\/wordpress\/wp-json\/wp\/v2\/users\/1"}],"replies":[{"embeddable":true,"href":"https:\/\/www.pure-motivation.ch\/wordpress\/wp-json\/wp\/v2\/comments?post=2749"}],"version-history":[{"count":16,"href":"https:\/\/www.pure-motivation.ch\/wordpress\/wp-json\/wp\/v2\/pages\/2749\/revisions"}],"predecessor-version":[{"id":3795,"href":"https:\/\/www.pure-motivation.ch\/wordpress\/wp-json\/wp\/v2\/pages\/2749\/revisions\/3795"}],"wp:featuredmedia":[{"embeddable":true,"href":"https:\/\/www.pure-motivation.ch\/wordpress\/wp-json\/wp\/v2\/media\/2733"}],"wp:attachment":[{"href":"https:\/\/www.pure-motivation.ch\/wordpress\/wp-json\/wp\/v2\/media?parent=2749"}],"curies":[{"name":"wp","href":"https:\/\/api.w.org\/{rel}","templated":true}]}}