{"id":2739,"date":"2025-01-18T17:26:08","date_gmt":"2025-01-18T16:26:08","guid":{"rendered":"https:\/\/www.pure-motivation.ch\/wordpress\/?page_id=2739"},"modified":"2025-02-07T18:08:02","modified_gmt":"2025-02-07T17:08:02","slug":"tec-45","status":"publish","type":"page","link":"https:\/\/www.pure-motivation.ch\/wordpress\/tec-45\/","title":{"rendered":"TEC 45"},"content":{"rendered":"\t\t<div data-elementor-type=\"wp-page\" data-elementor-id=\"2739\" class=\"elementor elementor-2739\">\n\t\t\t\t<div class=\"elementor-element elementor-element-978dd1e e-flex e-con-boxed e-con e-parent\" data-id=\"978dd1e\" data-element_type=\"container\">\n\t\t\t\t\t<div class=\"e-con-inner\">\n\t\t\t\t<div class=\"elementor-element elementor-element-92eab32 elementor-widget elementor-widget-heading\" data-id=\"92eab32\" data-element_type=\"widget\" data-widget_type=\"heading.default\">\n\t\t\t\t<div class=\"elementor-widget-container\">\n\t\t\t<h2 class=\"elementor-heading-title elementor-size-default\">PADI TEC 45<\/h2>\t\t<\/div>\n\t\t\t\t<\/div>\n\t\t\t\t\t<\/div>\n\t\t\t\t<\/div>\n\t\t<div class=\"elementor-element elementor-element-c67b557 e-flex e-con-boxed e-con e-parent\" data-id=\"c67b557\" data-element_type=\"container\">\n\t\t\t\t\t<div class=\"e-con-inner\">\n\t\t\t\t<div class=\"elementor-element elementor-element-0193580 elementor-widget elementor-widget-text-editor\" data-id=\"0193580\" data-element_type=\"widget\" data-widget_type=\"text-editor.default\">\n\t\t\t\t<div class=\"elementor-widget-container\">\n\t\t\t\t\t\t\t<p>Le cours <strong>TEC 45 de PADI<\/strong> vous permet de franchir une nouvelle \u00e9tape dans votre progression en plong\u00e9e technique. Il \u00e9tend vos comp\u00e9tences pour vous permettre d\u2019\u00e9voluer \u00e0 des profondeurs accrues, tout en vous donnant les outils pour planifier et ex\u00e9cuter des plong\u00e9es \u00e0 d\u00e9compression sans limite de temps.<\/p><h4><span style=\"color: #6ec1e4;\"><strong>Au programme :<\/strong><\/span><\/h4><ol><li><strong>Formation th\u00e9orique :<\/strong><ul><li>Compr\u00e9hension approfondie des proc\u00e9dures de plong\u00e9e \u00e0 d\u00e9compression<\/li><li>Planification de plong\u00e9es allant jusqu\u2019\u00e0 45 m\u00e8tres.<\/li><li>Gestion des \u00e9quipements redondants et de gaz de d\u00e9co, comme l\u2019oxyg\u00e8ne pur.<\/li><li>Analyse des risques et gestion des situations d\u2019urgence sp\u00e9cifiques \u00e0 la plong\u00e9e technique.<\/li><\/ul><\/li><li><strong>Pratique en milieu prot\u00e9g\u00e9 :<\/strong><ul><li>R\u00e9vision et perfectionnement des comp\u00e9tences apprises au cours TEC 40.<\/li><li>Entra\u00eenement \u00e0 la gestion de blocs additionnels et \u00e0 l\u2019utilisation de gaz de d\u00e9compression.<\/li><li>Simulation de sc\u00e9narios complexes et gestion d\u2019incidents techniques.<\/li><\/ul><\/li><li><strong>Plong\u00e9es en milieu naturel :<\/strong><ul><li>Application des comp\u00e9tences \u00e0 des plong\u00e9es techniques r\u00e9elles.<\/li><li>R\u00e9alisation de plong\u00e9es \u00e0 d\u00e9compression avec l\u2019utilisation de gaz enrichis et d\u2019oxyg\u00e8ne pur pour la d\u00e9co.<\/li><li>Ma\u00eetrise des proc\u00e9dures de communication et des protocoles d\u2019\u00e9quipe.<\/li><\/ul><\/li><\/ol><h4><span style=\"color: #6ec1e4;\"><strong>Pourquoi choisir le cours TEC 45 ?<\/strong><\/span><\/h4><p>Ce programme est con\u00e7u pour les plongeurs techniques qui souhaitent repousser leurs limites tout en am\u00e9liorant leur ma\u00eetrise et leur autonomie. Vous apprendrez \u00e0 g\u00e9rer des plong\u00e9es techniques plus complexes, \u00e0 explorer des environnements plus profonds, et \u00e0 renforcer votre confiance dans des situations exigeantes.<\/p><p>Poursuivez votre exploration technique avec le cours TEC 45 et d\u00e9couvrez de nouvelles possibilit\u00e9s dans l\u2019univers sous-marin. R\u00e9servez votre place d\u00e8s aujourd\u2019hui !<\/p>\t\t\t\t\t\t<\/div>\n\t\t\t\t<\/div>\n\t\t\t\t\t<\/div>\n\t\t\t\t<\/div>\n\t\t<div class=\"elementor-element elementor-element-94f8baf e-flex e-con-boxed e-con e-parent\" data-id=\"94f8baf\" data-element_type=\"container\">\n\t\t\t\t\t<div class=\"e-con-inner\">\n\t\t<div class=\"elementor-element elementor-element-b14bdc6 e-grid e-con-full e-con e-child\" data-id=\"b14bdc6\" data-element_type=\"container\">\n\t\t\t\t<div class=\"elementor-element elementor-element-3219ab5 elementor-widget elementor-widget-text-editor\" data-id=\"3219ab5\" data-element_type=\"widget\" data-widget_type=\"text-editor.default\">\n\t\t\t\t<div class=\"elementor-widget-container\">\n\t\t\t\t\t\t\t<h4 style=\"text-align: center;\"><span style=\"color: #6ec1e4;\"><strong>Prix :<\/strong><\/span><\/h4><ul><li>TEC 45 : 990.-<\/li><li>TEC 40 + 45 : 1590.-<\/li><li>TEC 40 + 45 + 50 : 2490.-<\/li><\/ul>\t\t\t\t\t\t<\/div>\n\t\t\t\t<\/div>\n\t\t\t\t<div class=\"elementor-element elementor-element-c9c9f38 elementor-widget elementor-widget-text-editor\" data-id=\"c9c9f38\" data-element_type=\"widget\" data-widget_type=\"text-editor.default\">\n\t\t\t\t<div class=\"elementor-widget-container\">\n\t\t\t\t\t\t\t<h4 style=\"text-align: center;\"><span style=\"color: #6ec1e4;\"><strong>Conditions :<\/strong><\/span><\/h4><ul><li>\u00c2ge : \u00e0 partir de 18 ans<\/li><li>\u00catre certifi\u00e9 TEC 40<\/li><li>\u00catre certifi\u00e9 Rescue Diver<\/li><li>Avoir effectu\u00e9 au moins 50 plong\u00e9es<\/li><li>Fournir un certificat m\u00e9dical .<\/li><\/ul>\t\t\t\t\t\t<\/div>\n\t\t\t\t<\/div>\n\t\t\t\t<div class=\"elementor-element elementor-element-92af3c6 elementor-widget elementor-widget-text-editor\" data-id=\"92af3c6\" data-element_type=\"widget\" data-widget_type=\"text-editor.default\">\n\t\t\t\t<div class=\"elementor-widget-container\">\n\t\t\t\t\t\t\t<h4 style=\"text-align: center;\"><span style=\"color: #6ec1e4;\"><strong>Tout inclus :<\/strong>\u00a0<\/span><\/h4><ul><li>Th\u00e9orie en ligne (E-learning)<\/li><li>Equipement Tec\u00a0<\/li><li>Gaz<\/li><li>4 plong\u00e9es en milieu naturel<\/li><li>Certification<\/li><\/ul>\t\t\t\t\t\t<\/div>\n\t\t\t\t<\/div>\n\t\t\t\t<\/div>\n\t\t\t\t\t<\/div>\n\t\t\t\t<\/div>\n\t\t\t\t<\/div>\n\t\t","protected":false},"excerpt":{"rendered":"<p>PADI TEC 45 Le cours TEC 45 de PADI vous permet de franchir une nouvelle \u00e9tape dans votre progression en plong\u00e9e technique. Il \u00e9tend vos comp\u00e9tences pour vous permettre d\u2019\u00e9voluer \u00e0 des profondeurs accrues, tout en vous donnant les outils pour planifier et ex\u00e9cuter des plong\u00e9es \u00e0 d\u00e9compression sans limite \u2026<\/p>\n","protected":false},"author":1,"featured_media":2550,"parent":0,"menu_order":0,"comment_status":"closed","ping_status":"closed","template":"","meta":{"footnotes":""},"class_list":["post-2739","page","type-page","status-publish","has-post-thumbnail","hentry"],"_links":{"self":[{"href":"https:\/\/www.pure-motivation.ch\/wordpress\/wp-json\/wp\/v2\/pages\/2739","targetHints":{"allow":["GET"]}}],"collection":[{"href":"https:\/\/www.pure-motivation.ch\/wordpress\/wp-json\/wp\/v2\/pages"}],"about":[{"href":"https:\/\/www.pure-motivation.ch\/wordpress\/wp-json\/wp\/v2\/types\/page"}],"author":[{"embeddable":true,"href":"https:\/\/www.pure-motivation.ch\/wordpress\/wp-json\/wp\/v2\/users\/1"}],"replies":[{"embeddable":true,"href":"https:\/\/www.pure-motivation.ch\/wordpress\/wp-json\/wp\/v2\/comments?post=2739"}],"version-history":[{"count":19,"href":"https:\/\/www.pure-motivation.ch\/wordpress\/wp-json\/wp\/v2\/pages\/2739\/revisions"}],"predecessor-version":[{"id":3801,"href":"https:\/\/www.pure-motivation.ch\/wordpress\/wp-json\/wp\/v2\/pages\/2739\/revisions\/3801"}],"wp:featuredmedia":[{"embeddable":true,"href":"https:\/\/www.pure-motivation.ch\/wordpress\/wp-json\/wp\/v2\/media\/2550"}],"wp:attachment":[{"href":"https:\/\/www.pure-motivation.ch\/wordpress\/wp-json\/wp\/v2\/media?parent=2739"}],"curies":[{"name":"wp","href":"https:\/\/api.w.org\/{rel}","templated":true}]}}