{"id":2710,"date":"2025-01-18T14:54:14","date_gmt":"2025-01-18T13:54:14","guid":{"rendered":"https:\/\/www.pure-motivation.ch\/wordpress\/?page_id=2710"},"modified":"2026-03-30T20:52:16","modified_gmt":"2026-03-30T18:52:16","slug":"freediver","status":"publish","type":"page","link":"https:\/\/www.pure-motivation.ch\/wordpress\/freediver\/","title":{"rendered":"Freediver"},"content":{"rendered":"\t\t<div data-elementor-type=\"wp-page\" data-elementor-id=\"2710\" class=\"elementor elementor-2710\">\n\t\t\t\t<div class=\"elementor-element elementor-element-eeb73ef e-flex e-con-boxed e-con e-parent\" data-id=\"eeb73ef\" data-element_type=\"container\">\n\t\t\t\t\t<div class=\"e-con-inner\">\n\t\t\t\t<div class=\"elementor-element elementor-element-e9e10da elementor-widget elementor-widget-heading\" data-id=\"e9e10da\" data-element_type=\"widget\" data-widget_type=\"heading.default\">\n\t\t\t\t<div class=\"elementor-widget-container\">\n\t\t\t<h2 class=\"elementor-heading-title elementor-size-default\">Freediver<\/h2>\t\t<\/div>\n\t\t\t\t<\/div>\n\t\t\t\t\t<\/div>\n\t\t\t\t<\/div>\n\t\t<div class=\"elementor-element elementor-element-44fa034 e-flex e-con-boxed e-con e-parent\" data-id=\"44fa034\" data-element_type=\"container\">\n\t\t\t\t\t<div class=\"e-con-inner\">\n\t\t\t\t<div class=\"elementor-element elementor-element-90293c8 elementor-widget elementor-widget-text-editor\" data-id=\"90293c8\" data-element_type=\"widget\" data-widget_type=\"text-editor.default\">\n\t\t\t\t<div class=\"elementor-widget-container\">\n\t\t\t\t\t\t\t<p>La formation <strong>Freediver<\/strong> est votre porte d\u2019entr\u00e9e vers les profondeurs et une exploration plus avanc\u00e9e de l\u2019apn\u00e9e. Que vous soyez d\u00e9butant ou d\u00e9j\u00e0 en possession du Basic Freediver, ce programme complet vous permettra d\u2019explorer diff\u00e9rentes facettes de cette discipline fascinante.<\/p><h4><span style=\"color: #6ec1e4;\"><strong>Au programme :<\/strong><\/span><\/h4><ol><li><strong>Formation th\u00e9orique compl\u00e8te :<\/strong><ul><li>Comprendre les m\u00e9canismes physiques et physiologiques de l\u2019apn\u00e9e.<\/li><li>D\u00e9couvrir les diff\u00e9rentes disciplines existantes.<\/li><li>Se familiariser avec le mat\u00e9riel sp\u00e9cifique et les connaissances li\u00e9es au milieu marin.<\/li><\/ul><\/li><li><strong>Pratique en piscine :<\/strong><br \/>Dans un environnement prot\u00e9g\u00e9, vous apprendrez \u00e0 maitriser :<ul><li>Les diff\u00e9rents types de respiration.<\/li><li>L\u2019apn\u00e9e statique pour am\u00e9liorer votre confort et votre capacit\u00e9 d\u2019immobilit\u00e9 sous l\u2019eau.<\/li><li>L\u2019apn\u00e9e dynamique, avec ou sans palmes, pour perfectionner vos d\u00e9placements.<\/li><li>Les techniques d\u2019immersion et de descente.<\/li><li>Les techniques de s\u00e9curit\u00e9 et de secourisme.<\/li><\/ul><\/li><li><strong>Pratique en milieu naturel :<\/strong><br \/>En appliquant les techniques abord\u00e9es en piscine, vous d\u00e9couvrirez les sensations uniques de la plong\u00e9e en profondeur gr\u00e2ce \u00e0 :<ul><li>L\u2019apn\u00e9e en immersion libre.<\/li><li>L\u2019apn\u00e9e en poids constant.<\/li><li>Les pratiques de s\u00e9curit\u00e9 et de secourisme lors de plong\u00e9es profondes.<\/li><\/ul><\/li><\/ol><h4><span style=\"color: #6ec1e4;\"><strong>Pourquoi choisir la formation Freediver ?<\/strong><\/span><\/h4><p>Ce cours progressif et structur\u00e9 vous permettra de repousser vos limites tout en \u00e9voluant en toute s\u00e9curit\u00e9. Id\u00e9al pour explorer le milieu naturel, il vous offrira une ma\u00eetrise accrue et une confiance renforc\u00e9e gr\u00e2ce \u00e0 un encadrement professionnel.<\/p><p>Explorez vos limites, d\u00e9couvrez une nouvelle dimension aquatique et r\u00e9v\u00e9lez votre v\u00e9ritable potentiel avec la formation Freediver. R\u00e9servez d\u00e8s aujourd\u2019hui pour vivre une exp\u00e9rience inoubliable !<\/p>\t\t\t\t\t\t<\/div>\n\t\t\t\t<\/div>\n\t\t\t\t\t<\/div>\n\t\t\t\t<\/div>\n\t\t<div class=\"elementor-element elementor-element-3d0d27a e-flex e-con-boxed e-con e-parent\" data-id=\"3d0d27a\" data-element_type=\"container\">\n\t\t\t\t\t<div class=\"e-con-inner\">\n\t\t<div class=\"elementor-element elementor-element-b8eb211 e-grid e-con-full e-con e-child\" data-id=\"b8eb211\" data-element_type=\"container\">\n\t\t\t\t<div class=\"elementor-element elementor-element-d1a9cff elementor-widget elementor-widget-text-editor\" data-id=\"d1a9cff\" data-element_type=\"widget\" data-widget_type=\"text-editor.default\">\n\t\t\t\t<div class=\"elementor-widget-container\">\n\t\t\t\t\t\t\t<h4 style=\"text-align: center;\"><span style=\"color: #6ec1e4;\"><strong>Prix :<\/strong><\/span><\/h4><ul><li>Freediver : 790.-<\/li><li>Inscription \u00e0 2 : 690.- \/pers.<\/li><li>Si vous \u00eates d\u00e9j\u00e0 Basic Freediver : 290.- tout inclus<\/li><\/ul>\t\t\t\t\t\t<\/div>\n\t\t\t\t<\/div>\n\t\t\t\t<div class=\"elementor-element elementor-element-e5ab0d5 elementor-widget elementor-widget-text-editor\" data-id=\"e5ab0d5\" data-element_type=\"widget\" data-widget_type=\"text-editor.default\">\n\t\t\t\t<div class=\"elementor-widget-container\">\n\t\t\t\t\t\t\t<h4 style=\"text-align: center;\"><span style=\"color: #6ec1e4;\"><strong>Conditions :<\/strong><\/span><\/h4><ul><li>Avoir 12 ans r\u00e9volus<\/li><li>Savoir nager<\/li><li>\u00catre en bonne sant\u00e9<\/li><\/ul>\t\t\t\t\t\t<\/div>\n\t\t\t\t<\/div>\n\t\t\t\t<div class=\"elementor-element elementor-element-20d3c23 elementor-widget elementor-widget-text-editor\" data-id=\"20d3c23\" data-element_type=\"widget\" data-widget_type=\"text-editor.default\">\n\t\t\t\t<div class=\"elementor-widget-container\">\n\t\t\t\t\t\t\t<h4 style=\"text-align: center;\"><span style=\"color: #6ec1e4;\"><strong>Tout inclus :<\/strong>\u00a0<\/span><\/h4><ul><li>E-learning<\/li><li>Pr\u00eat du mat\u00e9riel<\/li><li>Dur\u00e9e 2 \u00e0 3 jours<\/li><li>Certification\u00a0<\/li><\/ul>\t\t\t\t\t\t<\/div>\n\t\t\t\t<\/div>\n\t\t\t\t<\/div>\n\t\t\t\t\t<\/div>\n\t\t\t\t<\/div>\n\t\t<div class=\"elementor-element elementor-element-8852a34 e-flex e-con-boxed e-con e-parent\" data-id=\"8852a34\" data-element_type=\"container\">\n\t\t\t\t\t<div class=\"e-con-inner\">\n\t\t\t\t<div class=\"elementor-element elementor-element-650c24f elementor-widget elementor-widget-heading\" data-id=\"650c24f\" data-element_type=\"widget\" data-widget_type=\"heading.default\">\n\t\t\t\t<div class=\"elementor-widget-container\">\n\t\t\t<h2 class=\"elementor-heading-title elementor-size-default\">Cours organis\u00e9s sur demande de Mai \u00e0 Octobre sur Gen\u00e8ve, Vaud et Valais<\/h2>\t\t<\/div>\n\t\t\t\t<\/div>\n\t\t\t\t\t<\/div>\n\t\t\t\t<\/div>\n\t\t\t\t<\/div>\n\t\t","protected":false},"excerpt":{"rendered":"<p>Freediver La formation Freediver est votre porte d\u2019entr\u00e9e vers les profondeurs et une exploration plus avanc\u00e9e de l\u2019apn\u00e9e. Que vous soyez d\u00e9butant ou d\u00e9j\u00e0 en possession du Basic Freediver, ce programme complet vous permettra d\u2019explorer diff\u00e9rentes facettes de cette discipline fascinante. Au programme : Formation th\u00e9orique compl\u00e8te : Comprendre les \u2026<\/p>\n","protected":false},"author":1,"featured_media":1403,"parent":0,"menu_order":0,"comment_status":"closed","ping_status":"closed","template":"","meta":{"footnotes":""},"class_list":["post-2710","page","type-page","status-publish","has-post-thumbnail","hentry"],"_links":{"self":[{"href":"https:\/\/www.pure-motivation.ch\/wordpress\/wp-json\/wp\/v2\/pages\/2710","targetHints":{"allow":["GET"]}}],"collection":[{"href":"https:\/\/www.pure-motivation.ch\/wordpress\/wp-json\/wp\/v2\/pages"}],"about":[{"href":"https:\/\/www.pure-motivation.ch\/wordpress\/wp-json\/wp\/v2\/types\/page"}],"author":[{"embeddable":true,"href":"https:\/\/www.pure-motivation.ch\/wordpress\/wp-json\/wp\/v2\/users\/1"}],"replies":[{"embeddable":true,"href":"https:\/\/www.pure-motivation.ch\/wordpress\/wp-json\/wp\/v2\/comments?post=2710"}],"version-history":[{"count":19,"href":"https:\/\/www.pure-motivation.ch\/wordpress\/wp-json\/wp\/v2\/pages\/2710\/revisions"}],"predecessor-version":[{"id":4271,"href":"https:\/\/www.pure-motivation.ch\/wordpress\/wp-json\/wp\/v2\/pages\/2710\/revisions\/4271"}],"wp:featuredmedia":[{"embeddable":true,"href":"https:\/\/www.pure-motivation.ch\/wordpress\/wp-json\/wp\/v2\/media\/1403"}],"wp:attachment":[{"href":"https:\/\/www.pure-motivation.ch\/wordpress\/wp-json\/wp\/v2\/media?parent=2710"}],"curies":[{"name":"wp","href":"https:\/\/api.w.org\/{rel}","templated":true}]}}