{"id":2697,"date":"2025-01-18T14:27:54","date_gmt":"2025-01-18T13:27:54","guid":{"rendered":"https:\/\/www.pure-motivation.ch\/wordpress\/?page_id=2697"},"modified":"2026-03-30T20:34:34","modified_gmt":"2026-03-30T18:34:34","slug":"initiation-dapnee","status":"publish","type":"page","link":"https:\/\/www.pure-motivation.ch\/wordpress\/initiation-dapnee\/","title":{"rendered":"Initiation d&rsquo;apn\u00e9e"},"content":{"rendered":"\t\t<div data-elementor-type=\"wp-page\" data-elementor-id=\"2697\" class=\"elementor elementor-2697\">\n\t\t\t\t<div class=\"elementor-element elementor-element-991ea2c e-flex e-con-boxed e-con e-parent\" data-id=\"991ea2c\" data-element_type=\"container\" data-e-type=\"container\">\n\t\t\t\t\t<div class=\"e-con-inner\">\n\t\t\t\t<div class=\"elementor-element elementor-element-a0bf86a elementor-widget elementor-widget-heading\" data-id=\"a0bf86a\" data-element_type=\"widget\" data-e-type=\"widget\" data-widget_type=\"heading.default\">\n\t\t\t\t<div class=\"elementor-widget-container\">\n\t\t\t\t\t<h2 class=\"elementor-heading-title elementor-size-default\">Initiation d'apn\u00e9e en piscine <\/h2>\t\t\t\t<\/div>\n\t\t\t\t<\/div>\n\t\t\t\t\t<\/div>\n\t\t\t\t<\/div>\n\t\t<div class=\"elementor-element elementor-element-18bd56d e-flex e-con-boxed e-con e-parent\" data-id=\"18bd56d\" data-element_type=\"container\" data-e-type=\"container\">\n\t\t\t\t\t<div class=\"e-con-inner\">\n\t\t\t\t<div class=\"elementor-element elementor-element-ad40bf9 elementor-widget elementor-widget-text-editor\" data-id=\"ad40bf9\" data-element_type=\"widget\" data-e-type=\"widget\" data-widget_type=\"text-editor.default\">\n\t\t\t\t<div class=\"elementor-widget-container\">\n\t\t\t\t\t\t\t\t\t<p>Plongez dans l\u2019univers fascinant de l\u2019apn\u00e9e gr\u00e2ce \u00e0 une initiation sp\u00e9cialement con\u00e7ue pour les d\u00e9butants. Encadr\u00e9e par un professionnel exp\u00e9riment\u00e9, cette exp\u00e9rience en piscine vous permettra de d\u00e9couvrir les bases de l\u2019apn\u00e9e en toute s\u00e9curit\u00e9, dans un environnement contr\u00f4l\u00e9 et adapt\u00e9 \u00e0 votre niveau.<\/p><h4><span style=\"color: #6ec1e4;\"><strong>Au programme :<\/strong><\/span><\/h4><ol><li><strong>Introduction th\u00e9orique :<\/strong> Une pr\u00e9sentation des concepts fondamentaux de l\u2019apn\u00e9e, des techniques de respiration, et des r\u00e8gles essentielles pour \u00e9voluer en s\u00e9curit\u00e9.<\/li><li><strong>D\u00e9couverte du mat\u00e9riel :<\/strong> Familiarisation avec les \u00e9quipements sp\u00e9cifiques comme le masque, le tuba, et les palmes.<\/li><li><strong>Exercices pratiques :<\/strong> Initiation \u00e0 l&rsquo;apn\u00e9e statique et dynamique avec et sans palmes.<\/li><\/ol><h4><span style=\"color: #6ec1e4;\"><strong>Pourquoi essayer l\u2019apn\u00e9e ?<\/strong><\/span><\/h4><p>L\u2019apn\u00e9e est bien plus qu\u2019un sport : c\u2019est une exp\u00e9rience de reconnexion avec soi-m\u00eame et la nature. Elle d\u00e9veloppe la ma\u00eetrise de soi, am\u00e9liore la respiration, et procure une sensation unique de libert\u00e9.<\/p><p>Prenez une grande inspiration et laissez-vous surprendre par ce que votre corps et votre esprit peuvent accomplir. R\u00e9servez votre initiation d\u00e8s aujourd\u2019hui !<\/p><hr \/>\t\t\t\t\t\t\t\t<\/div>\n\t\t\t\t<\/div>\n\t\t\t\t\t<\/div>\n\t\t\t\t<\/div>\n\t\t<div class=\"elementor-element elementor-element-929e525 e-flex e-con-boxed e-con e-parent\" data-id=\"929e525\" data-element_type=\"container\" data-e-type=\"container\">\n\t\t\t\t\t<div class=\"e-con-inner\">\n\t\t<div class=\"elementor-element elementor-element-68c4516 e-grid e-con-full e-con e-child\" data-id=\"68c4516\" data-element_type=\"container\" data-e-type=\"container\">\n\t\t\t\t<div class=\"elementor-element elementor-element-dcfb470 elementor-widget elementor-widget-text-editor\" data-id=\"dcfb470\" data-element_type=\"widget\" data-e-type=\"widget\" data-widget_type=\"text-editor.default\">\n\t\t\t\t<div class=\"elementor-widget-container\">\n\t\t\t\t\t\t\t\t\t<h4 style=\"text-align: center;\"><span style=\"color: #6ec1e4;\"><strong>Prix :<\/strong><\/span><\/h4><ul><li>Initiation piscine : 80.-<\/li><\/ul>\t\t\t\t\t\t\t\t<\/div>\n\t\t\t\t<\/div>\n\t\t\t\t<div class=\"elementor-element elementor-element-137ebf3 elementor-widget elementor-widget-text-editor\" data-id=\"137ebf3\" data-element_type=\"widget\" data-e-type=\"widget\" data-widget_type=\"text-editor.default\">\n\t\t\t\t<div class=\"elementor-widget-container\">\n\t\t\t\t\t\t\t\t\t<h4 style=\"text-align: center;\"><span style=\"color: #6ec1e4;\"><strong>Conditions :<\/strong><\/span><\/h4><ul><li>\u00c2ge : \u00e0 partir de 12 ans<\/li><li>\u00catre en bonne sant\u00e9<\/li><li>Savoir nager<\/li><\/ul>\t\t\t\t\t\t\t\t<\/div>\n\t\t\t\t<\/div>\n\t\t\t\t<div class=\"elementor-element elementor-element-4bf32e6 elementor-widget elementor-widget-text-editor\" data-id=\"4bf32e6\" data-element_type=\"widget\" data-e-type=\"widget\" data-widget_type=\"text-editor.default\">\n\t\t\t\t<div class=\"elementor-widget-container\">\n\t\t\t\t\t\t\t\t\t<h4 style=\"text-align: center;\"><span style=\"color: #6ec1e4;\"><strong>Tout inclus :<\/strong>\u00a0<\/span><\/h4><ul><li>Th\u00e9orie, briefing<\/li><li>Equipement<\/li><li>Dur\u00e9e 2h environ<\/li><\/ul>\t\t\t\t\t\t\t\t<\/div>\n\t\t\t\t<\/div>\n\t\t\t\t<\/div>\n\t\t\t\t\t<\/div>\n\t\t\t\t<\/div>\n\t\t<div class=\"elementor-element elementor-element-e601ddf e-flex e-con-boxed e-con e-parent\" data-id=\"e601ddf\" data-element_type=\"container\" data-e-type=\"container\">\n\t\t\t\t\t<div class=\"e-con-inner\">\n\t\t\t\t<div class=\"elementor-element elementor-element-ae509b2 elementor-widget elementor-widget-heading\" data-id=\"ae509b2\" data-element_type=\"widget\" data-e-type=\"widget\" data-widget_type=\"heading.default\">\n\t\t\t\t<div class=\"elementor-widget-container\">\n\t\t\t\t\t<h2 class=\"elementor-heading-title elementor-size-default\">Cours organis\u00e9s sur demande \u00e0 Gen\u00e8ve et en Valais<\/h2>\t\t\t\t<\/div>\n\t\t\t\t<\/div>\n\t\t\t\t\t<\/div>\n\t\t\t\t<\/div>\n\t\t\t\t<\/div>\n\t\t","protected":false},"excerpt":{"rendered":"<p>Initiation d&rsquo;apn\u00e9e en piscine Plongez dans l\u2019univers fascinant de l\u2019apn\u00e9e gr\u00e2ce \u00e0 une initiation sp\u00e9cialement con\u00e7ue pour les d\u00e9butants. Encadr\u00e9e par un professionnel exp\u00e9riment\u00e9, cette exp\u00e9rience en piscine vous permettra de d\u00e9couvrir les bases de l\u2019apn\u00e9e en toute s\u00e9curit\u00e9, dans un environnement contr\u00f4l\u00e9 et adapt\u00e9 \u00e0 votre niveau. Au programme \u2026<\/p>\n","protected":false},"author":1,"featured_media":2788,"parent":0,"menu_order":0,"comment_status":"closed","ping_status":"closed","template":"","meta":{"footnotes":""},"class_list":["post-2697","page","type-page","status-publish","has-post-thumbnail","hentry"],"yoast_head":"<!-- This site is optimized with the Yoast SEO plugin v21.5 - https:\/\/yoast.com\/wordpress\/plugins\/seo\/ -->\n<title>Initiation d&#039;apn\u00e9e - Pure Motivation<\/title>\n<meta name=\"robots\" content=\"index, follow, max-snippet:-1, max-image-preview:large, max-video-preview:-1\" \/>\n<link rel=\"canonical\" href=\"https:\/\/www.pure-motivation.ch\/wordpress\/initiation-dapnee\/\" \/>\n<meta property=\"og:locale\" content=\"fr_FR\" \/>\n<meta property=\"og:type\" content=\"article\" \/>\n<meta property=\"og:title\" content=\"Initiation d&#039;apn\u00e9e - Pure Motivation\" \/>\n<meta property=\"og:description\" content=\"Initiation d&rsquo;apn\u00e9e en piscine Plongez dans l\u2019univers fascinant de l\u2019apn\u00e9e gr\u00e2ce \u00e0 une initiation sp\u00e9cialement con\u00e7ue pour les d\u00e9butants. Encadr\u00e9e par un professionnel exp\u00e9riment\u00e9, cette exp\u00e9rience en piscine vous permettra de d\u00e9couvrir les bases de l\u2019apn\u00e9e en toute s\u00e9curit\u00e9, dans un environnement contr\u00f4l\u00e9 et adapt\u00e9 \u00e0 votre niveau. Au programme \u2026\" \/>\n<meta property=\"og:url\" content=\"https:\/\/www.pure-motivation.ch\/wordpress\/initiation-dapnee\/\" \/>\n<meta property=\"og:site_name\" content=\"Pure Motivation\" \/>\n<meta property=\"article:publisher\" content=\"https:\/\/www.facebook.com\/puremotivationsuisse\" \/>\n<meta property=\"article:modified_time\" content=\"2026-03-30T18:34:34+00:00\" \/>\n<meta property=\"og:image\" content=\"https:\/\/www.pure-motivation.ch\/wordpress\/wp-content\/uploads\/2025\/01\/apnee-e1737372450145.png\" \/>\n\t<meta property=\"og:image:width\" content=\"1106\" \/>\n\t<meta property=\"og:image:height\" content=\"553\" \/>\n\t<meta property=\"og:image:type\" content=\"image\/png\" \/>\n<meta name=\"twitter:card\" content=\"summary_large_image\" \/>\n<meta name=\"twitter:label1\" content=\"Dur\u00e9e de lecture estim\u00e9e\" \/>\n\t<meta name=\"twitter:data1\" content=\"1 minute\" \/>\n<script type=\"application\/ld+json\" class=\"yoast-schema-graph\">{\"@context\":\"https:\/\/schema.org\",\"@graph\":[{\"@type\":\"WebPage\",\"@id\":\"https:\/\/www.pure-motivation.ch\/wordpress\/initiation-dapnee\/\",\"url\":\"https:\/\/www.pure-motivation.ch\/wordpress\/initiation-dapnee\/\",\"name\":\"Initiation d'apn\u00e9e - Pure Motivation\",\"isPartOf\":{\"@id\":\"https:\/\/www.pure-motivation.ch\/wordpress\/#website\"},\"datePublished\":\"2025-01-18T13:27:54+00:00\",\"dateModified\":\"2026-03-30T18:34:34+00:00\",\"breadcrumb\":{\"@id\":\"https:\/\/www.pure-motivation.ch\/wordpress\/initiation-dapnee\/#breadcrumb\"},\"inLanguage\":\"fr-FR\",\"potentialAction\":[{\"@type\":\"ReadAction\",\"target\":[\"https:\/\/www.pure-motivation.ch\/wordpress\/initiation-dapnee\/\"]}]},{\"@type\":\"BreadcrumbList\",\"@id\":\"https:\/\/www.pure-motivation.ch\/wordpress\/initiation-dapnee\/#breadcrumb\",\"itemListElement\":[{\"@type\":\"ListItem\",\"position\":1,\"name\":\"Accueil\",\"item\":\"https:\/\/www.pure-motivation.ch\/wordpress\/\"},{\"@type\":\"ListItem\",\"position\":2,\"name\":\"Initiation d&rsquo;apn\u00e9e\"}]},{\"@type\":\"WebSite\",\"@id\":\"https:\/\/www.pure-motivation.ch\/wordpress\/#website\",\"url\":\"https:\/\/www.pure-motivation.ch\/wordpress\/\",\"name\":\"Pure Motivation\",\"description\":\"Discover your true potential\",\"publisher\":{\"@id\":\"https:\/\/www.pure-motivation.ch\/wordpress\/#organization\"},\"potentialAction\":[{\"@type\":\"SearchAction\",\"target\":{\"@type\":\"EntryPoint\",\"urlTemplate\":\"https:\/\/www.pure-motivation.ch\/wordpress\/?s={search_term_string}\"},\"query-input\":\"required name=search_term_string\"}],\"inLanguage\":\"fr-FR\"},{\"@type\":\"Organization\",\"@id\":\"https:\/\/www.pure-motivation.ch\/wordpress\/#organization\",\"name\":\"Pure Motivation\",\"url\":\"https:\/\/www.pure-motivation.ch\/wordpress\/\",\"logo\":{\"@type\":\"ImageObject\",\"inLanguage\":\"fr-FR\",\"@id\":\"https:\/\/www.pure-motivation.ch\/wordpress\/#\/schema\/logo\/image\/\",\"url\":\"https:\/\/www.pure-motivation.ch\/wordpress\/wp-content\/uploads\/2026\/05\/logo-seul-pure-motivation.jpg\",\"contentUrl\":\"https:\/\/www.pure-motivation.ch\/wordpress\/wp-content\/uploads\/2026\/05\/logo-seul-pure-motivation.jpg\",\"width\":1240,\"height\":1240,\"caption\":\"Pure Motivation\"},\"image\":{\"@id\":\"https:\/\/www.pure-motivation.ch\/wordpress\/#\/schema\/logo\/image\/\"},\"sameAs\":[\"https:\/\/www.facebook.com\/puremotivationsuisse\",\"https:\/\/www.instagram.com\/puremotivationch\/\",\"https:\/\/www.youtube.com\/channel\/UC95XjhmapH_YQzEKZCLklOQ\"]}]}<\/script>\n<!-- \/ Yoast SEO plugin. -->","yoast_head_json":{"title":"Initiation d'apn\u00e9e - Pure Motivation","robots":{"index":"index","follow":"follow","max-snippet":"max-snippet:-1","max-image-preview":"max-image-preview:large","max-video-preview":"max-video-preview:-1"},"canonical":"https:\/\/www.pure-motivation.ch\/wordpress\/initiation-dapnee\/","og_locale":"fr_FR","og_type":"article","og_title":"Initiation d'apn\u00e9e - Pure Motivation","og_description":"Initiation d&rsquo;apn\u00e9e en piscine Plongez dans l\u2019univers fascinant de l\u2019apn\u00e9e gr\u00e2ce \u00e0 une initiation sp\u00e9cialement con\u00e7ue pour les d\u00e9butants. Encadr\u00e9e par un professionnel exp\u00e9riment\u00e9, cette exp\u00e9rience en piscine vous permettra de d\u00e9couvrir les bases de l\u2019apn\u00e9e en toute s\u00e9curit\u00e9, dans un environnement contr\u00f4l\u00e9 et adapt\u00e9 \u00e0 votre niveau. Au programme \u2026","og_url":"https:\/\/www.pure-motivation.ch\/wordpress\/initiation-dapnee\/","og_site_name":"Pure Motivation","article_publisher":"https:\/\/www.facebook.com\/puremotivationsuisse","article_modified_time":"2026-03-30T18:34:34+00:00","og_image":[{"width":1106,"height":553,"url":"https:\/\/www.pure-motivation.ch\/wordpress\/wp-content\/uploads\/2025\/01\/apnee-e1737372450145.png","type":"image\/png"}],"twitter_card":"summary_large_image","twitter_misc":{"Dur\u00e9e de lecture estim\u00e9e":"1 minute"},"schema":{"@context":"https:\/\/schema.org","@graph":[{"@type":"WebPage","@id":"https:\/\/www.pure-motivation.ch\/wordpress\/initiation-dapnee\/","url":"https:\/\/www.pure-motivation.ch\/wordpress\/initiation-dapnee\/","name":"Initiation d'apn\u00e9e - Pure Motivation","isPartOf":{"@id":"https:\/\/www.pure-motivation.ch\/wordpress\/#website"},"datePublished":"2025-01-18T13:27:54+00:00","dateModified":"2026-03-30T18:34:34+00:00","breadcrumb":{"@id":"https:\/\/www.pure-motivation.ch\/wordpress\/initiation-dapnee\/#breadcrumb"},"inLanguage":"fr-FR","potentialAction":[{"@type":"ReadAction","target":["https:\/\/www.pure-motivation.ch\/wordpress\/initiation-dapnee\/"]}]},{"@type":"BreadcrumbList","@id":"https:\/\/www.pure-motivation.ch\/wordpress\/initiation-dapnee\/#breadcrumb","itemListElement":[{"@type":"ListItem","position":1,"name":"Accueil","item":"https:\/\/www.pure-motivation.ch\/wordpress\/"},{"@type":"ListItem","position":2,"name":"Initiation d&rsquo;apn\u00e9e"}]},{"@type":"WebSite","@id":"https:\/\/www.pure-motivation.ch\/wordpress\/#website","url":"https:\/\/www.pure-motivation.ch\/wordpress\/","name":"Pure Motivation","description":"Discover your true potential","publisher":{"@id":"https:\/\/www.pure-motivation.ch\/wordpress\/#organization"},"potentialAction":[{"@type":"SearchAction","target":{"@type":"EntryPoint","urlTemplate":"https:\/\/www.pure-motivation.ch\/wordpress\/?s={search_term_string}"},"query-input":"required name=search_term_string"}],"inLanguage":"fr-FR"},{"@type":"Organization","@id":"https:\/\/www.pure-motivation.ch\/wordpress\/#organization","name":"Pure Motivation","url":"https:\/\/www.pure-motivation.ch\/wordpress\/","logo":{"@type":"ImageObject","inLanguage":"fr-FR","@id":"https:\/\/www.pure-motivation.ch\/wordpress\/#\/schema\/logo\/image\/","url":"https:\/\/www.pure-motivation.ch\/wordpress\/wp-content\/uploads\/2026\/05\/logo-seul-pure-motivation.jpg","contentUrl":"https:\/\/www.pure-motivation.ch\/wordpress\/wp-content\/uploads\/2026\/05\/logo-seul-pure-motivation.jpg","width":1240,"height":1240,"caption":"Pure Motivation"},"image":{"@id":"https:\/\/www.pure-motivation.ch\/wordpress\/#\/schema\/logo\/image\/"},"sameAs":["https:\/\/www.facebook.com\/puremotivationsuisse","https:\/\/www.instagram.com\/puremotivationch\/","https:\/\/www.youtube.com\/channel\/UC95XjhmapH_YQzEKZCLklOQ"]}]}},"_links":{"self":[{"href":"https:\/\/www.pure-motivation.ch\/wordpress\/wp-json\/wp\/v2\/pages\/2697","targetHints":{"allow":["GET"]}}],"collection":[{"href":"https:\/\/www.pure-motivation.ch\/wordpress\/wp-json\/wp\/v2\/pages"}],"about":[{"href":"https:\/\/www.pure-motivation.ch\/wordpress\/wp-json\/wp\/v2\/types\/page"}],"author":[{"embeddable":true,"href":"https:\/\/www.pure-motivation.ch\/wordpress\/wp-json\/wp\/v2\/users\/1"}],"replies":[{"embeddable":true,"href":"https:\/\/www.pure-motivation.ch\/wordpress\/wp-json\/wp\/v2\/comments?post=2697"}],"version-history":[{"count":19,"href":"https:\/\/www.pure-motivation.ch\/wordpress\/wp-json\/wp\/v2\/pages\/2697\/revisions"}],"predecessor-version":[{"id":4257,"href":"https:\/\/www.pure-motivation.ch\/wordpress\/wp-json\/wp\/v2\/pages\/2697\/revisions\/4257"}],"wp:featuredmedia":[{"embeddable":true,"href":"https:\/\/www.pure-motivation.ch\/wordpress\/wp-json\/wp\/v2\/media\/2788"}],"wp:attachment":[{"href":"https:\/\/www.pure-motivation.ch\/wordpress\/wp-json\/wp\/v2\/media?parent=2697"}],"curies":[{"name":"wp","href":"https:\/\/api.w.org\/{rel}","templated":true}]}}