{"id":2678,"date":"2025-01-17T19:30:35","date_gmt":"2025-01-17T18:30:35","guid":{"rendered":"https:\/\/www.pure-motivation.ch\/wordpress\/?page_id=2678"},"modified":"2025-02-03T11:08:51","modified_gmt":"2025-02-03T10:08:51","slug":"plongee-technique","status":"publish","type":"page","link":"https:\/\/www.pure-motivation.ch\/wordpress\/plongee-technique\/","title":{"rendered":"Plong\u00e9e Technique"},"content":{"rendered":"\t\t<div data-elementor-type=\"wp-page\" data-elementor-id=\"2678\" class=\"elementor elementor-2678\">\n\t\t\t\t<div class=\"elementor-element elementor-element-a45c476 e-flex e-con-boxed e-con e-parent\" data-id=\"a45c476\" data-element_type=\"container\" data-e-type=\"container\">\n\t\t\t\t\t<div class=\"e-con-inner\">\n\t\t\t\t<div class=\"elementor-element elementor-element-4e936ac elementor-widget elementor-widget-heading\" data-id=\"4e936ac\" data-element_type=\"widget\" data-e-type=\"widget\" data-widget_type=\"heading.default\">\n\t\t\t\t<div class=\"elementor-widget-container\">\n\t\t\t\t\t<h2 class=\"elementor-heading-title elementor-size-default\">Plong\u00e9e Technique<\/h2>\t\t\t\t<\/div>\n\t\t\t\t<\/div>\n\t\t\t\t\t<\/div>\n\t\t\t\t<\/div>\n\t\t<div class=\"elementor-element elementor-element-05990de e-flex e-con-boxed e-con e-parent\" data-id=\"05990de\" data-element_type=\"container\" data-e-type=\"container\">\n\t\t\t\t\t<div class=\"e-con-inner\">\n\t\t\t\t<div class=\"elementor-element elementor-element-5b44bd2 elementor-widget elementor-widget-text-editor\" data-id=\"5b44bd2\" data-element_type=\"widget\" data-e-type=\"widget\" data-widget_type=\"text-editor.default\">\n\t\t\t\t<div class=\"elementor-widget-container\">\n\t\t\t\t\t\t\t\t\t<h3><span style=\"color: #6ec1e4;\"><strong>Explorez de Nouveaux Horizons Sous-Marins<\/strong><\/span><\/h3><p>Vous \u00eates d\u00e9j\u00e0 un plongeur exp\u00e9riment\u00e9 et vous r\u00eavez de repousser vos limites ?<strong> La plong\u00e9e technique<\/strong> vous permet d&rsquo;acc\u00e9der \u00e0 un monde fascinant et exigeant, o\u00f9 chaque immersion est une aventure hors du commun.<\/p><p>La plong\u00e9e technique est la porte d&rsquo;entr\u00e9e pour explorer des sites que peu de plongeurs ont la chance de voir : des \u00e9paves profondes, des grottes myst\u00e9rieuses, ou encore des sites au-del\u00e0 des limites de la plong\u00e9e loisir. C\u2019est une discipline qui allie rigueur, expertise technique et \u00e9merveillement.<\/p><p>C&rsquo;est une pratique qui demande un haut niveau d&rsquo;engagement et qui transforme votre fa\u00e7on de plonger. Vous apprendrez \u00e0 g\u00e9rer des situations complexes, \u00e0 utiliser des \u00e9quipements sp\u00e9cifiques et \u00e0 prolonger vos immersions avec pr\u00e9cision et s\u00e9curit\u00e9.<\/p>\t\t\t\t\t\t\t\t<\/div>\n\t\t\t\t<\/div>\n\t\t\t\t\t<\/div>\n\t\t\t\t<\/div>\n\t\t<div class=\"elementor-element elementor-element-b9569b8 e-flex e-con-boxed e-con e-parent\" data-id=\"b9569b8\" data-element_type=\"container\" data-e-type=\"container\">\n\t\t\t\t\t<div class=\"e-con-inner\">\n\t\t\t\t<div class=\"elementor-element elementor-element-f0c26f1 elementor-widget elementor-widget-text-editor\" data-id=\"f0c26f1\" data-element_type=\"widget\" data-e-type=\"widget\" data-widget_type=\"text-editor.default\">\n\t\t\t\t<div class=\"elementor-widget-container\">\n\t\t\t\t\t\t\t\t\t<h3><span style=\"color: #6ec1e4;\"><strong>Une expertise \u00e0 votre service<\/strong><\/span><\/h3><p>Avec plus de <strong>15 ans d&rsquo;exp\u00e9rience<\/strong>, je suis un instructeur technique certifi\u00e9 pour les agences <strong>TDI, SSI et PADI.<\/strong><\/p><p>Je suis un plongeur Trimix sp\u00e9cialis\u00e9 dans la plong\u00e9e sur \u00e9pave (Advanced Wreck Penetration) et en plong\u00e9e grotte (Full Cave).<\/p><p>J\u2019ai eu le privil\u00e8ge d\u2019encadrer des plongeurs \u00e0 travers des milliers de plong\u00e9es, en mer et en lac, en les accompagnant dans leur progression, qu\u2019il s\u2019agisse de perfectionner leurs comp\u00e9tences ou d\u2019atteindre des objectifs ambitieux. Mon approche combine des connaissances pratiques solides, une p\u00e9dagogie adapt\u00e9e et une attention particuli\u00e8re \u00e0 la s\u00e9curit\u00e9, pour vous offrir une formation \u00e0 la fois enrichissante et s\u00e9curis\u00e9e.<\/p><p><strong>Choisissez ci-dessous le type de plong\u00e9e qui vous int\u00e9resse !<\/strong><\/p>\t\t\t\t\t\t\t\t<\/div>\n\t\t\t\t<\/div>\n\t\t\t\t\t<\/div>\n\t\t\t\t<\/div>\n\t\t<div class=\"elementor-element elementor-element-00b1455 e-flex e-con-boxed e-con e-parent\" data-id=\"00b1455\" data-element_type=\"container\" data-e-type=\"container\">\n\t\t\t\t\t<div class=\"e-con-inner\">\n\t\t<div class=\"elementor-element elementor-element-a98ab3e e-grid e-con-full e-con e-child\" data-id=\"a98ab3e\" data-element_type=\"container\" data-e-type=\"container\">\n\t\t\t\t<div class=\"elementor-element elementor-element-16db24e elementor-widget elementor-widget-image\" data-id=\"16db24e\" data-element_type=\"widget\" data-e-type=\"widget\" data-widget_type=\"image.default\">\n\t\t\t\t<div class=\"elementor-widget-container\">\n\t\t\t\t\t\t\t\t\t\t\t\t\t\t\t\t<a href=\"https:\/\/www.pure-motivation.ch\/wordpress\/tec-40\/\">\n\t\t\t\t\t\t\t<img fetchpriority=\"high\" decoding=\"async\" width=\"809\" height=\"542\" src=\"https:\/\/www.pure-motivation.ch\/wordpress\/wp-content\/uploads\/2025\/01\/TEC-40-Geneve.png\" class=\"elementor-animation-grow attachment-large size-large wp-image-2757\" alt=\"\" srcset=\"https:\/\/www.pure-motivation.ch\/wordpress\/wp-content\/uploads\/2025\/01\/TEC-40-Geneve.png 1010w, https:\/\/www.pure-motivation.ch\/wordpress\/wp-content\/uploads\/2025\/01\/TEC-40-Geneve-300x201.png 300w, https:\/\/www.pure-motivation.ch\/wordpress\/wp-content\/uploads\/2025\/01\/TEC-40-Geneve-768x515.png 768w, https:\/\/www.pure-motivation.ch\/wordpress\/wp-content\/uploads\/2025\/01\/TEC-40-Geneve-476x319.png 476w\" sizes=\"(max-width: 809px) 100vw, 809px\" \/>\t\t\t\t\t\t\t\t<\/a>\n\t\t\t\t\t\t\t\t\t\t\t\t\t\t\t<\/div>\n\t\t\t\t<\/div>\n\t\t\t\t<div class=\"elementor-element elementor-element-8c409f5 elementor-widget elementor-widget-image\" data-id=\"8c409f5\" data-element_type=\"widget\" data-e-type=\"widget\" data-widget_type=\"image.default\">\n\t\t\t\t<div class=\"elementor-widget-container\">\n\t\t\t\t\t\t\t\t\t\t\t\t\t\t\t\t<a href=\"https:\/\/www.pure-motivation.ch\/wordpress\/tec-45\/\">\n\t\t\t\t\t\t\t<img decoding=\"async\" width=\"809\" height=\"541\" src=\"https:\/\/www.pure-motivation.ch\/wordpress\/wp-content\/uploads\/2025\/01\/TEC-45-Geneve.png\" class=\"elementor-animation-grow attachment-large size-large wp-image-2756\" alt=\"\" srcset=\"https:\/\/www.pure-motivation.ch\/wordpress\/wp-content\/uploads\/2025\/01\/TEC-45-Geneve.png 1011w, https:\/\/www.pure-motivation.ch\/wordpress\/wp-content\/uploads\/2025\/01\/TEC-45-Geneve-300x201.png 300w, https:\/\/www.pure-motivation.ch\/wordpress\/wp-content\/uploads\/2025\/01\/TEC-45-Geneve-768x514.png 768w, https:\/\/www.pure-motivation.ch\/wordpress\/wp-content\/uploads\/2025\/01\/TEC-45-Geneve-476x318.png 476w\" sizes=\"(max-width: 809px) 100vw, 809px\" \/>\t\t\t\t\t\t\t\t<\/a>\n\t\t\t\t\t\t\t\t\t\t\t\t\t\t\t<\/div>\n\t\t\t\t<\/div>\n\t\t\t\t<div class=\"elementor-element elementor-element-a5a9977 elementor-widget elementor-widget-image\" data-id=\"a5a9977\" data-element_type=\"widget\" data-e-type=\"widget\" data-widget_type=\"image.default\">\n\t\t\t\t<div class=\"elementor-widget-container\">\n\t\t\t\t\t\t\t\t\t\t\t\t\t\t\t\t<a href=\"https:\/\/www.pure-motivation.ch\/wordpress\/tec-50\/\">\n\t\t\t\t\t\t\t<img decoding=\"async\" width=\"809\" height=\"533\" src=\"https:\/\/www.pure-motivation.ch\/wordpress\/wp-content\/uploads\/2025\/01\/TEC-50-Geneve.png\" class=\"elementor-animation-grow attachment-large size-large wp-image-2754\" alt=\"\" srcset=\"https:\/\/www.pure-motivation.ch\/wordpress\/wp-content\/uploads\/2025\/01\/TEC-50-Geneve.png 1010w, https:\/\/www.pure-motivation.ch\/wordpress\/wp-content\/uploads\/2025\/01\/TEC-50-Geneve-300x198.png 300w, https:\/\/www.pure-motivation.ch\/wordpress\/wp-content\/uploads\/2025\/01\/TEC-50-Geneve-768x506.png 768w, https:\/\/www.pure-motivation.ch\/wordpress\/wp-content\/uploads\/2025\/01\/TEC-50-Geneve-476x313.png 476w\" sizes=\"(max-width: 809px) 100vw, 809px\" \/>\t\t\t\t\t\t\t\t<\/a>\n\t\t\t\t\t\t\t\t\t\t\t\t\t\t\t<\/div>\n\t\t\t\t<\/div>\n\t\t\t\t<\/div>\n\t\t\t\t\t<\/div>\n\t\t\t\t<\/div>\n\t\t\t\t<\/div>\n\t\t","protected":false},"excerpt":{"rendered":"<p>Plong\u00e9e Technique Explorez de Nouveaux Horizons Sous-Marins Vous \u00eates d\u00e9j\u00e0 un plongeur exp\u00e9riment\u00e9 et vous r\u00eavez de repousser vos limites ? La plong\u00e9e technique vous permet d&rsquo;acc\u00e9der \u00e0 un monde fascinant et exigeant, o\u00f9 chaque immersion est une aventure hors du commun. La plong\u00e9e technique est la porte d&rsquo;entr\u00e9e pour \u2026<\/p>\n","protected":false},"author":1,"featured_media":2733,"parent":0,"menu_order":0,"comment_status":"closed","ping_status":"closed","template":"","meta":{"footnotes":""},"class_list":["post-2678","page","type-page","status-publish","has-post-thumbnail","hentry"],"yoast_head":"<!-- This site is optimized with the Yoast SEO plugin v21.5 - https:\/\/yoast.com\/wordpress\/plugins\/seo\/ -->\n<title>Plong\u00e9e Technique - Pure Motivation<\/title>\n<meta name=\"robots\" content=\"index, follow, max-snippet:-1, max-image-preview:large, max-video-preview:-1\" \/>\n<link rel=\"canonical\" href=\"https:\/\/www.pure-motivation.ch\/wordpress\/plongee-technique\/\" \/>\n<meta property=\"og:locale\" content=\"fr_FR\" \/>\n<meta property=\"og:type\" content=\"article\" \/>\n<meta property=\"og:title\" content=\"Plong\u00e9e Technique - Pure Motivation\" \/>\n<meta property=\"og:description\" content=\"Plong\u00e9e Technique Explorez de Nouveaux Horizons Sous-Marins Vous \u00eates d\u00e9j\u00e0 un plongeur exp\u00e9riment\u00e9 et vous r\u00eavez de repousser vos limites ? La plong\u00e9e technique vous permet d&rsquo;acc\u00e9der \u00e0 un monde fascinant et exigeant, o\u00f9 chaque immersion est une aventure hors du commun. La plong\u00e9e technique est la porte d&rsquo;entr\u00e9e pour \u2026\" \/>\n<meta property=\"og:url\" content=\"https:\/\/www.pure-motivation.ch\/wordpress\/plongee-technique\/\" \/>\n<meta property=\"og:site_name\" content=\"Pure Motivation\" \/>\n<meta property=\"article:publisher\" content=\"https:\/\/www.facebook.com\/puremotivationsuisse\" \/>\n<meta property=\"article:modified_time\" content=\"2025-02-03T10:08:51+00:00\" \/>\n<meta property=\"og:image\" content=\"https:\/\/www.pure-motivation.ch\/wordpress\/wp-content\/uploads\/2025\/01\/Plongee-technique.png\" \/>\n\t<meta property=\"og:image:width\" content=\"1725\" \/>\n\t<meta property=\"og:image:height\" content=\"919\" \/>\n\t<meta property=\"og:image:type\" content=\"image\/png\" \/>\n<meta name=\"twitter:card\" content=\"summary_large_image\" \/>\n<meta name=\"twitter:label1\" content=\"Dur\u00e9e de lecture estim\u00e9e\" \/>\n\t<meta name=\"twitter:data1\" content=\"1 minute\" \/>\n<script type=\"application\/ld+json\" class=\"yoast-schema-graph\">{\"@context\":\"https:\/\/schema.org\",\"@graph\":[{\"@type\":\"WebPage\",\"@id\":\"https:\/\/www.pure-motivation.ch\/wordpress\/plongee-technique\/\",\"url\":\"https:\/\/www.pure-motivation.ch\/wordpress\/plongee-technique\/\",\"name\":\"Plong\u00e9e Technique - Pure Motivation\",\"isPartOf\":{\"@id\":\"https:\/\/www.pure-motivation.ch\/wordpress\/#website\"},\"datePublished\":\"2025-01-17T18:30:35+00:00\",\"dateModified\":\"2025-02-03T10:08:51+00:00\",\"breadcrumb\":{\"@id\":\"https:\/\/www.pure-motivation.ch\/wordpress\/plongee-technique\/#breadcrumb\"},\"inLanguage\":\"fr-FR\",\"potentialAction\":[{\"@type\":\"ReadAction\",\"target\":[\"https:\/\/www.pure-motivation.ch\/wordpress\/plongee-technique\/\"]}]},{\"@type\":\"BreadcrumbList\",\"@id\":\"https:\/\/www.pure-motivation.ch\/wordpress\/plongee-technique\/#breadcrumb\",\"itemListElement\":[{\"@type\":\"ListItem\",\"position\":1,\"name\":\"Accueil\",\"item\":\"https:\/\/www.pure-motivation.ch\/wordpress\/\"},{\"@type\":\"ListItem\",\"position\":2,\"name\":\"Plong\u00e9e Technique\"}]},{\"@type\":\"WebSite\",\"@id\":\"https:\/\/www.pure-motivation.ch\/wordpress\/#website\",\"url\":\"https:\/\/www.pure-motivation.ch\/wordpress\/\",\"name\":\"Pure Motivation\",\"description\":\"Discover your true potential\",\"publisher\":{\"@id\":\"https:\/\/www.pure-motivation.ch\/wordpress\/#organization\"},\"potentialAction\":[{\"@type\":\"SearchAction\",\"target\":{\"@type\":\"EntryPoint\",\"urlTemplate\":\"https:\/\/www.pure-motivation.ch\/wordpress\/?s={search_term_string}\"},\"query-input\":\"required name=search_term_string\"}],\"inLanguage\":\"fr-FR\"},{\"@type\":\"Organization\",\"@id\":\"https:\/\/www.pure-motivation.ch\/wordpress\/#organization\",\"name\":\"Pure Motivation\",\"url\":\"https:\/\/www.pure-motivation.ch\/wordpress\/\",\"logo\":{\"@type\":\"ImageObject\",\"inLanguage\":\"fr-FR\",\"@id\":\"https:\/\/www.pure-motivation.ch\/wordpress\/#\/schema\/logo\/image\/\",\"url\":\"https:\/\/www.pure-motivation.ch\/wordpress\/wp-content\/uploads\/2026\/05\/logo-seul-pure-motivation.jpg\",\"contentUrl\":\"https:\/\/www.pure-motivation.ch\/wordpress\/wp-content\/uploads\/2026\/05\/logo-seul-pure-motivation.jpg\",\"width\":1240,\"height\":1240,\"caption\":\"Pure Motivation\"},\"image\":{\"@id\":\"https:\/\/www.pure-motivation.ch\/wordpress\/#\/schema\/logo\/image\/\"},\"sameAs\":[\"https:\/\/www.facebook.com\/puremotivationsuisse\",\"https:\/\/www.instagram.com\/puremotivationch\/\",\"https:\/\/www.youtube.com\/channel\/UC95XjhmapH_YQzEKZCLklOQ\"]}]}<\/script>\n<!-- \/ Yoast SEO plugin. -->","yoast_head_json":{"title":"Plong\u00e9e Technique - Pure Motivation","robots":{"index":"index","follow":"follow","max-snippet":"max-snippet:-1","max-image-preview":"max-image-preview:large","max-video-preview":"max-video-preview:-1"},"canonical":"https:\/\/www.pure-motivation.ch\/wordpress\/plongee-technique\/","og_locale":"fr_FR","og_type":"article","og_title":"Plong\u00e9e Technique - Pure Motivation","og_description":"Plong\u00e9e Technique Explorez de Nouveaux Horizons Sous-Marins Vous \u00eates d\u00e9j\u00e0 un plongeur exp\u00e9riment\u00e9 et vous r\u00eavez de repousser vos limites ? La plong\u00e9e technique vous permet d&rsquo;acc\u00e9der \u00e0 un monde fascinant et exigeant, o\u00f9 chaque immersion est une aventure hors du commun. La plong\u00e9e technique est la porte d&rsquo;entr\u00e9e pour \u2026","og_url":"https:\/\/www.pure-motivation.ch\/wordpress\/plongee-technique\/","og_site_name":"Pure Motivation","article_publisher":"https:\/\/www.facebook.com\/puremotivationsuisse","article_modified_time":"2025-02-03T10:08:51+00:00","og_image":[{"width":1725,"height":919,"url":"https:\/\/www.pure-motivation.ch\/wordpress\/wp-content\/uploads\/2025\/01\/Plongee-technique.png","type":"image\/png"}],"twitter_card":"summary_large_image","twitter_misc":{"Dur\u00e9e de lecture estim\u00e9e":"1 minute"},"schema":{"@context":"https:\/\/schema.org","@graph":[{"@type":"WebPage","@id":"https:\/\/www.pure-motivation.ch\/wordpress\/plongee-technique\/","url":"https:\/\/www.pure-motivation.ch\/wordpress\/plongee-technique\/","name":"Plong\u00e9e Technique - Pure Motivation","isPartOf":{"@id":"https:\/\/www.pure-motivation.ch\/wordpress\/#website"},"datePublished":"2025-01-17T18:30:35+00:00","dateModified":"2025-02-03T10:08:51+00:00","breadcrumb":{"@id":"https:\/\/www.pure-motivation.ch\/wordpress\/plongee-technique\/#breadcrumb"},"inLanguage":"fr-FR","potentialAction":[{"@type":"ReadAction","target":["https:\/\/www.pure-motivation.ch\/wordpress\/plongee-technique\/"]}]},{"@type":"BreadcrumbList","@id":"https:\/\/www.pure-motivation.ch\/wordpress\/plongee-technique\/#breadcrumb","itemListElement":[{"@type":"ListItem","position":1,"name":"Accueil","item":"https:\/\/www.pure-motivation.ch\/wordpress\/"},{"@type":"ListItem","position":2,"name":"Plong\u00e9e Technique"}]},{"@type":"WebSite","@id":"https:\/\/www.pure-motivation.ch\/wordpress\/#website","url":"https:\/\/www.pure-motivation.ch\/wordpress\/","name":"Pure Motivation","description":"Discover your true potential","publisher":{"@id":"https:\/\/www.pure-motivation.ch\/wordpress\/#organization"},"potentialAction":[{"@type":"SearchAction","target":{"@type":"EntryPoint","urlTemplate":"https:\/\/www.pure-motivation.ch\/wordpress\/?s={search_term_string}"},"query-input":"required name=search_term_string"}],"inLanguage":"fr-FR"},{"@type":"Organization","@id":"https:\/\/www.pure-motivation.ch\/wordpress\/#organization","name":"Pure Motivation","url":"https:\/\/www.pure-motivation.ch\/wordpress\/","logo":{"@type":"ImageObject","inLanguage":"fr-FR","@id":"https:\/\/www.pure-motivation.ch\/wordpress\/#\/schema\/logo\/image\/","url":"https:\/\/www.pure-motivation.ch\/wordpress\/wp-content\/uploads\/2026\/05\/logo-seul-pure-motivation.jpg","contentUrl":"https:\/\/www.pure-motivation.ch\/wordpress\/wp-content\/uploads\/2026\/05\/logo-seul-pure-motivation.jpg","width":1240,"height":1240,"caption":"Pure Motivation"},"image":{"@id":"https:\/\/www.pure-motivation.ch\/wordpress\/#\/schema\/logo\/image\/"},"sameAs":["https:\/\/www.facebook.com\/puremotivationsuisse","https:\/\/www.instagram.com\/puremotivationch\/","https:\/\/www.youtube.com\/channel\/UC95XjhmapH_YQzEKZCLklOQ"]}]}},"_links":{"self":[{"href":"https:\/\/www.pure-motivation.ch\/wordpress\/wp-json\/wp\/v2\/pages\/2678","targetHints":{"allow":["GET"]}}],"collection":[{"href":"https:\/\/www.pure-motivation.ch\/wordpress\/wp-json\/wp\/v2\/pages"}],"about":[{"href":"https:\/\/www.pure-motivation.ch\/wordpress\/wp-json\/wp\/v2\/types\/page"}],"author":[{"embeddable":true,"href":"https:\/\/www.pure-motivation.ch\/wordpress\/wp-json\/wp\/v2\/users\/1"}],"replies":[{"embeddable":true,"href":"https:\/\/www.pure-motivation.ch\/wordpress\/wp-json\/wp\/v2\/comments?post=2678"}],"version-history":[{"count":16,"href":"https:\/\/www.pure-motivation.ch\/wordpress\/wp-json\/wp\/v2\/pages\/2678\/revisions"}],"predecessor-version":[{"id":3349,"href":"https:\/\/www.pure-motivation.ch\/wordpress\/wp-json\/wp\/v2\/pages\/2678\/revisions\/3349"}],"wp:featuredmedia":[{"embeddable":true,"href":"https:\/\/www.pure-motivation.ch\/wordpress\/wp-json\/wp\/v2\/media\/2733"}],"wp:attachment":[{"href":"https:\/\/www.pure-motivation.ch\/wordpress\/wp-json\/wp\/v2\/media?parent=2678"}],"curies":[{"name":"wp","href":"https:\/\/api.w.org\/{rel}","templated":true}]}}