{"id":2645,"date":"2025-01-17T09:59:08","date_gmt":"2025-01-17T08:59:08","guid":{"rendered":"https:\/\/www.pure-motivation.ch\/wordpress\/?page_id=2645"},"modified":"2025-02-07T11:11:17","modified_gmt":"2025-02-07T10:11:17","slug":"oxygen-provider","status":"publish","type":"page","link":"https:\/\/www.pure-motivation.ch\/wordpress\/oxygen-provider\/","title":{"rendered":"Oxygen Provider"},"content":{"rendered":"\t\t<div data-elementor-type=\"wp-page\" data-elementor-id=\"2645\" class=\"elementor elementor-2645\">\n\t\t\t\t<div class=\"elementor-element elementor-element-474fecb e-flex e-con-boxed e-con e-parent\" data-id=\"474fecb\" data-element_type=\"container\">\n\t\t\t\t\t<div class=\"e-con-inner\">\n\t\t\t\t<div class=\"elementor-element elementor-element-82db0c4 elementor-widget elementor-widget-heading\" data-id=\"82db0c4\" data-element_type=\"widget\" data-widget_type=\"heading.default\">\n\t\t\t\t<div class=\"elementor-widget-container\">\n\t\t\t<h2 class=\"elementor-heading-title elementor-size-default\">Oxygen Provider<\/h2>\t\t<\/div>\n\t\t\t\t<\/div>\n\t\t\t\t\t<\/div>\n\t\t\t\t<\/div>\n\t\t<div class=\"elementor-element elementor-element-fe68ee0 e-flex e-con-boxed e-con e-parent\" data-id=\"fe68ee0\" data-element_type=\"container\">\n\t\t\t\t\t<div class=\"e-con-inner\">\n\t\t\t\t<div class=\"elementor-element elementor-element-feceb9d elementor-widget elementor-widget-text-editor\" data-id=\"feceb9d\" data-element_type=\"widget\" data-widget_type=\"text-editor.default\">\n\t\t\t\t<div class=\"elementor-widget-container\">\n\t\t\t\t\t\t\t<p>La sp\u00e9cialit\u00e9 <strong>Oxygen Provider<\/strong> est une formation essentielle pour tout plongeur souhaitant \u00eatre pr\u00eat \u00e0 r\u00e9agir efficacement en cas d\u2019urgence. Ce cours vous apprend \u00e0 administrer de l\u2019oxyg\u00e8ne lors de situations critiques, une comp\u00e9tence cl\u00e9 qui peut sauver des vies en milieu aquatique.<\/p><hr \/><h3><span style=\"color: #6ec1e4;\"><strong>Objectifs de la formation :<\/strong><\/span><\/h3><ul><li><strong>Comprendre l\u2019importance de l\u2019oxyg\u00e8ne<\/strong> : Apprendre pourquoi l\u2019oxyg\u00e9noth\u00e9rapie est cruciale dans la gestion des accidents de plong\u00e9e.<\/li><li><strong>Utilisation de l\u2019\u00e9quipement<\/strong> : D\u00e9couvrir comment assembler, manipuler et entretenir un kit d\u2019administration d\u2019oxyg\u00e8ne.<\/li><li><strong>Reconnaissance des sympt\u00f4mes<\/strong> : Identifier les signes de probl\u00e8mes comme la maladie de d\u00e9compression ou une embolie gazeuse.<\/li><li><strong>Proc\u00e9dures d\u2019administration<\/strong> : Savoir fournir de l\u2019oxyg\u00e8ne efficacement \u00e0 une victime consciente ou inconsciente.<\/li><\/ul><hr \/><h3><span style=\"color: #6ec1e4;\"><strong>Pourquoi suivre cette sp\u00e9cialit\u00e9 ?<\/strong><\/span><\/h3><ul><li><strong>Comp\u00e9tence salvatrice<\/strong> : Une aptitude indispensable pour r\u00e9agir rapidement et sauver des vies en cas d\u2019urgence.<\/li><li><strong>Tranquillit\u00e9 d\u2019esprit<\/strong> : Plongez avec davantage de s\u00e9r\u00e9nit\u00e9, en sachant que vous \u00eates pr\u00eat \u00e0 g\u00e9rer des incidents.<\/li><li><strong>Compl\u00e9ment id\u00e9al<\/strong> : Particuli\u00e8rement utile en combinaison avec des formations comme Rescue Diver, Emergency First Response ou pour les formations de plong\u00e9e technique.<\/li><li><strong>Reconnaissance internationale<\/strong> : Un atout valoris\u00e9 par les clubs et centres de plong\u00e9e du monde entier.<\/li><\/ul><p>Avec la sp\u00e9cialit\u00e9 Oxygen Provider, vous devenez un atout essentiel pour votre groupe de plong\u00e9e et contribuez activement \u00e0 la s\u00e9curit\u00e9 sous-marine.<\/p>\t\t\t\t\t\t<\/div>\n\t\t\t\t<\/div>\n\t\t\t\t\t<\/div>\n\t\t\t\t<\/div>\n\t\t<div class=\"elementor-element elementor-element-b90ad3c e-flex e-con-boxed e-con e-parent\" data-id=\"b90ad3c\" data-element_type=\"container\">\n\t\t\t\t\t<div class=\"e-con-inner\">\n\t\t<div class=\"elementor-element elementor-element-9325c43 e-grid e-con-full e-con e-child\" data-id=\"9325c43\" data-element_type=\"container\">\n\t\t\t\t<div class=\"elementor-element elementor-element-0950515 elementor-widget elementor-widget-text-editor\" data-id=\"0950515\" data-element_type=\"widget\" data-widget_type=\"text-editor.default\">\n\t\t\t\t<div class=\"elementor-widget-container\">\n\t\t\t\t\t\t\t<h4 style=\"text-align: center;\"><span style=\"color: #6ec1e4;\"><strong>Prix :<\/strong><\/span><\/h4><ul><li>Oxygen Provider : 290.-<\/li><\/ul>\t\t\t\t\t\t<\/div>\n\t\t\t\t<\/div>\n\t\t\t\t<div class=\"elementor-element elementor-element-7cad01b elementor-widget elementor-widget-text-editor\" data-id=\"7cad01b\" data-element_type=\"widget\" data-widget_type=\"text-editor.default\">\n\t\t\t\t<div class=\"elementor-widget-container\">\n\t\t\t\t\t\t\t<h4 style=\"text-align: center;\"><span style=\"color: #6ec1e4;\"><strong>Conditions :<\/strong><\/span><\/h4><ul><li>\u00c2ge : \u00e0 partir de 12 ans<\/li><li>Aucune certification pr\u00e9alable requise<\/li><\/ul>\t\t\t\t\t\t<\/div>\n\t\t\t\t<\/div>\n\t\t\t\t<div class=\"elementor-element elementor-element-851497e elementor-widget elementor-widget-text-editor\" data-id=\"851497e\" data-element_type=\"widget\" data-widget_type=\"text-editor.default\">\n\t\t\t\t<div class=\"elementor-widget-container\">\n\t\t\t\t\t\t\t<h4 style=\"text-align: center;\"><span style=\"color: #6ec1e4;\"><strong>Tout inclus :<\/strong>\u00a0<\/span><\/h4><ul><li>Th\u00e9orie en ligne (E-learning)<\/li><li>Utilisation d&rsquo;un Kit d&rsquo;oxyg\u00e8ne\u00a0<\/li><li>Certification<\/li><\/ul>\t\t\t\t\t\t<\/div>\n\t\t\t\t<\/div>\n\t\t\t\t<\/div>\n\t\t\t\t\t<\/div>\n\t\t\t\t<\/div>\n\t\t\t\t<\/div>\n\t\t","protected":false},"excerpt":{"rendered":"<p>Oxygen Provider La sp\u00e9cialit\u00e9 Oxygen Provider est une formation essentielle pour tout plongeur souhaitant \u00eatre pr\u00eat \u00e0 r\u00e9agir efficacement en cas d\u2019urgence. Ce cours vous apprend \u00e0 administrer de l\u2019oxyg\u00e8ne lors de situations critiques, une comp\u00e9tence cl\u00e9 qui peut sauver des vies en milieu aquatique. Objectifs de la formation : \u2026<\/p>\n","protected":false},"author":1,"featured_media":2650,"parent":0,"menu_order":0,"comment_status":"closed","ping_status":"closed","template":"","meta":{"footnotes":""},"class_list":["post-2645","page","type-page","status-publish","has-post-thumbnail","hentry"],"_links":{"self":[{"href":"https:\/\/www.pure-motivation.ch\/wordpress\/wp-json\/wp\/v2\/pages\/2645","targetHints":{"allow":["GET"]}}],"collection":[{"href":"https:\/\/www.pure-motivation.ch\/wordpress\/wp-json\/wp\/v2\/pages"}],"about":[{"href":"https:\/\/www.pure-motivation.ch\/wordpress\/wp-json\/wp\/v2\/types\/page"}],"author":[{"embeddable":true,"href":"https:\/\/www.pure-motivation.ch\/wordpress\/wp-json\/wp\/v2\/users\/1"}],"replies":[{"embeddable":true,"href":"https:\/\/www.pure-motivation.ch\/wordpress\/wp-json\/wp\/v2\/comments?post=2645"}],"version-history":[{"count":7,"href":"https:\/\/www.pure-motivation.ch\/wordpress\/wp-json\/wp\/v2\/pages\/2645\/revisions"}],"predecessor-version":[{"id":3752,"href":"https:\/\/www.pure-motivation.ch\/wordpress\/wp-json\/wp\/v2\/pages\/2645\/revisions\/3752"}],"wp:featuredmedia":[{"embeddable":true,"href":"https:\/\/www.pure-motivation.ch\/wordpress\/wp-json\/wp\/v2\/media\/2650"}],"wp:attachment":[{"href":"https:\/\/www.pure-motivation.ch\/wordpress\/wp-json\/wp\/v2\/media?parent=2645"}],"curies":[{"name":"wp","href":"https:\/\/api.w.org\/{rel}","templated":true}]}}