{"id":2633,"date":"2025-01-17T09:39:26","date_gmt":"2025-01-17T08:39:26","guid":{"rendered":"https:\/\/www.pure-motivation.ch\/wordpress\/?page_id=2633"},"modified":"2025-02-07T10:44:16","modified_gmt":"2025-02-07T09:44:16","slug":"orientation-sous-marine","status":"publish","type":"page","link":"https:\/\/www.pure-motivation.ch\/wordpress\/orientation-sous-marine\/","title":{"rendered":"Orientation sous-marine"},"content":{"rendered":"\t\t<div data-elementor-type=\"wp-page\" data-elementor-id=\"2633\" class=\"elementor elementor-2633\">\n\t\t\t\t<div class=\"elementor-element elementor-element-f0d37a5 e-flex e-con-boxed e-con e-parent\" data-id=\"f0d37a5\" data-element_type=\"container\">\n\t\t\t\t\t<div class=\"e-con-inner\">\n\t\t\t\t<div class=\"elementor-element elementor-element-914c442 elementor-widget elementor-widget-heading\" data-id=\"914c442\" data-element_type=\"widget\" data-widget_type=\"heading.default\">\n\t\t\t\t<div class=\"elementor-widget-container\">\n\t\t\t<h2 class=\"elementor-heading-title elementor-size-default\">Orientation sous-marine<\/h2>\t\t<\/div>\n\t\t\t\t<\/div>\n\t\t\t\t\t<\/div>\n\t\t\t\t<\/div>\n\t\t<div class=\"elementor-element elementor-element-bc05ff2 e-flex e-con-boxed e-con e-parent\" data-id=\"bc05ff2\" data-element_type=\"container\">\n\t\t\t\t\t<div class=\"e-con-inner\">\n\t\t\t\t<div class=\"elementor-element elementor-element-54be7d4 elementor-widget elementor-widget-text-editor\" data-id=\"54be7d4\" data-element_type=\"widget\" data-widget_type=\"text-editor.default\">\n\t\t\t\t<div class=\"elementor-widget-container\">\n\t\t\t\t\t\t\t<p>La sp\u00e9cialit\u00e9 <strong>Orientation Sous-Marine<\/strong> est id\u00e9ale pour les plongeurs souhaitant gagner en autonomie et en confiance. Apprenez \u00e0 naviguer efficacement sous l\u2019eau en utilisant un compas, les rep\u00e8res naturels, et des techniques avanc\u00e9es pour ne jamais perdre votre chemin, m\u00eame dans des environnements complexes.<\/p><hr \/><h3><span style=\"color: #6ec1e4;\"><strong>Objectifs de la formation :<\/strong><\/span><\/h3><ul><li><strong>Utilisation du compas<\/strong> : Ma\u00eetriser les techniques de navigation avec un compas sous-marin, notamment les parcours carr\u00e9s et triangulaires.<\/li><li><strong>Navigation naturelle<\/strong> : Apprendre \u00e0 se rep\u00e9rer en observant le relief, la lumi\u00e8re, et les courants.<\/li><li><strong>Planification et suivi d\u2019un itin\u00e9raire<\/strong> : Savoir \u00e9tablir un plan de plong\u00e9e clair et naviguer pr\u00e9cis\u00e9ment pour atteindre vos objectifs.<\/li><li><strong>Techniques avanc\u00e9es<\/strong> : Perfectionner vos comp\u00e9tences en navigation dans des conditions de faible visibilit\u00e9 ou sur de longues distances.<\/li><\/ul><hr \/><h3><span style=\"color: #6ec1e4;\"><strong>Pourquoi suivre cette sp\u00e9cialit\u00e9 ?<\/strong><\/span><\/h3><ul><li><strong>Confiance accrue<\/strong> : Naviguez avec assurance, m\u00eame dans des environnements nouveaux ou complexes.<\/li><li><strong>Autonomie renforc\u00e9e<\/strong> : Une comp\u00e9tence essentielle pour \u00e9voluer en toute s\u00e9curit\u00e9 lors de plong\u00e9es ind\u00e9pendantes.<\/li><li><strong>Pr\u00e9paration aux plong\u00e9es avanc\u00e9es<\/strong> : Indispensable pour des sp\u00e9cialit\u00e9s telles que la plong\u00e9e de nuit ou la plong\u00e9e sur \u00e9pave.<\/li><li><strong>Optimisation des plong\u00e9es<\/strong> : Passez moins de temps \u00e0 chercher votre chemin et plus de temps \u00e0 explorer.<\/li><\/ul><p>La sp\u00e9cialit\u00e9 Orientation Sous-Marine vous offre les outils n\u00e9cessaires pour profiter pleinement de vos plong\u00e9es, o\u00f9 que vous soyez.<\/p>\t\t\t\t\t\t<\/div>\n\t\t\t\t<\/div>\n\t\t\t\t\t<\/div>\n\t\t\t\t<\/div>\n\t\t<div class=\"elementor-element elementor-element-08953e0 e-flex e-con-boxed e-con e-parent\" data-id=\"08953e0\" data-element_type=\"container\">\n\t\t\t\t\t<div class=\"e-con-inner\">\n\t\t<div class=\"elementor-element elementor-element-02b5088 e-grid e-con-full e-con e-child\" data-id=\"02b5088\" data-element_type=\"container\">\n\t\t\t\t<div class=\"elementor-element elementor-element-adf8ea7 elementor-widget elementor-widget-text-editor\" data-id=\"adf8ea7\" data-element_type=\"widget\" data-widget_type=\"text-editor.default\">\n\t\t\t\t<div class=\"elementor-widget-container\">\n\t\t\t\t\t\t\t<h4 style=\"text-align: center;\"><span style=\"color: #6ec1e4;\"><strong>Prix :<\/strong><\/span><\/h4><ul><li>Orientation : 390.-<\/li><\/ul>\t\t\t\t\t\t<\/div>\n\t\t\t\t<\/div>\n\t\t\t\t<div class=\"elementor-element elementor-element-62673df elementor-widget elementor-widget-text-editor\" data-id=\"62673df\" data-element_type=\"widget\" data-widget_type=\"text-editor.default\">\n\t\t\t\t<div class=\"elementor-widget-container\">\n\t\t\t\t\t\t\t<h4 style=\"text-align: center;\"><span style=\"color: #6ec1e4;\"><strong>Conditions :<\/strong><\/span><\/h4><ul><li>\u00c2ge : \u00e0 partir de 12 ans<\/li><li>\u00catre Open Water ou \u00e9quivalent<\/li><li>Preuve de certification<\/li><li>\u00catre en bonne sant\u00e9<\/li><\/ul>\t\t\t\t\t\t<\/div>\n\t\t\t\t<\/div>\n\t\t\t\t<div class=\"elementor-element elementor-element-b9e3769 elementor-widget elementor-widget-text-editor\" data-id=\"b9e3769\" data-element_type=\"widget\" data-widget_type=\"text-editor.default\">\n\t\t\t\t<div class=\"elementor-widget-container\">\n\t\t\t\t\t\t\t<h4 style=\"text-align: center;\"><span style=\"color: #6ec1e4;\"><strong>Tout <\/strong><\/span><span style=\"color: #6ec1e4;\"><strong>inclus :<\/strong>\u00a0<\/span><\/h4><ul><li>Th\u00e9orie en ligne (E-learning)<\/li><li>Equipement<\/li><li>3 plong\u00e9es en milieu naturel<\/li><li>Certification<\/li><\/ul>\t\t\t\t\t\t<\/div>\n\t\t\t\t<\/div>\n\t\t\t\t<\/div>\n\t\t\t\t\t<\/div>\n\t\t\t\t<\/div>\n\t\t\t\t<\/div>\n\t\t","protected":false},"excerpt":{"rendered":"<p>Orientation sous-marine La sp\u00e9cialit\u00e9 Orientation Sous-Marine est id\u00e9ale pour les plongeurs souhaitant gagner en autonomie et en confiance. Apprenez \u00e0 naviguer efficacement sous l\u2019eau en utilisant un compas, les rep\u00e8res naturels, et des techniques avanc\u00e9es pour ne jamais perdre votre chemin, m\u00eame dans des environnements complexes. Objectifs de la formation \u2026<\/p>\n","protected":false},"author":1,"featured_media":2641,"parent":0,"menu_order":0,"comment_status":"closed","ping_status":"closed","template":"","meta":{"footnotes":""},"class_list":["post-2633","page","type-page","status-publish","has-post-thumbnail","hentry"],"_links":{"self":[{"href":"https:\/\/www.pure-motivation.ch\/wordpress\/wp-json\/wp\/v2\/pages\/2633","targetHints":{"allow":["GET"]}}],"collection":[{"href":"https:\/\/www.pure-motivation.ch\/wordpress\/wp-json\/wp\/v2\/pages"}],"about":[{"href":"https:\/\/www.pure-motivation.ch\/wordpress\/wp-json\/wp\/v2\/types\/page"}],"author":[{"embeddable":true,"href":"https:\/\/www.pure-motivation.ch\/wordpress\/wp-json\/wp\/v2\/users\/1"}],"replies":[{"embeddable":true,"href":"https:\/\/www.pure-motivation.ch\/wordpress\/wp-json\/wp\/v2\/comments?post=2633"}],"version-history":[{"count":10,"href":"https:\/\/www.pure-motivation.ch\/wordpress\/wp-json\/wp\/v2\/pages\/2633\/revisions"}],"predecessor-version":[{"id":3742,"href":"https:\/\/www.pure-motivation.ch\/wordpress\/wp-json\/wp\/v2\/pages\/2633\/revisions\/3742"}],"wp:featuredmedia":[{"embeddable":true,"href":"https:\/\/www.pure-motivation.ch\/wordpress\/wp-json\/wp\/v2\/media\/2641"}],"wp:attachment":[{"href":"https:\/\/www.pure-motivation.ch\/wordpress\/wp-json\/wp\/v2\/media?parent=2633"}],"curies":[{"name":"wp","href":"https:\/\/api.w.org\/{rel}","templated":true}]}}