{"id":2622,"date":"2025-01-17T09:20:58","date_gmt":"2025-01-17T08:20:58","guid":{"rendered":"https:\/\/www.pure-motivation.ch\/wordpress\/?page_id=2622"},"modified":"2025-02-07T10:03:37","modified_gmt":"2025-02-07T09:03:37","slug":"recherche-et-recuperation","status":"publish","type":"page","link":"https:\/\/www.pure-motivation.ch\/wordpress\/recherche-et-recuperation\/","title":{"rendered":"Recherche et r\u00e9cup\u00e9ration"},"content":{"rendered":"\t\t<div data-elementor-type=\"wp-page\" data-elementor-id=\"2622\" class=\"elementor elementor-2622\">\n\t\t\t\t<div class=\"elementor-element elementor-element-0a272ca e-flex e-con-boxed e-con e-parent\" data-id=\"0a272ca\" data-element_type=\"container\" data-e-type=\"container\">\n\t\t\t\t\t<div class=\"e-con-inner\">\n\t\t\t\t<div class=\"elementor-element elementor-element-babb36d elementor-widget elementor-widget-heading\" data-id=\"babb36d\" data-element_type=\"widget\" data-e-type=\"widget\" data-widget_type=\"heading.default\">\n\t\t\t\t<div class=\"elementor-widget-container\">\n\t\t\t\t\t<h2 class=\"elementor-heading-title elementor-size-default\">Recherche et R\u00e9cup\u00e9ration<\/h2>\t\t\t\t<\/div>\n\t\t\t\t<\/div>\n\t\t\t\t\t<\/div>\n\t\t\t\t<\/div>\n\t\t<div class=\"elementor-element elementor-element-3292eb6 e-flex e-con-boxed e-con e-parent\" data-id=\"3292eb6\" data-element_type=\"container\" data-e-type=\"container\">\n\t\t\t\t\t<div class=\"e-con-inner\">\n\t\t\t\t<div class=\"elementor-element elementor-element-fc2d846 elementor-widget elementor-widget-text-editor\" data-id=\"fc2d846\" data-element_type=\"widget\" data-e-type=\"widget\" data-widget_type=\"text-editor.default\">\n\t\t\t\t<div class=\"elementor-widget-container\">\n\t\t\t\t\t\t\t\t\t<p>La sp\u00e9cialit\u00e9 <strong>Recherche et R\u00e9cup\u00e9ration (Search and Recovery)<\/strong> vous enseigne les techniques pour localiser et r\u00e9cup\u00e9rer des objets perdus sous l\u2019eau. Que ce soit pour retrouver un \u00e9quipement \u00e9gar\u00e9 ou participer \u00e0 des op\u00e9rations de r\u00e9cup\u00e9ration, ce cours vous pr\u00e9pare \u00e0 explorer efficacement et en toute s\u00e9curit\u00e9.<\/p><hr \/><h3><span style=\"color: #6ec1e4;\"><strong>Objectifs de la formation :<\/strong><\/span><\/h3><ul><li><strong>Techniques de recherche<\/strong> : Apprendre diff\u00e9rentes m\u00e9thodes de balayage et de recherche sous-marine adapt\u00e9es \u00e0 divers environnements.<\/li><li><strong>Utilisation de mat\u00e9riel sp\u00e9cialis\u00e9<\/strong> : D\u00e9couvrir l\u2019utilisation des parachutes de levage et des \u00e9quipements pour d\u00e9placer des objets en toute s\u00e9curit\u00e9.<\/li><li><strong>Planification et ex\u00e9cution<\/strong> : Savoir planifier et mener des op\u00e9rations de recherche et r\u00e9cup\u00e9ration en bin\u00f4me ou en \u00e9quipe.<\/li><li><strong>Gestion des obstacles<\/strong> : Identifier et surmonter les d\u00e9fis sp\u00e9cifiques \u00e0 la recherche sous-marine.<\/li><\/ul><hr \/><h3><span style=\"color: #6ec1e4;\"><strong>Pourquoi suivre cette sp\u00e9cialit\u00e9 ?<\/strong><\/span><\/h3><ul><li><strong>Comp\u00e9tence pratique<\/strong> : D\u00e9veloppez des techniques utiles pour des situations r\u00e9elles, comme la r\u00e9cup\u00e9ration d\u2019\u00e9quipements perdus.<\/li><li><strong>Travail d\u2019\u00e9quipe<\/strong> : Apprenez \u00e0 collaborer efficacement pour des t\u00e2ches complexes sous l\u2019eau.<\/li><li><strong>Exploration approfondie<\/strong> : Approfondissez vos connaissances et comp\u00e9tences pour naviguer dans des environnements vari\u00e9s.<\/li><li><strong>Pr\u00e9paration avanc\u00e9e<\/strong> : Une base id\u00e9ale pour progresser vers des sp\u00e9cialit\u00e9s comme la plong\u00e9e sur \u00e9pave ou la plong\u00e9e technique.<\/li><\/ul><p>Avec la sp\u00e9cialit\u00e9 Search and Recovery, chaque plong\u00e9e devient une mission captivante, renfor\u00e7ant vos comp\u00e9tences et votre confiance.<\/p>\t\t\t\t\t\t\t\t<\/div>\n\t\t\t\t<\/div>\n\t\t\t\t\t<\/div>\n\t\t\t\t<\/div>\n\t\t<div class=\"elementor-element elementor-element-1009a55 e-flex e-con-boxed e-con e-parent\" data-id=\"1009a55\" data-element_type=\"container\" data-e-type=\"container\">\n\t\t\t\t\t<div class=\"e-con-inner\">\n\t\t<div class=\"elementor-element elementor-element-5613935 e-grid e-con-full e-con e-child\" data-id=\"5613935\" data-element_type=\"container\" data-e-type=\"container\">\n\t\t\t\t<div class=\"elementor-element elementor-element-4594231 elementor-widget elementor-widget-text-editor\" data-id=\"4594231\" data-element_type=\"widget\" data-e-type=\"widget\" data-widget_type=\"text-editor.default\">\n\t\t\t\t<div class=\"elementor-widget-container\">\n\t\t\t\t\t\t\t\t\t<h4 style=\"text-align: center;\"><span style=\"color: #6ec1e4;\"><strong>Prix :<\/strong><\/span><\/h4><ul><li>Search &amp; Recovery : 490.-<\/li><\/ul>\t\t\t\t\t\t\t\t<\/div>\n\t\t\t\t<\/div>\n\t\t\t\t<div class=\"elementor-element elementor-element-f1b2ab7 elementor-widget elementor-widget-text-editor\" data-id=\"f1b2ab7\" data-element_type=\"widget\" data-e-type=\"widget\" data-widget_type=\"text-editor.default\">\n\t\t\t\t<div class=\"elementor-widget-container\">\n\t\t\t\t\t\t\t\t\t<h4 style=\"text-align: center;\"><span style=\"color: #6ec1e4;\"><strong>Conditions :<\/strong><\/span><\/h4><ul><li>\u00c2ge : \u00e0 partir de 12 ans<\/li><li>\u00catre Advanced Open Water ou \u00e9quivalent<\/li><li>Preuve de certification<\/li><li>\u00catre en bonne sant\u00e9<\/li><\/ul>\t\t\t\t\t\t\t\t<\/div>\n\t\t\t\t<\/div>\n\t\t\t\t<div class=\"elementor-element elementor-element-b798255 elementor-widget elementor-widget-text-editor\" data-id=\"b798255\" data-element_type=\"widget\" data-e-type=\"widget\" data-widget_type=\"text-editor.default\">\n\t\t\t\t<div class=\"elementor-widget-container\">\n\t\t\t\t\t\t\t\t\t<h4 style=\"text-align: center;\"><span style=\"color: #6ec1e4;\"><strong>Tout inclus :<\/strong>\u00a0<\/span><\/h4><ul><li>Th\u00e9orie en ligne (E-learning)<\/li><li>Equipement<\/li><li>4 plong\u00e9es en milieu naturel<\/li><li>Certification<\/li><\/ul>\t\t\t\t\t\t\t\t<\/div>\n\t\t\t\t<\/div>\n\t\t\t\t<\/div>\n\t\t\t\t\t<\/div>\n\t\t\t\t<\/div>\n\t\t\t\t<\/div>\n\t\t","protected":false},"excerpt":{"rendered":"<p>Recherche et R\u00e9cup\u00e9ration La sp\u00e9cialit\u00e9 Recherche et R\u00e9cup\u00e9ration (Search and Recovery) vous enseigne les techniques pour localiser et r\u00e9cup\u00e9rer des objets perdus sous l\u2019eau. Que ce soit pour retrouver un \u00e9quipement \u00e9gar\u00e9 ou participer \u00e0 des op\u00e9rations de r\u00e9cup\u00e9ration, ce cours vous pr\u00e9pare \u00e0 explorer efficacement et en toute s\u00e9curit\u00e9. \u2026<\/p>\n","protected":false},"author":1,"featured_media":2627,"parent":0,"menu_order":0,"comment_status":"closed","ping_status":"closed","template":"","meta":{"footnotes":""},"class_list":["post-2622","page","type-page","status-publish","has-post-thumbnail","hentry"],"yoast_head":"<!-- This site is optimized with the Yoast SEO plugin v21.5 - https:\/\/yoast.com\/wordpress\/plugins\/seo\/ -->\n<title>Recherche et r\u00e9cup\u00e9ration - Pure Motivation<\/title>\n<meta name=\"robots\" content=\"index, follow, max-snippet:-1, max-image-preview:large, max-video-preview:-1\" \/>\n<link rel=\"canonical\" href=\"https:\/\/www.pure-motivation.ch\/wordpress\/recherche-et-recuperation\/\" \/>\n<meta property=\"og:locale\" content=\"fr_FR\" \/>\n<meta property=\"og:type\" content=\"article\" \/>\n<meta property=\"og:title\" content=\"Recherche et r\u00e9cup\u00e9ration - Pure Motivation\" \/>\n<meta property=\"og:description\" content=\"Recherche et R\u00e9cup\u00e9ration La sp\u00e9cialit\u00e9 Recherche et R\u00e9cup\u00e9ration (Search and Recovery) vous enseigne les techniques pour localiser et r\u00e9cup\u00e9rer des objets perdus sous l\u2019eau. Que ce soit pour retrouver un \u00e9quipement \u00e9gar\u00e9 ou participer \u00e0 des op\u00e9rations de r\u00e9cup\u00e9ration, ce cours vous pr\u00e9pare \u00e0 explorer efficacement et en toute s\u00e9curit\u00e9. \u2026\" \/>\n<meta property=\"og:url\" content=\"https:\/\/www.pure-motivation.ch\/wordpress\/recherche-et-recuperation\/\" \/>\n<meta property=\"og:site_name\" content=\"Pure Motivation\" \/>\n<meta property=\"article:publisher\" content=\"https:\/\/www.facebook.com\/puremotivationsuisse\" \/>\n<meta property=\"article:modified_time\" content=\"2025-02-07T09:03:37+00:00\" \/>\n<meta property=\"og:image\" content=\"https:\/\/www.pure-motivation.ch\/wordpress\/wp-content\/uploads\/2025\/01\/Search-Recovery.png\" \/>\n\t<meta property=\"og:image:width\" content=\"791\" \/>\n\t<meta property=\"og:image:height\" content=\"523\" \/>\n\t<meta property=\"og:image:type\" content=\"image\/png\" \/>\n<meta name=\"twitter:card\" content=\"summary_large_image\" \/>\n<meta name=\"twitter:label1\" content=\"Dur\u00e9e de lecture estim\u00e9e\" \/>\n\t<meta name=\"twitter:data1\" content=\"1 minute\" \/>\n<script type=\"application\/ld+json\" class=\"yoast-schema-graph\">{\"@context\":\"https:\/\/schema.org\",\"@graph\":[{\"@type\":\"WebPage\",\"@id\":\"https:\/\/www.pure-motivation.ch\/wordpress\/recherche-et-recuperation\/\",\"url\":\"https:\/\/www.pure-motivation.ch\/wordpress\/recherche-et-recuperation\/\",\"name\":\"Recherche et r\u00e9cup\u00e9ration - Pure Motivation\",\"isPartOf\":{\"@id\":\"https:\/\/www.pure-motivation.ch\/wordpress\/#website\"},\"datePublished\":\"2025-01-17T08:20:58+00:00\",\"dateModified\":\"2025-02-07T09:03:37+00:00\",\"breadcrumb\":{\"@id\":\"https:\/\/www.pure-motivation.ch\/wordpress\/recherche-et-recuperation\/#breadcrumb\"},\"inLanguage\":\"fr-FR\",\"potentialAction\":[{\"@type\":\"ReadAction\",\"target\":[\"https:\/\/www.pure-motivation.ch\/wordpress\/recherche-et-recuperation\/\"]}]},{\"@type\":\"BreadcrumbList\",\"@id\":\"https:\/\/www.pure-motivation.ch\/wordpress\/recherche-et-recuperation\/#breadcrumb\",\"itemListElement\":[{\"@type\":\"ListItem\",\"position\":1,\"name\":\"Accueil\",\"item\":\"https:\/\/www.pure-motivation.ch\/wordpress\/\"},{\"@type\":\"ListItem\",\"position\":2,\"name\":\"Recherche et r\u00e9cup\u00e9ration\"}]},{\"@type\":\"WebSite\",\"@id\":\"https:\/\/www.pure-motivation.ch\/wordpress\/#website\",\"url\":\"https:\/\/www.pure-motivation.ch\/wordpress\/\",\"name\":\"Pure Motivation\",\"description\":\"Discover your true potential\",\"publisher\":{\"@id\":\"https:\/\/www.pure-motivation.ch\/wordpress\/#organization\"},\"potentialAction\":[{\"@type\":\"SearchAction\",\"target\":{\"@type\":\"EntryPoint\",\"urlTemplate\":\"https:\/\/www.pure-motivation.ch\/wordpress\/?s={search_term_string}\"},\"query-input\":\"required name=search_term_string\"}],\"inLanguage\":\"fr-FR\"},{\"@type\":\"Organization\",\"@id\":\"https:\/\/www.pure-motivation.ch\/wordpress\/#organization\",\"name\":\"Pure Motivation\",\"url\":\"https:\/\/www.pure-motivation.ch\/wordpress\/\",\"logo\":{\"@type\":\"ImageObject\",\"inLanguage\":\"fr-FR\",\"@id\":\"https:\/\/www.pure-motivation.ch\/wordpress\/#\/schema\/logo\/image\/\",\"url\":\"https:\/\/www.pure-motivation.ch\/wordpress\/wp-content\/uploads\/2026\/05\/logo-seul-pure-motivation.jpg\",\"contentUrl\":\"https:\/\/www.pure-motivation.ch\/wordpress\/wp-content\/uploads\/2026\/05\/logo-seul-pure-motivation.jpg\",\"width\":1240,\"height\":1240,\"caption\":\"Pure Motivation\"},\"image\":{\"@id\":\"https:\/\/www.pure-motivation.ch\/wordpress\/#\/schema\/logo\/image\/\"},\"sameAs\":[\"https:\/\/www.facebook.com\/puremotivationsuisse\",\"https:\/\/www.instagram.com\/puremotivationch\/\",\"https:\/\/www.youtube.com\/channel\/UC95XjhmapH_YQzEKZCLklOQ\"]}]}<\/script>\n<!-- \/ Yoast SEO plugin. -->","yoast_head_json":{"title":"Recherche et r\u00e9cup\u00e9ration - Pure Motivation","robots":{"index":"index","follow":"follow","max-snippet":"max-snippet:-1","max-image-preview":"max-image-preview:large","max-video-preview":"max-video-preview:-1"},"canonical":"https:\/\/www.pure-motivation.ch\/wordpress\/recherche-et-recuperation\/","og_locale":"fr_FR","og_type":"article","og_title":"Recherche et r\u00e9cup\u00e9ration - Pure Motivation","og_description":"Recherche et R\u00e9cup\u00e9ration La sp\u00e9cialit\u00e9 Recherche et R\u00e9cup\u00e9ration (Search and Recovery) vous enseigne les techniques pour localiser et r\u00e9cup\u00e9rer des objets perdus sous l\u2019eau. Que ce soit pour retrouver un \u00e9quipement \u00e9gar\u00e9 ou participer \u00e0 des op\u00e9rations de r\u00e9cup\u00e9ration, ce cours vous pr\u00e9pare \u00e0 explorer efficacement et en toute s\u00e9curit\u00e9. \u2026","og_url":"https:\/\/www.pure-motivation.ch\/wordpress\/recherche-et-recuperation\/","og_site_name":"Pure Motivation","article_publisher":"https:\/\/www.facebook.com\/puremotivationsuisse","article_modified_time":"2025-02-07T09:03:37+00:00","og_image":[{"width":791,"height":523,"url":"https:\/\/www.pure-motivation.ch\/wordpress\/wp-content\/uploads\/2025\/01\/Search-Recovery.png","type":"image\/png"}],"twitter_card":"summary_large_image","twitter_misc":{"Dur\u00e9e de lecture estim\u00e9e":"1 minute"},"schema":{"@context":"https:\/\/schema.org","@graph":[{"@type":"WebPage","@id":"https:\/\/www.pure-motivation.ch\/wordpress\/recherche-et-recuperation\/","url":"https:\/\/www.pure-motivation.ch\/wordpress\/recherche-et-recuperation\/","name":"Recherche et r\u00e9cup\u00e9ration - Pure Motivation","isPartOf":{"@id":"https:\/\/www.pure-motivation.ch\/wordpress\/#website"},"datePublished":"2025-01-17T08:20:58+00:00","dateModified":"2025-02-07T09:03:37+00:00","breadcrumb":{"@id":"https:\/\/www.pure-motivation.ch\/wordpress\/recherche-et-recuperation\/#breadcrumb"},"inLanguage":"fr-FR","potentialAction":[{"@type":"ReadAction","target":["https:\/\/www.pure-motivation.ch\/wordpress\/recherche-et-recuperation\/"]}]},{"@type":"BreadcrumbList","@id":"https:\/\/www.pure-motivation.ch\/wordpress\/recherche-et-recuperation\/#breadcrumb","itemListElement":[{"@type":"ListItem","position":1,"name":"Accueil","item":"https:\/\/www.pure-motivation.ch\/wordpress\/"},{"@type":"ListItem","position":2,"name":"Recherche et r\u00e9cup\u00e9ration"}]},{"@type":"WebSite","@id":"https:\/\/www.pure-motivation.ch\/wordpress\/#website","url":"https:\/\/www.pure-motivation.ch\/wordpress\/","name":"Pure Motivation","description":"Discover your true potential","publisher":{"@id":"https:\/\/www.pure-motivation.ch\/wordpress\/#organization"},"potentialAction":[{"@type":"SearchAction","target":{"@type":"EntryPoint","urlTemplate":"https:\/\/www.pure-motivation.ch\/wordpress\/?s={search_term_string}"},"query-input":"required name=search_term_string"}],"inLanguage":"fr-FR"},{"@type":"Organization","@id":"https:\/\/www.pure-motivation.ch\/wordpress\/#organization","name":"Pure Motivation","url":"https:\/\/www.pure-motivation.ch\/wordpress\/","logo":{"@type":"ImageObject","inLanguage":"fr-FR","@id":"https:\/\/www.pure-motivation.ch\/wordpress\/#\/schema\/logo\/image\/","url":"https:\/\/www.pure-motivation.ch\/wordpress\/wp-content\/uploads\/2026\/05\/logo-seul-pure-motivation.jpg","contentUrl":"https:\/\/www.pure-motivation.ch\/wordpress\/wp-content\/uploads\/2026\/05\/logo-seul-pure-motivation.jpg","width":1240,"height":1240,"caption":"Pure Motivation"},"image":{"@id":"https:\/\/www.pure-motivation.ch\/wordpress\/#\/schema\/logo\/image\/"},"sameAs":["https:\/\/www.facebook.com\/puremotivationsuisse","https:\/\/www.instagram.com\/puremotivationch\/","https:\/\/www.youtube.com\/channel\/UC95XjhmapH_YQzEKZCLklOQ"]}]}},"_links":{"self":[{"href":"https:\/\/www.pure-motivation.ch\/wordpress\/wp-json\/wp\/v2\/pages\/2622","targetHints":{"allow":["GET"]}}],"collection":[{"href":"https:\/\/www.pure-motivation.ch\/wordpress\/wp-json\/wp\/v2\/pages"}],"about":[{"href":"https:\/\/www.pure-motivation.ch\/wordpress\/wp-json\/wp\/v2\/types\/page"}],"author":[{"embeddable":true,"href":"https:\/\/www.pure-motivation.ch\/wordpress\/wp-json\/wp\/v2\/users\/1"}],"replies":[{"embeddable":true,"href":"https:\/\/www.pure-motivation.ch\/wordpress\/wp-json\/wp\/v2\/comments?post=2622"}],"version-history":[{"count":7,"href":"https:\/\/www.pure-motivation.ch\/wordpress\/wp-json\/wp\/v2\/pages\/2622\/revisions"}],"predecessor-version":[{"id":3739,"href":"https:\/\/www.pure-motivation.ch\/wordpress\/wp-json\/wp\/v2\/pages\/2622\/revisions\/3739"}],"wp:featuredmedia":[{"embeddable":true,"href":"https:\/\/www.pure-motivation.ch\/wordpress\/wp-json\/wp\/v2\/media\/2627"}],"wp:attachment":[{"href":"https:\/\/www.pure-motivation.ch\/wordpress\/wp-json\/wp\/v2\/media?parent=2622"}],"curies":[{"name":"wp","href":"https:\/\/api.w.org\/{rel}","templated":true}]}}