{"id":2602,"date":"2025-01-17T08:10:50","date_gmt":"2025-01-17T07:10:50","guid":{"rendered":"https:\/\/www.pure-motivation.ch\/wordpress\/?page_id=2602"},"modified":"2025-02-07T11:08:57","modified_gmt":"2025-02-07T10:08:57","slug":"plongee-de-nuit","status":"publish","type":"page","link":"https:\/\/www.pure-motivation.ch\/wordpress\/plongee-de-nuit\/","title":{"rendered":"Plong\u00e9e de nuit"},"content":{"rendered":"\t\t<div data-elementor-type=\"wp-page\" data-elementor-id=\"2602\" class=\"elementor elementor-2602\">\n\t\t\t\t<div class=\"elementor-element elementor-element-96aef1d e-flex e-con-boxed e-con e-parent\" data-id=\"96aef1d\" data-element_type=\"container\" data-e-type=\"container\">\n\t\t\t\t\t<div class=\"e-con-inner\">\n\t\t\t\t<div class=\"elementor-element elementor-element-90a76ea elementor-widget elementor-widget-heading\" data-id=\"90a76ea\" data-element_type=\"widget\" data-e-type=\"widget\" data-widget_type=\"heading.default\">\n\t\t\t\t<div class=\"elementor-widget-container\">\n\t\t\t\t\t<h2 class=\"elementor-heading-title elementor-size-default\">Plong\u00e9e de Nuit<\/h2>\t\t\t\t<\/div>\n\t\t\t\t<\/div>\n\t\t\t\t\t<\/div>\n\t\t\t\t<\/div>\n\t\t<div class=\"elementor-element elementor-element-b8997fe e-flex e-con-boxed e-con e-parent\" data-id=\"b8997fe\" data-element_type=\"container\" data-e-type=\"container\">\n\t\t\t\t\t<div class=\"e-con-inner\">\n\t\t\t\t<div class=\"elementor-element elementor-element-6aa724d elementor-widget elementor-widget-text-editor\" data-id=\"6aa724d\" data-element_type=\"widget\" data-e-type=\"widget\" data-widget_type=\"text-editor.default\">\n\t\t\t\t<div class=\"elementor-widget-container\">\n\t\t\t\t\t\t\t\t\t<p>La sp\u00e9cialit\u00e9 <strong>Plong\u00e9e de Nuit<\/strong> vous invite \u00e0 d\u00e9couvrir un univers sous-marin transform\u00e9 \u00e0 la tomb\u00e9e de la nuit. Avec une atmosph\u00e8re unique et des cr\u00e9atures nocturnes fascinantes, ce cours vous pr\u00e9pare \u00e0 plonger en toute s\u00e9curit\u00e9 dans l\u2019obscurit\u00e9, pour vivre des moments magiques sous l\u2019eau.<\/p><hr \/><h3><span style=\"color: #6ec1e4;\"><strong>Objectifs de la formation :<\/strong><\/span><\/h3><ul><li><strong>Pr\u00e9paration et \u00e9quipement<\/strong> : Apprendre \u00e0 choisir et utiliser les lampes de plong\u00e9e, ainsi que le mat\u00e9riel adapt\u00e9 aux plong\u00e9es nocturnes.<\/li><li><strong>Techniques de navigation<\/strong> : D\u00e9velopper des comp\u00e9tences pour s\u2019orienter efficacement dans l\u2019obscurit\u00e9.<\/li><li><strong>Communication sous-marine<\/strong> : Ma\u00eetriser les signaux lumineux et gestuels sp\u00e9cifiques \u00e0 la plong\u00e9e de nuit.<\/li><li><strong>Observation de la vie marine nocturne<\/strong> : D\u00e9couvrir et identifier les comportements uniques de la faune et de la flore sous-marines la nuit.<\/li><\/ul><hr \/><h3><span style=\"color: #6ec1e4;\"><strong>Pourquoi suivre cette sp\u00e9cialit\u00e9 ?<\/strong><\/span><\/h3><ul><li><strong>Nouvelle perspective<\/strong> : Explorez un environnement totalement diff\u00e9rent, o\u00f9 m\u00eame les sites familiers se transforment.<\/li><li><strong>Vie marine unique<\/strong> : Observez des esp\u00e8ces et des comportements invisibles de jour.<\/li><li><strong>D\u00e9veloppement des comp\u00e9tences<\/strong> : Gagnez en confiance en apprenant \u00e0 g\u00e9rer les d\u00e9fis de la plong\u00e9e dans l\u2019obscurit\u00e9.<\/li><li><strong>Pr\u00e9paration \u00e0 des exp\u00e9riences avanc\u00e9es<\/strong> : Une base id\u00e9ale pour explorer des plong\u00e9es plus sp\u00e9cialis\u00e9es comme la plong\u00e9e sur \u00e9pave ou en grotte.<\/li><\/ul><p>Plonger de nuit, c\u2019est d\u00e9couvrir un monde sous-marin myst\u00e9rieux et captivant, o\u00f9 chaque plong\u00e9e devient une aventure inoubliable.<\/p><hr \/>\t\t\t\t\t\t\t\t<\/div>\n\t\t\t\t<\/div>\n\t\t\t\t\t<\/div>\n\t\t\t\t<\/div>\n\t\t<div class=\"elementor-element elementor-element-4f733ac e-flex e-con-boxed e-con e-parent\" data-id=\"4f733ac\" data-element_type=\"container\" data-e-type=\"container\">\n\t\t\t\t\t<div class=\"e-con-inner\">\n\t\t<div class=\"elementor-element elementor-element-6a9d07a e-grid e-con-full e-con e-child\" data-id=\"6a9d07a\" data-element_type=\"container\" data-e-type=\"container\">\n\t\t\t\t<div class=\"elementor-element elementor-element-ffa6653 elementor-widget elementor-widget-text-editor\" data-id=\"ffa6653\" data-element_type=\"widget\" data-e-type=\"widget\" data-widget_type=\"text-editor.default\">\n\t\t\t\t<div class=\"elementor-widget-container\">\n\t\t\t\t\t\t\t\t\t<h4 style=\"text-align: center;\"><span style=\"color: #6ec1e4;\"><strong>Prix :<\/strong><\/span><\/h4><ul><li>Night Diver : 390.-<\/li><\/ul>\t\t\t\t\t\t\t\t<\/div>\n\t\t\t\t<\/div>\n\t\t\t\t<div class=\"elementor-element elementor-element-e1cdb7b elementor-widget elementor-widget-text-editor\" data-id=\"e1cdb7b\" data-element_type=\"widget\" data-e-type=\"widget\" data-widget_type=\"text-editor.default\">\n\t\t\t\t<div class=\"elementor-widget-container\">\n\t\t\t\t\t\t\t\t\t<h4 style=\"text-align: center;\"><span style=\"color: #6ec1e4;\"><strong>Conditions :<\/strong><\/span><\/h4><ul><li>\u00c2ge : \u00e0 partir de 12 ans<\/li><li>\u00catre Open Water ou \u00e9quivalent<\/li><li>Preuve de certification<\/li><li>\u00catre en bonne sant\u00e9<\/li><\/ul>\t\t\t\t\t\t\t\t<\/div>\n\t\t\t\t<\/div>\n\t\t\t\t<div class=\"elementor-element elementor-element-be149f1 elementor-widget elementor-widget-text-editor\" data-id=\"be149f1\" data-element_type=\"widget\" data-e-type=\"widget\" data-widget_type=\"text-editor.default\">\n\t\t\t\t<div class=\"elementor-widget-container\">\n\t\t\t\t\t\t\t\t\t<h4 style=\"text-align: center;\"><span style=\"color: #6ec1e4;\"><strong>Tout inclus :<\/strong>\u00a0<\/span><\/h4><ul><li>Th\u00e9orie en ligne (E-learning)<\/li><li>Equipement<\/li><li>Lampes de plong\u00e9e<\/li><li>3 plong\u00e9es en milieu naturel<\/li><li>Certification<\/li><\/ul>\t\t\t\t\t\t\t\t<\/div>\n\t\t\t\t<\/div>\n\t\t\t\t<\/div>\n\t\t\t\t\t<\/div>\n\t\t\t\t<\/div>\n\t\t\t\t<\/div>\n\t\t","protected":false},"excerpt":{"rendered":"<p>Plong\u00e9e de Nuit La sp\u00e9cialit\u00e9 Plong\u00e9e de Nuit vous invite \u00e0 d\u00e9couvrir un univers sous-marin transform\u00e9 \u00e0 la tomb\u00e9e de la nuit. Avec une atmosph\u00e8re unique et des cr\u00e9atures nocturnes fascinantes, ce cours vous pr\u00e9pare \u00e0 plonger en toute s\u00e9curit\u00e9 dans l\u2019obscurit\u00e9, pour vivre des moments magiques sous l\u2019eau. Objectifs \u2026<\/p>\n","protected":false},"author":1,"featured_media":2607,"parent":0,"menu_order":0,"comment_status":"closed","ping_status":"closed","template":"","meta":{"footnotes":""},"class_list":["post-2602","page","type-page","status-publish","has-post-thumbnail","hentry"],"yoast_head":"<!-- This site is optimized with the Yoast SEO plugin v21.5 - https:\/\/yoast.com\/wordpress\/plugins\/seo\/ -->\n<title>Plong\u00e9e de nuit - Pure Motivation<\/title>\n<meta name=\"robots\" content=\"index, follow, max-snippet:-1, max-image-preview:large, max-video-preview:-1\" \/>\n<link rel=\"canonical\" href=\"https:\/\/www.pure-motivation.ch\/wordpress\/plongee-de-nuit\/\" \/>\n<meta property=\"og:locale\" content=\"fr_FR\" \/>\n<meta property=\"og:type\" content=\"article\" \/>\n<meta property=\"og:title\" content=\"Plong\u00e9e de nuit - Pure Motivation\" \/>\n<meta property=\"og:description\" content=\"Plong\u00e9e de Nuit La sp\u00e9cialit\u00e9 Plong\u00e9e de Nuit vous invite \u00e0 d\u00e9couvrir un univers sous-marin transform\u00e9 \u00e0 la tomb\u00e9e de la nuit. Avec une atmosph\u00e8re unique et des cr\u00e9atures nocturnes fascinantes, ce cours vous pr\u00e9pare \u00e0 plonger en toute s\u00e9curit\u00e9 dans l\u2019obscurit\u00e9, pour vivre des moments magiques sous l\u2019eau. Objectifs \u2026\" \/>\n<meta property=\"og:url\" content=\"https:\/\/www.pure-motivation.ch\/wordpress\/plongee-de-nuit\/\" \/>\n<meta property=\"og:site_name\" content=\"Pure Motivation\" \/>\n<meta property=\"article:publisher\" content=\"https:\/\/www.facebook.com\/puremotivationsuisse\" \/>\n<meta property=\"article:modified_time\" content=\"2025-02-07T10:08:57+00:00\" \/>\n<meta property=\"og:image\" content=\"https:\/\/www.pure-motivation.ch\/wordpress\/wp-content\/uploads\/2025\/01\/Night-Dive.png\" \/>\n\t<meta property=\"og:image:width\" content=\"1063\" \/>\n\t<meta property=\"og:image:height\" content=\"601\" \/>\n\t<meta property=\"og:image:type\" content=\"image\/png\" \/>\n<meta name=\"twitter:card\" content=\"summary_large_image\" \/>\n<meta name=\"twitter:label1\" content=\"Dur\u00e9e de lecture estim\u00e9e\" \/>\n\t<meta name=\"twitter:data1\" content=\"1 minute\" \/>\n<script type=\"application\/ld+json\" class=\"yoast-schema-graph\">{\"@context\":\"https:\/\/schema.org\",\"@graph\":[{\"@type\":\"WebPage\",\"@id\":\"https:\/\/www.pure-motivation.ch\/wordpress\/plongee-de-nuit\/\",\"url\":\"https:\/\/www.pure-motivation.ch\/wordpress\/plongee-de-nuit\/\",\"name\":\"Plong\u00e9e de nuit - Pure Motivation\",\"isPartOf\":{\"@id\":\"https:\/\/www.pure-motivation.ch\/wordpress\/#website\"},\"datePublished\":\"2025-01-17T07:10:50+00:00\",\"dateModified\":\"2025-02-07T10:08:57+00:00\",\"breadcrumb\":{\"@id\":\"https:\/\/www.pure-motivation.ch\/wordpress\/plongee-de-nuit\/#breadcrumb\"},\"inLanguage\":\"fr-FR\",\"potentialAction\":[{\"@type\":\"ReadAction\",\"target\":[\"https:\/\/www.pure-motivation.ch\/wordpress\/plongee-de-nuit\/\"]}]},{\"@type\":\"BreadcrumbList\",\"@id\":\"https:\/\/www.pure-motivation.ch\/wordpress\/plongee-de-nuit\/#breadcrumb\",\"itemListElement\":[{\"@type\":\"ListItem\",\"position\":1,\"name\":\"Accueil\",\"item\":\"https:\/\/www.pure-motivation.ch\/wordpress\/\"},{\"@type\":\"ListItem\",\"position\":2,\"name\":\"Plong\u00e9e de nuit\"}]},{\"@type\":\"WebSite\",\"@id\":\"https:\/\/www.pure-motivation.ch\/wordpress\/#website\",\"url\":\"https:\/\/www.pure-motivation.ch\/wordpress\/\",\"name\":\"Pure Motivation\",\"description\":\"Discover your true potential\",\"publisher\":{\"@id\":\"https:\/\/www.pure-motivation.ch\/wordpress\/#organization\"},\"potentialAction\":[{\"@type\":\"SearchAction\",\"target\":{\"@type\":\"EntryPoint\",\"urlTemplate\":\"https:\/\/www.pure-motivation.ch\/wordpress\/?s={search_term_string}\"},\"query-input\":\"required name=search_term_string\"}],\"inLanguage\":\"fr-FR\"},{\"@type\":\"Organization\",\"@id\":\"https:\/\/www.pure-motivation.ch\/wordpress\/#organization\",\"name\":\"Pure Motivation\",\"url\":\"https:\/\/www.pure-motivation.ch\/wordpress\/\",\"logo\":{\"@type\":\"ImageObject\",\"inLanguage\":\"fr-FR\",\"@id\":\"https:\/\/www.pure-motivation.ch\/wordpress\/#\/schema\/logo\/image\/\",\"url\":\"https:\/\/www.pure-motivation.ch\/wordpress\/wp-content\/uploads\/2026\/05\/logo-seul-pure-motivation.jpg\",\"contentUrl\":\"https:\/\/www.pure-motivation.ch\/wordpress\/wp-content\/uploads\/2026\/05\/logo-seul-pure-motivation.jpg\",\"width\":1240,\"height\":1240,\"caption\":\"Pure Motivation\"},\"image\":{\"@id\":\"https:\/\/www.pure-motivation.ch\/wordpress\/#\/schema\/logo\/image\/\"},\"sameAs\":[\"https:\/\/www.facebook.com\/puremotivationsuisse\",\"https:\/\/www.instagram.com\/puremotivationch\/\",\"https:\/\/www.youtube.com\/channel\/UC95XjhmapH_YQzEKZCLklOQ\"]}]}<\/script>\n<!-- \/ Yoast SEO plugin. -->","yoast_head_json":{"title":"Plong\u00e9e de nuit - Pure Motivation","robots":{"index":"index","follow":"follow","max-snippet":"max-snippet:-1","max-image-preview":"max-image-preview:large","max-video-preview":"max-video-preview:-1"},"canonical":"https:\/\/www.pure-motivation.ch\/wordpress\/plongee-de-nuit\/","og_locale":"fr_FR","og_type":"article","og_title":"Plong\u00e9e de nuit - Pure Motivation","og_description":"Plong\u00e9e de Nuit La sp\u00e9cialit\u00e9 Plong\u00e9e de Nuit vous invite \u00e0 d\u00e9couvrir un univers sous-marin transform\u00e9 \u00e0 la tomb\u00e9e de la nuit. Avec une atmosph\u00e8re unique et des cr\u00e9atures nocturnes fascinantes, ce cours vous pr\u00e9pare \u00e0 plonger en toute s\u00e9curit\u00e9 dans l\u2019obscurit\u00e9, pour vivre des moments magiques sous l\u2019eau. Objectifs \u2026","og_url":"https:\/\/www.pure-motivation.ch\/wordpress\/plongee-de-nuit\/","og_site_name":"Pure Motivation","article_publisher":"https:\/\/www.facebook.com\/puremotivationsuisse","article_modified_time":"2025-02-07T10:08:57+00:00","og_image":[{"width":1063,"height":601,"url":"https:\/\/www.pure-motivation.ch\/wordpress\/wp-content\/uploads\/2025\/01\/Night-Dive.png","type":"image\/png"}],"twitter_card":"summary_large_image","twitter_misc":{"Dur\u00e9e de lecture estim\u00e9e":"1 minute"},"schema":{"@context":"https:\/\/schema.org","@graph":[{"@type":"WebPage","@id":"https:\/\/www.pure-motivation.ch\/wordpress\/plongee-de-nuit\/","url":"https:\/\/www.pure-motivation.ch\/wordpress\/plongee-de-nuit\/","name":"Plong\u00e9e de nuit - Pure Motivation","isPartOf":{"@id":"https:\/\/www.pure-motivation.ch\/wordpress\/#website"},"datePublished":"2025-01-17T07:10:50+00:00","dateModified":"2025-02-07T10:08:57+00:00","breadcrumb":{"@id":"https:\/\/www.pure-motivation.ch\/wordpress\/plongee-de-nuit\/#breadcrumb"},"inLanguage":"fr-FR","potentialAction":[{"@type":"ReadAction","target":["https:\/\/www.pure-motivation.ch\/wordpress\/plongee-de-nuit\/"]}]},{"@type":"BreadcrumbList","@id":"https:\/\/www.pure-motivation.ch\/wordpress\/plongee-de-nuit\/#breadcrumb","itemListElement":[{"@type":"ListItem","position":1,"name":"Accueil","item":"https:\/\/www.pure-motivation.ch\/wordpress\/"},{"@type":"ListItem","position":2,"name":"Plong\u00e9e de nuit"}]},{"@type":"WebSite","@id":"https:\/\/www.pure-motivation.ch\/wordpress\/#website","url":"https:\/\/www.pure-motivation.ch\/wordpress\/","name":"Pure Motivation","description":"Discover your true potential","publisher":{"@id":"https:\/\/www.pure-motivation.ch\/wordpress\/#organization"},"potentialAction":[{"@type":"SearchAction","target":{"@type":"EntryPoint","urlTemplate":"https:\/\/www.pure-motivation.ch\/wordpress\/?s={search_term_string}"},"query-input":"required name=search_term_string"}],"inLanguage":"fr-FR"},{"@type":"Organization","@id":"https:\/\/www.pure-motivation.ch\/wordpress\/#organization","name":"Pure Motivation","url":"https:\/\/www.pure-motivation.ch\/wordpress\/","logo":{"@type":"ImageObject","inLanguage":"fr-FR","@id":"https:\/\/www.pure-motivation.ch\/wordpress\/#\/schema\/logo\/image\/","url":"https:\/\/www.pure-motivation.ch\/wordpress\/wp-content\/uploads\/2026\/05\/logo-seul-pure-motivation.jpg","contentUrl":"https:\/\/www.pure-motivation.ch\/wordpress\/wp-content\/uploads\/2026\/05\/logo-seul-pure-motivation.jpg","width":1240,"height":1240,"caption":"Pure Motivation"},"image":{"@id":"https:\/\/www.pure-motivation.ch\/wordpress\/#\/schema\/logo\/image\/"},"sameAs":["https:\/\/www.facebook.com\/puremotivationsuisse","https:\/\/www.instagram.com\/puremotivationch\/","https:\/\/www.youtube.com\/channel\/UC95XjhmapH_YQzEKZCLklOQ"]}]}},"_links":{"self":[{"href":"https:\/\/www.pure-motivation.ch\/wordpress\/wp-json\/wp\/v2\/pages\/2602","targetHints":{"allow":["GET"]}}],"collection":[{"href":"https:\/\/www.pure-motivation.ch\/wordpress\/wp-json\/wp\/v2\/pages"}],"about":[{"href":"https:\/\/www.pure-motivation.ch\/wordpress\/wp-json\/wp\/v2\/types\/page"}],"author":[{"embeddable":true,"href":"https:\/\/www.pure-motivation.ch\/wordpress\/wp-json\/wp\/v2\/users\/1"}],"replies":[{"embeddable":true,"href":"https:\/\/www.pure-motivation.ch\/wordpress\/wp-json\/wp\/v2\/comments?post=2602"}],"version-history":[{"count":7,"href":"https:\/\/www.pure-motivation.ch\/wordpress\/wp-json\/wp\/v2\/pages\/2602\/revisions"}],"predecessor-version":[{"id":3749,"href":"https:\/\/www.pure-motivation.ch\/wordpress\/wp-json\/wp\/v2\/pages\/2602\/revisions\/3749"}],"wp:featuredmedia":[{"embeddable":true,"href":"https:\/\/www.pure-motivation.ch\/wordpress\/wp-json\/wp\/v2\/media\/2607"}],"wp:attachment":[{"href":"https:\/\/www.pure-motivation.ch\/wordpress\/wp-json\/wp\/v2\/media?parent=2602"}],"curies":[{"name":"wp","href":"https:\/\/api.w.org\/{rel}","templated":true}]}}