{"id":2577,"date":"2025-01-16T15:52:28","date_gmt":"2025-01-16T14:52:28","guid":{"rendered":"https:\/\/www.pure-motivation.ch\/wordpress\/?page_id=2577"},"modified":"2025-01-20T16:02:10","modified_gmt":"2025-01-20T15:02:10","slug":"photographie-sous-marine","status":"publish","type":"page","link":"https:\/\/www.pure-motivation.ch\/wordpress\/photographie-sous-marine\/","title":{"rendered":"Photographie sous-marine"},"content":{"rendered":"\t\t<div data-elementor-type=\"wp-page\" data-elementor-id=\"2577\" class=\"elementor elementor-2577\">\n\t\t\t\t<div class=\"elementor-element elementor-element-39ebe88 e-flex e-con-boxed e-con e-parent\" data-id=\"39ebe88\" data-element_type=\"container\">\n\t\t\t\t\t<div class=\"e-con-inner\">\n\t\t\t\t<div class=\"elementor-element elementor-element-7575ef6 elementor-widget elementor-widget-heading\" data-id=\"7575ef6\" data-element_type=\"widget\" data-widget_type=\"heading.default\">\n\t\t\t\t<div class=\"elementor-widget-container\">\n\t\t\t<h2 class=\"elementor-heading-title elementor-size-default\">Photographie sous-marine<\/h2>\t\t<\/div>\n\t\t\t\t<\/div>\n\t\t\t\t\t<\/div>\n\t\t\t\t<\/div>\n\t\t<div class=\"elementor-element elementor-element-a7ff3ec e-flex e-con-boxed e-con e-parent\" data-id=\"a7ff3ec\" data-element_type=\"container\">\n\t\t\t\t\t<div class=\"e-con-inner\">\n\t\t\t\t<div class=\"elementor-element elementor-element-96ccc1e elementor-widget elementor-widget-text-editor\" data-id=\"96ccc1e\" data-element_type=\"widget\" data-widget_type=\"text-editor.default\">\n\t\t\t\t<div class=\"elementor-widget-container\">\n\t\t\t\t\t\t\t<p>La sp\u00e9cialit\u00e9 <strong>Photographie Sous-Marine<\/strong> vous apprend \u00e0 capturer la beaut\u00e9 et la magie du monde sous-marin. Que vous soyez d\u00e9butant en photographie ou plongeur souhaitant am\u00e9liorer vos comp\u00e9tences, ce cours vous donnera les techniques essentielles pour cr\u00e9er des images spectaculaires.<\/p><hr \/><h3><span style=\"color: #6ec1e4;\"><strong>Objectifs de la formation :<\/strong><\/span><\/h3><ul><li><strong>Bases de la photographie sous-marine<\/strong> : Comprendre la lumi\u00e8re, les couleurs et les r\u00e9glages sp\u00e9cifiques \u00e0 l\u2019environnement aquatique.<\/li><li><strong>Choix et utilisation de l\u2019\u00e9quipement<\/strong> : Apprendre \u00e0 utiliser un appareil photo ou une cam\u00e9ra sous-marine, ainsi que les accessoires comme les flashs ou les lentilles.<\/li><li><strong>Techniques de prise de vue<\/strong> : Ma\u00eetriser la composition, le cadrage et la gestion des sujets en mouvement.<\/li><li><strong>Prot\u00e9ger l\u2019environnement<\/strong> : Savoir photographier sans d\u00e9ranger la faune ou endommager les \u00e9cosyst\u00e8mes fragiles.<\/li><\/ul><hr \/><h3><span style=\"color: #6ec1e4;\"><strong>Pourquoi suivre cette sp\u00e9cialit\u00e9 ?<\/strong><\/span><\/h3><ul><li><strong>Immortalisez vos plong\u00e9es<\/strong> : Ramenez des souvenirs uniques et partagez vos exp\u00e9riences avec vos proches.<\/li><li><strong>Am\u00e9liorez vos comp\u00e9tences<\/strong> : D\u00e9veloppez vos techniques de prise de vue dans un environnement exigeant.<\/li><li><strong>D\u00e9couvrez la cr\u00e9ativit\u00e9 sous-marine<\/strong> : La photographie sous-marine est une combinaison d\u2019art et de technique qui offre une nouvelle perspective du monde aquatique.<\/li><li><strong>Pr\u00e9paration \u00e0 des projets avanc\u00e9s<\/strong> : Une base solide pour explorer d&rsquo;autres sp\u00e9cialit\u00e9s comme la plong\u00e9e profonde ou la plong\u00e9e sur \u00e9pave.<\/li><\/ul><p>La photo sous-marine est une porte ouverte vers l\u2019exploration artistique, vous permettant de capturer la richesse et la diversit\u00e9 des fonds marins.<\/p><hr \/>\t\t\t\t\t\t<\/div>\n\t\t\t\t<\/div>\n\t\t\t\t\t<\/div>\n\t\t\t\t<\/div>\n\t\t<div class=\"elementor-element elementor-element-2fb51a6 e-flex e-con-boxed e-con e-parent\" data-id=\"2fb51a6\" data-element_type=\"container\">\n\t\t\t\t\t<div class=\"e-con-inner\">\n\t\t<div class=\"elementor-element elementor-element-21beae8 e-grid e-con-full e-con e-child\" data-id=\"21beae8\" data-element_type=\"container\">\n\t\t\t\t<div class=\"elementor-element elementor-element-65aea62 elementor-widget elementor-widget-text-editor\" data-id=\"65aea62\" data-element_type=\"widget\" data-widget_type=\"text-editor.default\">\n\t\t\t\t<div class=\"elementor-widget-container\">\n\t\t\t\t\t\t\t<h4 style=\"text-align: center;\"><span style=\"color: #6ec1e4;\"><strong>Prix :<\/strong><\/span><\/h4><ul><li>Cours Photo : 290.-<\/li><li>Location de l&rsquo;appareil : 60.-<\/li><\/ul>\t\t\t\t\t\t<\/div>\n\t\t\t\t<\/div>\n\t\t\t\t<div class=\"elementor-element elementor-element-42f66c3 elementor-widget elementor-widget-text-editor\" data-id=\"42f66c3\" data-element_type=\"widget\" data-widget_type=\"text-editor.default\">\n\t\t\t\t<div class=\"elementor-widget-container\">\n\t\t\t\t\t\t\t<h4 style=\"text-align: center;\"><span style=\"color: #6ec1e4;\"><strong>Conditions :<\/strong><\/span><\/h4><ul><li>\u00c2ge : \u00e0 partir de 12 ans<\/li><li>\u00catre Open Water ou \u00e9quivalent<\/li><li>Preuve de certification<\/li><li>\u00catre en bonne sant\u00e9<\/li><\/ul>\t\t\t\t\t\t<\/div>\n\t\t\t\t<\/div>\n\t\t\t\t<div class=\"elementor-element elementor-element-48c8c64 elementor-widget elementor-widget-text-editor\" data-id=\"48c8c64\" data-element_type=\"widget\" data-widget_type=\"text-editor.default\">\n\t\t\t\t<div class=\"elementor-widget-container\">\n\t\t\t\t\t\t\t<h4 style=\"text-align: center;\"><span style=\"color: #6ec1e4;\"><strong>Inclus :<\/strong>\u00a0<\/span><\/h4><ul><li>Th\u00e9orie en ligne (E-learning)<\/li><li>Equipement<\/li><li>2 plong\u00e9es en milieu naturel<\/li><li>Certification<\/li><\/ul>\t\t\t\t\t\t<\/div>\n\t\t\t\t<\/div>\n\t\t\t\t<\/div>\n\t\t\t\t\t<\/div>\n\t\t\t\t<\/div>\n\t\t\t\t<\/div>\n\t\t","protected":false},"excerpt":{"rendered":"<p>Photographie sous-marine La sp\u00e9cialit\u00e9 Photographie Sous-Marine vous apprend \u00e0 capturer la beaut\u00e9 et la magie du monde sous-marin. Que vous soyez d\u00e9butant en photographie ou plongeur souhaitant am\u00e9liorer vos comp\u00e9tences, ce cours vous donnera les techniques essentielles pour cr\u00e9er des images spectaculaires. Objectifs de la formation : Bases de la \u2026<\/p>\n","protected":false},"author":1,"featured_media":2578,"parent":0,"menu_order":0,"comment_status":"closed","ping_status":"closed","template":"","meta":{"footnotes":""},"class_list":["post-2577","page","type-page","status-publish","has-post-thumbnail","hentry"],"_links":{"self":[{"href":"https:\/\/www.pure-motivation.ch\/wordpress\/wp-json\/wp\/v2\/pages\/2577","targetHints":{"allow":["GET"]}}],"collection":[{"href":"https:\/\/www.pure-motivation.ch\/wordpress\/wp-json\/wp\/v2\/pages"}],"about":[{"href":"https:\/\/www.pure-motivation.ch\/wordpress\/wp-json\/wp\/v2\/types\/page"}],"author":[{"embeddable":true,"href":"https:\/\/www.pure-motivation.ch\/wordpress\/wp-json\/wp\/v2\/users\/1"}],"replies":[{"embeddable":true,"href":"https:\/\/www.pure-motivation.ch\/wordpress\/wp-json\/wp\/v2\/comments?post=2577"}],"version-history":[{"count":12,"href":"https:\/\/www.pure-motivation.ch\/wordpress\/wp-json\/wp\/v2\/pages\/2577\/revisions"}],"predecessor-version":[{"id":2818,"href":"https:\/\/www.pure-motivation.ch\/wordpress\/wp-json\/wp\/v2\/pages\/2577\/revisions\/2818"}],"wp:featuredmedia":[{"embeddable":true,"href":"https:\/\/www.pure-motivation.ch\/wordpress\/wp-json\/wp\/v2\/media\/2578"}],"wp:attachment":[{"href":"https:\/\/www.pure-motivation.ch\/wordpress\/wp-json\/wp\/v2\/media?parent=2577"}],"curies":[{"name":"wp","href":"https:\/\/api.w.org\/{rel}","templated":true}]}}