{"id":2570,"date":"2025-01-16T15:37:41","date_gmt":"2025-01-16T14:37:41","guid":{"rendered":"https:\/\/www.pure-motivation.ch\/wordpress\/?page_id=2570"},"modified":"2025-02-07T09:57:35","modified_gmt":"2025-02-07T08:57:35","slug":"epave","status":"publish","type":"page","link":"https:\/\/www.pure-motivation.ch\/wordpress\/epave\/","title":{"rendered":"Epave"},"content":{"rendered":"\t\t<div data-elementor-type=\"wp-page\" data-elementor-id=\"2570\" class=\"elementor elementor-2570\">\n\t\t\t\t<div class=\"elementor-element elementor-element-ab3f7b9 e-flex e-con-boxed e-con e-parent\" data-id=\"ab3f7b9\" data-element_type=\"container\" data-e-type=\"container\">\n\t\t\t\t\t<div class=\"e-con-inner\">\n\t\t\t\t<div class=\"elementor-element elementor-element-c092d3c elementor-widget elementor-widget-heading\" data-id=\"c092d3c\" data-element_type=\"widget\" data-e-type=\"widget\" data-widget_type=\"heading.default\">\n\t\t\t\t<div class=\"elementor-widget-container\">\n\t\t\t\t\t<h2 class=\"elementor-heading-title elementor-size-default\">Plong\u00e9e sur \u00e9pave<\/h2>\t\t\t\t<\/div>\n\t\t\t\t<\/div>\n\t\t\t\t\t<\/div>\n\t\t\t\t<\/div>\n\t\t<div class=\"elementor-element elementor-element-5ae43f2 e-flex e-con-boxed e-con e-parent\" data-id=\"5ae43f2\" data-element_type=\"container\" data-e-type=\"container\">\n\t\t\t\t\t<div class=\"e-con-inner\">\n\t\t\t\t<div class=\"elementor-element elementor-element-78b23ee elementor-widget elementor-widget-text-editor\" data-id=\"78b23ee\" data-element_type=\"widget\" data-e-type=\"widget\" data-widget_type=\"text-editor.default\">\n\t\t\t\t<div class=\"elementor-widget-container\">\n\t\t\t\t\t\t\t\t\t<p>La sp\u00e9cialit\u00e9 <strong>Plong\u00e9e sur \u00c9pave<\/strong> vous offre l\u2019opportunit\u00e9 unique d\u2019explorer l\u2019histoire sous-marine en d\u00e9couvrant des navires, avions ou structures engloutis. Ce cours vous enseigne les techniques sp\u00e9cifiques n\u00e9cessaires pour plonger en toute s\u00e9curit\u00e9 sur ces sites fascinants, tout en pr\u00e9servant leur int\u00e9grit\u00e9.<\/p><hr \/><h3><span style=\"color: #6ec1e4;\"><strong>Objectifs de la formation :<\/strong><\/span><\/h3><ul><li><strong>Navigation et exploration<\/strong> : Apprendre \u00e0 planifier une plong\u00e9e sur \u00e9pave, comprendre la configuration du site et naviguer efficacement autour de l\u2019\u00e9pave.<\/li><li><strong>Techniques de s\u00e9curit\u00e9<\/strong> : Identifier les risques sp\u00e9cifiques (fils de p\u00eache, parties instables, p\u00e9n\u00e9tration d\u2019\u00e9paves) et savoir comment les g\u00e9rer.<\/li><li><strong>Respect du patrimoine sous-marin<\/strong> : D\u00e9couvrir comment plonger sans endommager l\u2019\u00e9pave ou son environnement.<\/li><li><strong>Pratique en milieu naturel<\/strong> : R\u00e9aliser des plong\u00e9es sur diff\u00e9rents types d\u2019\u00e9paves pour acqu\u00e9rir de l\u2019exp\u00e9rience.<\/li><\/ul><hr \/><h3><span style=\"color: #6ec1e4;\"><strong>Pourquoi suivre cette sp\u00e9cialit\u00e9 ?<\/strong><\/span><\/h3><ul><li><strong>D\u00e9couverte historique<\/strong> : Explorer des vestiges charg\u00e9s d\u2019histoire, souvent empreints de myst\u00e8re.<\/li><li><strong>Am\u00e9lioration des comp\u00e9tences<\/strong> : D\u00e9velopper des techniques avanc\u00e9es pour naviguer dans des environnements complexes et vari\u00e9s.<\/li><li><strong>Aventure unique<\/strong> : Chaque \u00e9pave est diff\u00e9rente, offrant une nouvelle exp\u00e9rience \u00e0 chaque plong\u00e9e.<\/li><li><strong>Pr\u00e9paration \u00e0 des plong\u00e9es techniques<\/strong> : Une excellente introduction pour des sp\u00e9cialit\u00e9s comme la plong\u00e9e profonde ou la plong\u00e9e en grotte.<\/li><\/ul><p>La plong\u00e9e sur \u00e9pave vous transporte dans un autre temps et un autre espace, tout en renfor\u00e7ant votre ma\u00eetrise des techniques de plong\u00e9e avanc\u00e9e.<\/p>\t\t\t\t\t\t\t\t<\/div>\n\t\t\t\t<\/div>\n\t\t\t\t\t<\/div>\n\t\t\t\t<\/div>\n\t\t<div class=\"elementor-element elementor-element-c558aa0 e-flex e-con-boxed e-con e-parent\" data-id=\"c558aa0\" data-element_type=\"container\" data-e-type=\"container\">\n\t\t\t\t\t<div class=\"e-con-inner\">\n\t\t<div class=\"elementor-element elementor-element-7cfe970 e-grid e-con-full e-con e-child\" data-id=\"7cfe970\" data-element_type=\"container\" data-e-type=\"container\">\n\t\t\t\t<div class=\"elementor-element elementor-element-d4ff230 elementor-widget elementor-widget-text-editor\" data-id=\"d4ff230\" data-element_type=\"widget\" data-e-type=\"widget\" data-widget_type=\"text-editor.default\">\n\t\t\t\t<div class=\"elementor-widget-container\">\n\t\t\t\t\t\t\t\t\t<h4 style=\"text-align: center;\"><span style=\"color: #6ec1e4;\"><strong>Prix :<\/strong><\/span><\/h4><ul><li>Epave : 490.-<\/li><\/ul>\t\t\t\t\t\t\t\t<\/div>\n\t\t\t\t<\/div>\n\t\t\t\t<div class=\"elementor-element elementor-element-bf6bf7d elementor-widget elementor-widget-text-editor\" data-id=\"bf6bf7d\" data-element_type=\"widget\" data-e-type=\"widget\" data-widget_type=\"text-editor.default\">\n\t\t\t\t<div class=\"elementor-widget-container\">\n\t\t\t\t\t\t\t\t\t<h4 style=\"text-align: center;\"><span style=\"color: #6ec1e4;\"><strong>Conditions :<\/strong><\/span><\/h4><ul><li>\u00c2ge : \u00e0 partir de 15 ans<\/li><li>\u00catre Advanced Open Water ou \u00e9quivalent<\/li><li>Preuve de certification<\/li><li>\u00catre en bonne sant\u00e9<\/li><\/ul>\t\t\t\t\t\t\t\t<\/div>\n\t\t\t\t<\/div>\n\t\t\t\t<div class=\"elementor-element elementor-element-ba79bdf elementor-widget elementor-widget-text-editor\" data-id=\"ba79bdf\" data-element_type=\"widget\" data-e-type=\"widget\" data-widget_type=\"text-editor.default\">\n\t\t\t\t<div class=\"elementor-widget-container\">\n\t\t\t\t\t\t\t\t\t<h4 style=\"text-align: center;\"><span style=\"color: #6ec1e4;\"><strong>Tout inclus :<\/strong>\u00a0<\/span><\/h4><ul><li>Th\u00e9orie en ligne (E-learning)<\/li><li>Equipement<\/li><li>4 plong\u00e9es en milieu naturel<\/li><li>Certification<\/li><\/ul>\t\t\t\t\t\t\t\t<\/div>\n\t\t\t\t<\/div>\n\t\t\t\t<\/div>\n\t\t\t\t\t<\/div>\n\t\t\t\t<\/div>\n\t\t\t\t<\/div>\n\t\t","protected":false},"excerpt":{"rendered":"<p>Plong\u00e9e sur \u00e9pave La sp\u00e9cialit\u00e9 Plong\u00e9e sur \u00c9pave vous offre l\u2019opportunit\u00e9 unique d\u2019explorer l\u2019histoire sous-marine en d\u00e9couvrant des navires, avions ou structures engloutis. Ce cours vous enseigne les techniques sp\u00e9cifiques n\u00e9cessaires pour plonger en toute s\u00e9curit\u00e9 sur ces sites fascinants, tout en pr\u00e9servant leur int\u00e9grit\u00e9. Objectifs de la formation : \u2026<\/p>\n","protected":false},"author":1,"featured_media":2572,"parent":0,"menu_order":0,"comment_status":"closed","ping_status":"closed","template":"","meta":{"footnotes":""},"class_list":["post-2570","page","type-page","status-publish","has-post-thumbnail","hentry"],"yoast_head":"<!-- This site is optimized with the Yoast SEO plugin v21.5 - https:\/\/yoast.com\/wordpress\/plugins\/seo\/ -->\n<title>Epave - Pure Motivation<\/title>\n<meta name=\"robots\" content=\"index, follow, max-snippet:-1, max-image-preview:large, max-video-preview:-1\" \/>\n<link rel=\"canonical\" href=\"https:\/\/www.pure-motivation.ch\/wordpress\/epave\/\" \/>\n<meta property=\"og:locale\" content=\"fr_FR\" \/>\n<meta property=\"og:type\" content=\"article\" \/>\n<meta property=\"og:title\" content=\"Epave - Pure Motivation\" \/>\n<meta property=\"og:description\" content=\"Plong\u00e9e sur \u00e9pave La sp\u00e9cialit\u00e9 Plong\u00e9e sur \u00c9pave vous offre l\u2019opportunit\u00e9 unique d\u2019explorer l\u2019histoire sous-marine en d\u00e9couvrant des navires, avions ou structures engloutis. Ce cours vous enseigne les techniques sp\u00e9cifiques n\u00e9cessaires pour plonger en toute s\u00e9curit\u00e9 sur ces sites fascinants, tout en pr\u00e9servant leur int\u00e9grit\u00e9. Objectifs de la formation : \u2026\" \/>\n<meta property=\"og:url\" content=\"https:\/\/www.pure-motivation.ch\/wordpress\/epave\/\" \/>\n<meta property=\"og:site_name\" content=\"Pure Motivation\" \/>\n<meta property=\"article:publisher\" content=\"https:\/\/www.facebook.com\/puremotivationsuisse\" \/>\n<meta property=\"article:modified_time\" content=\"2025-02-07T08:57:35+00:00\" \/>\n<meta property=\"og:image\" content=\"https:\/\/www.pure-motivation.ch\/wordpress\/wp-content\/uploads\/2025\/01\/Epave-e1737037893151.png\" \/>\n\t<meta property=\"og:image:width\" content=\"1332\" \/>\n\t<meta property=\"og:image:height\" content=\"595\" \/>\n\t<meta property=\"og:image:type\" content=\"image\/png\" \/>\n<meta name=\"twitter:card\" content=\"summary_large_image\" \/>\n<meta name=\"twitter:label1\" content=\"Dur\u00e9e de lecture estim\u00e9e\" \/>\n\t<meta name=\"twitter:data1\" content=\"1 minute\" \/>\n<script type=\"application\/ld+json\" class=\"yoast-schema-graph\">{\"@context\":\"https:\/\/schema.org\",\"@graph\":[{\"@type\":\"WebPage\",\"@id\":\"https:\/\/www.pure-motivation.ch\/wordpress\/epave\/\",\"url\":\"https:\/\/www.pure-motivation.ch\/wordpress\/epave\/\",\"name\":\"Epave - Pure Motivation\",\"isPartOf\":{\"@id\":\"https:\/\/www.pure-motivation.ch\/wordpress\/#website\"},\"datePublished\":\"2025-01-16T14:37:41+00:00\",\"dateModified\":\"2025-02-07T08:57:35+00:00\",\"breadcrumb\":{\"@id\":\"https:\/\/www.pure-motivation.ch\/wordpress\/epave\/#breadcrumb\"},\"inLanguage\":\"fr-FR\",\"potentialAction\":[{\"@type\":\"ReadAction\",\"target\":[\"https:\/\/www.pure-motivation.ch\/wordpress\/epave\/\"]}]},{\"@type\":\"BreadcrumbList\",\"@id\":\"https:\/\/www.pure-motivation.ch\/wordpress\/epave\/#breadcrumb\",\"itemListElement\":[{\"@type\":\"ListItem\",\"position\":1,\"name\":\"Accueil\",\"item\":\"https:\/\/www.pure-motivation.ch\/wordpress\/\"},{\"@type\":\"ListItem\",\"position\":2,\"name\":\"Epave\"}]},{\"@type\":\"WebSite\",\"@id\":\"https:\/\/www.pure-motivation.ch\/wordpress\/#website\",\"url\":\"https:\/\/www.pure-motivation.ch\/wordpress\/\",\"name\":\"Pure Motivation\",\"description\":\"Discover your true potential\",\"publisher\":{\"@id\":\"https:\/\/www.pure-motivation.ch\/wordpress\/#organization\"},\"potentialAction\":[{\"@type\":\"SearchAction\",\"target\":{\"@type\":\"EntryPoint\",\"urlTemplate\":\"https:\/\/www.pure-motivation.ch\/wordpress\/?s={search_term_string}\"},\"query-input\":\"required name=search_term_string\"}],\"inLanguage\":\"fr-FR\"},{\"@type\":\"Organization\",\"@id\":\"https:\/\/www.pure-motivation.ch\/wordpress\/#organization\",\"name\":\"Pure Motivation\",\"url\":\"https:\/\/www.pure-motivation.ch\/wordpress\/\",\"logo\":{\"@type\":\"ImageObject\",\"inLanguage\":\"fr-FR\",\"@id\":\"https:\/\/www.pure-motivation.ch\/wordpress\/#\/schema\/logo\/image\/\",\"url\":\"https:\/\/www.pure-motivation.ch\/wordpress\/wp-content\/uploads\/2026\/05\/logo-seul-pure-motivation.jpg\",\"contentUrl\":\"https:\/\/www.pure-motivation.ch\/wordpress\/wp-content\/uploads\/2026\/05\/logo-seul-pure-motivation.jpg\",\"width\":1240,\"height\":1240,\"caption\":\"Pure Motivation\"},\"image\":{\"@id\":\"https:\/\/www.pure-motivation.ch\/wordpress\/#\/schema\/logo\/image\/\"},\"sameAs\":[\"https:\/\/www.facebook.com\/puremotivationsuisse\",\"https:\/\/www.instagram.com\/puremotivationch\/\",\"https:\/\/www.youtube.com\/channel\/UC95XjhmapH_YQzEKZCLklOQ\"]}]}<\/script>\n<!-- \/ Yoast SEO plugin. -->","yoast_head_json":{"title":"Epave - Pure Motivation","robots":{"index":"index","follow":"follow","max-snippet":"max-snippet:-1","max-image-preview":"max-image-preview:large","max-video-preview":"max-video-preview:-1"},"canonical":"https:\/\/www.pure-motivation.ch\/wordpress\/epave\/","og_locale":"fr_FR","og_type":"article","og_title":"Epave - Pure Motivation","og_description":"Plong\u00e9e sur \u00e9pave La sp\u00e9cialit\u00e9 Plong\u00e9e sur \u00c9pave vous offre l\u2019opportunit\u00e9 unique d\u2019explorer l\u2019histoire sous-marine en d\u00e9couvrant des navires, avions ou structures engloutis. Ce cours vous enseigne les techniques sp\u00e9cifiques n\u00e9cessaires pour plonger en toute s\u00e9curit\u00e9 sur ces sites fascinants, tout en pr\u00e9servant leur int\u00e9grit\u00e9. Objectifs de la formation : \u2026","og_url":"https:\/\/www.pure-motivation.ch\/wordpress\/epave\/","og_site_name":"Pure Motivation","article_publisher":"https:\/\/www.facebook.com\/puremotivationsuisse","article_modified_time":"2025-02-07T08:57:35+00:00","og_image":[{"width":1332,"height":595,"url":"https:\/\/www.pure-motivation.ch\/wordpress\/wp-content\/uploads\/2025\/01\/Epave-e1737037893151.png","type":"image\/png"}],"twitter_card":"summary_large_image","twitter_misc":{"Dur\u00e9e de lecture estim\u00e9e":"1 minute"},"schema":{"@context":"https:\/\/schema.org","@graph":[{"@type":"WebPage","@id":"https:\/\/www.pure-motivation.ch\/wordpress\/epave\/","url":"https:\/\/www.pure-motivation.ch\/wordpress\/epave\/","name":"Epave - Pure Motivation","isPartOf":{"@id":"https:\/\/www.pure-motivation.ch\/wordpress\/#website"},"datePublished":"2025-01-16T14:37:41+00:00","dateModified":"2025-02-07T08:57:35+00:00","breadcrumb":{"@id":"https:\/\/www.pure-motivation.ch\/wordpress\/epave\/#breadcrumb"},"inLanguage":"fr-FR","potentialAction":[{"@type":"ReadAction","target":["https:\/\/www.pure-motivation.ch\/wordpress\/epave\/"]}]},{"@type":"BreadcrumbList","@id":"https:\/\/www.pure-motivation.ch\/wordpress\/epave\/#breadcrumb","itemListElement":[{"@type":"ListItem","position":1,"name":"Accueil","item":"https:\/\/www.pure-motivation.ch\/wordpress\/"},{"@type":"ListItem","position":2,"name":"Epave"}]},{"@type":"WebSite","@id":"https:\/\/www.pure-motivation.ch\/wordpress\/#website","url":"https:\/\/www.pure-motivation.ch\/wordpress\/","name":"Pure Motivation","description":"Discover your true potential","publisher":{"@id":"https:\/\/www.pure-motivation.ch\/wordpress\/#organization"},"potentialAction":[{"@type":"SearchAction","target":{"@type":"EntryPoint","urlTemplate":"https:\/\/www.pure-motivation.ch\/wordpress\/?s={search_term_string}"},"query-input":"required name=search_term_string"}],"inLanguage":"fr-FR"},{"@type":"Organization","@id":"https:\/\/www.pure-motivation.ch\/wordpress\/#organization","name":"Pure Motivation","url":"https:\/\/www.pure-motivation.ch\/wordpress\/","logo":{"@type":"ImageObject","inLanguage":"fr-FR","@id":"https:\/\/www.pure-motivation.ch\/wordpress\/#\/schema\/logo\/image\/","url":"https:\/\/www.pure-motivation.ch\/wordpress\/wp-content\/uploads\/2026\/05\/logo-seul-pure-motivation.jpg","contentUrl":"https:\/\/www.pure-motivation.ch\/wordpress\/wp-content\/uploads\/2026\/05\/logo-seul-pure-motivation.jpg","width":1240,"height":1240,"caption":"Pure Motivation"},"image":{"@id":"https:\/\/www.pure-motivation.ch\/wordpress\/#\/schema\/logo\/image\/"},"sameAs":["https:\/\/www.facebook.com\/puremotivationsuisse","https:\/\/www.instagram.com\/puremotivationch\/","https:\/\/www.youtube.com\/channel\/UC95XjhmapH_YQzEKZCLklOQ"]}]}},"_links":{"self":[{"href":"https:\/\/www.pure-motivation.ch\/wordpress\/wp-json\/wp\/v2\/pages\/2570","targetHints":{"allow":["GET"]}}],"collection":[{"href":"https:\/\/www.pure-motivation.ch\/wordpress\/wp-json\/wp\/v2\/pages"}],"about":[{"href":"https:\/\/www.pure-motivation.ch\/wordpress\/wp-json\/wp\/v2\/types\/page"}],"author":[{"embeddable":true,"href":"https:\/\/www.pure-motivation.ch\/wordpress\/wp-json\/wp\/v2\/users\/1"}],"replies":[{"embeddable":true,"href":"https:\/\/www.pure-motivation.ch\/wordpress\/wp-json\/wp\/v2\/comments?post=2570"}],"version-history":[{"count":7,"href":"https:\/\/www.pure-motivation.ch\/wordpress\/wp-json\/wp\/v2\/pages\/2570\/revisions"}],"predecessor-version":[{"id":3730,"href":"https:\/\/www.pure-motivation.ch\/wordpress\/wp-json\/wp\/v2\/pages\/2570\/revisions\/3730"}],"wp:featuredmedia":[{"embeddable":true,"href":"https:\/\/www.pure-motivation.ch\/wordpress\/wp-json\/wp\/v2\/media\/2572"}],"wp:attachment":[{"href":"https:\/\/www.pure-motivation.ch\/wordpress\/wp-json\/wp\/v2\/media?parent=2570"}],"curies":[{"name":"wp","href":"https:\/\/api.w.org\/{rel}","templated":true}]}}