{"id":2549,"date":"2025-01-16T09:51:06","date_gmt":"2025-01-16T08:51:06","guid":{"rendered":"https:\/\/www.pure-motivation.ch\/wordpress\/?page_id=2549"},"modified":"2025-02-07T09:56:24","modified_gmt":"2025-02-07T08:56:24","slug":"plongee-profonde","status":"publish","type":"page","link":"https:\/\/www.pure-motivation.ch\/wordpress\/plongee-profonde\/","title":{"rendered":"Plong\u00e9e profonde"},"content":{"rendered":"\t\t<div data-elementor-type=\"wp-page\" data-elementor-id=\"2549\" class=\"elementor elementor-2549\">\n\t\t\t\t<div class=\"elementor-element elementor-element-4ec6147 e-flex e-con-boxed e-con e-parent\" data-id=\"4ec6147\" data-element_type=\"container\">\n\t\t\t\t\t<div class=\"e-con-inner\">\n\t\t\t\t<div class=\"elementor-element elementor-element-aa26877 elementor-widget elementor-widget-heading\" data-id=\"aa26877\" data-element_type=\"widget\" data-widget_type=\"heading.default\">\n\t\t\t\t<div class=\"elementor-widget-container\">\n\t\t\t<h2 class=\"elementor-heading-title elementor-size-default\">Deep Diver<\/h2>\t\t<\/div>\n\t\t\t\t<\/div>\n\t\t\t\t\t<\/div>\n\t\t\t\t<\/div>\n\t\t<div class=\"elementor-element elementor-element-58a9ee5 e-flex e-con-boxed e-con e-parent\" data-id=\"58a9ee5\" data-element_type=\"container\">\n\t\t\t\t\t<div class=\"e-con-inner\">\n\t\t\t\t<div class=\"elementor-element elementor-element-11d03cc elementor-widget elementor-widget-text-editor\" data-id=\"11d03cc\" data-element_type=\"widget\" data-widget_type=\"text-editor.default\">\n\t\t\t\t<div class=\"elementor-widget-container\">\n\t\t\t\t\t\t\t<p>La sp\u00e9cialit\u00e9 <strong>Plong\u00e9e Profonde<\/strong> est id\u00e9ale pour les plongeurs souhaitant explorer les profondeurs en toute s\u00e9curit\u00e9 et \u00e9largir leurs horizons sous-marins. Apprenez \u00e0 planifier et \u00e0 r\u00e9aliser des plong\u00e9es jusqu&rsquo;\u00e0 40 m\u00e8tres tout en ma\u00eetrisant les d\u00e9fis sp\u00e9cifiques \u00e0 ce type d\u2019exploration.<\/p><hr \/><h3><span style=\"color: #6ec1e4;\"><strong>Au programme :<\/strong><\/span><\/h3><ul><li><strong>Planification des plong\u00e9es profondes<\/strong> : Apprendre \u00e0 g\u00e9rer le temps, la consommation d&rsquo;air et les paliers de s\u00e9curit\u00e9.<\/li><li><strong>Gestion des effets de la profondeur<\/strong> : Comprendre les impacts de la pression et reconna\u00eetre les signes de la narcose.<\/li><li><strong>Utilisation d&rsquo;un \u00e9quipement adapt\u00e9<\/strong> : D\u00e9couvrir les particularit\u00e9s du mat\u00e9riel pour les plong\u00e9es profondes.<\/li><li><strong>Navigation et s\u00e9curit\u00e9<\/strong> : D\u00e9velopper vos comp\u00e9tences pour explorer en toute s\u00e9r\u00e9nit\u00e9.<\/li><\/ul><hr \/><h3><span style=\"color: #6ec1e4;\"><strong>Pourquoi suivre cette sp\u00e9cialit\u00e9 ?<\/strong><\/span><\/h3><ul><li><strong>Exploration de nouveaux environnements<\/strong> : Acc\u00e9dez \u00e0 des sites uniques souvent inaccessibles aux plong\u00e9es moins profondes, tels que des tombants ou des \u00e9paves.<\/li><li><strong>D\u00e9veloppement des comp\u00e9tences<\/strong> : Ma\u00eetrisez les techniques avanc\u00e9es n\u00e9cessaires pour des plong\u00e9es s\u00e9curis\u00e9es et efficaces \u00e0 de grandes profondeurs.<\/li><li><strong>Pr\u00e9paration \u00e0 des certifications avanc\u00e9es<\/strong> : Un excellent compl\u00e9ment pour des sp\u00e9cialit\u00e9s comme la Plong\u00e9e sur \u00c9pave, le Nitrox ou pour se pr\u00e9parer avant de commencer la plong\u00e9e technique.<\/li><\/ul><p>Plonger en profondeur vous permettra de d\u00e9couvrir un monde encore plus fascinant tout en renfor\u00e7ant vos comp\u00e9tences et votre confiance.<\/p><hr \/>\t\t\t\t\t\t<\/div>\n\t\t\t\t<\/div>\n\t\t\t\t\t<\/div>\n\t\t\t\t<\/div>\n\t\t<div class=\"elementor-element elementor-element-21df508 e-flex e-con-boxed e-con e-parent\" data-id=\"21df508\" data-element_type=\"container\">\n\t\t\t\t\t<div class=\"e-con-inner\">\n\t\t<div class=\"elementor-element elementor-element-b6eacda e-grid e-con-full e-con e-child\" data-id=\"b6eacda\" data-element_type=\"container\">\n\t\t\t\t<div class=\"elementor-element elementor-element-d7aeb54 elementor-widget elementor-widget-text-editor\" data-id=\"d7aeb54\" data-element_type=\"widget\" data-widget_type=\"text-editor.default\">\n\t\t\t\t<div class=\"elementor-widget-container\">\n\t\t\t\t\t\t\t<h4 style=\"text-align: center;\"><span style=\"color: #6ec1e4;\"><strong>Prix :<\/strong><\/span><\/h4><ul><li>Deep Diver : 490.-<\/li><\/ul>\t\t\t\t\t\t<\/div>\n\t\t\t\t<\/div>\n\t\t\t\t<div class=\"elementor-element elementor-element-05b8812 elementor-widget elementor-widget-text-editor\" data-id=\"05b8812\" data-element_type=\"widget\" data-widget_type=\"text-editor.default\">\n\t\t\t\t<div class=\"elementor-widget-container\">\n\t\t\t\t\t\t\t<h4 style=\"text-align: center;\"><span style=\"color: #6ec1e4;\"><strong>Conditions :<\/strong><\/span><\/h4><ul><li>\u00c2ge : \u00e0 partir de 15 ans<\/li><li>\u00catre Advanced Open Water ou \u00e9quivalent<\/li><li>Preuve de certification<\/li><li>\u00catre en bonne sant\u00e9<\/li><\/ul>\t\t\t\t\t\t<\/div>\n\t\t\t\t<\/div>\n\t\t\t\t<div class=\"elementor-element elementor-element-e6520ed elementor-widget elementor-widget-text-editor\" data-id=\"e6520ed\" data-element_type=\"widget\" data-widget_type=\"text-editor.default\">\n\t\t\t\t<div class=\"elementor-widget-container\">\n\t\t\t\t\t\t\t<h4 style=\"text-align: center;\"><span style=\"color: #6ec1e4;\"><strong>Tout inclus :<\/strong>\u00a0<\/span><\/h4><ul><li>Th\u00e9orie en ligne (E-learning)<\/li><li>Equipement<\/li><li>4 plong\u00e9es en milieu naturel<\/li><li>Certification<\/li><\/ul>\t\t\t\t\t\t<\/div>\n\t\t\t\t<\/div>\n\t\t\t\t<\/div>\n\t\t\t\t\t<\/div>\n\t\t\t\t<\/div>\n\t\t\t\t<\/div>\n\t\t","protected":false},"excerpt":{"rendered":"<p>Deep Diver La sp\u00e9cialit\u00e9 Plong\u00e9e Profonde est id\u00e9ale pour les plongeurs souhaitant explorer les profondeurs en toute s\u00e9curit\u00e9 et \u00e9largir leurs horizons sous-marins. Apprenez \u00e0 planifier et \u00e0 r\u00e9aliser des plong\u00e9es jusqu&rsquo;\u00e0 40 m\u00e8tres tout en ma\u00eetrisant les d\u00e9fis sp\u00e9cifiques \u00e0 ce type d\u2019exploration. Au programme : Planification des plong\u00e9es \u2026<\/p>\n","protected":false},"author":1,"featured_media":2550,"parent":0,"menu_order":0,"comment_status":"closed","ping_status":"closed","template":"","meta":{"footnotes":""},"class_list":["post-2549","page","type-page","status-publish","has-post-thumbnail","hentry"],"_links":{"self":[{"href":"https:\/\/www.pure-motivation.ch\/wordpress\/wp-json\/wp\/v2\/pages\/2549","targetHints":{"allow":["GET"]}}],"collection":[{"href":"https:\/\/www.pure-motivation.ch\/wordpress\/wp-json\/wp\/v2\/pages"}],"about":[{"href":"https:\/\/www.pure-motivation.ch\/wordpress\/wp-json\/wp\/v2\/types\/page"}],"author":[{"embeddable":true,"href":"https:\/\/www.pure-motivation.ch\/wordpress\/wp-json\/wp\/v2\/users\/1"}],"replies":[{"embeddable":true,"href":"https:\/\/www.pure-motivation.ch\/wordpress\/wp-json\/wp\/v2\/comments?post=2549"}],"version-history":[{"count":10,"href":"https:\/\/www.pure-motivation.ch\/wordpress\/wp-json\/wp\/v2\/pages\/2549\/revisions"}],"predecessor-version":[{"id":3727,"href":"https:\/\/www.pure-motivation.ch\/wordpress\/wp-json\/wp\/v2\/pages\/2549\/revisions\/3727"}],"wp:featuredmedia":[{"embeddable":true,"href":"https:\/\/www.pure-motivation.ch\/wordpress\/wp-json\/wp\/v2\/media\/2550"}],"wp:attachment":[{"href":"https:\/\/www.pure-motivation.ch\/wordpress\/wp-json\/wp\/v2\/media?parent=2549"}],"curies":[{"name":"wp","href":"https:\/\/api.w.org\/{rel}","templated":true}]}}