{"id":2539,"date":"2025-01-16T09:13:29","date_gmt":"2025-01-16T08:13:29","guid":{"rendered":"https:\/\/www.pure-motivation.ch\/wordpress\/?page_id=2539"},"modified":"2025-02-07T09:58:49","modified_gmt":"2025-02-07T08:58:49","slug":"maitrise-de-la-flottabilite","status":"publish","type":"page","link":"https:\/\/www.pure-motivation.ch\/wordpress\/maitrise-de-la-flottabilite\/","title":{"rendered":"Maitrise de la flottabilit\u00e9"},"content":{"rendered":"\t\t<div data-elementor-type=\"wp-page\" data-elementor-id=\"2539\" class=\"elementor elementor-2539\">\n\t\t\t\t<div class=\"elementor-element elementor-element-8ce55df e-flex e-con-boxed e-con e-parent\" data-id=\"8ce55df\" data-element_type=\"container\" data-e-type=\"container\">\n\t\t\t\t\t<div class=\"e-con-inner\">\n\t\t\t\t<div class=\"elementor-element elementor-element-c4c592f elementor-widget elementor-widget-heading\" data-id=\"c4c592f\" data-element_type=\"widget\" data-e-type=\"widget\" data-widget_type=\"heading.default\">\n\t\t\t\t<div class=\"elementor-widget-container\">\n\t\t\t\t\t<h2 class=\"elementor-heading-title elementor-size-default\">Maitrise de la flottabilit\u00e9<\/h2>\t\t\t\t<\/div>\n\t\t\t\t<\/div>\n\t\t\t\t\t<\/div>\n\t\t\t\t<\/div>\n\t\t<div class=\"elementor-element elementor-element-1b9b322 e-flex e-con-boxed e-con e-parent\" data-id=\"1b9b322\" data-element_type=\"container\" data-e-type=\"container\">\n\t\t\t\t\t<div class=\"e-con-inner\">\n\t\t\t\t<div class=\"elementor-element elementor-element-5bdb787 elementor-widget elementor-widget-text-editor\" data-id=\"5bdb787\" data-element_type=\"widget\" data-e-type=\"widget\" data-widget_type=\"text-editor.default\">\n\t\t\t\t<div class=\"elementor-widget-container\">\n\t\t\t\t\t\t\t\t\t<p>La <strong>Ma\u00eetrise de la Flottabilit\u00e9<\/strong> est une comp\u00e9tence essentielle pour tout plongeur souhaitant am\u00e9liorer son contr\u00f4le sous l&rsquo;eau, r\u00e9duire sa consommation d&rsquo;air et prot\u00e9ger l&rsquo;environnement marin.<\/p><h3><span style=\"color: #6ec1e4;\"><strong>Au programme :<\/strong><\/span><\/h3><ul><li><strong>Optimisation du lestage<\/strong> : Apprendre \u00e0 ajuster et r\u00e9partir correctement le lest pour une flottabilit\u00e9 neutre.<\/li><li><strong>Contr\u00f4le de la respiration<\/strong> : Ma\u00eetriser la ventilation pour ajuster subtilement la flottabilit\u00e9.<\/li><li><strong>Techniques de palmage<\/strong> : D\u00e9velopper des mouvements efficaces pour se d\u00e9placer avec aisance.<\/li><li><strong>Positionnement hydrodynamique<\/strong> : Adopter une posture optimale pour minimiser la r\u00e9sistance et \u00e9conomiser l&rsquo;\u00e9nergie.<\/li><\/ul><h3><span style=\"color: #6ec1e4;\"><strong>Pourquoi suivre cette sp\u00e9cialit\u00e9 ?<\/strong><\/span><\/h3><ul><li><strong>Am\u00e9lioration des performances<\/strong> : Une meilleure flottabilit\u00e9 permet des plong\u00e9es plus agr\u00e9ables et s\u00e9curitaires.<\/li><li><strong>Protection de l&rsquo;environnement<\/strong> : \u00c9viter les contacts involontaires avec le fond marin et la faune.<\/li><li><strong>Pr\u00e9paration \u00e0 des plong\u00e9es avanc\u00e9es<\/strong> : Indispensable pour des sp\u00e9cialit\u00e9s telles que la plong\u00e9e sur \u00e9pave ou la plong\u00e9e de nuit.<\/li><\/ul><p>En ma\u00eetrisant votre flottabilit\u00e9, vous gagnerez en confiance et profiterez pleinement de vos explorations sous-marines.<\/p>\t\t\t\t\t\t\t\t<\/div>\n\t\t\t\t<\/div>\n\t\t\t\t\t<\/div>\n\t\t\t\t<\/div>\n\t\t<div class=\"elementor-element elementor-element-abc0927 e-flex e-con-boxed e-con e-parent\" data-id=\"abc0927\" data-element_type=\"container\" data-e-type=\"container\">\n\t\t\t\t\t<div class=\"e-con-inner\">\n\t\t<div class=\"elementor-element elementor-element-f6a4aa4 e-grid e-con-full e-con e-child\" data-id=\"f6a4aa4\" data-element_type=\"container\" data-e-type=\"container\">\n\t\t\t\t<div class=\"elementor-element elementor-element-c24ce68 elementor-widget elementor-widget-text-editor\" data-id=\"c24ce68\" data-element_type=\"widget\" data-e-type=\"widget\" data-widget_type=\"text-editor.default\">\n\t\t\t\t<div class=\"elementor-widget-container\">\n\t\t\t\t\t\t\t\t\t<h4 style=\"text-align: center;\"><span style=\"color: #6ec1e4;\"><strong>Prix :<\/strong><\/span><\/h4><ul><li>Flottabilit\u00e9 : 290.-<\/li><\/ul>\t\t\t\t\t\t\t\t<\/div>\n\t\t\t\t<\/div>\n\t\t\t\t<div class=\"elementor-element elementor-element-d1064a0 elementor-widget elementor-widget-text-editor\" data-id=\"d1064a0\" data-element_type=\"widget\" data-e-type=\"widget\" data-widget_type=\"text-editor.default\">\n\t\t\t\t<div class=\"elementor-widget-container\">\n\t\t\t\t\t\t\t\t\t<h4 style=\"text-align: center;\"><span style=\"color: #6ec1e4;\"><strong>Conditions :<\/strong><\/span><\/h4><ul><li>\u00c2ge : \u00e0 partir de 12 ans<\/li><li>\u00catre Open Water ou \u00e9quivalent<\/li><li>Preuve de certification<\/li><li>\u00catre en bonne sant\u00e9<\/li><\/ul>\t\t\t\t\t\t\t\t<\/div>\n\t\t\t\t<\/div>\n\t\t\t\t<div class=\"elementor-element elementor-element-3ba46f6 elementor-widget elementor-widget-text-editor\" data-id=\"3ba46f6\" data-element_type=\"widget\" data-e-type=\"widget\" data-widget_type=\"text-editor.default\">\n\t\t\t\t<div class=\"elementor-widget-container\">\n\t\t\t\t\t\t\t\t\t<h4 style=\"text-align: center;\"><span style=\"color: #6ec1e4;\"><strong>Tout inclus :<\/strong>\u00a0<\/span><\/h4><ul><li>Th\u00e9orie en ligne (E-learning)<\/li><li>Equipement<\/li><li>2 plong\u00e9es en milieu naturel<\/li><li>Certification<\/li><\/ul>\t\t\t\t\t\t\t\t<\/div>\n\t\t\t\t<\/div>\n\t\t\t\t<\/div>\n\t\t\t\t\t<\/div>\n\t\t\t\t<\/div>\n\t\t\t\t<\/div>\n\t\t","protected":false},"excerpt":{"rendered":"<p>Maitrise de la flottabilit\u00e9 La Ma\u00eetrise de la Flottabilit\u00e9 est une comp\u00e9tence essentielle pour tout plongeur souhaitant am\u00e9liorer son contr\u00f4le sous l&rsquo;eau, r\u00e9duire sa consommation d&rsquo;air et prot\u00e9ger l&rsquo;environnement marin. Au programme : Optimisation du lestage : Apprendre \u00e0 ajuster et r\u00e9partir correctement le lest pour une flottabilit\u00e9 neutre. Contr\u00f4le \u2026<\/p>\n","protected":false},"author":1,"featured_media":2544,"parent":0,"menu_order":0,"comment_status":"closed","ping_status":"closed","template":"","meta":{"footnotes":""},"class_list":["post-2539","page","type-page","status-publish","has-post-thumbnail","hentry"],"yoast_head":"<!-- This site is optimized with the Yoast SEO plugin v21.5 - https:\/\/yoast.com\/wordpress\/plugins\/seo\/ -->\n<title>Maitrise de la flottabilit\u00e9 - Pure Motivation<\/title>\n<meta name=\"robots\" content=\"index, follow, max-snippet:-1, max-image-preview:large, max-video-preview:-1\" \/>\n<link rel=\"canonical\" href=\"https:\/\/www.pure-motivation.ch\/wordpress\/maitrise-de-la-flottabilite\/\" \/>\n<meta property=\"og:locale\" content=\"fr_FR\" \/>\n<meta property=\"og:type\" content=\"article\" \/>\n<meta property=\"og:title\" content=\"Maitrise de la flottabilit\u00e9 - Pure Motivation\" \/>\n<meta property=\"og:description\" content=\"Maitrise de la flottabilit\u00e9 La Ma\u00eetrise de la Flottabilit\u00e9 est une comp\u00e9tence essentielle pour tout plongeur souhaitant am\u00e9liorer son contr\u00f4le sous l&rsquo;eau, r\u00e9duire sa consommation d&rsquo;air et prot\u00e9ger l&rsquo;environnement marin. Au programme : Optimisation du lestage : Apprendre \u00e0 ajuster et r\u00e9partir correctement le lest pour une flottabilit\u00e9 neutre. Contr\u00f4le \u2026\" \/>\n<meta property=\"og:url\" content=\"https:\/\/www.pure-motivation.ch\/wordpress\/maitrise-de-la-flottabilite\/\" \/>\n<meta property=\"og:site_name\" content=\"Pure Motivation\" \/>\n<meta property=\"article:publisher\" content=\"https:\/\/www.facebook.com\/puremotivationsuisse\" \/>\n<meta property=\"article:modified_time\" content=\"2025-02-07T08:58:49+00:00\" \/>\n<meta property=\"og:image\" content=\"https:\/\/www.pure-motivation.ch\/wordpress\/wp-content\/uploads\/2025\/01\/Maitrise-de-la-flottabilite-e1737017564274.png\" \/>\n\t<meta property=\"og:image:width\" content=\"1559\" \/>\n\t<meta property=\"og:image:height\" content=\"863\" \/>\n\t<meta property=\"og:image:type\" content=\"image\/png\" \/>\n<meta name=\"twitter:card\" content=\"summary_large_image\" \/>\n<meta name=\"twitter:label1\" content=\"Dur\u00e9e de lecture estim\u00e9e\" \/>\n\t<meta name=\"twitter:data1\" content=\"1 minute\" \/>\n<script type=\"application\/ld+json\" class=\"yoast-schema-graph\">{\"@context\":\"https:\/\/schema.org\",\"@graph\":[{\"@type\":\"WebPage\",\"@id\":\"https:\/\/www.pure-motivation.ch\/wordpress\/maitrise-de-la-flottabilite\/\",\"url\":\"https:\/\/www.pure-motivation.ch\/wordpress\/maitrise-de-la-flottabilite\/\",\"name\":\"Maitrise de la flottabilit\u00e9 - Pure Motivation\",\"isPartOf\":{\"@id\":\"https:\/\/www.pure-motivation.ch\/wordpress\/#website\"},\"datePublished\":\"2025-01-16T08:13:29+00:00\",\"dateModified\":\"2025-02-07T08:58:49+00:00\",\"breadcrumb\":{\"@id\":\"https:\/\/www.pure-motivation.ch\/wordpress\/maitrise-de-la-flottabilite\/#breadcrumb\"},\"inLanguage\":\"fr-FR\",\"potentialAction\":[{\"@type\":\"ReadAction\",\"target\":[\"https:\/\/www.pure-motivation.ch\/wordpress\/maitrise-de-la-flottabilite\/\"]}]},{\"@type\":\"BreadcrumbList\",\"@id\":\"https:\/\/www.pure-motivation.ch\/wordpress\/maitrise-de-la-flottabilite\/#breadcrumb\",\"itemListElement\":[{\"@type\":\"ListItem\",\"position\":1,\"name\":\"Accueil\",\"item\":\"https:\/\/www.pure-motivation.ch\/wordpress\/\"},{\"@type\":\"ListItem\",\"position\":2,\"name\":\"Maitrise de la flottabilit\u00e9\"}]},{\"@type\":\"WebSite\",\"@id\":\"https:\/\/www.pure-motivation.ch\/wordpress\/#website\",\"url\":\"https:\/\/www.pure-motivation.ch\/wordpress\/\",\"name\":\"Pure Motivation\",\"description\":\"Discover your true potential\",\"publisher\":{\"@id\":\"https:\/\/www.pure-motivation.ch\/wordpress\/#organization\"},\"potentialAction\":[{\"@type\":\"SearchAction\",\"target\":{\"@type\":\"EntryPoint\",\"urlTemplate\":\"https:\/\/www.pure-motivation.ch\/wordpress\/?s={search_term_string}\"},\"query-input\":\"required name=search_term_string\"}],\"inLanguage\":\"fr-FR\"},{\"@type\":\"Organization\",\"@id\":\"https:\/\/www.pure-motivation.ch\/wordpress\/#organization\",\"name\":\"Pure Motivation\",\"url\":\"https:\/\/www.pure-motivation.ch\/wordpress\/\",\"logo\":{\"@type\":\"ImageObject\",\"inLanguage\":\"fr-FR\",\"@id\":\"https:\/\/www.pure-motivation.ch\/wordpress\/#\/schema\/logo\/image\/\",\"url\":\"https:\/\/www.pure-motivation.ch\/wordpress\/wp-content\/uploads\/2026\/05\/logo-seul-pure-motivation.jpg\",\"contentUrl\":\"https:\/\/www.pure-motivation.ch\/wordpress\/wp-content\/uploads\/2026\/05\/logo-seul-pure-motivation.jpg\",\"width\":1240,\"height\":1240,\"caption\":\"Pure Motivation\"},\"image\":{\"@id\":\"https:\/\/www.pure-motivation.ch\/wordpress\/#\/schema\/logo\/image\/\"},\"sameAs\":[\"https:\/\/www.facebook.com\/puremotivationsuisse\",\"https:\/\/www.instagram.com\/puremotivationch\/\",\"https:\/\/www.youtube.com\/channel\/UC95XjhmapH_YQzEKZCLklOQ\"]}]}<\/script>\n<!-- \/ Yoast SEO plugin. -->","yoast_head_json":{"title":"Maitrise de la flottabilit\u00e9 - Pure Motivation","robots":{"index":"index","follow":"follow","max-snippet":"max-snippet:-1","max-image-preview":"max-image-preview:large","max-video-preview":"max-video-preview:-1"},"canonical":"https:\/\/www.pure-motivation.ch\/wordpress\/maitrise-de-la-flottabilite\/","og_locale":"fr_FR","og_type":"article","og_title":"Maitrise de la flottabilit\u00e9 - Pure Motivation","og_description":"Maitrise de la flottabilit\u00e9 La Ma\u00eetrise de la Flottabilit\u00e9 est une comp\u00e9tence essentielle pour tout plongeur souhaitant am\u00e9liorer son contr\u00f4le sous l&rsquo;eau, r\u00e9duire sa consommation d&rsquo;air et prot\u00e9ger l&rsquo;environnement marin. Au programme : Optimisation du lestage : Apprendre \u00e0 ajuster et r\u00e9partir correctement le lest pour une flottabilit\u00e9 neutre. Contr\u00f4le \u2026","og_url":"https:\/\/www.pure-motivation.ch\/wordpress\/maitrise-de-la-flottabilite\/","og_site_name":"Pure Motivation","article_publisher":"https:\/\/www.facebook.com\/puremotivationsuisse","article_modified_time":"2025-02-07T08:58:49+00:00","og_image":[{"width":1559,"height":863,"url":"https:\/\/www.pure-motivation.ch\/wordpress\/wp-content\/uploads\/2025\/01\/Maitrise-de-la-flottabilite-e1737017564274.png","type":"image\/png"}],"twitter_card":"summary_large_image","twitter_misc":{"Dur\u00e9e de lecture estim\u00e9e":"1 minute"},"schema":{"@context":"https:\/\/schema.org","@graph":[{"@type":"WebPage","@id":"https:\/\/www.pure-motivation.ch\/wordpress\/maitrise-de-la-flottabilite\/","url":"https:\/\/www.pure-motivation.ch\/wordpress\/maitrise-de-la-flottabilite\/","name":"Maitrise de la flottabilit\u00e9 - Pure Motivation","isPartOf":{"@id":"https:\/\/www.pure-motivation.ch\/wordpress\/#website"},"datePublished":"2025-01-16T08:13:29+00:00","dateModified":"2025-02-07T08:58:49+00:00","breadcrumb":{"@id":"https:\/\/www.pure-motivation.ch\/wordpress\/maitrise-de-la-flottabilite\/#breadcrumb"},"inLanguage":"fr-FR","potentialAction":[{"@type":"ReadAction","target":["https:\/\/www.pure-motivation.ch\/wordpress\/maitrise-de-la-flottabilite\/"]}]},{"@type":"BreadcrumbList","@id":"https:\/\/www.pure-motivation.ch\/wordpress\/maitrise-de-la-flottabilite\/#breadcrumb","itemListElement":[{"@type":"ListItem","position":1,"name":"Accueil","item":"https:\/\/www.pure-motivation.ch\/wordpress\/"},{"@type":"ListItem","position":2,"name":"Maitrise de la flottabilit\u00e9"}]},{"@type":"WebSite","@id":"https:\/\/www.pure-motivation.ch\/wordpress\/#website","url":"https:\/\/www.pure-motivation.ch\/wordpress\/","name":"Pure Motivation","description":"Discover your true potential","publisher":{"@id":"https:\/\/www.pure-motivation.ch\/wordpress\/#organization"},"potentialAction":[{"@type":"SearchAction","target":{"@type":"EntryPoint","urlTemplate":"https:\/\/www.pure-motivation.ch\/wordpress\/?s={search_term_string}"},"query-input":"required name=search_term_string"}],"inLanguage":"fr-FR"},{"@type":"Organization","@id":"https:\/\/www.pure-motivation.ch\/wordpress\/#organization","name":"Pure Motivation","url":"https:\/\/www.pure-motivation.ch\/wordpress\/","logo":{"@type":"ImageObject","inLanguage":"fr-FR","@id":"https:\/\/www.pure-motivation.ch\/wordpress\/#\/schema\/logo\/image\/","url":"https:\/\/www.pure-motivation.ch\/wordpress\/wp-content\/uploads\/2026\/05\/logo-seul-pure-motivation.jpg","contentUrl":"https:\/\/www.pure-motivation.ch\/wordpress\/wp-content\/uploads\/2026\/05\/logo-seul-pure-motivation.jpg","width":1240,"height":1240,"caption":"Pure Motivation"},"image":{"@id":"https:\/\/www.pure-motivation.ch\/wordpress\/#\/schema\/logo\/image\/"},"sameAs":["https:\/\/www.facebook.com\/puremotivationsuisse","https:\/\/www.instagram.com\/puremotivationch\/","https:\/\/www.youtube.com\/channel\/UC95XjhmapH_YQzEKZCLklOQ"]}]}},"_links":{"self":[{"href":"https:\/\/www.pure-motivation.ch\/wordpress\/wp-json\/wp\/v2\/pages\/2539","targetHints":{"allow":["GET"]}}],"collection":[{"href":"https:\/\/www.pure-motivation.ch\/wordpress\/wp-json\/wp\/v2\/pages"}],"about":[{"href":"https:\/\/www.pure-motivation.ch\/wordpress\/wp-json\/wp\/v2\/types\/page"}],"author":[{"embeddable":true,"href":"https:\/\/www.pure-motivation.ch\/wordpress\/wp-json\/wp\/v2\/users\/1"}],"replies":[{"embeddable":true,"href":"https:\/\/www.pure-motivation.ch\/wordpress\/wp-json\/wp\/v2\/comments?post=2539"}],"version-history":[{"count":10,"href":"https:\/\/www.pure-motivation.ch\/wordpress\/wp-json\/wp\/v2\/pages\/2539\/revisions"}],"predecessor-version":[{"id":3733,"href":"https:\/\/www.pure-motivation.ch\/wordpress\/wp-json\/wp\/v2\/pages\/2539\/revisions\/3733"}],"wp:featuredmedia":[{"embeddable":true,"href":"https:\/\/www.pure-motivation.ch\/wordpress\/wp-json\/wp\/v2\/media\/2544"}],"wp:attachment":[{"href":"https:\/\/www.pure-motivation.ch\/wordpress\/wp-json\/wp\/v2\/media?parent=2539"}],"curies":[{"name":"wp","href":"https:\/\/api.w.org\/{rel}","templated":true}]}}