{"id":2505,"date":"2025-01-15T21:10:16","date_gmt":"2025-01-15T20:10:16","guid":{"rendered":"https:\/\/www.pure-motivation.ch\/wordpress\/?page_id=2505"},"modified":"2025-01-20T15:00:34","modified_gmt":"2025-01-20T14:00:34","slug":"master-scuba-diver","status":"publish","type":"page","link":"https:\/\/www.pure-motivation.ch\/wordpress\/master-scuba-diver\/","title":{"rendered":"Master Scuba Diver"},"content":{"rendered":"\t\t<div data-elementor-type=\"wp-page\" data-elementor-id=\"2505\" class=\"elementor elementor-2505\">\n\t\t\t\t<div class=\"elementor-element elementor-element-139f72a e-flex e-con-boxed e-con e-parent\" data-id=\"139f72a\" data-element_type=\"container\">\n\t\t\t\t\t<div class=\"e-con-inner\">\n\t\t\t\t<div class=\"elementor-element elementor-element-7a534bc elementor-widget elementor-widget-heading\" data-id=\"7a534bc\" data-element_type=\"widget\" data-widget_type=\"heading.default\">\n\t\t\t\t<div class=\"elementor-widget-container\">\n\t\t\t<h2 class=\"elementor-heading-title elementor-size-default\">Master Scuba Diver<\/h2>\t\t<\/div>\n\t\t\t\t<\/div>\n\t\t\t\t\t<\/div>\n\t\t\t\t<\/div>\n\t\t<div class=\"elementor-element elementor-element-8f9d968 e-flex e-con-boxed e-con e-parent\" data-id=\"8f9d968\" data-element_type=\"container\">\n\t\t\t\t\t<div class=\"e-con-inner\">\n\t\t\t\t<div class=\"elementor-element elementor-element-9f478d5 elementor-widget elementor-widget-text-editor\" data-id=\"9f478d5\" data-element_type=\"widget\" data-widget_type=\"text-editor.default\">\n\t\t\t\t<div class=\"elementor-widget-container\">\n\t\t\t\t\t\t\t<p><strong>L\u2019\u00e9lite des plongeurs loisir.<\/strong><\/p><p>La certification <strong>Master Scuba Diver<\/strong> est le plus haut niveau de reconnaissance en plong\u00e9e loisir. Elle atteste de vos comp\u00e9tences avanc\u00e9es, de votre exp\u00e9rience et de votre passion pour l\u2019exploration sous-marine. Atteindre ce statut signifie que vous faites partie d\u2019une \u00e9lite de plongeurs respect\u00e9s dans le monde entier.<\/p>\t\t\t\t\t\t<\/div>\n\t\t\t\t<\/div>\n\t\t\t\t\t<\/div>\n\t\t\t\t<\/div>\n\t\t<div class=\"elementor-element elementor-element-5be895a e-flex e-con-boxed e-con e-parent\" data-id=\"5be895a\" data-element_type=\"container\">\n\t\t\t\t\t<div class=\"e-con-inner\">\n\t\t<div class=\"elementor-element elementor-element-13af530 e-grid e-con-full e-con e-child\" data-id=\"13af530\" data-element_type=\"container\">\n\t\t\t\t<div class=\"elementor-element elementor-element-3a50c4b elementor-widget elementor-widget-text-editor\" data-id=\"3a50c4b\" data-element_type=\"widget\" data-widget_type=\"text-editor.default\">\n\t\t\t\t<div class=\"elementor-widget-container\">\n\t\t\t\t\t\t\t<p><strong>Les \u00e9tapes pour devenir Master Scuba Diver :<\/strong><\/p><ol><li>\u00catre certifi\u00e9 <strong>Rescue Diver<\/strong>.<\/li><li>Avoir au moins <strong>50 plong\u00e9es enregistr\u00e9es<\/strong>.<\/li><li>Compl\u00e9ter <strong>5 sp\u00e9cialit\u00e9s PADI<\/strong>, telles que :<ul><li>Plong\u00e9e profonde<\/li><li>Plong\u00e9e sur \u00e9pave<\/li><li>Flottabilit\u00e9 parfaite<\/li><li>Plong\u00e9e de nuit<\/li><li>Identification des poissons<\/li><\/ul><\/li><\/ol><p><strong>Pourquoi viser cette certification ?<\/strong><\/p><ul><li>D\u00e9veloppez des comp\u00e9tences vari\u00e9es et sp\u00e9cialis\u00e9es pour explorer de nouveaux horizons.<\/li><li>Renforcez votre confiance et votre autonomie sous l\u2019eau.<\/li><li>Rejoignez un groupe exclusif de plongeurs exp\u00e9riment\u00e9s.<\/li><\/ul><p><strong>Votre aventure commence ici :<\/strong><br \/>Enrichissez votre exp\u00e9rience avec notre accompagnement personnalis\u00e9 pour atteindre vos objectifs. Avec notre expertise, vous serez guid\u00e9 \u00e0 chaque \u00e9tape de votre progression.<\/p><p><strong>Pr\u00eat \u00e0 relever le d\u00e9fi ?<\/strong><br \/>Contactez-nous pour planifier votre parcours vers le titre de <strong>Master Scuba Diver<\/strong> et explorez l\u2019infini potentiel du monde sous-marin.<\/p>\t\t\t\t\t\t<\/div>\n\t\t\t\t<\/div>\n\t\t\t\t<div class=\"elementor-element elementor-element-6559257 elementor-widget elementor-widget-image\" data-id=\"6559257\" data-element_type=\"widget\" data-widget_type=\"image.default\">\n\t\t\t\t<div class=\"elementor-widget-container\">\n\t\t\t\t\t\t\t\t\t\t\t\t\t<img fetchpriority=\"high\" decoding=\"async\" width=\"576\" height=\"1024\" src=\"https:\/\/www.pure-motivation.ch\/wordpress\/wp-content\/uploads\/2025\/01\/Master-Scuba-Diver-Trainer-576x1024.jpg\" class=\"attachment-large size-large wp-image-2519\" alt=\"\" srcset=\"https:\/\/www.pure-motivation.ch\/wordpress\/wp-content\/uploads\/2025\/01\/Master-Scuba-Diver-Trainer-576x1024.jpg 576w, https:\/\/www.pure-motivation.ch\/wordpress\/wp-content\/uploads\/2025\/01\/Master-Scuba-Diver-Trainer-169x300.jpg 169w, https:\/\/www.pure-motivation.ch\/wordpress\/wp-content\/uploads\/2025\/01\/Master-Scuba-Diver-Trainer-768x1365.jpg 768w, https:\/\/www.pure-motivation.ch\/wordpress\/wp-content\/uploads\/2025\/01\/Master-Scuba-Diver-Trainer-864x1536.jpg 864w, https:\/\/www.pure-motivation.ch\/wordpress\/wp-content\/uploads\/2025\/01\/Master-Scuba-Diver-Trainer-1152x2048.jpg 1152w, https:\/\/www.pure-motivation.ch\/wordpress\/wp-content\/uploads\/2025\/01\/Master-Scuba-Diver-Trainer-197x350.jpg 197w, https:\/\/www.pure-motivation.ch\/wordpress\/wp-content\/uploads\/2025\/01\/Master-Scuba-Diver-Trainer-scaled.jpg 1440w\" sizes=\"(max-width: 576px) 100vw, 576px\" \/>\t\t\t\t\t\t\t\t\t\t\t\t\t<\/div>\n\t\t\t\t<\/div>\n\t\t\t\t<\/div>\n\t\t\t\t\t<\/div>\n\t\t\t\t<\/div>\n\t\t<div class=\"elementor-element elementor-element-d6eada8 e-flex e-con-boxed e-con e-parent\" data-id=\"d6eada8\" data-element_type=\"container\">\n\t\t\t\t\t<div class=\"e-con-inner\">\n\t\t\t\t\t<\/div>\n\t\t\t\t<\/div>\n\t\t\t\t<\/div>\n\t\t","protected":false},"excerpt":{"rendered":"<p>Master Scuba Diver L\u2019\u00e9lite des plongeurs loisir. La certification Master Scuba Diver est le plus haut niveau de reconnaissance en plong\u00e9e loisir. Elle atteste de vos comp\u00e9tences avanc\u00e9es, de votre exp\u00e9rience et de votre passion pour l\u2019exploration sous-marine. Atteindre ce statut signifie que vous faites partie d\u2019une \u00e9lite de plongeurs \u2026<\/p>\n","protected":false},"author":1,"featured_media":2510,"parent":0,"menu_order":0,"comment_status":"closed","ping_status":"closed","template":"","meta":{"footnotes":""},"class_list":["post-2505","page","type-page","status-publish","has-post-thumbnail","hentry"],"_links":{"self":[{"href":"https:\/\/www.pure-motivation.ch\/wordpress\/wp-json\/wp\/v2\/pages\/2505","targetHints":{"allow":["GET"]}}],"collection":[{"href":"https:\/\/www.pure-motivation.ch\/wordpress\/wp-json\/wp\/v2\/pages"}],"about":[{"href":"https:\/\/www.pure-motivation.ch\/wordpress\/wp-json\/wp\/v2\/types\/page"}],"author":[{"embeddable":true,"href":"https:\/\/www.pure-motivation.ch\/wordpress\/wp-json\/wp\/v2\/users\/1"}],"replies":[{"embeddable":true,"href":"https:\/\/www.pure-motivation.ch\/wordpress\/wp-json\/wp\/v2\/comments?post=2505"}],"version-history":[{"count":19,"href":"https:\/\/www.pure-motivation.ch\/wordpress\/wp-json\/wp\/v2\/pages\/2505\/revisions"}],"predecessor-version":[{"id":2806,"href":"https:\/\/www.pure-motivation.ch\/wordpress\/wp-json\/wp\/v2\/pages\/2505\/revisions\/2806"}],"wp:featuredmedia":[{"embeddable":true,"href":"https:\/\/www.pure-motivation.ch\/wordpress\/wp-json\/wp\/v2\/media\/2510"}],"wp:attachment":[{"href":"https:\/\/www.pure-motivation.ch\/wordpress\/wp-json\/wp\/v2\/media?parent=2505"}],"curies":[{"name":"wp","href":"https:\/\/api.w.org\/{rel}","templated":true}]}}