{"id":2494,"date":"2025-01-15T21:01:37","date_gmt":"2025-01-15T20:01:37","guid":{"rendered":"https:\/\/www.pure-motivation.ch\/wordpress\/?page_id=2494"},"modified":"2025-02-07T09:51:09","modified_gmt":"2025-02-07T08:51:09","slug":"rescue-diver","status":"publish","type":"page","link":"https:\/\/www.pure-motivation.ch\/wordpress\/rescue-diver\/","title":{"rendered":"Rescue Diver"},"content":{"rendered":"\t\t<div data-elementor-type=\"wp-page\" data-elementor-id=\"2494\" class=\"elementor elementor-2494\">\n\t\t\t\t<div class=\"elementor-element elementor-element-2e2475b e-flex e-con-boxed e-con e-parent\" data-id=\"2e2475b\" data-element_type=\"container\">\n\t\t\t\t\t<div class=\"e-con-inner\">\n\t\t\t\t<div class=\"elementor-element elementor-element-b483dbe elementor-widget elementor-widget-heading\" data-id=\"b483dbe\" data-element_type=\"widget\" data-widget_type=\"heading.default\">\n\t\t\t\t<div class=\"elementor-widget-container\">\n\t\t\t<h2 class=\"elementor-heading-title elementor-size-default\">Formation Rescue Diver<\/h2>\t\t<\/div>\n\t\t\t\t<\/div>\n\t\t\t\t\t<\/div>\n\t\t\t\t<\/div>\n\t\t<div class=\"elementor-element elementor-element-350c70e e-flex e-con-boxed e-con e-parent\" data-id=\"350c70e\" data-element_type=\"container\">\n\t\t\t\t\t<div class=\"e-con-inner\">\n\t\t\t\t<div class=\"elementor-element elementor-element-654f96b elementor-widget elementor-widget-text-editor\" data-id=\"654f96b\" data-element_type=\"widget\" data-widget_type=\"text-editor.default\">\n\t\t\t\t<div class=\"elementor-widget-container\">\n\t\t\t\t\t\t\t<p><strong>Anticipez, r\u00e9agissez et devenez un plongeur pr\u00eat \u00e0 faire la diff\u00e9rence.<\/strong><\/p><p>La formation <strong>Rescue Diver<\/strong> est une \u00e9tape cl\u00e9 dans le d\u00e9veloppement de tout plongeur. Elle vous enseigne \u00e0 pr\u00e9venir et g\u00e9rer les situations d\u2019urgence sous l\u2019eau et en surface, en vous offrant des comp\u00e9tences essentielles pour r\u00e9agir de mani\u00e8re efficace et s\u00e9curis\u00e9e.<\/p><h3><span style=\"color: #6ec1e4;\"><strong>Au programme :<\/strong><\/span><\/h3><ul><li>Identifier et pr\u00e9venir les probl\u00e8mes avant qu\u2019ils ne surviennent.<\/li><li>G\u00e9rer les facteurs de stress li\u00e9s \u00e0 la plong\u00e9e pour vous et vos bin\u00f4mes.<\/li><li>R\u00e9agir face \u00e0 des sc\u00e9narios d\u2019urgence, en appliquant les techniques enseign\u00e9es.<\/li><li>Sauvetage en surface et r\u00e9cup\u00e9ration d\u2019un plongeur inconscient.<\/li><li>Coordination des interventions avec une \u00e9quipe.<\/li><\/ul><h3><span style=\"color: #6ec1e4;\"><strong>Pourquoi suivre cette formation ?<\/strong><\/span><\/h3><ul><li>Devenez un plongeur plus s\u00fbr et confiant.<\/li><li>Apportez une valeur ajout\u00e9e \u00e0 vos sorties en tant que membre essentiel de l\u2019\u00e9quipe.<\/li><li>Pr\u00e9parez-vous \u00e0 progresser vers des niveaux professionnels ou \u00e0 rejoindre l\u2019\u00e9lite des plongeurs avec le titre de Master Scuba Diver ou comme plongeur Tec.<\/li><\/ul><p><strong>Rejoignez-nous pour ce d\u00e9fi et devenez un h\u00e9ros sous-marin !<\/strong><\/p><hr \/>\t\t\t\t\t\t<\/div>\n\t\t\t\t<\/div>\n\t\t\t\t\t<\/div>\n\t\t\t\t<\/div>\n\t\t<div class=\"elementor-element elementor-element-659dd6b e-flex e-con-boxed e-con e-parent\" data-id=\"659dd6b\" data-element_type=\"container\">\n\t\t\t\t\t<div class=\"e-con-inner\">\n\t\t<div class=\"elementor-element elementor-element-469f712 e-grid e-con-full e-con e-child\" data-id=\"469f712\" data-element_type=\"container\">\n\t\t\t\t<div class=\"elementor-element elementor-element-68c68a4 elementor-widget elementor-widget-text-editor\" data-id=\"68c68a4\" data-element_type=\"widget\" data-widget_type=\"text-editor.default\">\n\t\t\t\t<div class=\"elementor-widget-container\">\n\t\t\t\t\t\t\t<h4 style=\"text-align: center;\"><span style=\"color: #6ec1e4;\"><strong>Prix :<\/strong><\/span><\/h4><ul><li>Rescue Diver : 900.-<\/li><li>EFR : 350.-<\/li><li>Rescue + EFR : 1150.-<\/li><\/ul>\t\t\t\t\t\t<\/div>\n\t\t\t\t<\/div>\n\t\t\t\t<div class=\"elementor-element elementor-element-4d4da7d elementor-widget elementor-widget-text-editor\" data-id=\"4d4da7d\" data-element_type=\"widget\" data-widget_type=\"text-editor.default\">\n\t\t\t\t<div class=\"elementor-widget-container\">\n\t\t\t\t\t\t\t<h4 style=\"text-align: center;\"><span style=\"color: #6ec1e4;\"><strong>Conditions :<\/strong><\/span><\/h4><ul><li>\u00c2ge : \u00e0 partir de 12 ans<\/li><li>\u00catre Advanced Open Water ou \u00e9quivalent<\/li><li>Preuve de certification<\/li><li>Avoir effectu\u00e9 une formation de premier secours avec RCP dans les derniers mois.<\/li><\/ul>\t\t\t\t\t\t<\/div>\n\t\t\t\t<\/div>\n\t\t\t\t<div class=\"elementor-element elementor-element-2146c01 elementor-widget elementor-widget-text-editor\" data-id=\"2146c01\" data-element_type=\"widget\" data-widget_type=\"text-editor.default\">\n\t\t\t\t<div class=\"elementor-widget-container\">\n\t\t\t\t\t\t\t<h4 style=\"text-align: center;\"><span style=\"color: #6ec1e4;\"><strong>Tout inclus :<\/strong>\u00a0<\/span><\/h4><ul><li>Th\u00e9orie en ligne (E-learning)<\/li><li>Equipement<\/li><li>2 \u00e0 3 jours en milieu naturel<\/li><li>Certification<\/li><\/ul>\t\t\t\t\t\t<\/div>\n\t\t\t\t<\/div>\n\t\t\t\t<\/div>\n\t\t\t\t\t<\/div>\n\t\t\t\t<\/div>\n\t\t\t\t<\/div>\n\t\t","protected":false},"excerpt":{"rendered":"<p>Formation Rescue Diver Anticipez, r\u00e9agissez et devenez un plongeur pr\u00eat \u00e0 faire la diff\u00e9rence. La formation Rescue Diver est une \u00e9tape cl\u00e9 dans le d\u00e9veloppement de tout plongeur. Elle vous enseigne \u00e0 pr\u00e9venir et g\u00e9rer les situations d\u2019urgence sous l\u2019eau et en surface, en vous offrant des comp\u00e9tences essentielles pour \u2026<\/p>\n","protected":false},"author":1,"featured_media":2500,"parent":0,"menu_order":0,"comment_status":"closed","ping_status":"closed","template":"","meta":{"footnotes":""},"class_list":["post-2494","page","type-page","status-publish","has-post-thumbnail","hentry"],"_links":{"self":[{"href":"https:\/\/www.pure-motivation.ch\/wordpress\/wp-json\/wp\/v2\/pages\/2494","targetHints":{"allow":["GET"]}}],"collection":[{"href":"https:\/\/www.pure-motivation.ch\/wordpress\/wp-json\/wp\/v2\/pages"}],"about":[{"href":"https:\/\/www.pure-motivation.ch\/wordpress\/wp-json\/wp\/v2\/types\/page"}],"author":[{"embeddable":true,"href":"https:\/\/www.pure-motivation.ch\/wordpress\/wp-json\/wp\/v2\/users\/1"}],"replies":[{"embeddable":true,"href":"https:\/\/www.pure-motivation.ch\/wordpress\/wp-json\/wp\/v2\/comments?post=2494"}],"version-history":[{"count":16,"href":"https:\/\/www.pure-motivation.ch\/wordpress\/wp-json\/wp\/v2\/pages\/2494\/revisions"}],"predecessor-version":[{"id":3721,"href":"https:\/\/www.pure-motivation.ch\/wordpress\/wp-json\/wp\/v2\/pages\/2494\/revisions\/3721"}],"wp:featuredmedia":[{"embeddable":true,"href":"https:\/\/www.pure-motivation.ch\/wordpress\/wp-json\/wp\/v2\/media\/2500"}],"wp:attachment":[{"href":"https:\/\/www.pure-motivation.ch\/wordpress\/wp-json\/wp\/v2\/media?parent=2494"}],"curies":[{"name":"wp","href":"https:\/\/api.w.org\/{rel}","templated":true}]}}