{"id":2474,"date":"2025-01-15T11:50:01","date_gmt":"2025-01-15T10:50:01","guid":{"rendered":"https:\/\/www.pure-motivation.ch\/wordpress\/?page_id=2474"},"modified":"2025-02-07T09:50:09","modified_gmt":"2025-02-07T08:50:09","slug":"advanced-open-water","status":"publish","type":"page","link":"https:\/\/www.pure-motivation.ch\/wordpress\/advanced-open-water\/","title":{"rendered":"Advanced Open Water"},"content":{"rendered":"\t\t<div data-elementor-type=\"wp-page\" data-elementor-id=\"2474\" class=\"elementor elementor-2474\">\n\t\t\t\t<div class=\"elementor-element elementor-element-191edf4 e-flex e-con-boxed e-con e-parent\" data-id=\"191edf4\" data-element_type=\"container\">\n\t\t\t\t\t<div class=\"e-con-inner\">\n\t\t\t\t<div class=\"elementor-element elementor-element-32b8dac elementor-widget elementor-widget-heading\" data-id=\"32b8dac\" data-element_type=\"widget\" data-widget_type=\"heading.default\">\n\t\t\t\t<div class=\"elementor-widget-container\">\n\t\t\t<h2 class=\"elementor-heading-title elementor-size-default\">Advanced Open Water<\/h2>\t\t<\/div>\n\t\t\t\t<\/div>\n\t\t\t\t\t<\/div>\n\t\t\t\t<\/div>\n\t\t<div class=\"elementor-element elementor-element-da336f6 e-flex e-con-boxed e-con e-parent\" data-id=\"da336f6\" data-element_type=\"container\">\n\t\t\t\t\t<div class=\"e-con-inner\">\n\t\t\t\t<div class=\"elementor-element elementor-element-f8f1180 elementor-widget elementor-widget-text-editor\" data-id=\"f8f1180\" data-element_type=\"widget\" data-widget_type=\"text-editor.default\">\n\t\t\t\t<div class=\"elementor-widget-container\">\n\t\t\t\t\t\t\t<p><strong>Repoussez vos limites et explorez plus profond\u00e9ment !<\/strong><br \/>La formation <strong>Advanced Open Water Diver<\/strong> de PADI est con\u00e7ue pour enrichir vos comp\u00e9tences et \u00e9largir vos horizons en plong\u00e9e sous-marine. Que vous souhaitiez explorer des \u00e9paves, perfectionner votre flottabilit\u00e9, ou plonger plus profond, ce cours vous ouvre de nouvelles portes du monde sous-marin.<\/p><h3><strong><span style=\"color: #6ec1e4;\">Au programme :<\/span><\/strong><\/h3><p>Ce cours se compose de cinq plong\u00e9es th\u00e9matiques qui vous permettent de d\u00e9couvrir diff\u00e9rents aspects de la plong\u00e9e. Vous r\u00e9aliserez :<\/p><ol><li><strong>Plong\u00e9e Profonde (obligatoire)<\/strong> : Apprenez \u00e0 g\u00e9rer les d\u00e9fis et sensations uniques des plong\u00e9es jusqu&rsquo;\u00e0 30 m\u00e8tres.<\/li><li><strong>Navigation Sous-marine (obligatoire)<\/strong> : Am\u00e9liorez votre ma\u00eetrise de la boussole et vos techniques d&rsquo;orientation.<\/li><li><strong>Trois plong\u00e9es d&rsquo;aventure au choix<\/strong>, parmi des options telles que :<ul><li>Maitrise de la flottabilit\u00e9<\/li><li>Plong\u00e9e sur \u00e9pave<\/li><li>Plong\u00e9e de nuit<\/li><li>Nitrox<\/li><li>Recherche et r\u00e9cup\u00e9ration<\/li><li>Identification des poissons<\/li><\/ul><\/li><\/ol><h3><span style=\"color: #6ec1e4;\"><strong>Pourquoi choisir cette formation ?<\/strong><\/span><\/h3><ul><li>Gagnez en assurance et en autonomie.<\/li><li>Explorez de nouveaux sites et d\u00e9veloppez des comp\u00e9tences vari\u00e9es.<\/li><li>Progressez vers des sp\u00e9cialisations ou des niveaux professionnels.<\/li><\/ul><p><strong>R\u00e9servez votre place d\u00e8s maintenant !<\/strong><br \/>Prenez contact pour planifier votre formation et continuez \u00e0 vivre votre passion en toute s\u00e9curit\u00e9.<\/p><hr \/>\t\t\t\t\t\t<\/div>\n\t\t\t\t<\/div>\n\t\t\t\t\t<\/div>\n\t\t\t\t<\/div>\n\t\t<div class=\"elementor-element elementor-element-f41b762 e-flex e-con-boxed e-con e-parent\" data-id=\"f41b762\" data-element_type=\"container\">\n\t\t\t\t\t<div class=\"e-con-inner\">\n\t\t<div class=\"elementor-element elementor-element-ed91bcb e-grid e-con-full e-con e-child\" data-id=\"ed91bcb\" data-element_type=\"container\">\n\t\t\t\t<div class=\"elementor-element elementor-element-fb698aa elementor-widget elementor-widget-text-editor\" data-id=\"fb698aa\" data-element_type=\"widget\" data-widget_type=\"text-editor.default\">\n\t\t\t\t<div class=\"elementor-widget-container\">\n\t\t\t\t\t\t\t<h4 style=\"text-align: center;\"><span style=\"color: #6ec1e4;\"><strong>Prix :<\/strong><\/span><\/h4><ul><li>Advanced : 590.-<\/li><\/ul>\t\t\t\t\t\t<\/div>\n\t\t\t\t<\/div>\n\t\t\t\t<div class=\"elementor-element elementor-element-65597ef elementor-widget elementor-widget-text-editor\" data-id=\"65597ef\" data-element_type=\"widget\" data-widget_type=\"text-editor.default\">\n\t\t\t\t<div class=\"elementor-widget-container\">\n\t\t\t\t\t\t\t<h4 style=\"text-align: center;\"><span style=\"color: #6ec1e4;\"><strong>Conditions :<\/strong><\/span><\/h4><ul><li>\u00c2ge : \u00e0 partir de 12 ans<\/li><li>\u00catre Open Water ou \u00e9quivalent<\/li><li>Preuve de certification<\/li><li>\u00catre en bonne sant\u00e9<\/li><\/ul>\t\t\t\t\t\t<\/div>\n\t\t\t\t<\/div>\n\t\t\t\t<div class=\"elementor-element elementor-element-b1b45db elementor-widget elementor-widget-text-editor\" data-id=\"b1b45db\" data-element_type=\"widget\" data-widget_type=\"text-editor.default\">\n\t\t\t\t<div class=\"elementor-widget-container\">\n\t\t\t\t\t\t\t<h4 style=\"text-align: center;\"><span style=\"color: #6ec1e4;\"><strong>Tout inclus :<\/strong>\u00a0<\/span><\/h4><ul><li>Th\u00e9orie en ligne (E-learning)<\/li><li>Equipement<\/li><li>5 plong\u00e9es en milieu naturel<\/li><li>Certification<\/li><\/ul>\t\t\t\t\t\t<\/div>\n\t\t\t\t<\/div>\n\t\t\t\t<\/div>\n\t\t\t\t\t<\/div>\n\t\t\t\t<\/div>\n\t\t\t\t<\/div>\n\t\t","protected":false},"excerpt":{"rendered":"<p>Advanced Open Water Repoussez vos limites et explorez plus profond\u00e9ment !La formation Advanced Open Water Diver de PADI est con\u00e7ue pour enrichir vos comp\u00e9tences et \u00e9largir vos horizons en plong\u00e9e sous-marine. Que vous souhaitiez explorer des \u00e9paves, perfectionner votre flottabilit\u00e9, ou plonger plus profond, ce cours vous ouvre de nouvelles \u2026<\/p>\n","protected":false},"author":1,"featured_media":2488,"parent":0,"menu_order":0,"comment_status":"closed","ping_status":"closed","template":"","meta":{"footnotes":""},"class_list":["post-2474","page","type-page","status-publish","has-post-thumbnail","hentry"],"_links":{"self":[{"href":"https:\/\/www.pure-motivation.ch\/wordpress\/wp-json\/wp\/v2\/pages\/2474","targetHints":{"allow":["GET"]}}],"collection":[{"href":"https:\/\/www.pure-motivation.ch\/wordpress\/wp-json\/wp\/v2\/pages"}],"about":[{"href":"https:\/\/www.pure-motivation.ch\/wordpress\/wp-json\/wp\/v2\/types\/page"}],"author":[{"embeddable":true,"href":"https:\/\/www.pure-motivation.ch\/wordpress\/wp-json\/wp\/v2\/users\/1"}],"replies":[{"embeddable":true,"href":"https:\/\/www.pure-motivation.ch\/wordpress\/wp-json\/wp\/v2\/comments?post=2474"}],"version-history":[{"count":23,"href":"https:\/\/www.pure-motivation.ch\/wordpress\/wp-json\/wp\/v2\/pages\/2474\/revisions"}],"predecessor-version":[{"id":3954,"href":"https:\/\/www.pure-motivation.ch\/wordpress\/wp-json\/wp\/v2\/pages\/2474\/revisions\/3954"}],"wp:featuredmedia":[{"embeddable":true,"href":"https:\/\/www.pure-motivation.ch\/wordpress\/wp-json\/wp\/v2\/media\/2488"}],"wp:attachment":[{"href":"https:\/\/www.pure-motivation.ch\/wordpress\/wp-json\/wp\/v2\/media?parent=2474"}],"curies":[{"name":"wp","href":"https:\/\/api.w.org\/{rel}","templated":true}]}}