{"id":2394,"date":"2025-01-14T15:39:03","date_gmt":"2025-01-14T14:39:03","guid":{"rendered":"https:\/\/www.pure-motivation.ch\/wordpress\/?page_id=2394"},"modified":"2025-03-07T10:03:37","modified_gmt":"2025-03-07T09:03:37","slug":"baptemes-de-plongee","status":"publish","type":"page","link":"https:\/\/www.pure-motivation.ch\/wordpress\/baptemes-de-plongee\/","title":{"rendered":"Bapt\u00eames de plong\u00e9e"},"content":{"rendered":"\t\t<div data-elementor-type=\"wp-page\" data-elementor-id=\"2394\" class=\"elementor elementor-2394\">\n\t\t\t\t<div class=\"elementor-element elementor-element-9ede247 e-flex e-con-boxed e-con e-parent\" data-id=\"9ede247\" data-element_type=\"container\" data-e-type=\"container\">\n\t\t\t\t\t<div class=\"e-con-inner\">\n\t\t\t\t<div class=\"elementor-element elementor-element-baa7786 elementor-widget elementor-widget-text-editor\" data-id=\"baa7786\" data-element_type=\"widget\" data-e-type=\"widget\" data-widget_type=\"text-editor.default\">\n\t\t\t\t<div class=\"elementor-widget-container\">\n\t\t\t\t\t\t\t\t\t<h2><span style=\"color: #6ec1e4;\"><strong>Bapt\u00eame de plong\u00e9e en piscine :<\/strong><\/span><\/h2><p>Envie de d\u00e9couvrir la sensation d&rsquo;apesanteur en plong\u00e9e sous-marine ? Le bapt\u00eame en piscine est la fa\u00e7on id\u00e9ale de faire vos premiers pas dans un environnement s\u00e9curis\u00e9 et encadr\u00e9.<\/p><p>Votre aventure commence par une pr\u00e9sentation th\u00e9orique o\u00f9 vous d\u00e9couvrirez les bases essentielles de la plong\u00e9e : fonctionnement du mat\u00e9riel, techniques de s\u00e9curit\u00e9 et principes fondamentaux. Vous apprendrez \u00e0 utiliser votre \u00e9quipement et \u00e0 adopter les bonnes pratiques pour profiter pleinement de cette exp\u00e9rience.<\/p><p>Apr\u00e8s cette introduction, vous effectuerez quelques techniques simples mais indispensables \u00e0 tout plongeur, comme la gestion de la respiration ou le vidage d\u2019un masque. Une fois \u00e0 l\u2019aise, place au plaisir ! Vous partirez pour une balade sous l\u2019eau, un moment magique o\u00f9 vous pourrez vous amuser, explorer et ressentir la s\u00e9r\u00e9nit\u00e9 unique du monde aquatique.<\/p><p>Je vous accompagne \u00e0 chaque \u00e9tape avec bienveillance et professionnalisme pour que cette premi\u00e8re plong\u00e9e vous laisse un souvenir magique et inoubliable.<\/p><p><strong>Pr\u00eat \u00e0 plonger ?<\/strong> R\u00e9servez d\u00e8s maintenant votre bapt\u00eame en piscine et d\u00e9couvrez la beaut\u00e9 d\u2019un monde o\u00f9 tout semble possible.<\/p>\t\t\t\t\t\t\t\t<\/div>\n\t\t\t\t<\/div>\n\t\t\t\t\t<\/div>\n\t\t\t\t<\/div>\n\t\t<div class=\"elementor-element elementor-element-5d53c58 e-flex e-con-boxed e-con e-parent\" data-id=\"5d53c58\" data-element_type=\"container\" data-e-type=\"container\">\n\t\t\t\t\t<div class=\"e-con-inner\">\n\t\t<div class=\"elementor-element elementor-element-651c4e7 e-grid e-con-full e-con e-child\" data-id=\"651c4e7\" data-element_type=\"container\" data-e-type=\"container\">\n\t\t\t\t<div class=\"elementor-element elementor-element-93168eb elementor-widget elementor-widget-text-editor\" data-id=\"93168eb\" data-element_type=\"widget\" data-e-type=\"widget\" data-widget_type=\"text-editor.default\">\n\t\t\t\t<div class=\"elementor-widget-container\">\n\t\t\t\t\t\t\t\t\t<h4 style=\"text-align: center;\"><span style=\"color: #6ec1e4;\"><strong>Prix :<\/strong><\/span><\/h4><ul><li>Bapt\u00eame piscine : 90.-<\/li><\/ul>\t\t\t\t\t\t\t\t<\/div>\n\t\t\t\t<\/div>\n\t\t\t\t<div class=\"elementor-element elementor-element-9cbc18b elementor-widget elementor-widget-text-editor\" data-id=\"9cbc18b\" data-element_type=\"widget\" data-e-type=\"widget\" data-widget_type=\"text-editor.default\">\n\t\t\t\t<div class=\"elementor-widget-container\">\n\t\t\t\t\t\t\t\t\t<h4 style=\"text-align: center;\"><span style=\"color: #6ec1e4;\"><strong>Conditions :<\/strong><\/span><\/h4><ul><li>\u00c2ge : \u00e0 partir de 10 ans<\/li><li>\u00catre en bonne sant\u00e9<\/li><li>Savoir nager<\/li><\/ul>\t\t\t\t\t\t\t\t<\/div>\n\t\t\t\t<\/div>\n\t\t\t\t<div class=\"elementor-element elementor-element-d3e627f elementor-widget elementor-widget-text-editor\" data-id=\"d3e627f\" data-element_type=\"widget\" data-e-type=\"widget\" data-widget_type=\"text-editor.default\">\n\t\t\t\t<div class=\"elementor-widget-container\">\n\t\t\t\t\t\t\t\t\t<h4 style=\"text-align: center;\"><span style=\"color: #6ec1e4;\"><strong>Tout inclus :<\/strong>\u00a0<\/span><\/h4><ul><li>Th\u00e9orie, briefing<\/li><li>Equipement<\/li><li>1 plong\u00e9e<\/li><\/ul>\t\t\t\t\t\t\t\t<\/div>\n\t\t\t\t<\/div>\n\t\t\t\t<\/div>\n\t\t\t\t\t<\/div>\n\t\t\t\t<\/div>\n\t\t<div class=\"elementor-element elementor-element-3061d68 e-flex e-con-boxed e-con e-parent\" data-id=\"3061d68\" data-element_type=\"container\" data-e-type=\"container\">\n\t\t\t\t\t<div class=\"e-con-inner\">\n\t\t\t\t<div class=\"elementor-element elementor-element-b059fb6 elementor-widget elementor-widget-text-editor\" data-id=\"b059fb6\" data-element_type=\"widget\" data-e-type=\"widget\" data-widget_type=\"text-editor.default\">\n\t\t\t\t<div class=\"elementor-widget-container\">\n\t\t\t\t\t\t\t\t\t<h2><span style=\"color: #6ec1e4;\"><strong>Bapt\u00eame de plong\u00e9e en lac :<\/strong><\/span><\/h2><p>Plongez dans un environnement naturel et laissez-vous surprendre par la s\u00e9r\u00e9nit\u00e9 et la richesse du monde lacustre. Le bapt\u00eame de plong\u00e9e en lac est une exp\u00e9rience unique, alliant d\u00e9couverte, apprentissage et \u00e9merveillement.<\/p><p>Votre initiation d\u00e9bute par une introduction th\u00e9orique : nous aborderons les principes fondamentaux de la plong\u00e9e, le fonctionnement du mat\u00e9riel et les consignes de s\u00e9curit\u00e9 essentielles. Vous serez \u00e9galement guid\u00e9 pour appr\u00e9hender sereinement vos premi\u00e8res respirations sous l\u2019eau.<\/p><p>Une fois \u00e9quip\u00e9 et apr\u00e8s une br\u00e8ve mise en pratique des techniques essentielles, comme la ma\u00eetrise de la respiration ou l\u2019\u00e9quilibrage, vous serez pr\u00eat \u00e0 plonger dans les eaux calmes du lac. C\u2019est le moment de vous laisser porter, d\u2019explorer cet univers paisible et de profiter pleinement de cette exp\u00e9rience sensorielle hors du commun.<\/p><p>Gr\u00e2ce \u00e0 un accompagnement professionnel, faites de ce premier contact avec la plong\u00e9e une aventure m\u00e9morable.<\/p><p><strong>Envie d\u2019essayer ?<\/strong> R\u00e9servez votre bapt\u00eame en lac d\u00e8s aujourd\u2019hui et d\u00e9couvrez un monde insoup\u00e7onn\u00e9, juste sous la surface !<\/p>\t\t\t\t\t\t\t\t<\/div>\n\t\t\t\t<\/div>\n\t\t\t\t\t<\/div>\n\t\t\t\t<\/div>\n\t\t<div class=\"elementor-element elementor-element-eb0929d e-flex e-con-boxed e-con e-parent\" data-id=\"eb0929d\" data-element_type=\"container\" data-e-type=\"container\">\n\t\t\t\t\t<div class=\"e-con-inner\">\n\t\t<div class=\"elementor-element elementor-element-c2f3f98 e-grid e-con-full e-con e-child\" data-id=\"c2f3f98\" data-element_type=\"container\" data-e-type=\"container\">\n\t\t\t\t<div class=\"elementor-element elementor-element-be7f0a3 elementor-widget elementor-widget-text-editor\" data-id=\"be7f0a3\" data-element_type=\"widget\" data-e-type=\"widget\" data-widget_type=\"text-editor.default\">\n\t\t\t\t<div class=\"elementor-widget-container\">\n\t\t\t\t\t\t\t\t\t<h4 style=\"text-align: center;\"><span style=\"color: #6ec1e4;\"><strong>Prix :<\/strong><\/span><\/h4><ul><li>Bapt\u00eame lac : 120.-<\/li><\/ul>\t\t\t\t\t\t\t\t<\/div>\n\t\t\t\t<\/div>\n\t\t\t\t<div class=\"elementor-element elementor-element-5aa50f2 elementor-widget elementor-widget-text-editor\" data-id=\"5aa50f2\" data-element_type=\"widget\" data-e-type=\"widget\" data-widget_type=\"text-editor.default\">\n\t\t\t\t<div class=\"elementor-widget-container\">\n\t\t\t\t\t\t\t\t\t<h4 style=\"text-align: center;\"><span style=\"color: #6ec1e4;\"><strong>Conditions :<\/strong><\/span><\/h4><ul><li>\u00c2ge : \u00e0 partir de 10 ans<\/li><li>\u00catre en bonne sant\u00e9<\/li><li>Savoir nager<\/li><\/ul>\t\t\t\t\t\t\t\t<\/div>\n\t\t\t\t<\/div>\n\t\t\t\t<div class=\"elementor-element elementor-element-688e28a elementor-widget elementor-widget-text-editor\" data-id=\"688e28a\" data-element_type=\"widget\" data-e-type=\"widget\" data-widget_type=\"text-editor.default\">\n\t\t\t\t<div class=\"elementor-widget-container\">\n\t\t\t\t\t\t\t\t\t<h4 style=\"text-align: center;\"><span style=\"color: #6ec1e4;\"><strong>Tout inclus :<\/strong>\u00a0<\/span><\/h4><ul><li>Th\u00e9orie, briefing<\/li><li>Equipement<\/li><li>1 plong\u00e9e en milieu naturel<\/li><\/ul>\t\t\t\t\t\t\t\t<\/div>\n\t\t\t\t<\/div>\n\t\t\t\t<\/div>\n\t\t\t\t\t<\/div>\n\t\t\t\t<\/div>\n\t\t\t\t<\/div>\n\t\t","protected":false},"excerpt":{"rendered":"<p>Bapt\u00eame de plong\u00e9e en piscine : Envie de d\u00e9couvrir la sensation d&rsquo;apesanteur en plong\u00e9e sous-marine ? Le bapt\u00eame en piscine est la fa\u00e7on id\u00e9ale de faire vos premiers pas dans un environnement s\u00e9curis\u00e9 et encadr\u00e9. Votre aventure commence par une pr\u00e9sentation th\u00e9orique o\u00f9 vous d\u00e9couvrirez les bases essentielles de la \u2026<\/p>\n","protected":false},"author":1,"featured_media":2405,"parent":0,"menu_order":0,"comment_status":"closed","ping_status":"closed","template":"","meta":{"footnotes":""},"class_list":["post-2394","page","type-page","status-publish","has-post-thumbnail","hentry"],"yoast_head":"<!-- This site is optimized with the Yoast SEO plugin v21.5 - https:\/\/yoast.com\/wordpress\/plugins\/seo\/ -->\n<title>Bapt\u00eames de plong\u00e9e - Pure Motivation<\/title>\n<meta name=\"robots\" content=\"index, follow, max-snippet:-1, max-image-preview:large, max-video-preview:-1\" \/>\n<link rel=\"canonical\" href=\"https:\/\/www.pure-motivation.ch\/wordpress\/baptemes-de-plongee\/\" \/>\n<meta property=\"og:locale\" content=\"fr_FR\" \/>\n<meta property=\"og:type\" content=\"article\" \/>\n<meta property=\"og:title\" content=\"Bapt\u00eames de plong\u00e9e - Pure Motivation\" \/>\n<meta property=\"og:description\" content=\"Bapt\u00eame de plong\u00e9e en piscine : Envie de d\u00e9couvrir la sensation d&rsquo;apesanteur en plong\u00e9e sous-marine ? Le bapt\u00eame en piscine est la fa\u00e7on id\u00e9ale de faire vos premiers pas dans un environnement s\u00e9curis\u00e9 et encadr\u00e9. Votre aventure commence par une pr\u00e9sentation th\u00e9orique o\u00f9 vous d\u00e9couvrirez les bases essentielles de la \u2026\" \/>\n<meta property=\"og:url\" content=\"https:\/\/www.pure-motivation.ch\/wordpress\/baptemes-de-plongee\/\" \/>\n<meta property=\"og:site_name\" content=\"Pure Motivation\" \/>\n<meta property=\"article:publisher\" content=\"https:\/\/www.facebook.com\/puremotivationsuisse\" \/>\n<meta property=\"article:modified_time\" content=\"2025-03-07T09:03:37+00:00\" \/>\n<meta property=\"og:image\" content=\"https:\/\/www.pure-motivation.ch\/wordpress\/wp-content\/uploads\/2025\/01\/Baptemes-de-plongee-e1736867596784.png\" \/>\n\t<meta property=\"og:image:width\" content=\"1336\" \/>\n\t<meta property=\"og:image:height\" content=\"833\" \/>\n\t<meta property=\"og:image:type\" content=\"image\/png\" \/>\n<meta name=\"twitter:card\" content=\"summary_large_image\" \/>\n<meta name=\"twitter:label1\" content=\"Dur\u00e9e de lecture estim\u00e9e\" \/>\n\t<meta name=\"twitter:data1\" content=\"2 minutes\" \/>\n<script type=\"application\/ld+json\" class=\"yoast-schema-graph\">{\"@context\":\"https:\/\/schema.org\",\"@graph\":[{\"@type\":\"WebPage\",\"@id\":\"https:\/\/www.pure-motivation.ch\/wordpress\/baptemes-de-plongee\/\",\"url\":\"https:\/\/www.pure-motivation.ch\/wordpress\/baptemes-de-plongee\/\",\"name\":\"Bapt\u00eames de plong\u00e9e - Pure Motivation\",\"isPartOf\":{\"@id\":\"https:\/\/www.pure-motivation.ch\/wordpress\/#website\"},\"datePublished\":\"2025-01-14T14:39:03+00:00\",\"dateModified\":\"2025-03-07T09:03:37+00:00\",\"breadcrumb\":{\"@id\":\"https:\/\/www.pure-motivation.ch\/wordpress\/baptemes-de-plongee\/#breadcrumb\"},\"inLanguage\":\"fr-FR\",\"potentialAction\":[{\"@type\":\"ReadAction\",\"target\":[\"https:\/\/www.pure-motivation.ch\/wordpress\/baptemes-de-plongee\/\"]}]},{\"@type\":\"BreadcrumbList\",\"@id\":\"https:\/\/www.pure-motivation.ch\/wordpress\/baptemes-de-plongee\/#breadcrumb\",\"itemListElement\":[{\"@type\":\"ListItem\",\"position\":1,\"name\":\"Accueil\",\"item\":\"https:\/\/www.pure-motivation.ch\/wordpress\/\"},{\"@type\":\"ListItem\",\"position\":2,\"name\":\"Bapt\u00eames de plong\u00e9e\"}]},{\"@type\":\"WebSite\",\"@id\":\"https:\/\/www.pure-motivation.ch\/wordpress\/#website\",\"url\":\"https:\/\/www.pure-motivation.ch\/wordpress\/\",\"name\":\"Pure Motivation\",\"description\":\"Discover your true potential\",\"publisher\":{\"@id\":\"https:\/\/www.pure-motivation.ch\/wordpress\/#organization\"},\"potentialAction\":[{\"@type\":\"SearchAction\",\"target\":{\"@type\":\"EntryPoint\",\"urlTemplate\":\"https:\/\/www.pure-motivation.ch\/wordpress\/?s={search_term_string}\"},\"query-input\":\"required name=search_term_string\"}],\"inLanguage\":\"fr-FR\"},{\"@type\":\"Organization\",\"@id\":\"https:\/\/www.pure-motivation.ch\/wordpress\/#organization\",\"name\":\"Pure Motivation\",\"url\":\"https:\/\/www.pure-motivation.ch\/wordpress\/\",\"logo\":{\"@type\":\"ImageObject\",\"inLanguage\":\"fr-FR\",\"@id\":\"https:\/\/www.pure-motivation.ch\/wordpress\/#\/schema\/logo\/image\/\",\"url\":\"https:\/\/www.pure-motivation.ch\/wordpress\/wp-content\/uploads\/2026\/05\/logo-seul-pure-motivation.jpg\",\"contentUrl\":\"https:\/\/www.pure-motivation.ch\/wordpress\/wp-content\/uploads\/2026\/05\/logo-seul-pure-motivation.jpg\",\"width\":1240,\"height\":1240,\"caption\":\"Pure Motivation\"},\"image\":{\"@id\":\"https:\/\/www.pure-motivation.ch\/wordpress\/#\/schema\/logo\/image\/\"},\"sameAs\":[\"https:\/\/www.facebook.com\/puremotivationsuisse\",\"https:\/\/www.instagram.com\/puremotivationch\/\",\"https:\/\/www.youtube.com\/channel\/UC95XjhmapH_YQzEKZCLklOQ\"]}]}<\/script>\n<!-- \/ Yoast SEO plugin. -->","yoast_head_json":{"title":"Bapt\u00eames de plong\u00e9e - Pure Motivation","robots":{"index":"index","follow":"follow","max-snippet":"max-snippet:-1","max-image-preview":"max-image-preview:large","max-video-preview":"max-video-preview:-1"},"canonical":"https:\/\/www.pure-motivation.ch\/wordpress\/baptemes-de-plongee\/","og_locale":"fr_FR","og_type":"article","og_title":"Bapt\u00eames de plong\u00e9e - Pure Motivation","og_description":"Bapt\u00eame de plong\u00e9e en piscine : Envie de d\u00e9couvrir la sensation d&rsquo;apesanteur en plong\u00e9e sous-marine ? Le bapt\u00eame en piscine est la fa\u00e7on id\u00e9ale de faire vos premiers pas dans un environnement s\u00e9curis\u00e9 et encadr\u00e9. Votre aventure commence par une pr\u00e9sentation th\u00e9orique o\u00f9 vous d\u00e9couvrirez les bases essentielles de la \u2026","og_url":"https:\/\/www.pure-motivation.ch\/wordpress\/baptemes-de-plongee\/","og_site_name":"Pure Motivation","article_publisher":"https:\/\/www.facebook.com\/puremotivationsuisse","article_modified_time":"2025-03-07T09:03:37+00:00","og_image":[{"width":1336,"height":833,"url":"https:\/\/www.pure-motivation.ch\/wordpress\/wp-content\/uploads\/2025\/01\/Baptemes-de-plongee-e1736867596784.png","type":"image\/png"}],"twitter_card":"summary_large_image","twitter_misc":{"Dur\u00e9e de lecture estim\u00e9e":"2 minutes"},"schema":{"@context":"https:\/\/schema.org","@graph":[{"@type":"WebPage","@id":"https:\/\/www.pure-motivation.ch\/wordpress\/baptemes-de-plongee\/","url":"https:\/\/www.pure-motivation.ch\/wordpress\/baptemes-de-plongee\/","name":"Bapt\u00eames de plong\u00e9e - Pure Motivation","isPartOf":{"@id":"https:\/\/www.pure-motivation.ch\/wordpress\/#website"},"datePublished":"2025-01-14T14:39:03+00:00","dateModified":"2025-03-07T09:03:37+00:00","breadcrumb":{"@id":"https:\/\/www.pure-motivation.ch\/wordpress\/baptemes-de-plongee\/#breadcrumb"},"inLanguage":"fr-FR","potentialAction":[{"@type":"ReadAction","target":["https:\/\/www.pure-motivation.ch\/wordpress\/baptemes-de-plongee\/"]}]},{"@type":"BreadcrumbList","@id":"https:\/\/www.pure-motivation.ch\/wordpress\/baptemes-de-plongee\/#breadcrumb","itemListElement":[{"@type":"ListItem","position":1,"name":"Accueil","item":"https:\/\/www.pure-motivation.ch\/wordpress\/"},{"@type":"ListItem","position":2,"name":"Bapt\u00eames de plong\u00e9e"}]},{"@type":"WebSite","@id":"https:\/\/www.pure-motivation.ch\/wordpress\/#website","url":"https:\/\/www.pure-motivation.ch\/wordpress\/","name":"Pure Motivation","description":"Discover your true potential","publisher":{"@id":"https:\/\/www.pure-motivation.ch\/wordpress\/#organization"},"potentialAction":[{"@type":"SearchAction","target":{"@type":"EntryPoint","urlTemplate":"https:\/\/www.pure-motivation.ch\/wordpress\/?s={search_term_string}"},"query-input":"required name=search_term_string"}],"inLanguage":"fr-FR"},{"@type":"Organization","@id":"https:\/\/www.pure-motivation.ch\/wordpress\/#organization","name":"Pure Motivation","url":"https:\/\/www.pure-motivation.ch\/wordpress\/","logo":{"@type":"ImageObject","inLanguage":"fr-FR","@id":"https:\/\/www.pure-motivation.ch\/wordpress\/#\/schema\/logo\/image\/","url":"https:\/\/www.pure-motivation.ch\/wordpress\/wp-content\/uploads\/2026\/05\/logo-seul-pure-motivation.jpg","contentUrl":"https:\/\/www.pure-motivation.ch\/wordpress\/wp-content\/uploads\/2026\/05\/logo-seul-pure-motivation.jpg","width":1240,"height":1240,"caption":"Pure Motivation"},"image":{"@id":"https:\/\/www.pure-motivation.ch\/wordpress\/#\/schema\/logo\/image\/"},"sameAs":["https:\/\/www.facebook.com\/puremotivationsuisse","https:\/\/www.instagram.com\/puremotivationch\/","https:\/\/www.youtube.com\/channel\/UC95XjhmapH_YQzEKZCLklOQ"]}]}},"_links":{"self":[{"href":"https:\/\/www.pure-motivation.ch\/wordpress\/wp-json\/wp\/v2\/pages\/2394","targetHints":{"allow":["GET"]}}],"collection":[{"href":"https:\/\/www.pure-motivation.ch\/wordpress\/wp-json\/wp\/v2\/pages"}],"about":[{"href":"https:\/\/www.pure-motivation.ch\/wordpress\/wp-json\/wp\/v2\/types\/page"}],"author":[{"embeddable":true,"href":"https:\/\/www.pure-motivation.ch\/wordpress\/wp-json\/wp\/v2\/users\/1"}],"replies":[{"embeddable":true,"href":"https:\/\/www.pure-motivation.ch\/wordpress\/wp-json\/wp\/v2\/comments?post=2394"}],"version-history":[{"count":16,"href":"https:\/\/www.pure-motivation.ch\/wordpress\/wp-json\/wp\/v2\/pages\/2394\/revisions"}],"predecessor-version":[{"id":3874,"href":"https:\/\/www.pure-motivation.ch\/wordpress\/wp-json\/wp\/v2\/pages\/2394\/revisions\/3874"}],"wp:featuredmedia":[{"embeddable":true,"href":"https:\/\/www.pure-motivation.ch\/wordpress\/wp-json\/wp\/v2\/media\/2405"}],"wp:attachment":[{"href":"https:\/\/www.pure-motivation.ch\/wordpress\/wp-json\/wp\/v2\/media?parent=2394"}],"curies":[{"name":"wp","href":"https:\/\/api.w.org\/{rel}","templated":true}]}}