{"id":2371,"date":"2025-01-13T17:34:08","date_gmt":"2025-01-13T16:34:08","guid":{"rendered":"https:\/\/www.pure-motivation.ch\/wordpress\/?page_id=2371"},"modified":"2025-01-14T17:45:27","modified_gmt":"2025-01-14T16:45:27","slug":"cours-debutants","status":"publish","type":"page","link":"https:\/\/www.pure-motivation.ch\/wordpress\/cours-debutants\/","title":{"rendered":"Cours d\u00e9butants"},"content":{"rendered":"\t\t<div data-elementor-type=\"wp-page\" data-elementor-id=\"2371\" class=\"elementor elementor-2371\">\n\t\t\t\t<div class=\"elementor-element elementor-element-49e9e61 e-flex e-con-boxed e-con e-parent\" data-id=\"49e9e61\" data-element_type=\"container\">\n\t\t\t\t\t<div class=\"e-con-inner\">\n\t\t\t\t<div class=\"elementor-element elementor-element-a2e71f0 elementor-widget elementor-widget-heading\" data-id=\"a2e71f0\" data-element_type=\"widget\" data-widget_type=\"heading.default\">\n\t\t\t\t<div class=\"elementor-widget-container\">\n\t\t\t<h2 class=\"elementor-heading-title elementor-size-default\">Cours d\u00e9butants<\/h2>\t\t<\/div>\n\t\t\t\t<\/div>\n\t\t\t\t\t<\/div>\n\t\t\t\t<\/div>\n\t\t<div class=\"elementor-element elementor-element-5b7200e e-flex e-con-boxed e-con e-parent\" data-id=\"5b7200e\" data-element_type=\"container\">\n\t\t\t\t\t<div class=\"e-con-inner\">\n\t\t\t\t<div class=\"elementor-element elementor-element-75af274 elementor-widget elementor-widget-text-editor\" data-id=\"75af274\" data-element_type=\"widget\" data-widget_type=\"text-editor.default\">\n\t\t\t\t<div class=\"elementor-widget-container\">\n\t\t\t\t\t\t\t<p style=\"font-style: normal; font-variant-caps: normal; caret-color: #000000; color: #000000;\"><span style=\"color: #808080;\"><strong>D\u00e9couvrez la magie de la plong\u00e9e !<\/strong><\/span><\/p><p style=\"font-style: normal; font-variant-caps: normal; text-indent: 0px; caret-color: #000000; color: #000000;\"><span style=\"color: #808080;\">Vous r\u00eavez de respirer sous l\u2019eau, de flotter dans un monde o\u00f9 le temps semble s\u2019arr\u00eater, et de vivre des sensations uniques ? La plong\u00e9e sous-marine est une aventure accessible \u00e0 tous, et elle commence ici.<\/span><\/p><p style=\"font-style: normal; font-variant-caps: normal; text-indent: 0px; caret-color: #000000; color: #000000;\"><span style=\"color: #808080;\">Que vous souhaitiez essayer pour la premi\u00e8re fois ou apprendre \u00e0 plonger de mani\u00e8re autonome, je vous propose des exp\u00e9riences adapt\u00e9es \u00e0 vos envies. Avec un <strong>bapt\u00eame en piscine<\/strong>, d\u00e9couvrez la sensation d\u2019apesanteur en toute s\u00e9curit\u00e9, dans un environnement ma\u00eetris\u00e9. Si vous pr\u00e9f\u00e9rez le plein air, un <strong>bapt\u00eame en lac<\/strong>\u00a0vous offrira l\u2019opportunit\u00e9 d\u2019explorer les merveilles cach\u00e9es sous nos eaux locales. Pour aller plus loin, le\u00a0<strong>cours Open Water<\/strong>\u00a0vous permettra de devenir un plongeur autonome et de pr\u00e9parer vos prochaines vacances en toute s\u00e9r\u00e9nit\u00e9.<\/span><\/p>\t\t\t\t\t\t<\/div>\n\t\t\t\t<\/div>\n\t\t\t\t\t<\/div>\n\t\t\t\t<\/div>\n\t\t<div class=\"elementor-element elementor-element-098e714 e-flex e-con-boxed e-con e-parent\" data-id=\"098e714\" data-element_type=\"container\">\n\t\t\t\t\t<div class=\"e-con-inner\">\n\t\t<div class=\"elementor-element elementor-element-60e4e7e e-grid e-con-full e-con e-child\" data-id=\"60e4e7e\" data-element_type=\"container\">\n\t\t\t\t<div class=\"elementor-element elementor-element-a963ed3 elementor-widget elementor-widget-image\" data-id=\"a963ed3\" data-element_type=\"widget\" data-widget_type=\"image.default\">\n\t\t\t\t<div class=\"elementor-widget-container\">\n\t\t\t\t\t\t\t\t\t\t\t\t\t\t<a href=\"https:\/\/www.pure-motivation.ch\/wordpress\/baptemes-de-plongee\/\">\n\t\t\t\t\t\t\t<img fetchpriority=\"high\" decoding=\"async\" width=\"1024\" height=\"681\" src=\"https:\/\/www.pure-motivation.ch\/wordpress\/wp-content\/uploads\/2025\/01\/Bapteme-plongee-Geneve-1-1024x681.png\" class=\"elementor-animation-grow attachment-large size-large wp-image-2417\" alt=\"\" srcset=\"https:\/\/www.pure-motivation.ch\/wordpress\/wp-content\/uploads\/2025\/01\/Bapteme-plongee-Geneve-1-1024x681.png 1024w, https:\/\/www.pure-motivation.ch\/wordpress\/wp-content\/uploads\/2025\/01\/Bapteme-plongee-Geneve-1-300x200.png 300w, https:\/\/www.pure-motivation.ch\/wordpress\/wp-content\/uploads\/2025\/01\/Bapteme-plongee-Geneve-1-768x511.png 768w, https:\/\/www.pure-motivation.ch\/wordpress\/wp-content\/uploads\/2025\/01\/Bapteme-plongee-Geneve-1-476x317.png 476w, https:\/\/www.pure-motivation.ch\/wordpress\/wp-content\/uploads\/2025\/01\/Bapteme-plongee-Geneve-1.png 1517w\" sizes=\"(max-width: 1024px) 100vw, 1024px\" \/>\t\t\t\t\t\t\t\t<\/a>\n\t\t\t\t\t\t\t\t\t\t\t\t\t<\/div>\n\t\t\t\t<\/div>\n\t\t\t\t<div class=\"elementor-element elementor-element-3075367 elementor-widget elementor-widget-image\" data-id=\"3075367\" data-element_type=\"widget\" data-settings=\"{&quot;_animation&quot;:&quot;none&quot;}\" data-widget_type=\"image.default\">\n\t\t\t\t<div class=\"elementor-widget-container\">\n\t\t\t\t\t\t\t\t\t\t\t\t\t\t<a href=\"https:\/\/www.pure-motivation.ch\/wordpress\/open-water\/\">\n\t\t\t\t\t\t\t<img decoding=\"async\" width=\"1024\" height=\"687\" src=\"https:\/\/www.pure-motivation.ch\/wordpress\/wp-content\/uploads\/2025\/01\/Cours-Open-Water-1024x687.png\" class=\"elementor-animation-grow attachment-large size-large wp-image-2411\" alt=\"\" srcset=\"https:\/\/www.pure-motivation.ch\/wordpress\/wp-content\/uploads\/2025\/01\/Cours-Open-Water-1024x687.png 1024w, https:\/\/www.pure-motivation.ch\/wordpress\/wp-content\/uploads\/2025\/01\/Cours-Open-Water-300x201.png 300w, https:\/\/www.pure-motivation.ch\/wordpress\/wp-content\/uploads\/2025\/01\/Cours-Open-Water-768x515.png 768w, https:\/\/www.pure-motivation.ch\/wordpress\/wp-content\/uploads\/2025\/01\/Cours-Open-Water-476x319.png 476w, https:\/\/www.pure-motivation.ch\/wordpress\/wp-content\/uploads\/2025\/01\/Cours-Open-Water.png 1201w\" sizes=\"(max-width: 1024px) 100vw, 1024px\" \/>\t\t\t\t\t\t\t\t<\/a>\n\t\t\t\t\t\t\t\t\t\t\t\t\t<\/div>\n\t\t\t\t<\/div>\n\t\t\t\t<\/div>\n\t\t\t\t\t<\/div>\n\t\t\t\t<\/div>\n\t\t\t\t<\/div>\n\t\t","protected":false},"excerpt":{"rendered":"<p>Cours d\u00e9butants D\u00e9couvrez la magie de la plong\u00e9e ! Vous r\u00eavez de respirer sous l\u2019eau, de flotter dans un monde o\u00f9 le temps semble s\u2019arr\u00eater, et de vivre des sensations uniques ? La plong\u00e9e sous-marine est une aventure accessible \u00e0 tous, et elle commence ici. Que vous souhaitiez essayer pour \u2026<\/p>\n","protected":false},"author":1,"featured_media":2392,"parent":0,"menu_order":0,"comment_status":"closed","ping_status":"closed","template":"","meta":{"footnotes":""},"class_list":["post-2371","page","type-page","status-publish","has-post-thumbnail","hentry"],"_links":{"self":[{"href":"https:\/\/www.pure-motivation.ch\/wordpress\/wp-json\/wp\/v2\/pages\/2371","targetHints":{"allow":["GET"]}}],"collection":[{"href":"https:\/\/www.pure-motivation.ch\/wordpress\/wp-json\/wp\/v2\/pages"}],"about":[{"href":"https:\/\/www.pure-motivation.ch\/wordpress\/wp-json\/wp\/v2\/types\/page"}],"author":[{"embeddable":true,"href":"https:\/\/www.pure-motivation.ch\/wordpress\/wp-json\/wp\/v2\/users\/1"}],"replies":[{"embeddable":true,"href":"https:\/\/www.pure-motivation.ch\/wordpress\/wp-json\/wp\/v2\/comments?post=2371"}],"version-history":[{"count":25,"href":"https:\/\/www.pure-motivation.ch\/wordpress\/wp-json\/wp\/v2\/pages\/2371\/revisions"}],"predecessor-version":[{"id":2424,"href":"https:\/\/www.pure-motivation.ch\/wordpress\/wp-json\/wp\/v2\/pages\/2371\/revisions\/2424"}],"wp:featuredmedia":[{"embeddable":true,"href":"https:\/\/www.pure-motivation.ch\/wordpress\/wp-json\/wp\/v2\/media\/2392"}],"wp:attachment":[{"href":"https:\/\/www.pure-motivation.ch\/wordpress\/wp-json\/wp\/v2\/media?parent=2371"}],"curies":[{"name":"wp","href":"https:\/\/api.w.org\/{rel}","templated":true}]}}