{"id":2364,"date":"2025-01-13T16:41:24","date_gmt":"2025-01-13T15:41:24","guid":{"rendered":"https:\/\/www.pure-motivation.ch\/wordpress\/?page_id=2364"},"modified":"2025-01-20T12:35:34","modified_gmt":"2025-01-20T11:35:34","slug":"plongee-loisir","status":"publish","type":"page","link":"https:\/\/www.pure-motivation.ch\/wordpress\/plongee-loisir\/","title":{"rendered":"Plong\u00e9e loisir"},"content":{"rendered":"\t\t<div data-elementor-type=\"wp-page\" data-elementor-id=\"2364\" class=\"elementor elementor-2364\">\n\t\t\t\t<div class=\"elementor-element elementor-element-074c832 e-flex e-con-boxed e-con e-parent\" data-id=\"074c832\" data-element_type=\"container\" data-e-type=\"container\">\n\t\t\t\t\t<div class=\"e-con-inner\">\n\t\t\t\t<div class=\"elementor-element elementor-element-cc9f58e elementor-widget elementor-widget-heading\" data-id=\"cc9f58e\" data-element_type=\"widget\" data-e-type=\"widget\" data-widget_type=\"heading.default\">\n\t\t\t\t<div class=\"elementor-widget-container\">\n\t\t\t\t\t<h2 class=\"elementor-heading-title elementor-size-default\">Plong\u00e9e loisir<\/h2>\t\t\t\t<\/div>\n\t\t\t\t<\/div>\n\t\t\t\t\t<\/div>\n\t\t\t\t<\/div>\n\t\t<div class=\"elementor-element elementor-element-109082c e-flex e-con-boxed e-con e-parent\" data-id=\"109082c\" data-element_type=\"container\" data-e-type=\"container\">\n\t\t\t\t\t<div class=\"e-con-inner\">\n\t\t\t\t<div class=\"elementor-element elementor-element-a6df117 elementor-widget elementor-widget-text-editor\" data-id=\"a6df117\" data-element_type=\"widget\" data-e-type=\"widget\" data-widget_type=\"text-editor.default\">\n\t\t\t\t<div class=\"elementor-widget-container\">\n\t\t\t\t\t\t\t\t\t<p>Que vous soyez d\u00e9butant ou plongeur confirm\u00e9, je vous accompagne \u00e0 chaque \u00e9tape de votre aventure sous-marine.<\/p><p>Avec plus de 4500 plong\u00e9es \u00e0 mon actif et 15 ans d\u2019exp\u00e9rience comme professionnel de la plong\u00e9e, je mets mon savoir faire \u00e0 votre disposition pour un accompagnement personnalis\u00e9, bienveillant et \u00e0 l\u2019\u00e9coute de vos besoins.<\/p><p>Je propose des formations adapt\u00e9es \u00e0 tous les niveaux :<\/p><ul><li><strong>Bapt\u00eames<\/strong> : Faites vos premiers pas sous l\u2019eau et d\u00e9couvrez la beaut\u00e9 du milieu aquatique.<\/li><li><strong>Formations de base<\/strong> : Apprenez \u00e0 plonger en toute s\u00e9curit\u00e9 avec des bases solides.<\/li><li><strong>Formations avanc\u00e9es<\/strong> : D\u00e9veloppez vos comp\u00e9tences et explorez de nouveaux horizons sous-marins.<\/li><li><strong>Sp\u00e9cialit\u00e9s<\/strong> : Approfondissez vos connaissances avec des formations th\u00e9matiques telles que la plong\u00e9e profonde, la navigation, la plong\u00e9e en combinaison \u00e9tanche, la photographie sous-marine et bien d&rsquo;autres choses&#8230;<\/li><\/ul><p>Quel que soit votre objectif, ma priorit\u00e9 est de vous offrir une exp\u00e9rience s\u00e9curis\u00e9e, enrichissante et inoubliable.<\/p><p><strong>Choisissez ci-dessous le type de plong\u00e9e qui vous int\u00e9resse !<\/strong><\/p>\t\t\t\t\t\t\t\t<\/div>\n\t\t\t\t<\/div>\n\t\t\t\t\t<\/div>\n\t\t\t\t<\/div>\n\t\t<div class=\"elementor-element elementor-element-adf12d7 e-flex e-con-boxed e-con e-parent\" data-id=\"adf12d7\" data-element_type=\"container\" data-e-type=\"container\">\n\t\t\t\t\t<div class=\"e-con-inner\">\n\t\t<div class=\"elementor-element elementor-element-2fc9546 e-grid e-con-full e-con e-child\" data-id=\"2fc9546\" data-element_type=\"container\" data-e-type=\"container\">\n\t\t\t\t<div class=\"elementor-element elementor-element-3f108b8 elementor-widget elementor-widget-image\" data-id=\"3f108b8\" data-element_type=\"widget\" data-e-type=\"widget\" data-widget_type=\"image.default\">\n\t\t\t\t<div class=\"elementor-widget-container\">\n\t\t\t\t\t\t\t\t\t\t\t\t\t\t\t\t<a href=\"https:\/\/www.pure-motivation.ch\/wordpress\/cours-debutants\/\">\n\t\t\t\t\t\t\t<img fetchpriority=\"high\" decoding=\"async\" width=\"809\" height=\"543\" src=\"https:\/\/www.pure-motivation.ch\/wordpress\/wp-content\/uploads\/2025\/01\/Cours-de-plongee-debutants-1024x687.png\" class=\"elementor-animation-grow attachment-large size-large wp-image-2365\" alt=\"\" srcset=\"https:\/\/www.pure-motivation.ch\/wordpress\/wp-content\/uploads\/2025\/01\/Cours-de-plongee-debutants-1024x687.png 1024w, https:\/\/www.pure-motivation.ch\/wordpress\/wp-content\/uploads\/2025\/01\/Cours-de-plongee-debutants-300x201.png 300w, https:\/\/www.pure-motivation.ch\/wordpress\/wp-content\/uploads\/2025\/01\/Cours-de-plongee-debutants-768x515.png 768w, https:\/\/www.pure-motivation.ch\/wordpress\/wp-content\/uploads\/2025\/01\/Cours-de-plongee-debutants-476x319.png 476w, https:\/\/www.pure-motivation.ch\/wordpress\/wp-content\/uploads\/2025\/01\/Cours-de-plongee-debutants.png 1242w\" sizes=\"(max-width: 809px) 100vw, 809px\" \/>\t\t\t\t\t\t\t\t<\/a>\n\t\t\t\t\t\t\t\t\t\t\t\t\t\t\t<\/div>\n\t\t\t\t<\/div>\n\t\t\t\t<div class=\"elementor-element elementor-element-c217807 elementor-widget elementor-widget-image\" data-id=\"c217807\" data-element_type=\"widget\" data-e-type=\"widget\" data-widget_type=\"image.default\">\n\t\t\t\t<div class=\"elementor-widget-container\">\n\t\t\t\t\t\t\t\t\t\t\t\t\t\t\t\t<a href=\"https:\/\/www.pure-motivation.ch\/wordpress\/cours-avances\/\">\n\t\t\t\t\t\t\t<img decoding=\"async\" width=\"809\" height=\"539\" src=\"https:\/\/www.pure-motivation.ch\/wordpress\/wp-content\/uploads\/2025\/01\/Cours-de-plongee-avances-1024x682.png\" class=\"elementor-animation-grow attachment-large size-large wp-image-2366\" alt=\"\" srcset=\"https:\/\/www.pure-motivation.ch\/wordpress\/wp-content\/uploads\/2025\/01\/Cours-de-plongee-avances-1024x682.png 1024w, https:\/\/www.pure-motivation.ch\/wordpress\/wp-content\/uploads\/2025\/01\/Cours-de-plongee-avances-300x200.png 300w, https:\/\/www.pure-motivation.ch\/wordpress\/wp-content\/uploads\/2025\/01\/Cours-de-plongee-avances-768x512.png 768w, https:\/\/www.pure-motivation.ch\/wordpress\/wp-content\/uploads\/2025\/01\/Cours-de-plongee-avances-476x317.png 476w, https:\/\/www.pure-motivation.ch\/wordpress\/wp-content\/uploads\/2025\/01\/Cours-de-plongee-avances.png 1244w\" sizes=\"(max-width: 809px) 100vw, 809px\" \/>\t\t\t\t\t\t\t\t<\/a>\n\t\t\t\t\t\t\t\t\t\t\t\t\t\t\t<\/div>\n\t\t\t\t<\/div>\n\t\t\t\t<div class=\"elementor-element elementor-element-82ea924 elementor-widget elementor-widget-image\" data-id=\"82ea924\" data-element_type=\"widget\" data-e-type=\"widget\" data-widget_type=\"image.default\">\n\t\t\t\t<div class=\"elementor-widget-container\">\n\t\t\t\t\t\t\t\t\t\t\t\t\t\t\t\t<a href=\"https:\/\/www.pure-motivation.ch\/wordpress\/specialites\/\">\n\t\t\t\t\t\t\t<img decoding=\"async\" width=\"809\" height=\"540\" src=\"https:\/\/www.pure-motivation.ch\/wordpress\/wp-content\/uploads\/2025\/01\/Cours-de-specialites-de-plongee-1024x683.png\" class=\"elementor-animation-grow attachment-large size-large wp-image-2367\" alt=\"\" srcset=\"https:\/\/www.pure-motivation.ch\/wordpress\/wp-content\/uploads\/2025\/01\/Cours-de-specialites-de-plongee-1024x683.png 1024w, https:\/\/www.pure-motivation.ch\/wordpress\/wp-content\/uploads\/2025\/01\/Cours-de-specialites-de-plongee-300x200.png 300w, https:\/\/www.pure-motivation.ch\/wordpress\/wp-content\/uploads\/2025\/01\/Cours-de-specialites-de-plongee-768x512.png 768w, https:\/\/www.pure-motivation.ch\/wordpress\/wp-content\/uploads\/2025\/01\/Cours-de-specialites-de-plongee-476x318.png 476w, https:\/\/www.pure-motivation.ch\/wordpress\/wp-content\/uploads\/2025\/01\/Cours-de-specialites-de-plongee.png 1238w\" sizes=\"(max-width: 809px) 100vw, 809px\" \/>\t\t\t\t\t\t\t\t<\/a>\n\t\t\t\t\t\t\t\t\t\t\t\t\t\t\t<\/div>\n\t\t\t\t<\/div>\n\t\t\t\t<\/div>\n\t\t\t\t\t<\/div>\n\t\t\t\t<\/div>\n\t\t\t\t<\/div>\n\t\t","protected":false},"excerpt":{"rendered":"<p>Plong\u00e9e loisir Que vous soyez d\u00e9butant ou plongeur confirm\u00e9, je vous accompagne \u00e0 chaque \u00e9tape de votre aventure sous-marine. Avec plus de 4500 plong\u00e9es \u00e0 mon actif et 15 ans d\u2019exp\u00e9rience comme professionnel de la plong\u00e9e, je mets mon savoir faire \u00e0 votre disposition pour un accompagnement personnalis\u00e9, bienveillant et \u2026<\/p>\n","protected":false},"author":1,"featured_media":2393,"parent":0,"menu_order":0,"comment_status":"closed","ping_status":"closed","template":"","meta":{"footnotes":""},"class_list":["post-2364","page","type-page","status-publish","has-post-thumbnail","hentry"],"yoast_head":"<!-- This site is optimized with the Yoast SEO plugin v21.5 - https:\/\/yoast.com\/wordpress\/plugins\/seo\/ -->\n<title>Plong\u00e9e loisir - Pure Motivation<\/title>\n<meta name=\"robots\" content=\"index, follow, max-snippet:-1, max-image-preview:large, max-video-preview:-1\" \/>\n<link rel=\"canonical\" href=\"https:\/\/www.pure-motivation.ch\/wordpress\/plongee-loisir\/\" \/>\n<meta property=\"og:locale\" content=\"fr_FR\" \/>\n<meta property=\"og:type\" content=\"article\" \/>\n<meta property=\"og:title\" content=\"Plong\u00e9e loisir - Pure Motivation\" \/>\n<meta property=\"og:description\" content=\"Plong\u00e9e loisir Que vous soyez d\u00e9butant ou plongeur confirm\u00e9, je vous accompagne \u00e0 chaque \u00e9tape de votre aventure sous-marine. Avec plus de 4500 plong\u00e9es \u00e0 mon actif et 15 ans d\u2019exp\u00e9rience comme professionnel de la plong\u00e9e, je mets mon savoir faire \u00e0 votre disposition pour un accompagnement personnalis\u00e9, bienveillant et \u2026\" \/>\n<meta property=\"og:url\" content=\"https:\/\/www.pure-motivation.ch\/wordpress\/plongee-loisir\/\" \/>\n<meta property=\"og:site_name\" content=\"Pure Motivation\" \/>\n<meta property=\"article:publisher\" content=\"https:\/\/www.facebook.com\/puremotivationsuisse\" \/>\n<meta property=\"article:modified_time\" content=\"2025-01-20T11:35:34+00:00\" \/>\n<meta property=\"og:image\" content=\"https:\/\/www.pure-motivation.ch\/wordpress\/wp-content\/uploads\/2025\/01\/Plongee-Geneve-e1737372924710.png\" \/>\n\t<meta property=\"og:image:width\" content=\"1456\" \/>\n\t<meta property=\"og:image:height\" content=\"587\" \/>\n\t<meta property=\"og:image:type\" content=\"image\/png\" \/>\n<meta name=\"twitter:card\" content=\"summary_large_image\" \/>\n<meta name=\"twitter:label1\" content=\"Dur\u00e9e de lecture estim\u00e9e\" \/>\n\t<meta name=\"twitter:data1\" content=\"1 minute\" \/>\n<script type=\"application\/ld+json\" class=\"yoast-schema-graph\">{\"@context\":\"https:\/\/schema.org\",\"@graph\":[{\"@type\":\"WebPage\",\"@id\":\"https:\/\/www.pure-motivation.ch\/wordpress\/plongee-loisir\/\",\"url\":\"https:\/\/www.pure-motivation.ch\/wordpress\/plongee-loisir\/\",\"name\":\"Plong\u00e9e loisir - Pure Motivation\",\"isPartOf\":{\"@id\":\"https:\/\/www.pure-motivation.ch\/wordpress\/#website\"},\"datePublished\":\"2025-01-13T15:41:24+00:00\",\"dateModified\":\"2025-01-20T11:35:34+00:00\",\"breadcrumb\":{\"@id\":\"https:\/\/www.pure-motivation.ch\/wordpress\/plongee-loisir\/#breadcrumb\"},\"inLanguage\":\"fr-FR\",\"potentialAction\":[{\"@type\":\"ReadAction\",\"target\":[\"https:\/\/www.pure-motivation.ch\/wordpress\/plongee-loisir\/\"]}]},{\"@type\":\"BreadcrumbList\",\"@id\":\"https:\/\/www.pure-motivation.ch\/wordpress\/plongee-loisir\/#breadcrumb\",\"itemListElement\":[{\"@type\":\"ListItem\",\"position\":1,\"name\":\"Accueil\",\"item\":\"https:\/\/www.pure-motivation.ch\/wordpress\/\"},{\"@type\":\"ListItem\",\"position\":2,\"name\":\"Plong\u00e9e loisir\"}]},{\"@type\":\"WebSite\",\"@id\":\"https:\/\/www.pure-motivation.ch\/wordpress\/#website\",\"url\":\"https:\/\/www.pure-motivation.ch\/wordpress\/\",\"name\":\"Pure Motivation\",\"description\":\"Discover your true potential\",\"publisher\":{\"@id\":\"https:\/\/www.pure-motivation.ch\/wordpress\/#organization\"},\"potentialAction\":[{\"@type\":\"SearchAction\",\"target\":{\"@type\":\"EntryPoint\",\"urlTemplate\":\"https:\/\/www.pure-motivation.ch\/wordpress\/?s={search_term_string}\"},\"query-input\":\"required name=search_term_string\"}],\"inLanguage\":\"fr-FR\"},{\"@type\":\"Organization\",\"@id\":\"https:\/\/www.pure-motivation.ch\/wordpress\/#organization\",\"name\":\"Pure Motivation\",\"url\":\"https:\/\/www.pure-motivation.ch\/wordpress\/\",\"logo\":{\"@type\":\"ImageObject\",\"inLanguage\":\"fr-FR\",\"@id\":\"https:\/\/www.pure-motivation.ch\/wordpress\/#\/schema\/logo\/image\/\",\"url\":\"https:\/\/www.pure-motivation.ch\/wordpress\/wp-content\/uploads\/2026\/05\/logo-seul-pure-motivation.jpg\",\"contentUrl\":\"https:\/\/www.pure-motivation.ch\/wordpress\/wp-content\/uploads\/2026\/05\/logo-seul-pure-motivation.jpg\",\"width\":1240,\"height\":1240,\"caption\":\"Pure Motivation\"},\"image\":{\"@id\":\"https:\/\/www.pure-motivation.ch\/wordpress\/#\/schema\/logo\/image\/\"},\"sameAs\":[\"https:\/\/www.facebook.com\/puremotivationsuisse\",\"https:\/\/www.instagram.com\/puremotivationch\/\",\"https:\/\/www.youtube.com\/channel\/UC95XjhmapH_YQzEKZCLklOQ\"]}]}<\/script>\n<!-- \/ Yoast SEO plugin. -->","yoast_head_json":{"title":"Plong\u00e9e loisir - Pure Motivation","robots":{"index":"index","follow":"follow","max-snippet":"max-snippet:-1","max-image-preview":"max-image-preview:large","max-video-preview":"max-video-preview:-1"},"canonical":"https:\/\/www.pure-motivation.ch\/wordpress\/plongee-loisir\/","og_locale":"fr_FR","og_type":"article","og_title":"Plong\u00e9e loisir - Pure Motivation","og_description":"Plong\u00e9e loisir Que vous soyez d\u00e9butant ou plongeur confirm\u00e9, je vous accompagne \u00e0 chaque \u00e9tape de votre aventure sous-marine. Avec plus de 4500 plong\u00e9es \u00e0 mon actif et 15 ans d\u2019exp\u00e9rience comme professionnel de la plong\u00e9e, je mets mon savoir faire \u00e0 votre disposition pour un accompagnement personnalis\u00e9, bienveillant et \u2026","og_url":"https:\/\/www.pure-motivation.ch\/wordpress\/plongee-loisir\/","og_site_name":"Pure Motivation","article_publisher":"https:\/\/www.facebook.com\/puremotivationsuisse","article_modified_time":"2025-01-20T11:35:34+00:00","og_image":[{"width":1456,"height":587,"url":"https:\/\/www.pure-motivation.ch\/wordpress\/wp-content\/uploads\/2025\/01\/Plongee-Geneve-e1737372924710.png","type":"image\/png"}],"twitter_card":"summary_large_image","twitter_misc":{"Dur\u00e9e de lecture estim\u00e9e":"1 minute"},"schema":{"@context":"https:\/\/schema.org","@graph":[{"@type":"WebPage","@id":"https:\/\/www.pure-motivation.ch\/wordpress\/plongee-loisir\/","url":"https:\/\/www.pure-motivation.ch\/wordpress\/plongee-loisir\/","name":"Plong\u00e9e loisir - Pure Motivation","isPartOf":{"@id":"https:\/\/www.pure-motivation.ch\/wordpress\/#website"},"datePublished":"2025-01-13T15:41:24+00:00","dateModified":"2025-01-20T11:35:34+00:00","breadcrumb":{"@id":"https:\/\/www.pure-motivation.ch\/wordpress\/plongee-loisir\/#breadcrumb"},"inLanguage":"fr-FR","potentialAction":[{"@type":"ReadAction","target":["https:\/\/www.pure-motivation.ch\/wordpress\/plongee-loisir\/"]}]},{"@type":"BreadcrumbList","@id":"https:\/\/www.pure-motivation.ch\/wordpress\/plongee-loisir\/#breadcrumb","itemListElement":[{"@type":"ListItem","position":1,"name":"Accueil","item":"https:\/\/www.pure-motivation.ch\/wordpress\/"},{"@type":"ListItem","position":2,"name":"Plong\u00e9e loisir"}]},{"@type":"WebSite","@id":"https:\/\/www.pure-motivation.ch\/wordpress\/#website","url":"https:\/\/www.pure-motivation.ch\/wordpress\/","name":"Pure Motivation","description":"Discover your true potential","publisher":{"@id":"https:\/\/www.pure-motivation.ch\/wordpress\/#organization"},"potentialAction":[{"@type":"SearchAction","target":{"@type":"EntryPoint","urlTemplate":"https:\/\/www.pure-motivation.ch\/wordpress\/?s={search_term_string}"},"query-input":"required name=search_term_string"}],"inLanguage":"fr-FR"},{"@type":"Organization","@id":"https:\/\/www.pure-motivation.ch\/wordpress\/#organization","name":"Pure Motivation","url":"https:\/\/www.pure-motivation.ch\/wordpress\/","logo":{"@type":"ImageObject","inLanguage":"fr-FR","@id":"https:\/\/www.pure-motivation.ch\/wordpress\/#\/schema\/logo\/image\/","url":"https:\/\/www.pure-motivation.ch\/wordpress\/wp-content\/uploads\/2026\/05\/logo-seul-pure-motivation.jpg","contentUrl":"https:\/\/www.pure-motivation.ch\/wordpress\/wp-content\/uploads\/2026\/05\/logo-seul-pure-motivation.jpg","width":1240,"height":1240,"caption":"Pure Motivation"},"image":{"@id":"https:\/\/www.pure-motivation.ch\/wordpress\/#\/schema\/logo\/image\/"},"sameAs":["https:\/\/www.facebook.com\/puremotivationsuisse","https:\/\/www.instagram.com\/puremotivationch\/","https:\/\/www.youtube.com\/channel\/UC95XjhmapH_YQzEKZCLklOQ"]}]}},"_links":{"self":[{"href":"https:\/\/www.pure-motivation.ch\/wordpress\/wp-json\/wp\/v2\/pages\/2364","targetHints":{"allow":["GET"]}}],"collection":[{"href":"https:\/\/www.pure-motivation.ch\/wordpress\/wp-json\/wp\/v2\/pages"}],"about":[{"href":"https:\/\/www.pure-motivation.ch\/wordpress\/wp-json\/wp\/v2\/types\/page"}],"author":[{"embeddable":true,"href":"https:\/\/www.pure-motivation.ch\/wordpress\/wp-json\/wp\/v2\/users\/1"}],"replies":[{"embeddable":true,"href":"https:\/\/www.pure-motivation.ch\/wordpress\/wp-json\/wp\/v2\/comments?post=2364"}],"version-history":[{"count":15,"href":"https:\/\/www.pure-motivation.ch\/wordpress\/wp-json\/wp\/v2\/pages\/2364\/revisions"}],"predecessor-version":[{"id":2695,"href":"https:\/\/www.pure-motivation.ch\/wordpress\/wp-json\/wp\/v2\/pages\/2364\/revisions\/2695"}],"wp:featuredmedia":[{"embeddable":true,"href":"https:\/\/www.pure-motivation.ch\/wordpress\/wp-json\/wp\/v2\/media\/2393"}],"wp:attachment":[{"href":"https:\/\/www.pure-motivation.ch\/wordpress\/wp-json\/wp\/v2\/media?parent=2364"}],"curies":[{"name":"wp","href":"https:\/\/api.w.org\/{rel}","templated":true}]}}