{"id":2268,"date":"2024-12-03T10:01:39","date_gmt":"2024-12-03T09:01:39","guid":{"rendered":"https:\/\/www.pure-motivation.ch\/wordpress\/?page_id=2268"},"modified":"2026-04-13T17:59:10","modified_gmt":"2026-04-13T15:59:10","slug":"apnee","status":"publish","type":"page","link":"https:\/\/www.pure-motivation.ch\/wordpress\/apnee\/","title":{"rendered":"Apn\u00e9e"},"content":{"rendered":"\t\t<div data-elementor-type=\"wp-page\" data-elementor-id=\"2268\" class=\"elementor elementor-2268\">\n\t\t\t\t<div class=\"elementor-element elementor-element-077f3ee e-flex e-con-boxed e-con e-parent\" data-id=\"077f3ee\" data-element_type=\"container\" data-e-type=\"container\">\n\t\t\t\t\t<div class=\"e-con-inner\">\n\t\t\t\t<div class=\"elementor-element elementor-element-b190910 elementor-widget elementor-widget-heading\" data-id=\"b190910\" data-element_type=\"widget\" data-e-type=\"widget\" data-widget_type=\"heading.default\">\n\t\t\t\t<div class=\"elementor-widget-container\">\n\t\t\t\t\t<h2 class=\"elementor-heading-title elementor-size-default\">Apn\u00e9e<\/h2>\t\t\t\t<\/div>\n\t\t\t\t<\/div>\n\t\t\t\t\t<\/div>\n\t\t\t\t<\/div>\n\t\t<div class=\"elementor-element elementor-element-3bb49b0 e-flex e-con-boxed e-con e-parent\" data-id=\"3bb49b0\" data-element_type=\"container\" data-e-type=\"container\">\n\t\t\t\t\t<div class=\"e-con-inner\">\n\t\t\t\t<div class=\"elementor-element elementor-element-789b075 elementor-widget elementor-widget-text-editor\" data-id=\"789b075\" data-element_type=\"widget\" data-e-type=\"widget\" data-widget_type=\"text-editor.default\">\n\t\t\t\t<div class=\"elementor-widget-container\">\n\t\t\t\t\t\t\t\t\t<p style=\"font-weight: 400;\">L\u2019apn\u00e9e est bien plus qu\u2019un sport : c\u2019est un voyage int\u00e9rieur, un retour \u00e0 soi gr\u00e2ce \u00e0 la puissance du souffle.<\/p><p>Une fois sous l\u2019eau, la magie du monde du silence op\u00e8re, que vous soyez en piscine ou en milieu naturel.<\/p><p style=\"font-weight: 400;\">C&rsquo;est le moyen id\u00e9al pour vivre pleinement l\u2019instant pr\u00e9sent et se lib\u00e9rer du stress et des pr\u00e9occupations quotidiennes.<\/p>\t\t\t\t\t\t\t\t<\/div>\n\t\t\t\t<\/div>\n\t\t\t\t\t<\/div>\n\t\t\t\t<\/div>\n\t\t<div class=\"elementor-element elementor-element-3b1b1a7 e-flex e-con-boxed e-con e-parent\" data-id=\"3b1b1a7\" data-element_type=\"container\" data-e-type=\"container\">\n\t\t\t\t\t<div class=\"e-con-inner\">\n\t\t\t\t<div class=\"elementor-element elementor-element-98f3821 elementor-widget elementor-widget-text-editor\" data-id=\"98f3821\" data-element_type=\"widget\" data-e-type=\"widget\" data-widget_type=\"text-editor.default\">\n\t\t\t\t<div class=\"elementor-widget-container\">\n\t\t\t\t\t\t\t\t\t<p style=\"font-weight: 400;\">Il existe de nombreuses fa\u00e7ons de pratiquer l&rsquo;apn\u00e9e et de nombreuses disciplines. Selon les formations propos\u00e9es, vous pourrez pratiquer l&rsquo;apn\u00e9e statique, l&rsquo;apn\u00e9e dynamique ou l&rsquo;apn\u00e9e en profondeur. Chaque progression est une victoire, elle nous aide \u00e0 surmonter nos peurs, \u00e0 repousser nos limites et surtout \u00e0 d\u00e9velopper ou \u00e0 renforcer la confiance en soi.<\/p><p>Encadr\u00e9 par un instructeur exp\u00e9riment\u00e9, chaque s\u00e9ance est con\u00e7ue pour s\u2019adapter \u00e0 votre niveau, qu\u2019il s\u2019agisse d\u2019une d\u00e9couverte ou d\u2019une envie d\u2019approfondir vos comp\u00e9tences. Je forme des plongeurs avec \u00e9coute et bienveillance depuis plus de 15 ans.<\/p><p><strong>Pr\u00eat \u00e0 plonger ?<\/strong> Choisissez ci-dessous le type de plong\u00e9e qui vous int\u00e9resse !<\/p>\t\t\t\t\t\t\t\t<\/div>\n\t\t\t\t<\/div>\n\t\t\t\t\t<\/div>\n\t\t\t\t<\/div>\n\t\t<div class=\"elementor-element elementor-element-11c4c7c e-flex e-con-boxed e-con e-parent\" data-id=\"11c4c7c\" data-element_type=\"container\" data-e-type=\"container\">\n\t\t\t\t\t<div class=\"e-con-inner\">\n\t\t<div class=\"elementor-element elementor-element-1796252 e-grid e-con-full e-con e-child\" data-id=\"1796252\" data-element_type=\"container\" data-e-type=\"container\">\n\t\t\t\t<div class=\"elementor-element elementor-element-3abe29c elementor-widget elementor-widget-image\" data-id=\"3abe29c\" data-element_type=\"widget\" data-e-type=\"widget\" data-widget_type=\"image.default\">\n\t\t\t\t<div class=\"elementor-widget-container\">\n\t\t\t\t\t\t\t\t\t\t\t\t\t\t\t\t<a href=\"https:\/\/www.pure-motivation.ch\/wordpress\/initiation-dapnee\/\">\n\t\t\t\t\t\t\t<img fetchpriority=\"high\" decoding=\"async\" width=\"809\" height=\"541\" src=\"https:\/\/www.pure-motivation.ch\/wordpress\/wp-content\/uploads\/2025\/01\/Initiation-apnee-Geneve.png\" class=\"elementor-animation-grow attachment-large size-large wp-image-2716\" alt=\"\" srcset=\"https:\/\/www.pure-motivation.ch\/wordpress\/wp-content\/uploads\/2025\/01\/Initiation-apnee-Geneve.png 863w, https:\/\/www.pure-motivation.ch\/wordpress\/wp-content\/uploads\/2025\/01\/Initiation-apnee-Geneve-300x201.png 300w, https:\/\/www.pure-motivation.ch\/wordpress\/wp-content\/uploads\/2025\/01\/Initiation-apnee-Geneve-768x513.png 768w, https:\/\/www.pure-motivation.ch\/wordpress\/wp-content\/uploads\/2025\/01\/Initiation-apnee-Geneve-476x318.png 476w\" sizes=\"(max-width: 809px) 100vw, 809px\" \/>\t\t\t\t\t\t\t\t<\/a>\n\t\t\t\t\t\t\t\t\t\t\t\t\t\t\t<\/div>\n\t\t\t\t<\/div>\n\t\t\t\t<div class=\"elementor-element elementor-element-61ba655 elementor-widget elementor-widget-image\" data-id=\"61ba655\" data-element_type=\"widget\" data-e-type=\"widget\" data-widget_type=\"image.default\">\n\t\t\t\t<div class=\"elementor-widget-container\">\n\t\t\t\t\t\t\t\t\t\t\t\t\t\t\t\t<a href=\"https:\/\/www.pure-motivation.ch\/wordpress\/basic-freediver\/\">\n\t\t\t\t\t\t\t<img decoding=\"async\" width=\"809\" height=\"547\" src=\"https:\/\/www.pure-motivation.ch\/wordpress\/wp-content\/uploads\/2025\/01\/Basic-Freediver-Geneve-1024x692.png\" class=\"elementor-animation-grow attachment-large size-large wp-image-2717\" alt=\"\" srcset=\"https:\/\/www.pure-motivation.ch\/wordpress\/wp-content\/uploads\/2025\/01\/Basic-Freediver-Geneve-1024x692.png 1024w, https:\/\/www.pure-motivation.ch\/wordpress\/wp-content\/uploads\/2025\/01\/Basic-Freediver-Geneve-300x203.png 300w, https:\/\/www.pure-motivation.ch\/wordpress\/wp-content\/uploads\/2025\/01\/Basic-Freediver-Geneve-768x519.png 768w, https:\/\/www.pure-motivation.ch\/wordpress\/wp-content\/uploads\/2025\/01\/Basic-Freediver-Geneve-1536x1039.png 1536w, https:\/\/www.pure-motivation.ch\/wordpress\/wp-content\/uploads\/2025\/01\/Basic-Freediver-Geneve-476x322.png 476w, https:\/\/www.pure-motivation.ch\/wordpress\/wp-content\/uploads\/2025\/01\/Basic-Freediver-Geneve.png 1581w\" sizes=\"(max-width: 809px) 100vw, 809px\" \/>\t\t\t\t\t\t\t\t<\/a>\n\t\t\t\t\t\t\t\t\t\t\t\t\t\t\t<\/div>\n\t\t\t\t<\/div>\n\t\t\t\t<div class=\"elementor-element elementor-element-2fe9f1b elementor-widget elementor-widget-image\" data-id=\"2fe9f1b\" data-element_type=\"widget\" data-e-type=\"widget\" data-widget_type=\"image.default\">\n\t\t\t\t<div class=\"elementor-widget-container\">\n\t\t\t\t\t\t\t\t\t\t\t\t\t\t\t\t<a href=\"https:\/\/www.pure-motivation.ch\/wordpress\/freediver\/\">\n\t\t\t\t\t\t\t<img decoding=\"async\" width=\"750\" height=\"502\" src=\"https:\/\/www.pure-motivation.ch\/wordpress\/wp-content\/uploads\/2025\/01\/Freediver-Geneve.png\" class=\"elementor-animation-grow attachment-large size-large wp-image-2718\" alt=\"\" srcset=\"https:\/\/www.pure-motivation.ch\/wordpress\/wp-content\/uploads\/2025\/01\/Freediver-Geneve.png 750w, https:\/\/www.pure-motivation.ch\/wordpress\/wp-content\/uploads\/2025\/01\/Freediver-Geneve-300x201.png 300w, https:\/\/www.pure-motivation.ch\/wordpress\/wp-content\/uploads\/2025\/01\/Freediver-Geneve-476x319.png 476w\" sizes=\"(max-width: 750px) 100vw, 750px\" \/>\t\t\t\t\t\t\t\t<\/a>\n\t\t\t\t\t\t\t\t\t\t\t\t\t\t\t<\/div>\n\t\t\t\t<\/div>\n\t\t<div class=\"elementor-element elementor-element-7b759fc e-con-full e-flex e-con e-child\" data-id=\"7b759fc\" data-element_type=\"container\" data-e-type=\"container\">\n\t\t\t\t<div class=\"elementor-element elementor-element-77e08ce elementor-widget elementor-widget-image\" data-id=\"77e08ce\" data-element_type=\"widget\" data-e-type=\"widget\" data-widget_type=\"image.default\">\n\t\t\t\t<div class=\"elementor-widget-container\">\n\t\t\t\t\t\t\t\t\t\t\t\t\t\t\t\t<a href=\"https:\/\/www.pure-motivation.ch\/wordpress\/advanced-freediver-2\/\">\n\t\t\t\t\t\t\t<img loading=\"lazy\" decoding=\"async\" width=\"809\" height=\"546\" src=\"https:\/\/www.pure-motivation.ch\/wordpress\/wp-content\/uploads\/2026\/04\/Advanced-Freediver-Menu-1-1024x691.png\" class=\"elementor-animation-grow attachment-large size-large wp-image-4336\" alt=\"\" srcset=\"https:\/\/www.pure-motivation.ch\/wordpress\/wp-content\/uploads\/2026\/04\/Advanced-Freediver-Menu-1-1024x691.png 1024w, https:\/\/www.pure-motivation.ch\/wordpress\/wp-content\/uploads\/2026\/04\/Advanced-Freediver-Menu-1-300x202.png 300w, https:\/\/www.pure-motivation.ch\/wordpress\/wp-content\/uploads\/2026\/04\/Advanced-Freediver-Menu-1-768x518.png 768w, https:\/\/www.pure-motivation.ch\/wordpress\/wp-content\/uploads\/2026\/04\/Advanced-Freediver-Menu-1-1536x1036.png 1536w, https:\/\/www.pure-motivation.ch\/wordpress\/wp-content\/uploads\/2026\/04\/Advanced-Freediver-Menu-1-476x321.png 476w, https:\/\/www.pure-motivation.ch\/wordpress\/wp-content\/uploads\/2026\/04\/Advanced-Freediver-Menu-1.png 1675w\" sizes=\"(max-width: 809px) 100vw, 809px\" \/>\t\t\t\t\t\t\t\t<\/a>\n\t\t\t\t\t\t\t\t\t\t\t\t\t\t\t<\/div>\n\t\t\t\t<\/div>\n\t\t\t\t<\/div>\n\t\t\t\t<\/div>\n\t\t\t\t\t<\/div>\n\t\t\t\t<\/div>\n\t\t\t\t<\/div>\n\t\t","protected":false},"excerpt":{"rendered":"<p>Apn\u00e9e L\u2019apn\u00e9e est bien plus qu\u2019un sport : c\u2019est un voyage int\u00e9rieur, un retour \u00e0 soi gr\u00e2ce \u00e0 la puissance du souffle. Une fois sous l\u2019eau, la magie du monde du silence op\u00e8re, que vous soyez en piscine ou en milieu naturel. C&rsquo;est le moyen id\u00e9al pour vivre pleinement l\u2019instant \u2026<\/p>\n","protected":false},"author":1,"featured_media":2269,"parent":0,"menu_order":0,"comment_status":"closed","ping_status":"closed","template":"","meta":{"footnotes":""},"class_list":["post-2268","page","type-page","status-publish","has-post-thumbnail","hentry"],"yoast_head":"<!-- This site is optimized with the Yoast SEO plugin v21.5 - https:\/\/yoast.com\/wordpress\/plugins\/seo\/ -->\n<title>Apn\u00e9e - Pure Motivation<\/title>\n<meta name=\"robots\" content=\"index, follow, max-snippet:-1, max-image-preview:large, max-video-preview:-1\" \/>\n<link rel=\"canonical\" href=\"https:\/\/www.pure-motivation.ch\/wordpress\/apnee\/\" \/>\n<meta property=\"og:locale\" content=\"fr_FR\" \/>\n<meta property=\"og:type\" content=\"article\" \/>\n<meta property=\"og:title\" content=\"Apn\u00e9e - Pure Motivation\" \/>\n<meta property=\"og:description\" content=\"Apn\u00e9e L\u2019apn\u00e9e est bien plus qu\u2019un sport : c\u2019est un voyage int\u00e9rieur, un retour \u00e0 soi gr\u00e2ce \u00e0 la puissance du souffle. Une fois sous l\u2019eau, la magie du monde du silence op\u00e8re, que vous soyez en piscine ou en milieu naturel. C&rsquo;est le moyen id\u00e9al pour vivre pleinement l\u2019instant \u2026\" \/>\n<meta property=\"og:url\" content=\"https:\/\/www.pure-motivation.ch\/wordpress\/apnee\/\" \/>\n<meta property=\"og:site_name\" content=\"Pure Motivation\" \/>\n<meta property=\"article:publisher\" content=\"https:\/\/www.facebook.com\/puremotivationsuisse\" \/>\n<meta property=\"article:modified_time\" content=\"2026-04-13T15:59:10+00:00\" \/>\n<meta property=\"og:image\" content=\"https:\/\/www.pure-motivation.ch\/wordpress\/wp-content\/uploads\/2024\/12\/Apnee-Geneve-Pure-Motivation-e1736975194770.png\" \/>\n\t<meta property=\"og:image:width\" content=\"1266\" \/>\n\t<meta property=\"og:image:height\" content=\"635\" \/>\n\t<meta property=\"og:image:type\" content=\"image\/png\" \/>\n<meta name=\"twitter:card\" content=\"summary_large_image\" \/>\n<meta name=\"twitter:label1\" content=\"Dur\u00e9e de lecture estim\u00e9e\" \/>\n\t<meta name=\"twitter:data1\" content=\"1 minute\" \/>\n<script type=\"application\/ld+json\" class=\"yoast-schema-graph\">{\"@context\":\"https:\/\/schema.org\",\"@graph\":[{\"@type\":\"WebPage\",\"@id\":\"https:\/\/www.pure-motivation.ch\/wordpress\/apnee\/\",\"url\":\"https:\/\/www.pure-motivation.ch\/wordpress\/apnee\/\",\"name\":\"Apn\u00e9e - Pure Motivation\",\"isPartOf\":{\"@id\":\"https:\/\/www.pure-motivation.ch\/wordpress\/#website\"},\"datePublished\":\"2024-12-03T09:01:39+00:00\",\"dateModified\":\"2026-04-13T15:59:10+00:00\",\"breadcrumb\":{\"@id\":\"https:\/\/www.pure-motivation.ch\/wordpress\/apnee\/#breadcrumb\"},\"inLanguage\":\"fr-FR\",\"potentialAction\":[{\"@type\":\"ReadAction\",\"target\":[\"https:\/\/www.pure-motivation.ch\/wordpress\/apnee\/\"]}]},{\"@type\":\"BreadcrumbList\",\"@id\":\"https:\/\/www.pure-motivation.ch\/wordpress\/apnee\/#breadcrumb\",\"itemListElement\":[{\"@type\":\"ListItem\",\"position\":1,\"name\":\"Accueil\",\"item\":\"https:\/\/www.pure-motivation.ch\/wordpress\/\"},{\"@type\":\"ListItem\",\"position\":2,\"name\":\"Apn\u00e9e\"}]},{\"@type\":\"WebSite\",\"@id\":\"https:\/\/www.pure-motivation.ch\/wordpress\/#website\",\"url\":\"https:\/\/www.pure-motivation.ch\/wordpress\/\",\"name\":\"Pure Motivation\",\"description\":\"Discover your true potential\",\"publisher\":{\"@id\":\"https:\/\/www.pure-motivation.ch\/wordpress\/#organization\"},\"potentialAction\":[{\"@type\":\"SearchAction\",\"target\":{\"@type\":\"EntryPoint\",\"urlTemplate\":\"https:\/\/www.pure-motivation.ch\/wordpress\/?s={search_term_string}\"},\"query-input\":\"required name=search_term_string\"}],\"inLanguage\":\"fr-FR\"},{\"@type\":\"Organization\",\"@id\":\"https:\/\/www.pure-motivation.ch\/wordpress\/#organization\",\"name\":\"Pure Motivation\",\"url\":\"https:\/\/www.pure-motivation.ch\/wordpress\/\",\"logo\":{\"@type\":\"ImageObject\",\"inLanguage\":\"fr-FR\",\"@id\":\"https:\/\/www.pure-motivation.ch\/wordpress\/#\/schema\/logo\/image\/\",\"url\":\"https:\/\/www.pure-motivation.ch\/wordpress\/wp-content\/uploads\/2026\/05\/logo-seul-pure-motivation.jpg\",\"contentUrl\":\"https:\/\/www.pure-motivation.ch\/wordpress\/wp-content\/uploads\/2026\/05\/logo-seul-pure-motivation.jpg\",\"width\":1240,\"height\":1240,\"caption\":\"Pure Motivation\"},\"image\":{\"@id\":\"https:\/\/www.pure-motivation.ch\/wordpress\/#\/schema\/logo\/image\/\"},\"sameAs\":[\"https:\/\/www.facebook.com\/puremotivationsuisse\",\"https:\/\/www.instagram.com\/puremotivationch\/\",\"https:\/\/www.youtube.com\/channel\/UC95XjhmapH_YQzEKZCLklOQ\"]}]}<\/script>\n<!-- \/ Yoast SEO plugin. -->","yoast_head_json":{"title":"Apn\u00e9e - Pure Motivation","robots":{"index":"index","follow":"follow","max-snippet":"max-snippet:-1","max-image-preview":"max-image-preview:large","max-video-preview":"max-video-preview:-1"},"canonical":"https:\/\/www.pure-motivation.ch\/wordpress\/apnee\/","og_locale":"fr_FR","og_type":"article","og_title":"Apn\u00e9e - Pure Motivation","og_description":"Apn\u00e9e L\u2019apn\u00e9e est bien plus qu\u2019un sport : c\u2019est un voyage int\u00e9rieur, un retour \u00e0 soi gr\u00e2ce \u00e0 la puissance du souffle. Une fois sous l\u2019eau, la magie du monde du silence op\u00e8re, que vous soyez en piscine ou en milieu naturel. C&rsquo;est le moyen id\u00e9al pour vivre pleinement l\u2019instant \u2026","og_url":"https:\/\/www.pure-motivation.ch\/wordpress\/apnee\/","og_site_name":"Pure Motivation","article_publisher":"https:\/\/www.facebook.com\/puremotivationsuisse","article_modified_time":"2026-04-13T15:59:10+00:00","og_image":[{"width":1266,"height":635,"url":"https:\/\/www.pure-motivation.ch\/wordpress\/wp-content\/uploads\/2024\/12\/Apnee-Geneve-Pure-Motivation-e1736975194770.png","type":"image\/png"}],"twitter_card":"summary_large_image","twitter_misc":{"Dur\u00e9e de lecture estim\u00e9e":"1 minute"},"schema":{"@context":"https:\/\/schema.org","@graph":[{"@type":"WebPage","@id":"https:\/\/www.pure-motivation.ch\/wordpress\/apnee\/","url":"https:\/\/www.pure-motivation.ch\/wordpress\/apnee\/","name":"Apn\u00e9e - Pure Motivation","isPartOf":{"@id":"https:\/\/www.pure-motivation.ch\/wordpress\/#website"},"datePublished":"2024-12-03T09:01:39+00:00","dateModified":"2026-04-13T15:59:10+00:00","breadcrumb":{"@id":"https:\/\/www.pure-motivation.ch\/wordpress\/apnee\/#breadcrumb"},"inLanguage":"fr-FR","potentialAction":[{"@type":"ReadAction","target":["https:\/\/www.pure-motivation.ch\/wordpress\/apnee\/"]}]},{"@type":"BreadcrumbList","@id":"https:\/\/www.pure-motivation.ch\/wordpress\/apnee\/#breadcrumb","itemListElement":[{"@type":"ListItem","position":1,"name":"Accueil","item":"https:\/\/www.pure-motivation.ch\/wordpress\/"},{"@type":"ListItem","position":2,"name":"Apn\u00e9e"}]},{"@type":"WebSite","@id":"https:\/\/www.pure-motivation.ch\/wordpress\/#website","url":"https:\/\/www.pure-motivation.ch\/wordpress\/","name":"Pure Motivation","description":"Discover your true potential","publisher":{"@id":"https:\/\/www.pure-motivation.ch\/wordpress\/#organization"},"potentialAction":[{"@type":"SearchAction","target":{"@type":"EntryPoint","urlTemplate":"https:\/\/www.pure-motivation.ch\/wordpress\/?s={search_term_string}"},"query-input":"required name=search_term_string"}],"inLanguage":"fr-FR"},{"@type":"Organization","@id":"https:\/\/www.pure-motivation.ch\/wordpress\/#organization","name":"Pure Motivation","url":"https:\/\/www.pure-motivation.ch\/wordpress\/","logo":{"@type":"ImageObject","inLanguage":"fr-FR","@id":"https:\/\/www.pure-motivation.ch\/wordpress\/#\/schema\/logo\/image\/","url":"https:\/\/www.pure-motivation.ch\/wordpress\/wp-content\/uploads\/2026\/05\/logo-seul-pure-motivation.jpg","contentUrl":"https:\/\/www.pure-motivation.ch\/wordpress\/wp-content\/uploads\/2026\/05\/logo-seul-pure-motivation.jpg","width":1240,"height":1240,"caption":"Pure Motivation"},"image":{"@id":"https:\/\/www.pure-motivation.ch\/wordpress\/#\/schema\/logo\/image\/"},"sameAs":["https:\/\/www.facebook.com\/puremotivationsuisse","https:\/\/www.instagram.com\/puremotivationch\/","https:\/\/www.youtube.com\/channel\/UC95XjhmapH_YQzEKZCLklOQ"]}]}},"_links":{"self":[{"href":"https:\/\/www.pure-motivation.ch\/wordpress\/wp-json\/wp\/v2\/pages\/2268","targetHints":{"allow":["GET"]}}],"collection":[{"href":"https:\/\/www.pure-motivation.ch\/wordpress\/wp-json\/wp\/v2\/pages"}],"about":[{"href":"https:\/\/www.pure-motivation.ch\/wordpress\/wp-json\/wp\/v2\/types\/page"}],"author":[{"embeddable":true,"href":"https:\/\/www.pure-motivation.ch\/wordpress\/wp-json\/wp\/v2\/users\/1"}],"replies":[{"embeddable":true,"href":"https:\/\/www.pure-motivation.ch\/wordpress\/wp-json\/wp\/v2\/comments?post=2268"}],"version-history":[{"count":34,"href":"https:\/\/www.pure-motivation.ch\/wordpress\/wp-json\/wp\/v2\/pages\/2268\/revisions"}],"predecessor-version":[{"id":4339,"href":"https:\/\/www.pure-motivation.ch\/wordpress\/wp-json\/wp\/v2\/pages\/2268\/revisions\/4339"}],"wp:featuredmedia":[{"embeddable":true,"href":"https:\/\/www.pure-motivation.ch\/wordpress\/wp-json\/wp\/v2\/media\/2269"}],"wp:attachment":[{"href":"https:\/\/www.pure-motivation.ch\/wordpress\/wp-json\/wp\/v2\/media?parent=2268"}],"curies":[{"name":"wp","href":"https:\/\/api.w.org\/{rel}","templated":true}]}}