{"id":2185,"date":"2024-12-02T16:54:34","date_gmt":"2024-12-02T15:54:34","guid":{"rendered":"https:\/\/www.pure-motivation.ch\/wordpress\/?page_id=2185"},"modified":"2025-01-21T09:29:44","modified_gmt":"2025-01-21T08:29:44","slug":"le-shiatsu-assis","status":"publish","type":"page","link":"https:\/\/www.pure-motivation.ch\/wordpress\/le-shiatsu-assis\/","title":{"rendered":"Shiatsu assis"},"content":{"rendered":"\t\t<div data-elementor-type=\"wp-page\" data-elementor-id=\"2185\" class=\"elementor elementor-2185\">\n\t\t\t\t<div class=\"elementor-element elementor-element-03a3e6a e-flex e-con-boxed e-con e-parent\" data-id=\"03a3e6a\" data-element_type=\"container\">\n\t\t\t\t\t<div class=\"e-con-inner\">\n\t\t\t\t<div class=\"elementor-element elementor-element-83becea elementor-widget elementor-widget-heading\" data-id=\"83becea\" data-element_type=\"widget\" data-widget_type=\"heading.default\">\n\t\t\t\t<div class=\"elementor-widget-container\">\n\t\t\t<h2 class=\"elementor-heading-title elementor-size-default\">Massage Shiatsu Assis<\/h2>\t\t<\/div>\n\t\t\t\t<\/div>\n\t\t\t\t\t<\/div>\n\t\t\t\t<\/div>\n\t\t<div class=\"elementor-element elementor-element-0e5488c e-flex e-con-boxed e-con e-parent\" data-id=\"0e5488c\" data-element_type=\"container\">\n\t\t\t\t\t<div class=\"e-con-inner\">\n\t\t\t\t<div class=\"elementor-element elementor-element-d92cf29 elementor-widget elementor-widget-text-editor\" data-id=\"d92cf29\" data-element_type=\"widget\" data-widget_type=\"text-editor.default\">\n\t\t\t\t<div class=\"elementor-widget-container\">\n\t\t\t\t\t\t\t<p style=\"font-weight: 400;\">Le\u00a0<strong>massage shiatsu assis<\/strong>\u00a0est une m\u00e9thode de relaxation et de revitalisation issue de la m\u00e9decine traditionnelle japonaise. Cette pratique combine des\u00a0<strong>pressions<\/strong>, des\u00a0<strong>\u00e9tirements<\/strong>\u00a0et des\u00a0<strong>percussions<\/strong>\u00a0pour stimuler les\u00a0<strong>points d\u2019acupuncture<\/strong>\u00a0et r\u00e9\u00e9quilibrer les\u00a0<strong>m\u00e9ridiens \u00e9nerg\u00e9tiques<\/strong>\u00a0du corps.<\/p><p style=\"font-weight: 400;\">Contrairement au shiatsu traditionnel, qui se pratique sur un futon au sol, le shiatsu assis se r\u00e9alise sur une\u00a0<strong>chaise de massage ergonomique<\/strong>, sp\u00e9cialement con\u00e7ue pour offrir un maximum de confort. Ce soin est effectu\u00e9 sans huile, directement sur des v\u00eatements l\u00e9gers, ce qui le rend id\u00e9al pour des environnements vari\u00e9s :\u00a0<strong>bureaux<\/strong>,\u00a0<strong>\u00e9v\u00e9nements<\/strong>,\u00a0<strong>salons de bien-\u00eatre<\/strong>\u00a0ou simplement pour une pause rapide dans la journ\u00e9e.<\/p>\t\t\t\t\t\t<\/div>\n\t\t\t\t<\/div>\n\t\t\t\t\t<\/div>\n\t\t\t\t<\/div>\n\t\t<div class=\"elementor-element elementor-element-feff9e2 e-flex e-con-boxed e-con e-parent\" data-id=\"feff9e2\" data-element_type=\"container\">\n\t\t\t\t\t<div class=\"e-con-inner\">\n\t\t\t\t<div class=\"elementor-element elementor-element-27ecef0 elementor-widget elementor-widget-text-editor\" data-id=\"27ecef0\" data-element_type=\"widget\" data-widget_type=\"text-editor.default\">\n\t\t\t\t<div class=\"elementor-widget-container\">\n\t\t\t\t\t\t\t<h3 style=\"font-weight: 400;\"><span style=\"color: #6ec1e4;\"><strong>Les bienfaits du massage shiatsu assis<\/strong><\/span><\/h3><ul style=\"font-weight: 400;\"><li><strong>R\u00e9duction du stress<\/strong><br \/>Les pressions et les manipulations cibl\u00e9es permettent de rel\u00e2cher les tensions accumul\u00e9es, induisant une\u00a0<strong>relaxation profonde<\/strong>\u00a0et une nette diminution du stress.<\/li><li><strong>Soulagement des douleurs musculaires<\/strong><br \/>Ce soin est particuli\u00e8rement efficace pour les zones souvent sur-sollicit\u00e9es comme le\u00a0<strong>dos<\/strong>, les\u00a0<strong>\u00e9paules<\/strong>\u00a0et la\u00a0<strong>nuque<\/strong>, offrant un soulagement rapide des douleurs et des raideurs musculaires li\u00e9es aux mauvaises postures ou aux gestes r\u00e9p\u00e9titifs.<\/li><li><strong>Am\u00e9lioration de la circulation sanguine et lymphatique<\/strong><br \/>Les techniques appliqu\u00e9es stimulent la\u00a0<strong>circulation sanguine<\/strong>, favorisant une meilleure oxyg\u00e9nation des tissus et l\u2019\u00e9limination des toxines, tout en renfor\u00e7ant le syst\u00e8me lymphatique.<\/li><li><strong>Augmentation de la concentration et de l\u2019\u00e9nergie<\/strong><br \/>En \u00e9quilibrant le flux \u00e9nerg\u00e9tique dans le corps, ce massage revitalise le receveur, am\u00e9liore la\u00a0<strong>clart\u00e9 mentale<\/strong>\u00a0et favorise une meilleure\u00a0<strong>concentration<\/strong>.<\/li><li><strong>D\u00e9tente et bien-\u00eatre global<\/strong><br \/>En relaxant simultan\u00e9ment le corps et l\u2019esprit, le shiatsu assis procure une sensation imm\u00e9diate de bien-\u00eatre, id\u00e9ale pour repartir du bon pied.<\/li><\/ul>\t\t\t\t\t\t<\/div>\n\t\t\t\t<\/div>\n\t\t\t\t\t<\/div>\n\t\t\t\t<\/div>\n\t\t<div class=\"elementor-element elementor-element-52cc9b4 e-flex e-con-boxed e-con e-parent\" data-id=\"52cc9b4\" data-element_type=\"container\">\n\t\t\t\t\t<div class=\"e-con-inner\">\n\t\t\t\t<div class=\"elementor-element elementor-element-ab4fa76 elementor-widget elementor-widget-text-editor\" data-id=\"ab4fa76\" data-element_type=\"widget\" data-widget_type=\"text-editor.default\">\n\t\t\t\t<div class=\"elementor-widget-container\">\n\t\t\t\t\t\t\t<h3 style=\"font-weight: 400;\"><span style=\"color: #6ec1e4;\"><strong>Contre-indications : Quand \u00e9viter le shiatsu assis ?<\/strong><\/span><\/h3><ul style=\"font-weight: 400;\"><li><strong>Probl\u00e8mes de dos s\u00e9v\u00e8res<\/strong><br \/>En cas de pathologies graves comme une\u00a0<strong>hernie discale aigu\u00eb<\/strong>, il est conseill\u00e9 d\u2019\u00e9viter ce massage ou de demander un avis m\u00e9dical.<\/li><li><strong>Blessures r\u00e9centes ou inflammations<\/strong><br \/>Les zones affect\u00e9es par des\u00a0<strong>traumatismes<\/strong>,\u00a0<strong>contusions<\/strong>\u00a0ou\u00a0<strong>inflammations<\/strong>\u00a0ne doivent pas \u00eatre manipul\u00e9es.<\/li><li><strong>Probl\u00e8mes cardiaques ou circulatoires<\/strong><br \/>Les personnes avec des ant\u00e9c\u00e9dents de\u00a0<strong>troubles cardiaques graves<\/strong>, de\u00a0<strong>troubles de la coagulation<\/strong>\u00a0ou portant un stimulateur cardiaque devraient consulter un professionnel de sant\u00e9 avant d\u2019opter pour ce soin.<\/li><li><strong>Grossesse<\/strong><br \/>Bien que le shiatsu puisse \u00eatre adapt\u00e9 pendant la grossesse, il est essentiel d\u2019informer le praticien, qui ajustera les techniques et \u00e9vitera certains points d\u2019acupuncture sensibles.<\/li><li><strong>Fi\u00e8vre ou maladie contagieuse<\/strong><br \/>En cas de\u00a0<strong>fi\u00e8vre<\/strong>, de\u00a0<strong>maladies infectieuses<\/strong>\u00a0ou d\u2019affections contagieuses, il est pr\u00e9f\u00e9rable de reporter la s\u00e9ance jusqu\u2019\u00e0 gu\u00e9rison compl\u00e8te.<\/li><\/ul>\t\t\t\t\t\t<\/div>\n\t\t\t\t<\/div>\n\t\t\t\t\t<\/div>\n\t\t\t\t<\/div>\n\t\t<div class=\"elementor-element elementor-element-7ac878c e-flex e-con-boxed e-con e-parent\" data-id=\"7ac878c\" data-element_type=\"container\">\n\t\t\t\t\t<div class=\"e-con-inner\">\n\t\t\t\t<div class=\"elementor-element elementor-element-fb0c2f9 elementor-widget elementor-widget-text-editor\" data-id=\"fb0c2f9\" data-element_type=\"widget\" data-widget_type=\"text-editor.default\">\n\t\t\t\t<div class=\"elementor-widget-container\">\n\t\t\t\t\t\t\t<h3 style=\"font-weight: 400;\"><span style=\"color: #6ec1e4;\"><strong>Une pause revitalisante, o\u00f9 que vous soyez<\/strong><\/span><\/h3><p style=\"font-weight: 400;\">Le massage shiatsu assis est une solution parfaite pour ceux qui souhaitent s\u2019accorder un moment de\u00a0<strong>rel\u00e2chement<\/strong>\u00a0et de\u00a0<strong>revitalisation<\/strong>, m\u00eame avec un emploi du temps charg\u00e9. Accessible, rapide et incroyablement efficace, il est l\u2019alli\u00e9 id\u00e9al pour retrouver\u00a0<strong>\u00e9nergie<\/strong>\u00a0et\u00a0<strong>\u00e9quilibre<\/strong>\u00a0en un minimum de temps.<\/p>\t\t\t\t\t\t<\/div>\n\t\t\t\t<\/div>\n\t\t\t\t\t<\/div>\n\t\t\t\t<\/div>\n\t\t<div class=\"elementor-element elementor-element-d1fb0c9 e-flex e-con-boxed e-con e-parent\" data-id=\"d1fb0c9\" data-element_type=\"container\">\n\t\t\t\t\t<div class=\"e-con-inner\">\n\t\t\t\t<div class=\"elementor-element elementor-element-1b333e7 elementor-widget elementor-widget-text-editor\" data-id=\"1b333e7\" data-element_type=\"widget\" data-widget_type=\"text-editor.default\">\n\t\t\t\t<div class=\"elementor-widget-container\">\n\t\t\t\t\t\t\t<div class=\"elementor-element elementor-element-6f72b33 e-flex e-con-boxed e-con e-parent e-lazyloaded\" data-id=\"6f72b33\" data-element_type=\"container\"><div class=\"e-con-inner\"><div class=\"elementor-element elementor-element-214b7bc elementor-widget elementor-widget-heading\" data-id=\"214b7bc\" data-element_type=\"widget\" data-widget_type=\"heading.default\"><h3 class=\"elementor-widget-container\"><strong><span style=\"color: #6ec1e4;\">Tarifs :<\/span><\/strong><\/h3><\/div><\/div><\/div><div class=\"elementor-element elementor-element-afee19e e-flex e-con-boxed e-con e-parent e-lazyloaded\" data-id=\"afee19e\" data-element_type=\"container\"><div class=\"e-con-inner\"><div class=\"elementor-element elementor-element-8e246eb elementor-widget elementor-widget-text-editor\" data-id=\"8e246eb\" data-element_type=\"widget\" data-widget_type=\"text-editor.default\"><div class=\"elementor-widget-container\"><ul><li>Massage de 30 minutes : 60.-<\/li><li>Massage de 1h : 90.-<\/li><li>Massage de 1h30 : 120.-<\/li><\/ul><\/div><\/div><\/div><\/div>\t\t\t\t\t\t<\/div>\n\t\t\t\t<\/div>\n\t\t\t\t\t<\/div>\n\t\t\t\t<\/div>\n\t\t<div class=\"elementor-element elementor-element-0744001 e-flex e-con-boxed e-con e-parent\" data-id=\"0744001\" data-element_type=\"container\">\n\t\t\t\t\t<div class=\"e-con-inner\">\n\t\t\t\t<div class=\"elementor-element elementor-element-aac5956 elementor-widget elementor-widget-text-editor\" data-id=\"aac5956\" data-element_type=\"widget\" data-widget_type=\"text-editor.default\">\n\t\t\t\t<div class=\"elementor-widget-container\">\n\t\t\t\t\t\t\t<div class=\"elementor-element elementor-element-6f72b33 e-flex e-con-boxed e-con e-parent e-lazyloaded\" data-id=\"6f72b33\" data-element_type=\"container\"><div class=\"e-con-inner\"><div class=\"elementor-element elementor-element-214b7bc elementor-widget elementor-widget-heading\" data-id=\"214b7bc\" data-element_type=\"widget\" data-widget_type=\"heading.default\"><h3 class=\"elementor-widget-container\"><strong><span style=\"color: #6ec1e4;\">Conditions :<\/span><\/strong><\/h3><\/div><\/div><\/div><div class=\"elementor-element elementor-element-afee19e e-flex e-con-boxed e-con e-parent e-lazyloaded\" data-id=\"afee19e\" data-element_type=\"container\"><div class=\"e-con-inner\"><div class=\"elementor-element elementor-element-8e246eb elementor-widget elementor-widget-text-editor\" data-id=\"8e246eb\" data-element_type=\"widget\" data-widget_type=\"text-editor.default\"><div class=\"elementor-widget-container\"><p>En cas d\u2019annulation moins de 24h avant la prestation r\u00e9serv\u00e9e, 50% du montant sera d\u00fb.\u00a0<\/p><\/div><\/div><\/div><\/div>\t\t\t\t\t\t<\/div>\n\t\t\t\t<\/div>\n\t\t\t\t\t<\/div>\n\t\t\t\t<\/div>\n\t\t\t\t<\/div>\n\t\t","protected":false},"excerpt":{"rendered":"<p>Massage Shiatsu Assis Le\u00a0massage shiatsu assis\u00a0est une m\u00e9thode de relaxation et de revitalisation issue de la m\u00e9decine traditionnelle japonaise. Cette pratique combine des\u00a0pressions, des\u00a0\u00e9tirements\u00a0et des\u00a0percussions\u00a0pour stimuler les\u00a0points d\u2019acupuncture\u00a0et r\u00e9\u00e9quilibrer les\u00a0m\u00e9ridiens \u00e9nerg\u00e9tiques\u00a0du corps. Contrairement au shiatsu traditionnel, qui se pratique sur un futon au sol, le shiatsu assis se r\u00e9alise sur \u2026<\/p>\n","protected":false},"author":1,"featured_media":2186,"parent":0,"menu_order":0,"comment_status":"closed","ping_status":"closed","template":"","meta":{"footnotes":""},"class_list":["post-2185","page","type-page","status-publish","has-post-thumbnail","hentry"],"_links":{"self":[{"href":"https:\/\/www.pure-motivation.ch\/wordpress\/wp-json\/wp\/v2\/pages\/2185","targetHints":{"allow":["GET"]}}],"collection":[{"href":"https:\/\/www.pure-motivation.ch\/wordpress\/wp-json\/wp\/v2\/pages"}],"about":[{"href":"https:\/\/www.pure-motivation.ch\/wordpress\/wp-json\/wp\/v2\/types\/page"}],"author":[{"embeddable":true,"href":"https:\/\/www.pure-motivation.ch\/wordpress\/wp-json\/wp\/v2\/users\/1"}],"replies":[{"embeddable":true,"href":"https:\/\/www.pure-motivation.ch\/wordpress\/wp-json\/wp\/v2\/comments?post=2185"}],"version-history":[{"count":17,"href":"https:\/\/www.pure-motivation.ch\/wordpress\/wp-json\/wp\/v2\/pages\/2185\/revisions"}],"predecessor-version":[{"id":2927,"href":"https:\/\/www.pure-motivation.ch\/wordpress\/wp-json\/wp\/v2\/pages\/2185\/revisions\/2927"}],"wp:featuredmedia":[{"embeddable":true,"href":"https:\/\/www.pure-motivation.ch\/wordpress\/wp-json\/wp\/v2\/media\/2186"}],"wp:attachment":[{"href":"https:\/\/www.pure-motivation.ch\/wordpress\/wp-json\/wp\/v2\/media?parent=2185"}],"curies":[{"name":"wp","href":"https:\/\/api.w.org\/{rel}","templated":true}]}}