{"id":2063,"date":"2024-11-27T21:52:37","date_gmt":"2024-11-27T20:52:37","guid":{"rendered":"https:\/\/www.pure-motivation.ch\/wordpress\/?page_id=2063"},"modified":"2025-03-07T14:43:44","modified_gmt":"2025-03-07T13:43:44","slug":"coaching-en-entreprise","status":"publish","type":"page","link":"https:\/\/www.pure-motivation.ch\/wordpress\/coaching-en-entreprise\/","title":{"rendered":"Coaching en entreprise"},"content":{"rendered":"\t\t<div data-elementor-type=\"wp-page\" data-elementor-id=\"2063\" class=\"elementor elementor-2063\">\n\t\t\t\t<div class=\"elementor-element elementor-element-45a24e3 e-flex e-con-boxed e-con e-parent\" data-id=\"45a24e3\" data-element_type=\"container\" data-e-type=\"container\">\n\t\t\t\t\t<div class=\"e-con-inner\">\n\t\t\t\t<div class=\"elementor-element elementor-element-a785be8 elementor-widget elementor-widget-heading\" data-id=\"a785be8\" data-element_type=\"widget\" data-e-type=\"widget\" data-widget_type=\"heading.default\">\n\t\t\t\t<div class=\"elementor-widget-container\">\n\t\t\t\t\t<h2 class=\"elementor-heading-title elementor-size-default\">Coaching sportif en entreprise<\/h2>\t\t\t\t<\/div>\n\t\t\t\t<\/div>\n\t\t\t\t\t<\/div>\n\t\t\t\t<\/div>\n\t\t<div class=\"elementor-element elementor-element-24ea157 e-flex e-con-boxed e-con e-parent\" data-id=\"24ea157\" data-element_type=\"container\" data-e-type=\"container\">\n\t\t\t\t\t<div class=\"e-con-inner\">\n\t\t\t\t<div class=\"elementor-element elementor-element-0db62e7 elementor-widget elementor-widget-text-editor\" data-id=\"0db62e7\" data-element_type=\"widget\" data-e-type=\"widget\" data-widget_type=\"text-editor.default\">\n\t\t\t\t<div class=\"elementor-widget-container\">\n\t\t\t\t\t\t\t\t\t<p style=\"font-weight: 400;\"><strong>Boostez le bien-\u00eatre et la productivit\u00e9 de vos \u00e9quipes<\/strong><\/p><p style=\"font-weight: 400;\">Depuis plus de 10 ans,\u00a0<strong>Pure Motivation<\/strong>\u00a0accompagne les entreprises en proposant des\u00a0<strong>cours de coaching sportif<\/strong>. Nos s\u00e9ances sont con\u00e7ues pour r\u00e9pondre aux besoins des collaborateurs en qu\u00eate de bien-\u00eatre, d\u2019\u00e9nergie et de performance au travail. Que ce soit pour lutter contre le stress, am\u00e9liorer la condition physique ou renforcer la coh\u00e9sion d\u2019\u00e9quipe, le coaching sportif en entreprise est une solution id\u00e9ale pour dynamiser vos collaborateurs et am\u00e9liorer l\u2019ambiance de travail.<\/p>\t\t\t\t\t\t\t\t<\/div>\n\t\t\t\t<\/div>\n\t\t\t\t\t<\/div>\n\t\t\t\t<\/div>\n\t\t<div class=\"elementor-element elementor-element-e503039 e-flex e-con-boxed e-con e-parent\" data-id=\"e503039\" data-element_type=\"container\" data-e-type=\"container\">\n\t\t\t\t\t<div class=\"e-con-inner\">\n\t\t\t\t<div class=\"elementor-element elementor-element-4813d8b elementor-widget elementor-widget-text-editor\" data-id=\"4813d8b\" data-element_type=\"widget\" data-e-type=\"widget\" data-widget_type=\"text-editor.default\">\n\t\t\t\t<div class=\"elementor-widget-container\">\n\t\t\t\t\t\t\t\t\t<h3 style=\"font-weight: 400;\"><span style=\"color: #6ec1e4;\"><strong>Un coaching sportif adapt\u00e9 \u00e0 vos besoins<\/strong><\/span><\/h3><p style=\"font-weight: 400;\">Les s\u00e9ances propos\u00e9es par <strong>Pure Motivation<\/strong>\u00a0sont personnalis\u00e9es pour s\u2019adapter \u00e0 vos contraintes d\u2019espace et de temps. Que vous disposiez d&rsquo;une grande salle ou d&rsquo;un espace plus r\u00e9duit, nous mettons en place des sessions qui r\u00e9pondent \u00e0 vos attentes tout en respectant le rythme de vos collaborateurs.<\/p><p style=\"font-weight: 400;\">Les s\u00e9ances se d\u00e9roulent en\u00a0<strong>poids de corps<\/strong>, sans machines, ce qui les rend accessibles \u00e0 tous. Nous utilisons parfois des <strong>accessoires simples<\/strong>, tels que des\u00a0<strong>Kettle Bells<\/strong>, des\u00a0<strong>\u00e9lastiques<\/strong>\u00a0ou des\u00a0<strong>tapis de sol<\/strong>, pour ajouter de la vari\u00e9t\u00e9 \u00e0 l\u2019entra\u00eenement et permettre un travail musculaire complet.<\/p>\t\t\t\t\t\t\t\t<\/div>\n\t\t\t\t<\/div>\n\t\t\t\t\t<\/div>\n\t\t\t\t<\/div>\n\t\t<div class=\"elementor-element elementor-element-c36d780 e-flex e-con-boxed e-con e-parent\" data-id=\"c36d780\" data-element_type=\"container\" data-e-type=\"container\">\n\t\t\t\t\t<div class=\"e-con-inner\">\n\t\t\t\t<div class=\"elementor-element elementor-element-3782338 elementor-widget elementor-widget-image\" data-id=\"3782338\" data-element_type=\"widget\" data-e-type=\"widget\" data-widget_type=\"image.default\">\n\t\t\t\t<div class=\"elementor-widget-container\">\n\t\t\t\t\t\t\t\t\t\t\t\t\t\t\t<img fetchpriority=\"high\" decoding=\"async\" width=\"809\" height=\"540\" src=\"https:\/\/www.pure-motivation.ch\/wordpress\/wp-content\/uploads\/2024\/11\/Coaching-en-entreprise-1-1024x683.png\" class=\"attachment-large size-large wp-image-2105\" alt=\"\" srcset=\"https:\/\/www.pure-motivation.ch\/wordpress\/wp-content\/uploads\/2024\/11\/Coaching-en-entreprise-1-1024x683.png 1024w, https:\/\/www.pure-motivation.ch\/wordpress\/wp-content\/uploads\/2024\/11\/Coaching-en-entreprise-1-300x200.png 300w, https:\/\/www.pure-motivation.ch\/wordpress\/wp-content\/uploads\/2024\/11\/Coaching-en-entreprise-1-768x513.png 768w, https:\/\/www.pure-motivation.ch\/wordpress\/wp-content\/uploads\/2024\/11\/Coaching-en-entreprise-1-476x318.png 476w, https:\/\/www.pure-motivation.ch\/wordpress\/wp-content\/uploads\/2024\/11\/Coaching-en-entreprise-1.png 1437w\" sizes=\"(max-width: 809px) 100vw, 809px\" \/>\t\t\t\t\t\t\t\t\t\t\t\t\t\t\t<\/div>\n\t\t\t\t<\/div>\n\t\t\t\t<div class=\"elementor-element elementor-element-1d4413c elementor-widget elementor-widget-text-editor\" data-id=\"1d4413c\" data-element_type=\"widget\" data-e-type=\"widget\" data-widget_type=\"text-editor.default\">\n\t\t\t\t<div class=\"elementor-widget-container\">\n\t\t\t\t\t\t\t\t\t<h3 style=\"font-weight: 400;\"><span style=\"color: #6ec1e4;\"><strong>Les bienfaits du coaching sportif en entreprise<\/strong><\/span><\/h3><p style=\"font-weight: 400;\">Ce genre de prestation pr\u00e9sente de nombreux avantages pour vos collaborateurs et pour votre organisation. Voici quelques-uns des bienfaits les plus significatifs :<\/p><ul style=\"font-weight: 400;\"><li><strong>Am\u00e9lioration de la sant\u00e9 et du bien-\u00eatre<\/strong>\u00a0: Le coaching sportif aide \u00e0 am\u00e9liorer la condition physique, \u00e0 renforcer les muscles et \u00e0 augmenter l\u2019endurance. Il contribue \u00e9galement \u00e0 pr\u00e9venir les douleurs li\u00e9es \u00e0 une mauvaise posture ou \u00e0 un mode de vie s\u00e9dentaire.<\/li><li><strong>R\u00e9duction du stress<\/strong>\u00a0: L\u2019activit\u00e9 physique favorise la relaxation et r\u00e9duit le niveau de stress. Elle permet de lib\u00e9rer les tensions et aide les collaborateurs \u00e0 mieux g\u00e9rer les pressions quotidiennes du travail.<\/li><li><strong>Boost de la productivit\u00e9<\/strong>\u00a0: Une \u00e9quipe en bonne forme physique est plus concentr\u00e9e, plus \u00e9nergique et plus efficace. Le coaching sportif am\u00e9liore \u00e9galement la cr\u00e9ativit\u00e9 et la prise de d\u00e9cision, des qualit\u00e9s essentielles pour la r\u00e9ussite d\u2019une entreprise.<\/li><li><strong>Pr\u00e9vention des blessures<\/strong>\u00a0: Le renforcement musculaire et les exercices d\u2019\u00e9tirement permettent de pr\u00e9venir les blessures li\u00e9es \u00e0 des postures inappropri\u00e9es ou \u00e0 un manque d\u2019activit\u00e9 physique.<\/li><li><strong>Coh\u00e9sion d\u2019\u00e9quipe<\/strong>\u00a0: Les s\u00e9ances collectives favorisent l\u2019esprit d\u2019\u00e9quipe, la solidarit\u00e9 et la collaboration. Elles cr\u00e9ent un environnement positif et une meilleure dynamique de groupe.<\/li><\/ul>\t\t\t\t\t\t\t\t<\/div>\n\t\t\t\t<\/div>\n\t\t\t\t\t<\/div>\n\t\t\t\t<\/div>\n\t\t<div class=\"elementor-element elementor-element-6b57573 e-flex e-con-boxed e-con e-parent\" data-id=\"6b57573\" data-element_type=\"container\" data-e-type=\"container\">\n\t\t\t\t\t<div class=\"e-con-inner\">\n\t\t\t\t<div class=\"elementor-element elementor-element-5edf423 elementor-widget elementor-widget-text-editor\" data-id=\"5edf423\" data-element_type=\"widget\" data-e-type=\"widget\" data-widget_type=\"text-editor.default\">\n\t\t\t\t<div class=\"elementor-widget-container\">\n\t\t\t\t\t\t\t\t\t<h3 style=\"font-weight: 400;\"><span style=\"color: #6ec1e4;\"><strong>Pourquoi choisir\u00a0Pure Motivation\u00a0pour votre coaching sportif en entreprise ?<\/strong><\/span><\/h3><p style=\"font-weight: 400;\">Avec pr\u00e8sque 10 ans d\u2019exp\u00e9rience, <strong>Pure Motivation<\/strong>\u00a0met son expertise \u00e0 votre service pour proposer des programmes de coaching sportif sur-mesure. Nos coachs qualifi\u00e9s s\u2019adaptent \u00e0 vos contraintes d\u2019espace et de temps et veillent \u00e0 offrir des s\u00e9ances motivantes et efficaces, qui r\u00e9pondent aux besoins de vos collaborateurs.<\/p><p style=\"font-weight: 400;\">Nous croyons fermement que le bien-\u00eatre physique et mental des employ\u00e9s est un levier de succ\u00e8s pour l\u2019entreprise. En int\u00e9grant le coaching sportif \u00e0 votre quotidien professionnel, vous permettez \u00e0 vos \u00e9quipes de rester en forme, d\u2019augmenter leur performance et de renforcer la culture d\u2019entreprise.<\/p><p style=\"font-weight: 400;\"><strong>Investissez dans la sant\u00e9 et le bien-\u00eatre de vos collaborateurs et boostez leur motivation et leur productivit\u00e9 avec nos cours.<\/strong><\/p>\t\t\t\t\t\t\t\t<\/div>\n\t\t\t\t<\/div>\n\t\t\t\t\t<\/div>\n\t\t\t\t<\/div>\n\t\t<div class=\"elementor-element elementor-element-13a8a92 e-flex e-con-boxed e-con e-parent\" data-id=\"13a8a92\" data-element_type=\"container\" data-e-type=\"container\">\n\t\t\t\t\t<div class=\"e-con-inner\">\n\t\t<div class=\"elementor-element elementor-element-9ed4d9c e-flex e-con-boxed e-con e-child\" data-id=\"9ed4d9c\" data-element_type=\"container\" data-e-type=\"container\">\n\t\t\t\t\t<div class=\"e-con-inner\">\n\t\t\t\t<div class=\"elementor-element elementor-element-ab5c429 elementor-widget elementor-widget-heading\" data-id=\"ab5c429\" data-element_type=\"widget\" data-e-type=\"widget\" data-widget_type=\"heading.default\">\n\t\t\t\t<div class=\"elementor-widget-container\">\n\t\t\t\t\t<h2 class=\"elementor-heading-title elementor-size-default\">Nos diff\u00e9rentes formules de Cours en entreprise :<\/h2>\t\t\t\t<\/div>\n\t\t\t\t<\/div>\n\t\t\t\t\t<\/div>\n\t\t\t\t<\/div>\n\t\t\t\t\t<\/div>\n\t\t\t\t<\/div>\n\t\t<div class=\"elementor-element elementor-element-ea8c192 e-flex e-con-boxed e-con e-parent\" data-id=\"ea8c192\" data-element_type=\"container\" data-e-type=\"container\">\n\t\t\t\t\t<div class=\"e-con-inner\">\n\t\t\t\t<div class=\"elementor-element elementor-element-fca9715 elementor-widget elementor-widget-text-editor\" data-id=\"fca9715\" data-element_type=\"widget\" data-e-type=\"widget\" data-widget_type=\"text-editor.default\">\n\t\t\t\t<div class=\"elementor-widget-container\">\n\t\t\t\t\t\t\t\t\t<p><strong>Pure Motivation<\/strong> propose des formules flexibles pour r\u00e9pondre \u00e0 vos besoins :<\/p><ul><li><strong>Cours ponctuels<\/strong> : S\u00e9ances uniques adapt\u00e9es \u00e0 vos besoins imm\u00e9diats, pour aborder des th\u00e8mes sp\u00e9cifiques ou organiser des \u00e9v\u00e9nements bien-\u00eatre.<\/li><li><strong>Cours trimestriels<\/strong> : S\u00e9ances hebdomadaires organis\u00e9es sur 3 mois, id\u00e9ales pour maintenir un engagement constant et mesurer les progr\u00e8s au fil du temps.<\/li><li><strong>Cours semestriels<\/strong> : Un programme de s\u00e9ances hebdomadaires r\u00e9parties sur 6 mois, pour soutenir la dynamique de groupe et ajuster les objectifs en fonction des besoins de vos \u00e9quipes.<\/li><li><strong>Cours annuels<\/strong> : Un suivi sur toute l\u2019ann\u00e9e avec des s\u00e9ances hebdomadaires, pour int\u00e9grer durablement le bien-\u00eatre au travail et accompagner vos collaborateurs dans une d\u00e9marche de progr\u00e8s continu.<\/li><\/ul><p>Les cours peuvent \u00eatre de <strong>1h<\/strong>, \u00a0de <strong>1h30<\/strong>, ou bien se d\u00e9rouler en <strong>2 sessions d\u20191h<\/strong> cons\u00e9cutives, selon vos pr\u00e9f\u00e9rences et vos contraintes d\u2019emploi du temps.<\/p>\t\t\t\t\t\t\t\t<\/div>\n\t\t\t\t<\/div>\n\t\t\t\t\t<\/div>\n\t\t\t\t<\/div>\n\t\t<div class=\"elementor-element elementor-element-ade143f e-flex e-con-boxed e-con e-parent\" data-id=\"ade143f\" data-element_type=\"container\" data-e-type=\"container\">\n\t\t\t\t\t<div class=\"e-con-inner\">\n\t\t\t\t<div class=\"elementor-element elementor-element-1aacb0b elementor-widget elementor-widget-heading\" data-id=\"1aacb0b\" data-element_type=\"widget\" data-e-type=\"widget\" data-widget_type=\"heading.default\">\n\t\t\t\t<div class=\"elementor-widget-container\">\n\t\t\t\t\t<h2 class=\"elementor-heading-title elementor-size-default\">Tarifs sur demande<\/h2>\t\t\t\t<\/div>\n\t\t\t\t<\/div>\n\t\t\t\t\t<\/div>\n\t\t\t\t<\/div>\n\t\t<div class=\"elementor-element elementor-element-fcf06fc e-flex e-con-boxed e-con e-parent\" data-id=\"fcf06fc\" data-element_type=\"container\" data-e-type=\"container\">\n\t\t\t\t\t<div class=\"e-con-inner\">\n\t\t\t\t<div class=\"elementor-element elementor-element-3236640 elementor-widget elementor-widget-text-editor\" data-id=\"3236640\" data-element_type=\"widget\" data-e-type=\"widget\" data-widget_type=\"text-editor.default\">\n\t\t\t\t<div class=\"elementor-widget-container\">\n\t\t\t\t\t\t\t\t\t<p><strong>Vous pourriez aussi \u00eatre int\u00e9ress\u00e9s par les prestations en entreprise suivantes :\u00a0<\/strong><\/p>\t\t\t\t\t\t\t\t<\/div>\n\t\t\t\t<\/div>\n\t\t\t\t\t<\/div>\n\t\t\t\t<\/div>\n\t\t<div class=\"elementor-element elementor-element-b78dc90 e-grid e-con-boxed e-con e-parent\" data-id=\"b78dc90\" data-element_type=\"container\" data-e-type=\"container\">\n\t\t\t\t\t<div class=\"e-con-inner\">\n\t\t\t\t<div class=\"elementor-element elementor-element-ae24113 elementor-widget elementor-widget-image\" data-id=\"ae24113\" data-element_type=\"widget\" data-e-type=\"widget\" data-widget_type=\"image.default\">\n\t\t\t\t<div class=\"elementor-widget-container\">\n\t\t\t\t\t\t\t\t\t\t\t\t\t\t\t\t<a href=\"https:\/\/www.pure-motivation.ch\/wordpress\/yoga-en-entreprise\/\">\n\t\t\t\t\t\t\t<img decoding=\"async\" width=\"300\" height=\"199\" src=\"https:\/\/www.pure-motivation.ch\/wordpress\/wp-content\/uploads\/2024\/11\/yoga-entreprise-300x199.png\" class=\"elementor-animation-grow attachment-medium size-medium wp-image-2051\" alt=\"\" srcset=\"https:\/\/www.pure-motivation.ch\/wordpress\/wp-content\/uploads\/2024\/11\/yoga-entreprise-300x199.png 300w, https:\/\/www.pure-motivation.ch\/wordpress\/wp-content\/uploads\/2024\/11\/yoga-entreprise.png 440w\" sizes=\"(max-width: 300px) 100vw, 300px\" \/>\t\t\t\t\t\t\t\t<\/a>\n\t\t\t\t\t\t\t\t\t\t\t\t\t\t\t<\/div>\n\t\t\t\t<\/div>\n\t\t\t\t<div class=\"elementor-element elementor-element-28ff763 elementor-widget elementor-widget-image\" data-id=\"28ff763\" data-element_type=\"widget\" data-e-type=\"widget\" data-widget_type=\"image.default\">\n\t\t\t\t<div class=\"elementor-widget-container\">\n\t\t\t\t\t\t\t\t\t\t\t\t\t\t\t\t<a href=\"https:\/\/www.pure-motivation.ch\/wordpress\/seminaires-bien-etre-en-entreprise\/\">\n\t\t\t\t\t\t\t<img decoding=\"async\" width=\"300\" height=\"201\" src=\"https:\/\/www.pure-motivation.ch\/wordpress\/wp-content\/uploads\/2024\/11\/seminaire-entreprise-300x201.png\" class=\"elementor-animation-grow attachment-medium size-medium wp-image-2050\" alt=\"\" srcset=\"https:\/\/www.pure-motivation.ch\/wordpress\/wp-content\/uploads\/2024\/11\/seminaire-entreprise-300x201.png 300w, https:\/\/www.pure-motivation.ch\/wordpress\/wp-content\/uploads\/2024\/11\/seminaire-entreprise.png 440w\" sizes=\"(max-width: 300px) 100vw, 300px\" \/>\t\t\t\t\t\t\t\t<\/a>\n\t\t\t\t\t\t\t\t\t\t\t\t\t\t\t<\/div>\n\t\t\t\t<\/div>\n\t\t\t\t<div class=\"elementor-element elementor-element-565e316 elementor-widget elementor-widget-image\" data-id=\"565e316\" data-element_type=\"widget\" data-e-type=\"widget\" data-widget_type=\"image.default\">\n\t\t\t\t<div class=\"elementor-widget-container\">\n\t\t\t\t\t\t\t\t\t\t\t\t\t\t\t\t<a href=\"https:\/\/www.pure-motivation.ch\/wordpress\/massages-en-entreprise\/\">\n\t\t\t\t\t\t\t<img loading=\"lazy\" decoding=\"async\" width=\"809\" height=\"540\" src=\"https:\/\/www.pure-motivation.ch\/wordpress\/wp-content\/uploads\/2025\/03\/Massages-en-Entreprise.png\" class=\"elementor-animation-grow attachment-large size-large wp-image-3884\" alt=\"\" srcset=\"https:\/\/www.pure-motivation.ch\/wordpress\/wp-content\/uploads\/2025\/03\/Massages-en-Entreprise.png 938w, https:\/\/www.pure-motivation.ch\/wordpress\/wp-content\/uploads\/2025\/03\/Massages-en-Entreprise-300x200.png 300w, https:\/\/www.pure-motivation.ch\/wordpress\/wp-content\/uploads\/2025\/03\/Massages-en-Entreprise-768x513.png 768w, https:\/\/www.pure-motivation.ch\/wordpress\/wp-content\/uploads\/2025\/03\/Massages-en-Entreprise-476x318.png 476w\" sizes=\"(max-width: 809px) 100vw, 809px\" \/>\t\t\t\t\t\t\t\t<\/a>\n\t\t\t\t\t\t\t\t\t\t\t\t\t\t\t<\/div>\n\t\t\t\t<\/div>\n\t\t\t\t\t<\/div>\n\t\t\t\t<\/div>\n\t\t\t\t<\/div>\n\t\t","protected":false},"excerpt":{"rendered":"<p>Coaching sportif en entreprise Boostez le bien-\u00eatre et la productivit\u00e9 de vos \u00e9quipes Depuis plus de 10 ans,\u00a0Pure Motivation\u00a0accompagne les entreprises en proposant des\u00a0cours de coaching sportif. Nos s\u00e9ances sont con\u00e7ues pour r\u00e9pondre aux besoins des collaborateurs en qu\u00eate de bien-\u00eatre, d\u2019\u00e9nergie et de performance au travail. Que ce soit \u2026<\/p>\n","protected":false},"author":1,"featured_media":2090,"parent":0,"menu_order":0,"comment_status":"closed","ping_status":"closed","template":"","meta":{"footnotes":""},"class_list":["post-2063","page","type-page","status-publish","has-post-thumbnail","hentry"],"yoast_head":"<!-- This site is optimized with the Yoast SEO plugin v21.5 - https:\/\/yoast.com\/wordpress\/plugins\/seo\/ -->\n<title>Coaching en entreprise - Pure Motivation<\/title>\n<meta name=\"robots\" content=\"index, follow, max-snippet:-1, max-image-preview:large, max-video-preview:-1\" \/>\n<link rel=\"canonical\" href=\"https:\/\/www.pure-motivation.ch\/wordpress\/coaching-en-entreprise\/\" \/>\n<meta property=\"og:locale\" content=\"fr_FR\" \/>\n<meta property=\"og:type\" content=\"article\" \/>\n<meta property=\"og:title\" content=\"Coaching en entreprise - Pure Motivation\" \/>\n<meta property=\"og:description\" content=\"Coaching sportif en entreprise Boostez le bien-\u00eatre et la productivit\u00e9 de vos \u00e9quipes Depuis plus de 10 ans,\u00a0Pure Motivation\u00a0accompagne les entreprises en proposant des\u00a0cours de coaching sportif. Nos s\u00e9ances sont con\u00e7ues pour r\u00e9pondre aux besoins des collaborateurs en qu\u00eate de bien-\u00eatre, d\u2019\u00e9nergie et de performance au travail. Que ce soit \u2026\" \/>\n<meta property=\"og:url\" content=\"https:\/\/www.pure-motivation.ch\/wordpress\/coaching-en-entreprise\/\" \/>\n<meta property=\"og:site_name\" content=\"Pure Motivation\" \/>\n<meta property=\"article:publisher\" content=\"https:\/\/www.facebook.com\/puremotivationsuisse\" \/>\n<meta property=\"article:modified_time\" content=\"2025-03-07T13:43:44+00:00\" \/>\n<meta property=\"og:image\" content=\"https:\/\/www.pure-motivation.ch\/wordpress\/wp-content\/uploads\/2024\/11\/Capture-decran-2024-11-28-a-18.49.31-e1732816240154.png\" \/>\n\t<meta property=\"og:image:width\" content=\"1867\" \/>\n\t<meta property=\"og:image:height\" content=\"914\" \/>\n\t<meta property=\"og:image:type\" content=\"image\/png\" \/>\n<meta name=\"twitter:card\" content=\"summary_large_image\" \/>\n<meta name=\"twitter:label1\" content=\"Dur\u00e9e de lecture estim\u00e9e\" \/>\n\t<meta name=\"twitter:data1\" content=\"4 minutes\" \/>\n<script type=\"application\/ld+json\" class=\"yoast-schema-graph\">{\"@context\":\"https:\/\/schema.org\",\"@graph\":[{\"@type\":\"WebPage\",\"@id\":\"https:\/\/www.pure-motivation.ch\/wordpress\/coaching-en-entreprise\/\",\"url\":\"https:\/\/www.pure-motivation.ch\/wordpress\/coaching-en-entreprise\/\",\"name\":\"Coaching en entreprise - Pure Motivation\",\"isPartOf\":{\"@id\":\"https:\/\/www.pure-motivation.ch\/wordpress\/#website\"},\"datePublished\":\"2024-11-27T20:52:37+00:00\",\"dateModified\":\"2025-03-07T13:43:44+00:00\",\"breadcrumb\":{\"@id\":\"https:\/\/www.pure-motivation.ch\/wordpress\/coaching-en-entreprise\/#breadcrumb\"},\"inLanguage\":\"fr-FR\",\"potentialAction\":[{\"@type\":\"ReadAction\",\"target\":[\"https:\/\/www.pure-motivation.ch\/wordpress\/coaching-en-entreprise\/\"]}]},{\"@type\":\"BreadcrumbList\",\"@id\":\"https:\/\/www.pure-motivation.ch\/wordpress\/coaching-en-entreprise\/#breadcrumb\",\"itemListElement\":[{\"@type\":\"ListItem\",\"position\":1,\"name\":\"Accueil\",\"item\":\"https:\/\/www.pure-motivation.ch\/wordpress\/\"},{\"@type\":\"ListItem\",\"position\":2,\"name\":\"Coaching en entreprise\"}]},{\"@type\":\"WebSite\",\"@id\":\"https:\/\/www.pure-motivation.ch\/wordpress\/#website\",\"url\":\"https:\/\/www.pure-motivation.ch\/wordpress\/\",\"name\":\"Pure Motivation\",\"description\":\"Discover your true potential\",\"publisher\":{\"@id\":\"https:\/\/www.pure-motivation.ch\/wordpress\/#organization\"},\"potentialAction\":[{\"@type\":\"SearchAction\",\"target\":{\"@type\":\"EntryPoint\",\"urlTemplate\":\"https:\/\/www.pure-motivation.ch\/wordpress\/?s={search_term_string}\"},\"query-input\":\"required name=search_term_string\"}],\"inLanguage\":\"fr-FR\"},{\"@type\":\"Organization\",\"@id\":\"https:\/\/www.pure-motivation.ch\/wordpress\/#organization\",\"name\":\"Pure Motivation\",\"url\":\"https:\/\/www.pure-motivation.ch\/wordpress\/\",\"logo\":{\"@type\":\"ImageObject\",\"inLanguage\":\"fr-FR\",\"@id\":\"https:\/\/www.pure-motivation.ch\/wordpress\/#\/schema\/logo\/image\/\",\"url\":\"https:\/\/www.pure-motivation.ch\/wordpress\/wp-content\/uploads\/2026\/05\/logo-seul-pure-motivation.jpg\",\"contentUrl\":\"https:\/\/www.pure-motivation.ch\/wordpress\/wp-content\/uploads\/2026\/05\/logo-seul-pure-motivation.jpg\",\"width\":1240,\"height\":1240,\"caption\":\"Pure Motivation\"},\"image\":{\"@id\":\"https:\/\/www.pure-motivation.ch\/wordpress\/#\/schema\/logo\/image\/\"},\"sameAs\":[\"https:\/\/www.facebook.com\/puremotivationsuisse\",\"https:\/\/www.instagram.com\/puremotivationch\/\",\"https:\/\/www.youtube.com\/channel\/UC95XjhmapH_YQzEKZCLklOQ\"]}]}<\/script>\n<!-- \/ Yoast SEO plugin. -->","yoast_head_json":{"title":"Coaching en entreprise - Pure Motivation","robots":{"index":"index","follow":"follow","max-snippet":"max-snippet:-1","max-image-preview":"max-image-preview:large","max-video-preview":"max-video-preview:-1"},"canonical":"https:\/\/www.pure-motivation.ch\/wordpress\/coaching-en-entreprise\/","og_locale":"fr_FR","og_type":"article","og_title":"Coaching en entreprise - Pure Motivation","og_description":"Coaching sportif en entreprise Boostez le bien-\u00eatre et la productivit\u00e9 de vos \u00e9quipes Depuis plus de 10 ans,\u00a0Pure Motivation\u00a0accompagne les entreprises en proposant des\u00a0cours de coaching sportif. Nos s\u00e9ances sont con\u00e7ues pour r\u00e9pondre aux besoins des collaborateurs en qu\u00eate de bien-\u00eatre, d\u2019\u00e9nergie et de performance au travail. Que ce soit \u2026","og_url":"https:\/\/www.pure-motivation.ch\/wordpress\/coaching-en-entreprise\/","og_site_name":"Pure Motivation","article_publisher":"https:\/\/www.facebook.com\/puremotivationsuisse","article_modified_time":"2025-03-07T13:43:44+00:00","og_image":[{"width":1867,"height":914,"url":"https:\/\/www.pure-motivation.ch\/wordpress\/wp-content\/uploads\/2024\/11\/Capture-decran-2024-11-28-a-18.49.31-e1732816240154.png","type":"image\/png"}],"twitter_card":"summary_large_image","twitter_misc":{"Dur\u00e9e de lecture estim\u00e9e":"4 minutes"},"schema":{"@context":"https:\/\/schema.org","@graph":[{"@type":"WebPage","@id":"https:\/\/www.pure-motivation.ch\/wordpress\/coaching-en-entreprise\/","url":"https:\/\/www.pure-motivation.ch\/wordpress\/coaching-en-entreprise\/","name":"Coaching en entreprise - Pure Motivation","isPartOf":{"@id":"https:\/\/www.pure-motivation.ch\/wordpress\/#website"},"datePublished":"2024-11-27T20:52:37+00:00","dateModified":"2025-03-07T13:43:44+00:00","breadcrumb":{"@id":"https:\/\/www.pure-motivation.ch\/wordpress\/coaching-en-entreprise\/#breadcrumb"},"inLanguage":"fr-FR","potentialAction":[{"@type":"ReadAction","target":["https:\/\/www.pure-motivation.ch\/wordpress\/coaching-en-entreprise\/"]}]},{"@type":"BreadcrumbList","@id":"https:\/\/www.pure-motivation.ch\/wordpress\/coaching-en-entreprise\/#breadcrumb","itemListElement":[{"@type":"ListItem","position":1,"name":"Accueil","item":"https:\/\/www.pure-motivation.ch\/wordpress\/"},{"@type":"ListItem","position":2,"name":"Coaching en entreprise"}]},{"@type":"WebSite","@id":"https:\/\/www.pure-motivation.ch\/wordpress\/#website","url":"https:\/\/www.pure-motivation.ch\/wordpress\/","name":"Pure Motivation","description":"Discover your true potential","publisher":{"@id":"https:\/\/www.pure-motivation.ch\/wordpress\/#organization"},"potentialAction":[{"@type":"SearchAction","target":{"@type":"EntryPoint","urlTemplate":"https:\/\/www.pure-motivation.ch\/wordpress\/?s={search_term_string}"},"query-input":"required name=search_term_string"}],"inLanguage":"fr-FR"},{"@type":"Organization","@id":"https:\/\/www.pure-motivation.ch\/wordpress\/#organization","name":"Pure Motivation","url":"https:\/\/www.pure-motivation.ch\/wordpress\/","logo":{"@type":"ImageObject","inLanguage":"fr-FR","@id":"https:\/\/www.pure-motivation.ch\/wordpress\/#\/schema\/logo\/image\/","url":"https:\/\/www.pure-motivation.ch\/wordpress\/wp-content\/uploads\/2026\/05\/logo-seul-pure-motivation.jpg","contentUrl":"https:\/\/www.pure-motivation.ch\/wordpress\/wp-content\/uploads\/2026\/05\/logo-seul-pure-motivation.jpg","width":1240,"height":1240,"caption":"Pure Motivation"},"image":{"@id":"https:\/\/www.pure-motivation.ch\/wordpress\/#\/schema\/logo\/image\/"},"sameAs":["https:\/\/www.facebook.com\/puremotivationsuisse","https:\/\/www.instagram.com\/puremotivationch\/","https:\/\/www.youtube.com\/channel\/UC95XjhmapH_YQzEKZCLklOQ"]}]}},"_links":{"self":[{"href":"https:\/\/www.pure-motivation.ch\/wordpress\/wp-json\/wp\/v2\/pages\/2063","targetHints":{"allow":["GET"]}}],"collection":[{"href":"https:\/\/www.pure-motivation.ch\/wordpress\/wp-json\/wp\/v2\/pages"}],"about":[{"href":"https:\/\/www.pure-motivation.ch\/wordpress\/wp-json\/wp\/v2\/types\/page"}],"author":[{"embeddable":true,"href":"https:\/\/www.pure-motivation.ch\/wordpress\/wp-json\/wp\/v2\/users\/1"}],"replies":[{"embeddable":true,"href":"https:\/\/www.pure-motivation.ch\/wordpress\/wp-json\/wp\/v2\/comments?post=2063"}],"version-history":[{"count":34,"href":"https:\/\/www.pure-motivation.ch\/wordpress\/wp-json\/wp\/v2\/pages\/2063\/revisions"}],"predecessor-version":[{"id":3902,"href":"https:\/\/www.pure-motivation.ch\/wordpress\/wp-json\/wp\/v2\/pages\/2063\/revisions\/3902"}],"wp:featuredmedia":[{"embeddable":true,"href":"https:\/\/www.pure-motivation.ch\/wordpress\/wp-json\/wp\/v2\/media\/2090"}],"wp:attachment":[{"href":"https:\/\/www.pure-motivation.ch\/wordpress\/wp-json\/wp\/v2\/media?parent=2063"}],"curies":[{"name":"wp","href":"https:\/\/api.w.org\/{rel}","templated":true}]}}