{"id":2059,"date":"2024-11-27T21:44:00","date_gmt":"2024-11-27T20:44:00","guid":{"rendered":"https:\/\/www.pure-motivation.ch\/wordpress\/?page_id=2059"},"modified":"2025-03-07T14:44:40","modified_gmt":"2025-03-07T13:44:40","slug":"yoga-en-entreprise","status":"publish","type":"page","link":"https:\/\/www.pure-motivation.ch\/wordpress\/yoga-en-entreprise\/","title":{"rendered":"Yoga en entreprise"},"content":{"rendered":"\t\t<div data-elementor-type=\"wp-page\" data-elementor-id=\"2059\" class=\"elementor elementor-2059\">\n\t\t\t\t<div class=\"elementor-element elementor-element-079525b e-flex e-con-boxed e-con e-parent\" data-id=\"079525b\" data-element_type=\"container\">\n\t\t\t\t\t<div class=\"e-con-inner\">\n\t\t\t\t<div class=\"elementor-element elementor-element-2b4920d elementor-widget elementor-widget-heading\" data-id=\"2b4920d\" data-element_type=\"widget\" data-widget_type=\"heading.default\">\n\t\t\t\t<div class=\"elementor-widget-container\">\n\t\t\t<h2 class=\"elementor-heading-title elementor-size-default\">Yoga en entreprise<\/h2>\t\t<\/div>\n\t\t\t\t<\/div>\n\t\t\t\t\t<\/div>\n\t\t\t\t<\/div>\n\t\t<div class=\"elementor-element elementor-element-a78b803 e-flex e-con-boxed e-con e-parent\" data-id=\"a78b803\" data-element_type=\"container\">\n\t\t\t\t\t<div class=\"e-con-inner\">\n\t\t\t\t<div class=\"elementor-element elementor-element-2427587 elementor-widget elementor-widget-text-editor\" data-id=\"2427587\" data-element_type=\"widget\" data-widget_type=\"text-editor.default\">\n\t\t\t\t<div class=\"elementor-widget-container\">\n\t\t\t\t\t\t\t<p style=\"font-weight: 400;\"><strong>Les bienfaits du Yoga en entreprise<\/strong><\/p><p style=\"font-weight: 400;\">Pratiquer le Yoga sur le lieu de travail offre de nombreux avantages pour le bien-\u00eatre des collaborateurs. Voici les principaux bienfaits constat\u00e9s par les entreprises qui ont mis en place ces pratiques :<\/p><ul style=\"font-weight: 400;\"><li><strong>Am\u00e9lioration de la sant\u00e9 et du bien-\u00eatre<\/strong> : Une pratique r\u00e9guli\u00e8re contribue \u00e0 am\u00e9liorer la sant\u00e9 physique et mentale des employ\u00e9s, r\u00e9duisant les risques li\u00e9s au stress.<\/li><li><strong>Diminution du stress et de l&rsquo;anxi\u00e9t\u00e9<\/strong> : Le Yoga et la m\u00e9ditation permettent de g\u00e9rer les situations de stress quotidien, cr\u00e9ant ainsi un environnement de travail plus calme et harmonieux.<\/li><li><strong>Lib\u00e9ration des tensions musculaires<\/strong>\u00a0: Les postures et les exercices de respiration aident \u00e0 d\u00e9nouer les tensions accumul\u00e9es, notamment dans le dos, les \u00e9paules et le cou, zones particuli\u00e8rement sollicit\u00e9es dans un cadre professionnel.<\/li><li><strong>Am\u00e9lioration de la concentration<\/strong> : La pratique posturale et la m\u00e9ditation d\u00e9veloppent la concentration et la clart\u00e9 mentale, am\u00e9liorant la productivit\u00e9 et la prise de d\u00e9cision.<\/li><li><strong>Renforcement du syst\u00e8me immunitaire<\/strong> : En r\u00e9duisant le stress et en favorisant une meilleure circulation, le Yoga aide \u00e0 renforcer le syst\u00e8me immunitaire et \u00e0 pr\u00e9venir les maladies li\u00e9es \u00e0 la fatigue.<\/li><li><strong>Bonne coh\u00e9sion d&rsquo;\u00e9quipe<\/strong> : La pratique collective renforce la collaboration et l\u2019esprit d\u2019\u00e9quipe, cr\u00e9ant un environnement plus positif et ouvert \u00e0 la communication.<\/li><\/ul><p style=\"font-weight: 400;\">En somme, proposer des s\u00e9ances de Yoga \u00e0 vos \u00e9quipes permet de <strong>transformer la culture d\u2019entreprise<\/strong>, en mettant l\u2019accent sur le bien-\u00eatre des collaborateurs et la cr\u00e9ation d\u2019un environnement de travail plus sain et plus productif.<\/p>\t\t\t\t\t\t<\/div>\n\t\t\t\t<\/div>\n\t\t<div class=\"elementor-element elementor-element-4c02fd8 e-flex e-con-boxed e-con e-child\" data-id=\"4c02fd8\" data-element_type=\"container\">\n\t\t\t\t\t<div class=\"e-con-inner\">\n\t\t\t\t<div class=\"elementor-element elementor-element-2e3eea2 elementor-widget elementor-widget-image\" data-id=\"2e3eea2\" data-element_type=\"widget\" data-widget_type=\"image.default\">\n\t\t\t\t<div class=\"elementor-widget-container\">\n\t\t\t\t\t\t\t\t\t\t\t\t\t<img fetchpriority=\"high\" decoding=\"async\" width=\"1024\" height=\"636\" src=\"https:\/\/www.pure-motivation.ch\/wordpress\/wp-content\/uploads\/2024\/11\/Hatha-Yoga-en-entreprise-1024x636.png\" class=\"attachment-large size-large wp-image-2093\" alt=\"\" srcset=\"https:\/\/www.pure-motivation.ch\/wordpress\/wp-content\/uploads\/2024\/11\/Hatha-Yoga-en-entreprise-1024x636.png 1024w, https:\/\/www.pure-motivation.ch\/wordpress\/wp-content\/uploads\/2024\/11\/Hatha-Yoga-en-entreprise-300x186.png 300w, https:\/\/www.pure-motivation.ch\/wordpress\/wp-content\/uploads\/2024\/11\/Hatha-Yoga-en-entreprise-768x477.png 768w, https:\/\/www.pure-motivation.ch\/wordpress\/wp-content\/uploads\/2024\/11\/Hatha-Yoga-en-entreprise-1536x954.png 1536w, https:\/\/www.pure-motivation.ch\/wordpress\/wp-content\/uploads\/2024\/11\/Hatha-Yoga-en-entreprise-476x296.png 476w, https:\/\/www.pure-motivation.ch\/wordpress\/wp-content\/uploads\/2024\/11\/Hatha-Yoga-en-entreprise.png 1604w\" sizes=\"(max-width: 1024px) 100vw, 1024px\" \/>\t\t\t\t\t\t\t\t\t\t\t\t\t<\/div>\n\t\t\t\t<\/div>\n\t\t\t\t\t<\/div>\n\t\t\t\t<\/div>\n\t\t\t\t\t<\/div>\n\t\t\t\t<\/div>\n\t\t<div class=\"elementor-element elementor-element-ec8e759 e-flex e-con-boxed e-con e-parent\" data-id=\"ec8e759\" data-element_type=\"container\">\n\t\t\t\t\t<div class=\"e-con-inner\">\n\t\t\t\t<div class=\"elementor-element elementor-element-5eccab5 elementor-widget elementor-widget-text-editor\" data-id=\"5eccab5\" data-element_type=\"widget\" data-widget_type=\"text-editor.default\">\n\t\t\t\t<div class=\"elementor-widget-container\">\n\t\t\t\t\t\t\t<h3 style=\"font-weight: 400;\"><span style=\"color: #6ec1e4;\"><strong>Nos diff\u00e9rents types de cours de Yoga en entreprise<\/strong><\/span><\/h3><p style=\"font-weight: 400;\">Nous proposons des formules flexibles et adapt\u00e9es aux besoins sp\u00e9cifiques de chaque soci\u00e9t\u00e9. Voici les principales options disponibles :<\/p><ul style=\"font-weight: 400;\"><li><strong>Cours de Yoga hebdomadaires<\/strong> : Des s\u00e9ances r\u00e9guli\u00e8res pour int\u00e9grer le Yoga dans la routine des employ\u00e9s. Ces cours sont adapt\u00e9s \u00e0 tous les niveaux, du d\u00e9butant au pratiquant confirm\u00e9.<\/li><li><strong>Yoga sur chaise<\/strong>\u00a0: Id\u00e9al pour les environnements de bureau, cette pratique permet de r\u00e9aliser des exercices de relaxation et de renforcement musculaire sans avoir besoin de tapis ni de tenue sp\u00e9ciale.<\/li><li><strong>Yoga sur tapis<\/strong> : Pour ceux qui souhaitent aller plus loin dans la pratique, des s\u00e9ances de Yoga dynamiques ou restauratives, permettant de travailler en profondeur sur la souplesse, l\u2019\u00e9quilibre et la force.<\/li><li><strong>M\u00e9ditation et relaxation<\/strong>\u00a0: Des sessions de m\u00e9ditation guid\u00e9e et de relaxation profonde pour r\u00e9duire le stress, am\u00e9liorer la concentration et apporter un moment de s\u00e9r\u00e9nit\u00e9 au c\u0153ur de la journ\u00e9e de travail.<\/li><\/ul>\t\t\t\t\t\t<\/div>\n\t\t\t\t<\/div>\n\t\t\t\t\t<\/div>\n\t\t\t\t<\/div>\n\t\t<div class=\"elementor-element elementor-element-b105327 e-flex e-con-boxed e-con e-parent\" data-id=\"b105327\" data-element_type=\"container\">\n\t\t\t\t\t<div class=\"e-con-inner\">\n\t\t\t\t<div class=\"elementor-element elementor-element-68cb69f elementor-widget elementor-widget-text-editor\" data-id=\"68cb69f\" data-element_type=\"widget\" data-widget_type=\"text-editor.default\">\n\t\t\t\t<div class=\"elementor-widget-container\">\n\t\t\t\t\t\t\t<h3 style=\"font-weight: 400;\"><span style=\"color: #6ec1e4;\"><strong>Pourquoi choisir Pure Motivation pour vos cours de Yoga ?<\/strong><\/span><\/h3><p style=\"font-weight: 400;\">Avec pr\u00e8sque 10 ans d\u2019exp\u00e9rience dans l\u2019accompagnement d\u2019entreprises, <strong>Pure Motivation<\/strong> offre une approche sur-mesure pour r\u00e9pondre aux besoins sp\u00e9cifiques de votre soci\u00e9t\u00e9. Nous mettons en place des programmes de cours qui respectent vos contraintes d\u2019espace et de temps, tout en apportant des b\u00e9n\u00e9fices tangibles pour vos collaborateurs.<\/p><p style=\"font-weight: 400;\">Notre \u00e9quipe d\u2019instructeurs qualifi\u00e9s saura cr\u00e9er un programme adapt\u00e9 \u00e0 la culture de votre entreprise et aux attentes de vos \u00e9quipes, en garantissant une exp\u00e9rience positive et b\u00e9n\u00e9fique pour tous.<\/p><p style=\"font-weight: 400;\"><strong>Offrez \u00e0 vos collaborateurs l\u2019opportunit\u00e9 de se d\u00e9tendre, de se ressourcer et de revenir au travail avec plus d\u2019\u00e9nergie et de concentration.<\/strong><\/p>\t\t\t\t\t\t<\/div>\n\t\t\t\t<\/div>\n\t\t\t\t\t<\/div>\n\t\t\t\t<\/div>\n\t\t<div class=\"elementor-element elementor-element-b964d2a e-flex e-con-boxed e-con e-parent\" data-id=\"b964d2a\" data-element_type=\"container\">\n\t\t\t\t\t<div class=\"e-con-inner\">\n\t\t\t\t<div class=\"elementor-element elementor-element-17e78c6 elementor-widget elementor-widget-text-editor\" data-id=\"17e78c6\" data-element_type=\"widget\" data-widget_type=\"text-editor.default\">\n\t\t\t\t<div class=\"elementor-widget-container\">\n\t\t\t\t\t\t\t<h3><span style=\"color: #6ec1e4;\"><strong>Nos diff\u00e9rentes formules de cours de Yoga en entreprise<\/strong><\/span><\/h3><p><strong>Pure Motivation<\/strong> propose des formules flexibles pour r\u00e9pondre \u00e0 vos besoins :<\/p><ul><li><p><strong>Cours ponctuels<\/strong> : S\u00e9ances uniques adapt\u00e9es \u00e0 vos besoins imm\u00e9diats, pour aborder des th\u00e8mes sp\u00e9cifiques ou organiser des \u00e9v\u00e9nements bien-\u00eatre.<\/p><\/li><li><p><strong>Cours trimestriels<\/strong> : S\u00e9ances hebdomadaires organis\u00e9es sur 3 mois, id\u00e9ales pour maintenir un engagement constant et mesurer les progr\u00e8s au fil du temps.<\/p><\/li><li><p><strong>Cours semestriels<\/strong> : Un programme de s\u00e9ances hebdomadaires r\u00e9parties sur 6 mois, pour soutenir la dynamique de groupe et ajuster les objectifs en fonction des besoins de vos \u00e9quipes.<\/p><\/li><li><p><strong>Cours annuels<\/strong> : Un suivi sur toute l&rsquo;ann\u00e9e avec des s\u00e9ances hebdomadaires, pour int\u00e9grer durablement le bien-\u00eatre au travail et accompagner vos collaborateurs dans une d\u00e9marche de progr\u00e8s continu.<\/p><\/li><\/ul><p>Les cours peuvent \u00eatre de <strong>1h<\/strong>, \u00a0de <strong>1h30<\/strong>, ou bien se d\u00e9rouler en <strong>2 sessions d\u20191h<\/strong> cons\u00e9cutives, selon vos pr\u00e9f\u00e9rences et vos contraintes d\u2019emploi du temps.<\/p>\t\t\t\t\t\t<\/div>\n\t\t\t\t<\/div>\n\t\t\t\t\t<\/div>\n\t\t\t\t<\/div>\n\t\t<div class=\"elementor-element elementor-element-2a212d1 e-flex e-con-boxed e-con e-parent\" data-id=\"2a212d1\" data-element_type=\"container\">\n\t\t\t\t\t<div class=\"e-con-inner\">\n\t\t\t\t<div class=\"elementor-element elementor-element-5953d41 elementor-widget elementor-widget-heading\" data-id=\"5953d41\" data-element_type=\"widget\" data-widget_type=\"heading.default\">\n\t\t\t\t<div class=\"elementor-widget-container\">\n\t\t\t<h2 class=\"elementor-heading-title elementor-size-default\">Tarifs sur demande \n<\/h2>\t\t<\/div>\n\t\t\t\t<\/div>\n\t\t\t\t\t<\/div>\n\t\t\t\t<\/div>\n\t\t<div class=\"elementor-element elementor-element-b841d31 e-flex e-con-boxed e-con e-parent\" data-id=\"b841d31\" data-element_type=\"container\">\n\t\t\t\t\t<div class=\"e-con-inner\">\n\t\t\t\t<div class=\"elementor-element elementor-element-1703ab4 elementor-widget elementor-widget-text-editor\" data-id=\"1703ab4\" data-element_type=\"widget\" data-widget_type=\"text-editor.default\">\n\t\t\t\t<div class=\"elementor-widget-container\">\n\t\t\t\t\t\t\t<p><strong>Vous pourriez aussi \u00eatre int\u00e9ress\u00e9s par les prestations en entreprise suivantes :\u00a0<\/strong><\/p>\t\t\t\t\t\t<\/div>\n\t\t\t\t<\/div>\n\t\t\t\t\t<\/div>\n\t\t\t\t<\/div>\n\t\t<div class=\"elementor-element elementor-element-c287a32 e-grid e-con-boxed e-con e-parent\" data-id=\"c287a32\" data-element_type=\"container\">\n\t\t\t\t\t<div class=\"e-con-inner\">\n\t\t\t\t<div class=\"elementor-element elementor-element-ce122c4 elementor-widget elementor-widget-image\" data-id=\"ce122c4\" data-element_type=\"widget\" data-widget_type=\"image.default\">\n\t\t\t\t<div class=\"elementor-widget-container\">\n\t\t\t\t\t\t\t\t\t\t\t\t\t\t<a href=\"https:\/\/www.pure-motivation.ch\/wordpress\/coaching-en-entreprise\/\">\n\t\t\t\t\t\t\t<img decoding=\"async\" width=\"300\" height=\"200\" src=\"https:\/\/www.pure-motivation.ch\/wordpress\/wp-content\/uploads\/2024\/11\/Coachin-sportif-entreprise-300x200.png\" class=\"elementor-animation-grow attachment-medium size-medium wp-image-2049\" alt=\"\" srcset=\"https:\/\/www.pure-motivation.ch\/wordpress\/wp-content\/uploads\/2024\/11\/Coachin-sportif-entreprise-300x200.png 300w, https:\/\/www.pure-motivation.ch\/wordpress\/wp-content\/uploads\/2024\/11\/Coachin-sportif-entreprise.png 437w\" sizes=\"(max-width: 300px) 100vw, 300px\" \/>\t\t\t\t\t\t\t\t<\/a>\n\t\t\t\t\t\t\t\t\t\t\t\t\t<\/div>\n\t\t\t\t<\/div>\n\t\t\t\t<div class=\"elementor-element elementor-element-a1b2e13 elementor-widget elementor-widget-image\" data-id=\"a1b2e13\" data-element_type=\"widget\" data-widget_type=\"image.default\">\n\t\t\t\t<div class=\"elementor-widget-container\">\n\t\t\t\t\t\t\t\t\t\t\t\t\t\t<a href=\"https:\/\/www.pure-motivation.ch\/wordpress\/seminaires-bien-etre-en-entreprise\/\">\n\t\t\t\t\t\t\t<img decoding=\"async\" width=\"300\" height=\"201\" src=\"https:\/\/www.pure-motivation.ch\/wordpress\/wp-content\/uploads\/2024\/11\/seminaire-entreprise-300x201.png\" class=\"elementor-animation-grow attachment-medium size-medium wp-image-2050\" alt=\"\" srcset=\"https:\/\/www.pure-motivation.ch\/wordpress\/wp-content\/uploads\/2024\/11\/seminaire-entreprise-300x201.png 300w, https:\/\/www.pure-motivation.ch\/wordpress\/wp-content\/uploads\/2024\/11\/seminaire-entreprise.png 440w\" sizes=\"(max-width: 300px) 100vw, 300px\" \/>\t\t\t\t\t\t\t\t<\/a>\n\t\t\t\t\t\t\t\t\t\t\t\t\t<\/div>\n\t\t\t\t<\/div>\n\t\t\t\t<div class=\"elementor-element elementor-element-c184c72 elementor-widget elementor-widget-image\" data-id=\"c184c72\" data-element_type=\"widget\" data-widget_type=\"image.default\">\n\t\t\t\t<div class=\"elementor-widget-container\">\n\t\t\t\t\t\t\t\t\t\t\t\t\t\t<a href=\"https:\/\/www.pure-motivation.ch\/wordpress\/massages-en-entreprise\/\">\n\t\t\t\t\t\t\t<img loading=\"lazy\" decoding=\"async\" width=\"938\" height=\"626\" src=\"https:\/\/www.pure-motivation.ch\/wordpress\/wp-content\/uploads\/2025\/03\/Massages-en-Entreprise.png\" class=\"elementor-animation-grow attachment-large size-large wp-image-3884\" alt=\"\" srcset=\"https:\/\/www.pure-motivation.ch\/wordpress\/wp-content\/uploads\/2025\/03\/Massages-en-Entreprise.png 938w, https:\/\/www.pure-motivation.ch\/wordpress\/wp-content\/uploads\/2025\/03\/Massages-en-Entreprise-300x200.png 300w, https:\/\/www.pure-motivation.ch\/wordpress\/wp-content\/uploads\/2025\/03\/Massages-en-Entreprise-768x513.png 768w, https:\/\/www.pure-motivation.ch\/wordpress\/wp-content\/uploads\/2025\/03\/Massages-en-Entreprise-476x318.png 476w\" sizes=\"(max-width: 938px) 100vw, 938px\" \/>\t\t\t\t\t\t\t\t<\/a>\n\t\t\t\t\t\t\t\t\t\t\t\t\t<\/div>\n\t\t\t\t<\/div>\n\t\t\t\t\t<\/div>\n\t\t\t\t<\/div>\n\t\t\t\t<\/div>\n\t\t","protected":false},"excerpt":{"rendered":"<p>Yoga en entreprise Les bienfaits du Yoga en entreprise Pratiquer le Yoga sur le lieu de travail offre de nombreux avantages pour le bien-\u00eatre des collaborateurs. Voici les principaux bienfaits constat\u00e9s par les entreprises qui ont mis en place ces pratiques : Am\u00e9lioration de la sant\u00e9 et du bien-\u00eatre : \u2026<\/p>\n","protected":false},"author":1,"featured_media":2119,"parent":0,"menu_order":0,"comment_status":"closed","ping_status":"closed","template":"","meta":{"footnotes":""},"class_list":["post-2059","page","type-page","status-publish","has-post-thumbnail","hentry"],"_links":{"self":[{"href":"https:\/\/www.pure-motivation.ch\/wordpress\/wp-json\/wp\/v2\/pages\/2059","targetHints":{"allow":["GET"]}}],"collection":[{"href":"https:\/\/www.pure-motivation.ch\/wordpress\/wp-json\/wp\/v2\/pages"}],"about":[{"href":"https:\/\/www.pure-motivation.ch\/wordpress\/wp-json\/wp\/v2\/types\/page"}],"author":[{"embeddable":true,"href":"https:\/\/www.pure-motivation.ch\/wordpress\/wp-json\/wp\/v2\/users\/1"}],"replies":[{"embeddable":true,"href":"https:\/\/www.pure-motivation.ch\/wordpress\/wp-json\/wp\/v2\/comments?post=2059"}],"version-history":[{"count":42,"href":"https:\/\/www.pure-motivation.ch\/wordpress\/wp-json\/wp\/v2\/pages\/2059\/revisions"}],"predecessor-version":[{"id":3905,"href":"https:\/\/www.pure-motivation.ch\/wordpress\/wp-json\/wp\/v2\/pages\/2059\/revisions\/3905"}],"wp:featuredmedia":[{"embeddable":true,"href":"https:\/\/www.pure-motivation.ch\/wordpress\/wp-json\/wp\/v2\/media\/2119"}],"wp:attachment":[{"href":"https:\/\/www.pure-motivation.ch\/wordpress\/wp-json\/wp\/v2\/media?parent=2059"}],"curies":[{"name":"wp","href":"https:\/\/api.w.org\/{rel}","templated":true}]}}