{"id":2044,"date":"2024-11-27T10:15:29","date_gmt":"2024-11-27T09:15:29","guid":{"rendered":"https:\/\/www.pure-motivation.ch\/wordpress\/?page_id=2044"},"modified":"2025-03-07T12:23:53","modified_gmt":"2025-03-07T11:23:53","slug":"corporate","status":"publish","type":"page","link":"https:\/\/www.pure-motivation.ch\/wordpress\/corporate\/","title":{"rendered":"Corporate"},"content":{"rendered":"\t\t<div data-elementor-type=\"wp-page\" data-elementor-id=\"2044\" class=\"elementor elementor-2044\">\n\t\t\t\t<div class=\"elementor-element elementor-element-e93fb06 e-flex e-con-boxed e-con e-parent\" data-id=\"e93fb06\" data-element_type=\"container\">\n\t\t\t\t\t<div class=\"e-con-inner\">\n\t\t\t\t<div class=\"elementor-element elementor-element-4ee4e02 elementor-widget elementor-widget-heading\" data-id=\"4ee4e02\" data-element_type=\"widget\" data-widget_type=\"heading.default\">\n\t\t\t\t<div class=\"elementor-widget-container\">\n\t\t\t<h2 class=\"elementor-heading-title elementor-size-default\">Prestations en entreprise sur Gen\u00e8ve - Vaud - Valais<\/h2>\t\t<\/div>\n\t\t\t\t<\/div>\n\t\t\t\t\t<\/div>\n\t\t\t\t<\/div>\n\t\t<div class=\"elementor-element elementor-element-3c384eb e-flex e-con-boxed e-con e-parent\" data-id=\"3c384eb\" data-element_type=\"container\">\n\t\t\t\t\t<div class=\"e-con-inner\">\n\t\t\t\t<div class=\"elementor-element elementor-element-800a397 elementor-widget elementor-widget-text-editor\" data-id=\"800a397\" data-element_type=\"widget\" data-widget_type=\"text-editor.default\">\n\t\t\t\t<div class=\"elementor-widget-container\">\n\t\t\t\t\t\t\t<p style=\"font-weight: 400;\"><strong>Am\u00e9liorez le bien-\u00eatre au travail<\/strong><\/p><p style=\"font-weight: 400;\">Depuis 2016, <strong>Pure Motivation<\/strong> se sp\u00e9cialise dans l&rsquo;organisation de cours et s\u00e9minaires en entreprise. Nous avons accompagn\u00e9 de nombreux clients dans la mise en place de pratiques de yoga, de m\u00e9ditation et de coaching sportif sur le lieu de travail, contribuant \u00e0 am\u00e9liorer la qualit\u00e9 de vie de leurs employ\u00e9s.<\/p><p style=\"font-weight: 400;\">Dans un environnement professionnel de plus en plus exigeant, le bien-\u00eatre des collaborateurs devient une priorit\u00e9. Les cours en entreprise sont des outils pr\u00e9cieux pour r\u00e9duire le stress, am\u00e9liorer la concentration et favoriser un environnement de travail plus serein et productif.<\/p>\t\t\t\t\t\t<\/div>\n\t\t\t\t<\/div>\n\t\t\t\t\t<\/div>\n\t\t\t\t<\/div>\n\t\t<div class=\"elementor-element elementor-element-4bc10ef e-flex e-con-boxed e-con e-parent\" data-id=\"4bc10ef\" data-element_type=\"container\">\n\t\t\t\t\t<div class=\"e-con-inner\">\n\t\t\t\t<div class=\"elementor-element elementor-element-37e56bf elementor-widget elementor-widget-text-editor\" data-id=\"37e56bf\" data-element_type=\"widget\" data-widget_type=\"text-editor.default\">\n\t\t\t\t<div class=\"elementor-widget-container\">\n\t\t\t\t\t\t\t<h3 style=\"font-weight: 400;\"><span style=\"color: #6ec1e4;\"><strong>Pourquoi proposer des cours en entreprise ?<\/strong><\/span><\/h3><p style=\"font-weight: 400;\">Le monde professionnel d\u2019aujourd\u2019hui exige des employ\u00e9s de plus en plus de productivit\u00e9 et de performance.<\/p><p style=\"font-weight: 400;\">Le stress au travail est une r\u00e9alit\u00e9 de plus en plus r\u00e9pandue, avec des cons\u00e9quences importantes sur la sant\u00e9 physique et mentale des employ\u00e9s. L\u2019anxi\u00e9t\u00e9, les troubles du sommeil, les tensions physiques et le burn-out sont des probl\u00e8mes qui touchent de nombreuses personnes dans le milieu professionnel.<\/p><p style=\"font-weight: 400;\">Un manque d\u2019activit\u00e9 physique peut entra\u00eener une baisse de motivation, un stress accru et des probl\u00e8mes de sant\u00e9. Nos prestations en entreprise sont une r\u00e9ponse simple et efficace \u00e0 ces enjeux et permettent de :<\/p><ul style=\"font-weight: 400;\"><li><strong>R\u00e9duire le stress et am\u00e9liorer le bien-\u00eatre<\/strong>\u00a0: L\u2019activit\u00e9 physique active la production d\u2019endorphines, les hormones du bonheur, ce qui permet de r\u00e9duire le stress, d\u2019augmenter l\u2019\u00e9nergie et de favoriser un meilleur \u00e9quilibre \u00e9motionnel.<\/li><li><strong>Renforcer la sant\u00e9 physique et mentale<\/strong>\u00a0: Une pratique corporelle permet d\u2019am\u00e9liorer la forme g\u00e9n\u00e9rale des employ\u00e9s, de pr\u00e9venir les douleurs li\u00e9es \u00e0 une posture prolong\u00e9e (dos, cervicales) et de renforcer leur r\u00e9sistance au stress.<\/li><li><strong>Am\u00e9liorer la productivit\u00e9<\/strong>\u00a0: Une \u00e9quipe en forme et d\u00e9tendue est une \u00e9quipe plus concentr\u00e9e, plus motiv\u00e9e et plus performante. L\u2019activit\u00e9 physique contribue \u00e0 accro\u00eetre l\u2019\u00e9nergie et la concentration au travail.<\/li><li><strong>Favoriser la coh\u00e9sion d\u2019\u00e9quipe<\/strong>\u00a0: En pratiquant ensemble, vos collaborateurs renforcent leurs liens, d\u00e9veloppent un esprit de solidarit\u00e9 et d\u2019entraide, ce qui am\u00e9liore la communication et la collaboration au sein de l\u2019entreprise<\/li><\/ul>\t\t\t\t\t\t<\/div>\n\t\t\t\t<\/div>\n\t\t\t\t\t<\/div>\n\t\t\t\t<\/div>\n\t\t<div class=\"elementor-element elementor-element-72f03db e-flex e-con-boxed e-con e-parent\" data-id=\"72f03db\" data-element_type=\"container\">\n\t\t\t\t\t<div class=\"e-con-inner\">\n\t\t\t\t<div class=\"elementor-element elementor-element-0aeb367 elementor-widget elementor-widget-text-editor\" data-id=\"0aeb367\" data-element_type=\"widget\" data-widget_type=\"text-editor.default\">\n\t\t\t\t<div class=\"elementor-widget-container\">\n\t\t\t\t\t\t\t<h3 style=\"font-weight: 400;\"><span style=\"color: #6ec1e4;\">\u00a0<strong>\u00c9quipement n\u00e9cessaire pour les cours en entreprise<\/strong><\/span><\/h3><p style=\"font-weight: 400;\">L\u2019un des grands avantages du Yoga et du coaching sportif en entreprise est leur flexibilit\u00e9 d\u2019installation.<\/p><p style=\"font-weight: 400;\">Il suffit de disposer d\u2019un espace adapt\u00e9 pour pratiquer. Cela peut \u00eatre :<\/p><ul style=\"font-weight: 400;\"><li>Un bureau<\/li><li>Une salle de r\u00e9union<\/li><li>Une caf\u00e9t\u00e9ria<\/li><li>Un hall ou un espace commun<\/li><li>Une salle \u00e0 proximit\u00e9 de vos locaux<\/li><\/ul>\t\t\t\t\t\t<\/div>\n\t\t\t\t<\/div>\n\t\t\t\t\t<\/div>\n\t\t\t\t<\/div>\n\t\t<div class=\"elementor-element elementor-element-1efaec0 e-flex e-con-boxed e-con e-parent\" data-id=\"1efaec0\" data-element_type=\"container\">\n\t\t\t\t\t<div class=\"e-con-inner\">\n\t\t\t\t<div class=\"elementor-element elementor-element-d27fea8 elementor-widget elementor-widget-text-editor\" data-id=\"d27fea8\" data-element_type=\"widget\" data-widget_type=\"text-editor.default\">\n\t\t\t\t<div class=\"elementor-widget-container\">\n\t\t\t\t\t\t\t<p><strong>Pour plus de d\u00e9tails sur nos prestations, cliquez sur les liens suivants :<\/strong><\/p>\t\t\t\t\t\t<\/div>\n\t\t\t\t<\/div>\n\t\t\t\t\t<\/div>\n\t\t\t\t<\/div>\n\t\t<div class=\"elementor-element elementor-element-6b347df e-grid e-con-boxed e-con e-parent\" data-id=\"6b347df\" data-element_type=\"container\">\n\t\t\t\t\t<div class=\"e-con-inner\">\n\t\t\t\t<div class=\"elementor-element elementor-element-a682ec4 elementor-widget elementor-widget-image\" data-id=\"a682ec4\" data-element_type=\"widget\" data-widget_type=\"image.default\">\n\t\t\t\t<div class=\"elementor-widget-container\">\n\t\t\t\t\t\t\t\t\t\t\t\t\t\t<a href=\"https:\/\/www.pure-motivation.ch\/wordpress\/yoga-en-entreprise\/\">\n\t\t\t\t\t\t\t<img fetchpriority=\"high\" decoding=\"async\" width=\"440\" height=\"292\" src=\"https:\/\/www.pure-motivation.ch\/wordpress\/wp-content\/uploads\/2024\/11\/yoga-entreprise.png\" class=\"elementor-animation-grow attachment-large size-large wp-image-2051\" alt=\"\" srcset=\"https:\/\/www.pure-motivation.ch\/wordpress\/wp-content\/uploads\/2024\/11\/yoga-entreprise.png 440w, https:\/\/www.pure-motivation.ch\/wordpress\/wp-content\/uploads\/2024\/11\/yoga-entreprise-300x199.png 300w\" sizes=\"(max-width: 440px) 100vw, 440px\" \/>\t\t\t\t\t\t\t\t<\/a>\n\t\t\t\t\t\t\t\t\t\t\t\t\t<\/div>\n\t\t\t\t<\/div>\n\t\t\t\t<div class=\"elementor-element elementor-element-0d6bb44 elementor-widget elementor-widget-image\" data-id=\"0d6bb44\" data-element_type=\"widget\" data-widget_type=\"image.default\">\n\t\t\t\t<div class=\"elementor-widget-container\">\n\t\t\t\t\t\t\t\t\t\t\t\t\t\t<a href=\"https:\/\/www.pure-motivation.ch\/wordpress\/coaching-en-entreprise\/\">\n\t\t\t\t\t\t\t<img decoding=\"async\" width=\"437\" height=\"291\" src=\"https:\/\/www.pure-motivation.ch\/wordpress\/wp-content\/uploads\/2024\/11\/Coachin-sportif-entreprise.png\" class=\"elementor-animation-grow attachment-large size-large wp-image-2049\" alt=\"\" srcset=\"https:\/\/www.pure-motivation.ch\/wordpress\/wp-content\/uploads\/2024\/11\/Coachin-sportif-entreprise.png 437w, https:\/\/www.pure-motivation.ch\/wordpress\/wp-content\/uploads\/2024\/11\/Coachin-sportif-entreprise-300x200.png 300w\" sizes=\"(max-width: 437px) 100vw, 437px\" \/>\t\t\t\t\t\t\t\t<\/a>\n\t\t\t\t\t\t\t\t\t\t\t\t\t<\/div>\n\t\t\t\t<\/div>\n\t\t\t\t<div class=\"elementor-element elementor-element-85bd928 elementor-widget elementor-widget-image\" data-id=\"85bd928\" data-element_type=\"widget\" data-widget_type=\"image.default\">\n\t\t\t\t<div class=\"elementor-widget-container\">\n\t\t\t\t\t\t\t\t\t\t\t\t\t\t<a href=\"https:\/\/www.pure-motivation.ch\/wordpress\/seminaires-bien-etre-en-entreprise\/\">\n\t\t\t\t\t\t\t<img decoding=\"async\" width=\"440\" height=\"295\" src=\"https:\/\/www.pure-motivation.ch\/wordpress\/wp-content\/uploads\/2024\/11\/seminaire-entreprise.png\" class=\"elementor-animation-grow attachment-large size-large wp-image-2050\" alt=\"\" srcset=\"https:\/\/www.pure-motivation.ch\/wordpress\/wp-content\/uploads\/2024\/11\/seminaire-entreprise.png 440w, https:\/\/www.pure-motivation.ch\/wordpress\/wp-content\/uploads\/2024\/11\/seminaire-entreprise-300x201.png 300w\" sizes=\"(max-width: 440px) 100vw, 440px\" \/>\t\t\t\t\t\t\t\t<\/a>\n\t\t\t\t\t\t\t\t\t\t\t\t\t<\/div>\n\t\t\t\t<\/div>\n\t\t\t\t<div class=\"elementor-element elementor-element-bbd01c1 elementor-widget elementor-widget-image\" data-id=\"bbd01c1\" data-element_type=\"widget\" data-widget_type=\"image.default\">\n\t\t\t\t<div class=\"elementor-widget-container\">\n\t\t\t\t\t\t\t\t\t\t\t\t\t\t<a href=\"https:\/\/www.pure-motivation.ch\/wordpress\/massages-en-entreprise\/\">\n\t\t\t\t\t\t\t<img loading=\"lazy\" decoding=\"async\" width=\"938\" height=\"626\" src=\"https:\/\/www.pure-motivation.ch\/wordpress\/wp-content\/uploads\/2025\/03\/Massages-en-Entreprise.png\" class=\"elementor-animation-grow attachment-large size-large wp-image-3884\" alt=\"\" srcset=\"https:\/\/www.pure-motivation.ch\/wordpress\/wp-content\/uploads\/2025\/03\/Massages-en-Entreprise.png 938w, https:\/\/www.pure-motivation.ch\/wordpress\/wp-content\/uploads\/2025\/03\/Massages-en-Entreprise-300x200.png 300w, https:\/\/www.pure-motivation.ch\/wordpress\/wp-content\/uploads\/2025\/03\/Massages-en-Entreprise-768x513.png 768w, https:\/\/www.pure-motivation.ch\/wordpress\/wp-content\/uploads\/2025\/03\/Massages-en-Entreprise-476x318.png 476w\" sizes=\"(max-width: 938px) 100vw, 938px\" \/>\t\t\t\t\t\t\t\t<\/a>\n\t\t\t\t\t\t\t\t\t\t\t\t\t<\/div>\n\t\t\t\t<\/div>\n\t\t\t\t\t<\/div>\n\t\t\t\t<\/div>\n\t\t\t\t<\/div>\n\t\t","protected":false},"excerpt":{"rendered":"<p>Prestations en entreprise sur Gen\u00e8ve &#8211; Vaud &#8211; Valais Am\u00e9liorez le bien-\u00eatre au travail Depuis 2016, Pure Motivation se sp\u00e9cialise dans l&rsquo;organisation de cours et s\u00e9minaires en entreprise. Nous avons accompagn\u00e9 de nombreux clients dans la mise en place de pratiques de yoga, de m\u00e9ditation et de coaching sportif sur \u2026<\/p>\n","protected":false},"author":1,"featured_media":2057,"parent":0,"menu_order":0,"comment_status":"closed","ping_status":"closed","template":"","meta":{"footnotes":""},"class_list":["post-2044","page","type-page","status-publish","has-post-thumbnail","hentry"],"_links":{"self":[{"href":"https:\/\/www.pure-motivation.ch\/wordpress\/wp-json\/wp\/v2\/pages\/2044","targetHints":{"allow":["GET"]}}],"collection":[{"href":"https:\/\/www.pure-motivation.ch\/wordpress\/wp-json\/wp\/v2\/pages"}],"about":[{"href":"https:\/\/www.pure-motivation.ch\/wordpress\/wp-json\/wp\/v2\/types\/page"}],"author":[{"embeddable":true,"href":"https:\/\/www.pure-motivation.ch\/wordpress\/wp-json\/wp\/v2\/users\/1"}],"replies":[{"embeddable":true,"href":"https:\/\/www.pure-motivation.ch\/wordpress\/wp-json\/wp\/v2\/comments?post=2044"}],"version-history":[{"count":32,"href":"https:\/\/www.pure-motivation.ch\/wordpress\/wp-json\/wp\/v2\/pages\/2044\/revisions"}],"predecessor-version":[{"id":3887,"href":"https:\/\/www.pure-motivation.ch\/wordpress\/wp-json\/wp\/v2\/pages\/2044\/revisions\/3887"}],"wp:featuredmedia":[{"embeddable":true,"href":"https:\/\/www.pure-motivation.ch\/wordpress\/wp-json\/wp\/v2\/media\/2057"}],"wp:attachment":[{"href":"https:\/\/www.pure-motivation.ch\/wordpress\/wp-json\/wp\/v2\/media?parent=2044"}],"curies":[{"name":"wp","href":"https:\/\/api.w.org\/{rel}","templated":true}]}}